{"id":9978,"date":"2023-07-04T13:07:22","date_gmt":"2023-07-04T13:07:22","guid":{"rendered":"https:\/\/nakyxozy.cyon.site\/product\/tudor-pelagos-fxd-marine-national\/"},"modified":"2023-11-07T10:26:02","modified_gmt":"2023-11-07T10:26:02","slug":"tudor-pelagos-fxd-marine-national","status":"publish","type":"product","link":"https:\/\/chrono-scope.ch\/de\/produkt\/tudor-pelagos-fxd-marine-national\/","title":{"rendered":"SOLD &#8211; Tudor Pelagos Fxd Marine National"},"content":{"rendered":"","protected":false},"excerpt":{"rendered":"<p>Dieser seltene Zeitmesser wird als komplettes Set mit allen Schachteln und Papieren geliefert, so wie es vom H\u00e4ndler geliefert wurde.<br \/>\nEs ist fast neu und ungetragen, die Aufkleber sind noch vorhanden.<br \/>\nVideo und zus\u00e4tzliche Bilder auf Anfrage erh\u00e4ltlich.<\/p>\n<p>GARANTIE: Wir garantieren die Echtheit der Uhr. Der Zeitmesser hat eine Herstellergarantie bis 2028.<\/p>\n<p>Bitte z\u00f6gern Sie nicht, Fragen zu stellen, wir werden sie gerne beantworten. Eine virtuelle oder pers\u00f6nliche Besichtigung ist auf Anfrage m\u00f6glich<\/p>\n","protected":false},"featured_media":9969,"template":"","meta":{"om_disable_all_campaigns":false,"_monsterinsights_skip_tracking":false,"_monsterinsights_sitenote_active":false,"_monsterinsights_sitenote_note":"","_monsterinsights_sitenote_category":0},"product_brand":[],"product_cat":[71],"product_tag":[],"class_list":{"0":"post-9978","1":"product","2":"type-product","3":"status-publish","4":"has-post-thumbnail","6":"product_cat-verkaufte-uhren","8":"first","9":"instock","10":"taxable","11":"shipping-taxable","12":"purchasable","13":"product-type-simple"},"aioseo_notices":[],"_links":{"self":[{"href":"https:\/\/chrono-scope.ch\/de\/wp-json\/wp\/v2\/product\/9978","targetHints":{"allow":["GET"]}}],"collection":[{"href":"https:\/\/chrono-scope.ch\/de\/wp-json\/wp\/v2\/product"}],"about":[{"href":"https:\/\/chrono-scope.ch\/de\/wp-json\/wp\/v2\/types\/product"}],"version-history":[{"count":0,"href":"https:\/\/chrono-scope.ch\/de\/wp-json\/wp\/v2\/product\/9978\/revisions"}],"wp:featuredmedia":[{"embeddable":true,"href":"https:\/\/chrono-scope.ch\/de\/wp-json\/wp\/v2\/media\/9969"}],"wp:attachment":[{"href":"https:\/\/chrono-scope.ch\/de\/wp-json\/wp\/v2\/media?parent=9978"}],"wp:term":[{"taxonomy":"product_brand","embeddable":true,"href":"https:\/\/chrono-scope.ch\/de\/wp-json\/wp\/v2\/product_brand?post=9978"},{"taxonomy":"product_cat","embeddable":true,"href":"https:\/\/chrono-scope.ch\/de\/wp-json\/wp\/v2\/product_cat?post=9978"},{"taxonomy":"product_tag","embeddable":true,"href":"https:\/\/chrono-scope.ch\/de\/wp-json\/wp\/v2\/product_tag?post=9978"}],"curies":[{"name":"wp","href":"https:\/\/api.w.org\/{rel}","templated":true}]}}