{"id":9889,"date":"2023-07-04T10:50:27","date_gmt":"2023-07-04T10:50:27","guid":{"rendered":"https:\/\/nakyxozy.cyon.site\/product\/iwc-porsche-design-compass-watch\/"},"modified":"2024-07-05T15:14:15","modified_gmt":"2024-07-05T15:14:15","slug":"iwc-porsche-design-kompass-uhr","status":"publish","type":"product","link":"https:\/\/chrono-scope.ch\/de\/produkt\/iwc-porsche-design-kompass-uhr\/","title":{"rendered":"IWC Porsche Design Compass watch"},"content":{"rendered":"<p style=\"text-align: left\"><strong>MODELL \/ REFERENZ:<\/strong> IWC Porsche Design Compass Uhr, Ref. 3510.<\/p>\n<p style=\"text-align: left\"><strong>ZIFFERN+ZEIGER:<br \/>\n<\/strong>Das originale mattschwarze Zifferblatt ist attraktiv und sehr gut erhalten, ohne sichtbare Flecken oder M\u00e4ngel zu verzeichnen.<br \/>\nDer Druck auf dem Zifferblatt ist nach wie vor sehr scharf und vollst\u00e4ndig, vom wei\u00dfen, leuchtenden Fadenkreuz in der Mitte f\u00fcr bessere Lesbarkeit \u00fcber die Namen und Logos beider Marken bis hin zu den Minutenstiften.<br \/>\nDie rechteckigen Stundenmarkierungen um die wei\u00dfe Minutenskala sind sch\u00f6n gealtert und haben eine warme Patina entwickelt, w\u00e4hrend das Tritium intakt zu sein scheint.<br \/>\nDie wei\u00dfen Stabzeiger und der neonorangefarbene Sekundenzeiger in der Mitte sind leuchtend und originell. Das Tritium hat eine passende warme Patina auf den Stundenindizes entwickelt.<\/p>\n<p style=\"text-align: left\"><strong>GLAS<\/strong>: Die Uhr verf\u00fcgt \u00fcber ein kratzfestes Saphirglas mit Blendschutzbehandlung.<\/p>\n<p style=\"text-align: left\"><strong>UHRWERK<\/strong>: Automatikaufzug, 21 Jewels IWC Kaliber 375. Sie basiert auf einem ETA 2892 mit geradliniger Hemmung und einer Gangreserve von 42 Stunden und l\u00e4uft hervorragend.<br \/>\nDas Uhrwerk bietet eine Sekundenhackfunktion f\u00fcr eine pr\u00e4zise Zeiteinstellung.<br \/>\nDar\u00fcber hinaus wurden alle magnetischen Komponenten durch nichtmagnetische Komponenten wie die Rotorlager ersetzt, um eine Beeintr\u00e4chtigung der Kompassgenauigkeit zu vermeiden.<\/p>\n<p style=\"text-align: left\"><strong>GEH\u00c4USE<\/strong>: Mit einem Durchmesser von 39 mm und einer H\u00f6he von 12 mm ist das aufklappbare Doppeldecker-Geh\u00e4use mit seinen vier Geh\u00e4useteilen, den abgeschr\u00e4gten Bandanst\u00f6\u00dfen und der schr\u00e4gen L\u00fcnette bemerkenswert kompakt.<br \/>\nDas Geh\u00e4use besteht aus einer speziellen geh\u00e4rteten Aluminiumlegierung mit einer schwarzen PVD-Beschichtung auf der Oberseite. Das Geh\u00e4use ist anschlie\u00dfend ultraleicht und nicht magnetisch, damit der Kompass funktionieren kann.<br \/>\nDas Geh\u00e4use ist in neuwertigem Zustand, die mattschwarze PVD-Beschichtung ist intakt. Der Geh\u00e4useboden sowie die Unterseite des Geh\u00e4uses (Kronenseite) weisen leichte Haarrisse auf, die wahrscheinlich auf die Lagerung oder den Versand zur\u00fcckzuf\u00fchren sind. Bitte sehen Sie sich die Fotos an.<\/p>\n<p style=\"text-align: left\">Das aufklappbare Geh\u00e4use erm\u00f6glicht das Aufklappen des oberen Teils durch Dr\u00fccken der Kn\u00f6pfe an der Seite der unteren Laschen. Im Inneren befinden sich ein Kompass und ein Spiegel f\u00fcr ein Notrufsignal. Sie sind beide in ausgezeichnetem Zustand und funktionieren einwandfrei.<\/p>\n<p style=\"text-align: left\"><strong>KRONE<\/strong>: Die originale PVD-beschichtete Krone ist in neuwertigem Zustand und passt zur Uhr, obwohl sie unsigniert ist.<\/p>\n<p style=\"text-align: left\"><strong>BAND<\/strong>: Die Uhr wird mit einem vollgliedrigen Original-Aluminiumarmband und der IWC-typischen Schiebeschlie\u00dfe geliefert.<br \/>\nDas Armband ist in einem insgesamt guten Zustand mit minimaler Abnutzung und Haarrissen auf der erhaltenen PVD-Beschichtung. Das Armband ist sehr angenehm zu tragen und tr\u00e4gt zum federleichten Tragegef\u00fchl der Uhr bei.<\/p>\n<p style=\"text-align: left\"><strong>ZUBEH\u00d6R<\/strong>: IWC-Service-Etui<\/p>\n<p style=\"text-align: left\">Die als einzigartig geltende Kompassuhr war sowohl ein Triumph des Designs als auch eine technische Leistung, die zwei Pr\u00e4zisionsinstrumente in einer Armbanduhr vereinte.<\/p>\n<p style=\"text-align: left\"><strong>GARANTIE<\/strong>: Wir garantieren die Echtheit der Uhr. Wir gew\u00e4hren au\u00dferdem 12 Monate Garantie auf die korrekte Funktion dieses Vintage-Zeitmessers. F\u00fcr alle Garantien gelten die Allgemeinen Gesch\u00e4ftsbedingungen.<\/p>\n<p style=\"text-align: left\">Bitte z\u00f6gern Sie nicht, Fragen zu stellen, wir werden sie gerne beantworten. Eine virtuelle oder pers\u00f6nliche Besichtigung ist nach Vereinbarung m\u00f6glich.<\/p>\n","protected":false},"excerpt":{"rendered":"<p style=\"text-align: left\"><strong>IWC Porsche Design<\/strong> Kompassuhr, Ref. 3510 in ausgezeichnetem Vintage-Zustand.<\/p>\n<p style=\"text-align: left\">Dieser Zeitmesser ist eine absolute Meisterleistung an Design und Innovation und vereint das Beste aus beiden Welten. Das Design stammt von Ferdinand &#8222;Butzi&#8220; Porsche, der 1978 mit der Schaffhauser Manufaktur zusammenarbeitete, um \u00fcber einen Zeitraum von 20 Jahren eine F\u00fclle von unverwechselbaren und n\u00fctzlichen Uhren zu kreieren.<br \/>\nDas erste Produkt dieser Allianz war diese revolution\u00e4re IWC-Porsche Design Kompassuhr. Ein PVD-beschichtetes Aluminiumgeh\u00e4use mit einem versteckten Kompass und einem Notrufspiegel machen diese Uhr zu einem echten St\u00fcck Uhrmachergeschichte.<\/p>\n<p>Bitte lesen Sie den Zustandsbericht sorgf\u00e4ltig durch und betrachten Sie die hochaufl\u00f6senden Bilder, um den Gesamtzustand der Uhr zu beurteilen.<\/p>\n","protected":false},"featured_media":34411,"template":"","meta":{"om_disable_all_campaigns":false,"_monsterinsights_skip_tracking":false,"_monsterinsights_sitenote_active":false,"_monsterinsights_sitenote_note":"","_monsterinsights_sitenote_category":0},"product_brand":[],"product_cat":[81,70,74],"product_tag":[],"class_list":{"0":"post-9889","1":"product","2":"type-product","3":"status-publish","4":"has-post-thumbnail","6":"product_cat-iwc-de","7":"product_cat-porsche-design-de","8":"product_cat-vintage-de","10":"first","11":"instock","12":"taxable","13":"shipping-taxable","14":"purchasable","15":"product-type-simple"},"aioseo_notices":[],"_links":{"self":[{"href":"https:\/\/chrono-scope.ch\/de\/wp-json\/wp\/v2\/product\/9889","targetHints":{"allow":["GET"]}}],"collection":[{"href":"https:\/\/chrono-scope.ch\/de\/wp-json\/wp\/v2\/product"}],"about":[{"href":"https:\/\/chrono-scope.ch\/de\/wp-json\/wp\/v2\/types\/product"}],"version-history":[{"count":0,"href":"https:\/\/chrono-scope.ch\/de\/wp-json\/wp\/v2\/product\/9889\/revisions"}],"wp:featuredmedia":[{"embeddable":true,"href":"https:\/\/chrono-scope.ch\/de\/wp-json\/wp\/v2\/media\/34411"}],"wp:attachment":[{"href":"https:\/\/chrono-scope.ch\/de\/wp-json\/wp\/v2\/media?parent=9889"}],"wp:term":[{"taxonomy":"product_brand","embeddable":true,"href":"https:\/\/chrono-scope.ch\/de\/wp-json\/wp\/v2\/product_brand?post=9889"},{"taxonomy":"product_cat","embeddable":true,"href":"https:\/\/chrono-scope.ch\/de\/wp-json\/wp\/v2\/product_cat?post=9889"},{"taxonomy":"product_tag","embeddable":true,"href":"https:\/\/chrono-scope.ch\/de\/wp-json\/wp\/v2\/product_tag?post=9889"}],"curies":[{"name":"wp","href":"https:\/\/api.w.org\/{rel}","templated":true}]}}