{"id":9788,"date":"2023-06-27T12:15:20","date_gmt":"2023-06-27T12:15:20","guid":{"rendered":"https:\/\/nakyxozy.cyon.site\/product\/jaeger-lecoultre-atmos-classic-with-papers-from-1972-first-owner\/"},"modified":"2024-08-06T09:01:56","modified_gmt":"2024-08-06T09:01:56","slug":"jaeger-lecoultre-atmos-klassiker-mit-papieren-aus-1972-erster-besitzer","status":"publish","type":"product","link":"https:\/\/chrono-scope.ch\/de\/produkt\/jaeger-lecoultre-atmos-klassiker-mit-papieren-aus-1972-erster-besitzer\/","title":{"rendered":"SOLD &#8211; Jaeger-LeCoultre Atmos Classic with papers from 1972, first owner"},"content":{"rendered":"<p style=\"text-align: left\"><strong>MODELL \/ REFERENZ:<\/strong> Jaegaer LeCoultre Atmos Classic, Geh\u00e4use aus gew\u00f6lbtem Messing, Kal. 526-5. Die Seriennummer 371687<\/p>\n<p style=\"text-align: left\"><strong>ZUSTANDSBERICHT_<\/strong> Bitte sehen Sie sich die hochaufl\u00f6senden, unver\u00e4nderten Bilder an, um den Zustand des Zeitmessers zu beurteilen.<br \/>\nDas Atmos wurde \u00fcberpr\u00fcft und h\u00e4lt die Zeit gut ein.<\/p>\n<p style=\"text-align: left\"><strong>ZUBEH\u00d6R<\/strong>: Garantieschein vom Nov. 1972, Original-Handbuch. Wandhalterung auf Anfrage und gegen Aufpreis erh\u00e4ltlich<\/p>\n<p style=\"text-align: left\"><strong>GARANTIE<\/strong>:<br \/>\nWir garantieren die Echtheit der Uhr. Wir bieten auch 6 Monate Garantie f\u00fcr die korrekte Funktion dieses Zeitmessers. F\u00fcr alle Garantien gelten die Allgemeinen Gesch\u00e4ftsbedingungen.<br \/>\nBitte z\u00f6gern Sie nicht, Fragen zu stellen, wir werden sie gerne beantworten.<\/p>\n","protected":false},"excerpt":{"rendered":"<p style=\"text-align: left\">Zu verkaufen ist eine Vintage <strong>Jaeger-LeCoultre Atmos<\/strong> Tischuhr aus den 1972er Jahren. Die Uhr wurde von der Familie des ersten Besitzers erworben und kommt mit dem Garantieschein und der Bedienungsanleitung. Die Uhr wurde im Nov. 1972 in Basel, Schweiz, verkauft.<\/p>\n<p style=\"text-align: left\">Dieser klassische Atmos kommt nie aus der Mode und bietet ein gutes Preis-Leistungs-Verh\u00e4ltnis. 6 Monate Garantie.<\/p>\n","protected":false},"featured_media":9784,"template":"","meta":{"om_disable_all_campaigns":false,"_monsterinsights_skip_tracking":false,"_monsterinsights_sitenote_active":false,"_monsterinsights_sitenote_note":"","_monsterinsights_sitenote_category":0},"product_brand":[],"product_cat":[71],"product_tag":[],"class_list":{"0":"post-9788","1":"product","2":"type-product","3":"status-publish","4":"has-post-thumbnail","6":"product_cat-verkaufte-uhren","8":"first","9":"instock","10":"taxable","11":"shipping-taxable","12":"purchasable","13":"product-type-simple"},"aioseo_notices":[],"_links":{"self":[{"href":"https:\/\/chrono-scope.ch\/de\/wp-json\/wp\/v2\/product\/9788","targetHints":{"allow":["GET"]}}],"collection":[{"href":"https:\/\/chrono-scope.ch\/de\/wp-json\/wp\/v2\/product"}],"about":[{"href":"https:\/\/chrono-scope.ch\/de\/wp-json\/wp\/v2\/types\/product"}],"version-history":[{"count":0,"href":"https:\/\/chrono-scope.ch\/de\/wp-json\/wp\/v2\/product\/9788\/revisions"}],"wp:featuredmedia":[{"embeddable":true,"href":"https:\/\/chrono-scope.ch\/de\/wp-json\/wp\/v2\/media\/9784"}],"wp:attachment":[{"href":"https:\/\/chrono-scope.ch\/de\/wp-json\/wp\/v2\/media?parent=9788"}],"wp:term":[{"taxonomy":"product_brand","embeddable":true,"href":"https:\/\/chrono-scope.ch\/de\/wp-json\/wp\/v2\/product_brand?post=9788"},{"taxonomy":"product_cat","embeddable":true,"href":"https:\/\/chrono-scope.ch\/de\/wp-json\/wp\/v2\/product_cat?post=9788"},{"taxonomy":"product_tag","embeddable":true,"href":"https:\/\/chrono-scope.ch\/de\/wp-json\/wp\/v2\/product_tag?post=9788"}],"curies":[{"name":"wp","href":"https:\/\/api.w.org\/{rel}","templated":true}]}}