{"id":9558,"date":"2023-06-08T10:13:31","date_gmt":"2023-06-08T10:13:31","guid":{"rendered":"https:\/\/nakyxozy.cyon.site\/product\/omega-speedmaster-professional-monduhr-apollo-soyouz-meteorit-le-1975-stueck\/"},"modified":"2024-11-19T15:00:35","modified_gmt":"2024-11-19T15:00:35","slug":"omega-speedmaster-professional-monduhr-apollo-soyouz-meteorit-le-1975-stueck","status":"publish","type":"product","link":"https:\/\/chrono-scope.ch\/de\/produkt\/omega-speedmaster-professional-monduhr-apollo-soyouz-meteorit-le-1975-stueck\/","title":{"rendered":"Omega Speedmaster Professional Monduhr Apollo Soyouz Meteorit &#8211; LE 1975 St\u00fcck"},"content":{"rendered":"<p style=\"text-align: left;\"><strong>Referenz<\/strong>: 311.30.42.30.99.001<\/p>\n<p style=\"text-align: left;\"><strong>Produktionsjahr<\/strong>: 2010<\/p>\n<p style=\"text-align: left;\"><strong>Material des Geh\u00e4uses:<\/strong> Rostfreier Stahl<\/p>\n<p style=\"text-align: left;\"><strong>Geh\u00e4usegr\u00f6\u00dfe:<\/strong> 42mm<\/p>\n<p style=\"text-align: left;\"><strong>Wasserdicht:<\/strong> 50m<\/p>\n<p style=\"text-align: left;\"><strong>Material der L\u00fcnette:<\/strong> Rostfreier Stahl<\/p>\n<p style=\"text-align: left;\"><strong>Glas<\/strong>: Saphirglas mit Antireflexionsbeschichtung<\/p>\n<p style=\"text-align: left;\"><strong>Uhrwerkstyp und Spezifikationen:<\/strong> Manufakturkaliber 1861, Handaufzug, 48 Stunden Gangreserve, Chronographenzeitmesser f\u00fcr bis zu 12 Stunden<\/p>\n<p style=\"text-align: left;\"><strong>Material des Armbands<\/strong>: Vollst\u00e4ndig verbundenes Edelstahlarmband.<\/p>\n<p style=\"text-align: left;\"><strong>Zustand<\/strong>: Sehr gut mit nur geringen Gebrauchsspuren<\/p>\n<p style=\"text-align: left;\"><strong>Umfang der Lieferung:<\/strong> Komplettes Set mit der originalen Pr\u00e4sentationsbox, Hangtags und allen Dokumenten und Papieren<\/p>\n<p><strong>GARANTIE<\/strong>: Wir garantieren die Echtheit der Uhr. Wir gew\u00e4hren 12 Monate Garantie auf die korrekte Funktion dieses Zeitmessers.<\/p>\n<p>Bitte z\u00f6gern Sie nicht, Fragen zu stellen, wir werden sie gerne beantworten.<\/p>\n","protected":false},"excerpt":{"rendered":"<p style=\"text-align: left;\">Zu verkaufen <strong>Omega Speedmaster Professional Moonwatch Apollo Soyouz Meteorit<\/strong> &#8211; Limitiert auf 1975<\/p>\n<p style=\"text-align: left;\">Dieser au\u00dfergew\u00f6hnliche Zeitmesser wird als komplettes Set mit seiner Pr\u00e4sentationsbox und allen Papieren geliefert. Es wurde sorgf\u00e4ltig getragen, so dass es in sehr gutem Zustand bleibt.<\/p>\n<p>GARANTIE: Wir garantieren die Echtheit der Uhr. Wir gew\u00e4hren 12 Monate Garantie auf die korrekte Funktion dieses Zeitmessers.<\/p>\n<p>Bitte z\u00f6gern Sie nicht, Fragen zu stellen, wir werden sie gerne beantworten.<\/p>\n","protected":false},"featured_media":9539,"template":"","meta":{"om_disable_all_campaigns":false,"_monsterinsights_skip_tracking":false,"_monsterinsights_sitenote_active":false,"_monsterinsights_sitenote_note":"","_monsterinsights_sitenote_category":0},"product_brand":[],"product_cat":[71],"product_tag":[],"class_list":{"0":"post-9558","1":"product","2":"type-product","3":"status-publish","4":"has-post-thumbnail","6":"product_cat-verkaufte-uhren","8":"first","9":"instock","10":"taxable","11":"shipping-taxable","12":"purchasable","13":"product-type-simple"},"aioseo_notices":[],"_links":{"self":[{"href":"https:\/\/chrono-scope.ch\/de\/wp-json\/wp\/v2\/product\/9558","targetHints":{"allow":["GET"]}}],"collection":[{"href":"https:\/\/chrono-scope.ch\/de\/wp-json\/wp\/v2\/product"}],"about":[{"href":"https:\/\/chrono-scope.ch\/de\/wp-json\/wp\/v2\/types\/product"}],"version-history":[{"count":1,"href":"https:\/\/chrono-scope.ch\/de\/wp-json\/wp\/v2\/product\/9558\/revisions"}],"predecessor-version":[{"id":20626,"href":"https:\/\/chrono-scope.ch\/de\/wp-json\/wp\/v2\/product\/9558\/revisions\/20626"}],"wp:featuredmedia":[{"embeddable":true,"href":"https:\/\/chrono-scope.ch\/de\/wp-json\/wp\/v2\/media\/9539"}],"wp:attachment":[{"href":"https:\/\/chrono-scope.ch\/de\/wp-json\/wp\/v2\/media?parent=9558"}],"wp:term":[{"taxonomy":"product_brand","embeddable":true,"href":"https:\/\/chrono-scope.ch\/de\/wp-json\/wp\/v2\/product_brand?post=9558"},{"taxonomy":"product_cat","embeddable":true,"href":"https:\/\/chrono-scope.ch\/de\/wp-json\/wp\/v2\/product_cat?post=9558"},{"taxonomy":"product_tag","embeddable":true,"href":"https:\/\/chrono-scope.ch\/de\/wp-json\/wp\/v2\/product_tag?post=9558"}],"curies":[{"name":"wp","href":"https:\/\/api.w.org\/{rel}","templated":true}]}}