{"id":9545,"date":"2023-06-01T10:02:54","date_gmt":"2023-06-01T10:02:54","guid":{"rendered":"https:\/\/nakyxozy.cyon.site\/product\/lemania-vintage-regatta-hummer-chronograph-kal-1345\/"},"modified":"2024-11-12T14:08:18","modified_gmt":"2024-11-12T14:08:18","slug":"lemania-alter-regatta-lobster-chronograph-cal-1345","status":"publish","type":"product","link":"https:\/\/chrono-scope.ch\/de\/produkt\/lemania-alter-regatta-lobster-chronograph-cal-1345\/","title":{"rendered":"SOLD &#8211; Lemania Vintage Regatta &#8222;Hummer&#8220; Chronograph Kal. 1345"},"content":{"rendered":"<p style=\"text-align: left\"><strong>ZIFFERN+ZEIGER:<\/strong><\/p>\n<ul style=\"text-align: left\">\n<li style=\"text-align: left\">Das Zifferblatt und die Zeiger sind original und praktisch perfekt erhalten. Selbst unter der Lupe konnte ich keinen einzigen Fehler finden.<\/li>\n<li style=\"text-align: left\">Die Tritium-Lumineszenzpunkte sind alle vorhanden und intakt. Bei Aktivierung mit UV-Licht leuchtet die Luminanz auf dem Zifferblatt und den Zeigern auf und verblasst dann wieder.<\/li>\n<\/ul>\n<p style=\"text-align: left\"><strong>GLAS: <\/strong>Plexiglas in gutem Zustand mit leichten Oberfl\u00e4chenkratzern<\/p>\n<p style=\"text-align: left\"><strong>GEH\u00c4USE<\/strong>: Edelstahlgeh\u00e4use mit leichten Gebrauchsspuren, die dem Alter der Uhr entsprechen. Das Geh\u00e4use misst 39 mm x 41 mm (ohne Krone)<\/p>\n<p style=\"text-align: left\"><strong>GEH\u00c4USEBODEN:<\/strong> Edelstahlboden in gutem Zustand<\/p>\n<p style=\"text-align: left\"><strong>KRONE &amp; DR\u00dcCKER:<\/strong> originale unsignierte Krone und Dr\u00fccker.<\/p>\n<p style=\"text-align: left\"><strong>UHRWERK<\/strong>: Lemania 1345 Chronographenwerk mit automatischem Aufzug, 17 Lagersteine, 28800 A\/h. Das Uhrwerk ist gewartet worden. Es l\u00e4uft stark und h\u00e4lt gute Zeit f\u00fcr eine Vintage-Uhr.<\/p>\n<p style=\"text-align: left\"><strong>BAND<\/strong>: original Edelstahl &#8222;Lobster&#8220; Armband mit leichten Gebrauchsspuren. Das Armband passt f\u00fcr ein Handgelenk von ca. 16,5 cm<\/p>\n<p style=\"text-align: left\"><strong>ZUBEH\u00d6R<\/strong>: Saffiano Leder Uhrenrolle.<\/p>\n<p style=\"text-align: left\"><strong>GARANTIE<\/strong>: Wir garantieren die Echtheit der Uhr. Wir gew\u00e4hren au\u00dferdem 12 Monate Garantie auf die korrekte Funktion dieses Zeitmessers. F\u00fcr alle Garantien gelten die Allgemeinen Gesch\u00e4ftsbedingungen<\/p>\n<p style=\"text-align: left\">Bitte z\u00f6gern Sie nicht, Fragen zu stellen, wir werden sie gerne beantworten.<\/p>\n","protected":false},"excerpt":{"rendered":"<p style=\"text-align: left\">Zum Verkauf steht ein attraktiver und seltener <strong>Lemania Regatta Chronograph &#8222;Lobster&#8220;<\/strong> aus den 1970er Jahren.<\/p>\n<p style=\"text-align: left\">SPEZIFIKATIONEN; ZUSTANDSBERICHT; bitte sehen Sie sich die hochaufl\u00f6senden Bilder an, um den Zustand der Uhr zu beurteilen.<\/p>\n","protected":false},"featured_media":14656,"template":"","meta":{"om_disable_all_campaigns":false,"_monsterinsights_skip_tracking":false,"_monsterinsights_sitenote_active":false,"_monsterinsights_sitenote_note":"","_monsterinsights_sitenote_category":0},"product_brand":[],"product_cat":[71],"product_tag":[],"class_list":{"0":"post-9545","1":"product","2":"type-product","3":"status-publish","4":"has-post-thumbnail","6":"product_cat-verkaufte-uhren","8":"first","9":"instock","10":"taxable","11":"shipping-taxable","12":"purchasable","13":"product-type-simple"},"aioseo_notices":[],"_links":{"self":[{"href":"https:\/\/chrono-scope.ch\/de\/wp-json\/wp\/v2\/product\/9545","targetHints":{"allow":["GET"]}}],"collection":[{"href":"https:\/\/chrono-scope.ch\/de\/wp-json\/wp\/v2\/product"}],"about":[{"href":"https:\/\/chrono-scope.ch\/de\/wp-json\/wp\/v2\/types\/product"}],"version-history":[{"count":2,"href":"https:\/\/chrono-scope.ch\/de\/wp-json\/wp\/v2\/product\/9545\/revisions"}],"predecessor-version":[{"id":20378,"href":"https:\/\/chrono-scope.ch\/de\/wp-json\/wp\/v2\/product\/9545\/revisions\/20378"}],"wp:featuredmedia":[{"embeddable":true,"href":"https:\/\/chrono-scope.ch\/de\/wp-json\/wp\/v2\/media\/14656"}],"wp:attachment":[{"href":"https:\/\/chrono-scope.ch\/de\/wp-json\/wp\/v2\/media?parent=9545"}],"wp:term":[{"taxonomy":"product_brand","embeddable":true,"href":"https:\/\/chrono-scope.ch\/de\/wp-json\/wp\/v2\/product_brand?post=9545"},{"taxonomy":"product_cat","embeddable":true,"href":"https:\/\/chrono-scope.ch\/de\/wp-json\/wp\/v2\/product_cat?post=9545"},{"taxonomy":"product_tag","embeddable":true,"href":"https:\/\/chrono-scope.ch\/de\/wp-json\/wp\/v2\/product_tag?post=9545"}],"curies":[{"name":"wp","href":"https:\/\/api.w.org\/{rel}","templated":true}]}}