{"id":8675,"date":"2022-09-26T09:26:10","date_gmt":"2022-09-26T09:26:10","guid":{"rendered":"https:\/\/nakyxozy.cyon.site\/product\/omega-speedsonic-ref-188-001\/"},"modified":"2024-06-25T11:15:07","modified_gmt":"2024-06-25T11:15:07","slug":"omega-speedsonic-ref-188-001","status":"publish","type":"product","link":"https:\/\/chrono-scope.ch\/de\/produkt\/omega-speedsonic-ref-188-001\/","title":{"rendered":"Omega Speedsonic Ref. 188.001"},"content":{"rendered":"<p style=\"text-align: left\"><strong>MODELL \/ REFERENZ:<\/strong> Omega Speedsonic Ref. 188.001<\/p>\n<p style=\"text-align: left\"><strong>ZIFFERN+ZEIGER:<\/strong> originales Silber-\/Spiegel-Zifferblatt in ausgezeichnetem Zustand. Die Indizes sind in perfektem Zustand. Die Zeiger sind original und haben die Leuchtmasse behalten. Die Leuchtmasse auf den Zeigern leuchtet, wenn sie mit UV-Licht aktiviert wird.<\/p>\n<p style=\"text-align: left\"><strong>GLAS:<\/strong> Mineralglas in neuem Zustand &#8211; es wurde w\u00e4hrend der Wartung durch ein originales Omega Serviceteil ersetzt.<\/p>\n<p style=\"text-align: left\"><strong>UHRWERK:<\/strong> Omega 1255 Stimmgabelwerk. Alle Funktionen funktionieren wie gew\u00fcnscht. Das Uhrwerk wurde soeben einer umfassenden Wartung unterzogen.<\/p>\n<p style=\"text-align: left\"><strong>GEH\u00c4USE:<\/strong> 43,5 mm Edelstahlgeh\u00e4use in gutem Vintage-Zustand.<\/p>\n<p style=\"text-align: left\"><strong>GEH\u00c4USEBODEN:<\/strong> Schraubboden aus Edelstahl mit Seahorse-Logo<\/p>\n<p style=\"text-align: left\"><strong>KRONE:<\/strong> Original signierte Krone<\/p>\n<p style=\"text-align: left\"><strong>BAND:<\/strong> Die Uhr wird mit einem Omega 1212\/203 Edelstahlarmband mit Faltschlie\u00dfe geliefert.<\/p>\n<p style=\"text-align: left\"><strong>ZUBEH\u00d6R:<\/strong> Omega-Service-Tasche<\/p>\n<p style=\"text-align: left\"><u><strong>GARANTIE:<\/strong><\/u> Wir garantieren die Echtheit der Uhr. Wir gew\u00e4hren au\u00dferdem 12 Monate Garantie auf die korrekte Funktion dieses Zeitmessers. Alle Garantien unterliegen den Allgemeinen Gesch\u00e4ftsbedingungen von ChronoScope Collector watches, Schweiz.<\/p>\n","protected":false},"excerpt":{"rendered":"<p style=\"text-align: left\">ChronoScope Collector Uhren pr\u00e4sentiert eine Vintage Omega Speedsonic von ca. 1975 in ausgezeichnetem und originalem Zustand. Der Speedsonic, Ref. 188.001 ist der einzige jemals produzierte Stimmgabelchronograph. Ausgestattet mit einem originalen und ikonischen Omega-Karabinerarmband, ist dies ein seltenes Sammlerst\u00fcck. Die Uhr wurde einem kompletten Service unterzogen und hat 12 Monate Garantie.<\/p>\n<p style=\"text-align: left\">Zifferblatt, Krone, Geh\u00e4useboden, Uhrwerk und Schnalle signiert<\/p>\n<p style=\"text-align: left\">SPEZIFIKATIONEN; ZUSTANDSBERICHT; bitte sehen Sie sich die hochaufl\u00f6senden Bilder an, um den Zustand der Uhr zu beurteilen.<\/p>\n","protected":false},"featured_media":26930,"template":"","meta":{"om_disable_all_campaigns":false,"_monsterinsights_skip_tracking":false,"_monsterinsights_sitenote_active":false,"_monsterinsights_sitenote_note":"","_monsterinsights_sitenote_category":0},"product_brand":[],"product_cat":[63,66,61,74],"product_tag":[],"class_list":{"0":"post-8675","1":"product","2":"type-product","3":"status-publish","4":"has-post-thumbnail","6":"product_cat-besondere-interessen","7":"product_cat-elektronische-uhren","8":"product_cat-omega-de","9":"product_cat-vintage-de","11":"first","12":"instock","13":"taxable","14":"shipping-taxable","15":"purchasable","16":"product-type-simple"},"aioseo_notices":[],"_links":{"self":[{"href":"https:\/\/chrono-scope.ch\/de\/wp-json\/wp\/v2\/product\/8675","targetHints":{"allow":["GET"]}}],"collection":[{"href":"https:\/\/chrono-scope.ch\/de\/wp-json\/wp\/v2\/product"}],"about":[{"href":"https:\/\/chrono-scope.ch\/de\/wp-json\/wp\/v2\/types\/product"}],"version-history":[{"count":0,"href":"https:\/\/chrono-scope.ch\/de\/wp-json\/wp\/v2\/product\/8675\/revisions"}],"wp:featuredmedia":[{"embeddable":true,"href":"https:\/\/chrono-scope.ch\/de\/wp-json\/wp\/v2\/media\/26930"}],"wp:attachment":[{"href":"https:\/\/chrono-scope.ch\/de\/wp-json\/wp\/v2\/media?parent=8675"}],"wp:term":[{"taxonomy":"product_brand","embeddable":true,"href":"https:\/\/chrono-scope.ch\/de\/wp-json\/wp\/v2\/product_brand?post=8675"},{"taxonomy":"product_cat","embeddable":true,"href":"https:\/\/chrono-scope.ch\/de\/wp-json\/wp\/v2\/product_cat?post=8675"},{"taxonomy":"product_tag","embeddable":true,"href":"https:\/\/chrono-scope.ch\/de\/wp-json\/wp\/v2\/product_tag?post=8675"}],"curies":[{"name":"wp","href":"https:\/\/api.w.org\/{rel}","templated":true}]}}