{"id":8661,"date":"2022-11-24T16:29:29","date_gmt":"2022-11-24T16:29:29","guid":{"rendered":"https:\/\/nakyxozy.cyon.site\/product\/patek-philippe-vintage-calatrava-ref-96-stahl-1935-auszug-aus-dem-archiv\/"},"modified":"2023-09-08T13:44:45","modified_gmt":"2023-09-08T13:44:45","slug":"patek-philippe-jahrgang-calatrava-ref-96-stahl-1935-auszug-aus-den-archiven","status":"publish","type":"product","link":"https:\/\/chrono-scope.ch\/de\/produkt\/patek-philippe-jahrgang-calatrava-ref-96-stahl-1935-auszug-aus-den-archiven\/","title":{"rendered":"SOLD-Patek Philippe Vintage Calatrava ref. 96, Stahl, 1935, Auszug aus dem Archiv"},"content":{"rendered":"<p style=\"text-align: left\"><strong>MODELL \/ REFERENZ: Patek Philippe Calatrava ref. 96. Die Seriennummer des 610 stammt aus dem Jahr 1935 und wurde laut Archivauszug am 30. M\u00e4rz 1936 verkauft.<\/strong><br \/>\n<strong>ZIFFERN+ ZEIGER:<\/strong> Das silberne Zifferblatt ist sauber und fast makellos. Die Unterschrift und die untergeordnete Sekundenspur sind in hervorragendem Zustand.<br \/>\nDie Guillochierung des Hilfszifferblatts ist konzentrisch und sehr gut erhalten, und die Minutenz\u00e4hler am Rand des Zifferblatts sind pr\u00e4zise gebohrt und vollst\u00e4ndig erhalten. Diese Technik hei\u00dft &#8222;Perl\u00e9&#8220; und wird unter Vergr\u00f6\u00dferung von hochqualifizierten Handwerkern ausgef\u00fchrt.<br \/>\nDie applizierten silbernen Stundenmarkierungen sind hochglanzpoliert und bilden einen sch\u00f6nen Kontrast zum Rest des Zifferblatts, der unter verschiedenen Lichteinfl\u00fcssen einen faszinierenden Effekt erzeugt.<br \/>\nDie blattsilbernen Zeiger sind nicht leuchtend und passen zu dieser Referenz und erg\u00e4nzen das gesamte Ensemble.<br \/>\nLaut Service-Dokument von 1988 wurde das Zifferblatt von Patek Philippe erneuert.<\/p>\n<p style=\"text-align: left\"><strong>GLAS:<\/strong> Das Plexiglasglas ist sauber und wurde vom Uhrmacher poliert<\/p>\n<p style=\"text-align: left\"><strong>GEH\u00c4USE:<\/strong> Das elegante, dreiteilige Geh\u00e4use aus Edelstahl ist in sehr gutem Zustand. Mit einem Durchmesser von 30,7 mm und einer L\u00e4nge von 39 mm von Ansto\u00df zu Ansto\u00df werden die bescheidenen Abmessungen durch das elegante und schlichte Design des runden Geh\u00e4uses, der flachen L\u00fcnette und der nach unten gerichteten, gebohrten Anst\u00f6\u00dfe in den Schatten gestellt. Das Geh\u00e4use ist immer noch stark und seine Oberfl\u00e4che weist einige feine Kratzer auf, die dem Alter und der sorgf\u00e4ltigen Abnutzung angemessen sind.<\/p>\n<p style=\"text-align: left\"><strong>GEH\u00c4USEBODEN:<\/strong> Das vorliegende Exemplar wird mit einem einrastenden Geh\u00e4useboden aus Edelstahl geliefert. Insgesamt in gutem Zustand, weist es einige Haarrisse und zwei sichtbare Kratzer auf, die dem normalen Verschlei\u00df entsprechen. Die Innenseite ist frei von Korrosion und tr\u00e4gt die korrekte Nomenklatur der Zeit, einschlie\u00dflich einer deutlich eingepr\u00e4gten Punze der ber\u00fcchtigten &#8222;Fabrique Fran\u00e7ois Borgel&#8220; sowie die Serien- und Referenznummer des Geh\u00e4uses.<\/p>\n<p style=\"text-align: left\"><strong>UHRWERK:<\/strong> Das herausragende Cal. 12 ist ein absolutes Paradebeispiel f\u00fcr das meisterhafte K\u00f6nnen von Patek. Dieses Uhrwerk mit Handaufzug und kleiner Sekunde verf\u00fcgt \u00fcber 18 Steine und ist auf 5 Positionen sowie W\u00e4rme, K\u00e4lte und Isochronismus eingestellt. Das saubere Uhrwerk ist mit Genfer Streifen verziert und wurde vom Uhrmacher \u00fcberpr\u00fcft. Sie l\u00e4sst sich leicht aufziehen, l\u00e4uft mit hoher Amplitude und h\u00e4lt die Zeit gut ein.<\/p>\n<p style=\"text-align: left\"><strong>KRONE:<\/strong> Diese Uhr kommt mit einer unsignierten Edelstahlkrone, wie es sich geh\u00f6rt. Die Krone funktioniert tadellos, vom Aufziehen bis zur Zeiteinstellung.<\/p>\n<p style=\"text-align: left\"><strong>BAND:<\/strong> Die Uhr wurde mit einem echten 16mm schwarzen Lederarmband, signiert Kaufmann gepaart. Obwohl die Stahlschlie\u00dfe unsigniert ist, scheint es sich um die Originalschlie\u00dfe von Patek Philipp zu handeln.<\/p>\n<p style=\"text-align: left\"><strong>ZUBEH\u00d6R:<\/strong> Saffiano Leder Uhrenrolle. Kauf- und Wartungsunterlagen aus dem Jahr 1988 sind vorhanden. (Meister Z\u00fcrich, Patek Philippe) + Auszug aus den Archiven vom August 2022.<br \/>\nDiese Referenz 96 ist bis auf das schlichte Zifferblatt, das schlanke Geh\u00e4use, den Handapparat und die Aufzugskrone vollst\u00e4ndig original. Mit ihrer subtilen Eleganz ist diese Uhr ein Beweis f\u00fcr die k\u00fcnstlerische Originalit\u00e4t von Patek.<br \/>\nPatek Philippe beschreibt es so: &#8222;Diese unnachahmlich eleganten Herrenuhren sind unempfindlich gegen\u00fcber kurzlebigen Trends und erobern die Herzen jeder neuen Generation zur\u00fcck.&#8220; Wir h\u00e4tten es selbst nicht besser sagen k\u00f6nnen!<\/p>\n<p style=\"text-align: left\"><strong>GARANTIE:<\/strong> Wir garantieren die Echtheit der Uhr. Wir gew\u00e4hren au\u00dferdem 12 Monate Garantie auf die korrekte Funktion dieses Zeitmessers. F\u00fcr alle Garantien gelten die Allgemeinen Gesch\u00e4ftsbedingungen<\/p>\n","protected":false},"excerpt":{"rendered":"<p style=\"text-align: left\">Wir sind stolz darauf, Ihnen diese herausragende und ikonische <strong>Calatrava, Referenz 96, von Patek Philippe<\/strong> zu pr\u00e4sentieren .<br \/>\nDie Referenz 96 war eine der ersten Kreationen unter der Leitung der Familie Stern, die die Ausrichtung des Unternehmens auf Armbanduhren gegen\u00fcber Taschenuhren vorantrieb. Die von 1932 bis 1973 hergestellte Referenz 96 l\u00e4utete eine neue \u00c4ra f\u00fcr das ein, was wir heute als &#8222;Calatrava&#8220; kennen. Obwohl sie nicht die erste runde Armbanduhr war, setzte sie mit ihrer Aufmerksamkeit f\u00fcr Proportionen und Dimensionen den Standard.<\/p>\n<p style=\"text-align: left\">Aufgrund ihrer au\u00dfergew\u00f6hnlichen Produktionsdauer gab es diese besondere Referenz mit einer Vielzahl verschiedener Zifferbl\u00e4tter und Geh\u00e4usematerialien. Patek Philippe fertigte Geh\u00e4use aus Edelstahl in geringerer St\u00fcckzahl als aus Edelmetall, weshalb sie als sehr selten und begehrt gelten.<\/p>\n<p style=\"text-align: left\">Bitte lesen Sie den Zustandsbericht sorgf\u00e4ltig durch und betrachten Sie die hochaufl\u00f6senden Bilder, um den Gesamtzustand der Uhr zu beurteilen.<\/p>\n","protected":false},"featured_media":5335,"template":"","meta":{"om_disable_all_campaigns":false,"_monsterinsights_skip_tracking":false,"_monsterinsights_sitenote_active":false,"_monsterinsights_sitenote_note":"","_monsterinsights_sitenote_category":0},"product_brand":[],"product_cat":[71],"product_tag":[],"class_list":{"0":"post-8661","1":"product","2":"type-product","3":"status-publish","4":"has-post-thumbnail","6":"product_cat-verkaufte-uhren","8":"first","9":"instock","10":"taxable","11":"shipping-taxable","12":"purchasable","13":"product-type-simple"},"aioseo_notices":[],"_links":{"self":[{"href":"https:\/\/chrono-scope.ch\/de\/wp-json\/wp\/v2\/product\/8661","targetHints":{"allow":["GET"]}}],"collection":[{"href":"https:\/\/chrono-scope.ch\/de\/wp-json\/wp\/v2\/product"}],"about":[{"href":"https:\/\/chrono-scope.ch\/de\/wp-json\/wp\/v2\/types\/product"}],"version-history":[{"count":0,"href":"https:\/\/chrono-scope.ch\/de\/wp-json\/wp\/v2\/product\/8661\/revisions"}],"wp:featuredmedia":[{"embeddable":true,"href":"https:\/\/chrono-scope.ch\/de\/wp-json\/wp\/v2\/media\/5335"}],"wp:attachment":[{"href":"https:\/\/chrono-scope.ch\/de\/wp-json\/wp\/v2\/media?parent=8661"}],"wp:term":[{"taxonomy":"product_brand","embeddable":true,"href":"https:\/\/chrono-scope.ch\/de\/wp-json\/wp\/v2\/product_brand?post=8661"},{"taxonomy":"product_cat","embeddable":true,"href":"https:\/\/chrono-scope.ch\/de\/wp-json\/wp\/v2\/product_cat?post=8661"},{"taxonomy":"product_tag","embeddable":true,"href":"https:\/\/chrono-scope.ch\/de\/wp-json\/wp\/v2\/product_tag?post=8661"}],"curies":[{"name":"wp","href":"https:\/\/api.w.org\/{rel}","templated":true}]}}