{"id":8657,"date":"2022-11-25T11:25:02","date_gmt":"2022-11-25T11:25:02","guid":{"rendered":"https:\/\/nakyxozy.cyon.site\/product\/tudor-prince-datum-gewartet\/"},"modified":"2023-11-07T09:31:13","modified_gmt":"2023-11-07T09:31:13","slug":"tudor-prince-date-gedient","status":"publish","type":"product","link":"https:\/\/chrono-scope.ch\/de\/produkt\/tudor-prince-date-gedient\/","title":{"rendered":"SOLD &#8211; Tudor Prince Datum, gewartet"},"content":{"rendered":"<p style=\"text-align: left\"><strong>MODELL \/ REFERENZ:<\/strong> Tudor Prince Date Day Ref. 76200 Die Seriennummer H974xxx zeigt an, dass die Uhr nach der Einf\u00fchrung von zuf\u00e4lligen Seriennummern im Jahr 2002 produziert wurde<\/p>\n<p style=\"text-align: left\"><strong>SPEZIFIKATIONEN; ZUSTANDSBERICHT;<\/strong> bitte sehen Sie sich die hochaufl\u00f6senden Bilder an, um den Zustand der Uhr zu beurteilen.<\/p>\n<p style=\"text-align: left\"><strong>ZIFFERN+ZEIGER:<\/strong><br \/>\n&#8211; Sehr sauberes und originales silbernes Zifferblatt mit appliziertem Tudor-Logo und Indexen.<br \/>\n&#8211; Druck: originell und gestochen scharf<br \/>\n&#8211; Die Datums- und Tagesr\u00e4der sind sauber<br \/>\n&#8211; Zeiger: original in sehr gutem Zustand.<br \/>\n&#8211; Bei Aktivierung mit UV-Licht leuchtet die Lume auf dem Zifferblatt und den Zeigern.<\/p>\n<p style=\"text-align: left\"><strong>GLAS:<\/strong> Saphirglas in sehr gutem Zustand mit kleinen Oberfl\u00e4chenabdr\u00fccken<\/p>\n<p style=\"text-align: left\"><strong>BEZEL:<\/strong> Wei\u00dfgold L\u00fcnette in sehr gutem Zustand.<\/p>\n<p style=\"text-align: left\"><strong>GEH\u00c4USE:<\/strong> 36-mm-Edelstahlgeh\u00e4use mit leichten Gebrauchsspuren.<\/p>\n<p style=\"text-align: left\"><strong>GEH\u00c4USEBODEN:<\/strong> Edelstahl Tudor signiert Geh\u00e4useboden in gutem Zustand mit onl<\/p>\n","protected":false},"excerpt":{"rendered":"<p style=\"text-align: left\"><strong>Tudor Prince Date Day Ref. 76214<\/strong> mit Wei\u00dfgoldl\u00fcnette in sehr gutem gebrauchten Zustand. Diese Tudor mit Automatikaufzug und Stahlgeh\u00e4use ist eine echte Alternative zu einer Rolex Day Date und bietet ein gutes Preis-Leistungs-Verh\u00e4ltnis.<br \/>\nZifferblatt, Krone, Geh\u00e4useboden, Uhrwerk und Schlie\u00dfe signiert. Die Uhr wurde gewartet und kommt mit einer 12-monatigen Garantie.<\/p>\n","protected":false},"featured_media":5443,"template":"","meta":{"om_disable_all_campaigns":false,"_monsterinsights_skip_tracking":false,"_monsterinsights_sitenote_active":false,"_monsterinsights_sitenote_note":"","_monsterinsights_sitenote_category":0},"product_brand":[],"product_cat":[71],"product_tag":[],"class_list":{"0":"post-8657","1":"product","2":"type-product","3":"status-publish","4":"has-post-thumbnail","6":"product_cat-verkaufte-uhren","8":"first","9":"instock","10":"taxable","11":"shipping-taxable","12":"purchasable","13":"product-type-simple"},"aioseo_notices":[],"_links":{"self":[{"href":"https:\/\/chrono-scope.ch\/de\/wp-json\/wp\/v2\/product\/8657","targetHints":{"allow":["GET"]}}],"collection":[{"href":"https:\/\/chrono-scope.ch\/de\/wp-json\/wp\/v2\/product"}],"about":[{"href":"https:\/\/chrono-scope.ch\/de\/wp-json\/wp\/v2\/types\/product"}],"version-history":[{"count":0,"href":"https:\/\/chrono-scope.ch\/de\/wp-json\/wp\/v2\/product\/8657\/revisions"}],"wp:featuredmedia":[{"embeddable":true,"href":"https:\/\/chrono-scope.ch\/de\/wp-json\/wp\/v2\/media\/5443"}],"wp:attachment":[{"href":"https:\/\/chrono-scope.ch\/de\/wp-json\/wp\/v2\/media?parent=8657"}],"wp:term":[{"taxonomy":"product_brand","embeddable":true,"href":"https:\/\/chrono-scope.ch\/de\/wp-json\/wp\/v2\/product_brand?post=8657"},{"taxonomy":"product_cat","embeddable":true,"href":"https:\/\/chrono-scope.ch\/de\/wp-json\/wp\/v2\/product_cat?post=8657"},{"taxonomy":"product_tag","embeddable":true,"href":"https:\/\/chrono-scope.ch\/de\/wp-json\/wp\/v2\/product_tag?post=8657"}],"curies":[{"name":"wp","href":"https:\/\/api.w.org\/{rel}","templated":true}]}}