{"id":8653,"date":"2022-11-25T14:08:09","date_gmt":"2022-11-25T14:08:09","guid":{"rendered":"https:\/\/nakyxozy.cyon.site\/product\/angelus-vintage-cal-215-chronograph-mit-original-vergoldetem-zifferblatt-und-radiumlibelle\/"},"modified":"2024-07-17T08:22:34","modified_gmt":"2024-07-17T08:22:34","slug":"angelus-vintage-cal-215-chronograph-mit-original-vergoldetem-zifferblatt-und-radium-lamelle","status":"publish","type":"product","link":"https:\/\/chrono-scope.ch\/de\/produkt\/angelus-vintage-cal-215-chronograph-mit-original-vergoldetem-zifferblatt-und-radium-lamelle\/","title":{"rendered":"Angelus Vintage Cal. 215 chronograph with original gilt dial and radium lume"},"content":{"rendered":"<p style=\"text-align: left\"><strong>MODELL \/ REFERENZ: Angelus Cal. 215 Chronograph. Die Seriennummer. 188xxx datiert diesen Angelus in den Zeitraum von 1935 bis 1942<\/strong><\/p>\n<p style=\"text-align: left\"><strong>SPEZIFIKATIONEN; ZUSTANDSBERICHT<\/strong>; bitte sehen Sie sich die hochaufl\u00f6senden Bilder an, um den Zustand der Uhr zu beurteilen.<\/p>\n<p style=\"text-align: left\"><strong>ZIFFERN+ZEIGER:<br \/>\n<\/strong><\/p>\n<p style=\"text-align: left\">Sauberes und original vergoldetes Zifferblatt. Das Zifferblatt ist in sehr gutem Zustand und zeigt bei n\u00e4herer Betrachtung leichte Alterungsspuren.<\/p>\n<p style=\"text-align: left\"><strong>DRUCK:<\/strong> original und gestochen scharf<\/p>\n<p style=\"text-align: left\"><strong>LEUCHTMASSE:<\/strong> die Luminanzzahlen sind dunkel geworden und scheinen alle original und intakt zu sein. Da die Uhr aus den sp\u00e4ten 30er, fr\u00fchen 40er Jahren stammt, muss es sich um Radiumlume handeln. (wir haben es nicht getestet) Wenn sie mit UV-Licht aktiviert wird, leuchtet die Lume auf und verblasst schnell.<\/p>\n<p style=\"text-align: left\"><strong>ZEIGER:<\/strong> Die Zeiger scheinen original zu sein und wurden irgendwann in der Vergangenheit professionell \u00fcberholt. Bei Aktivierung mit UV-Licht leuchtet die Leuchtmasse auf den Zeigern auf und erlischt dann.<\/p>\n<p style=\"text-align: left\"><strong>GLAS:<\/strong> Plexiglas in gutem Zustand mit kleinen Oberfl\u00e4chenflecken<\/p>\n<p style=\"text-align: left\"><strong>GEH\u00c4USE:<\/strong> 35-mm-Edelstahlgeh\u00e4use mit Gebrauchsspuren. Die Bandanst\u00f6\u00dfe sind rasiermesserscharf und das Geh\u00e4use erscheint unpoliert. Das Geh\u00e4use misst von Ansatz zu Ansatz 42 mm. Feste \u00d6sen, 17 mm breit.<\/p>\n<p style=\"text-align: left\"><strong>GEH\u00c4USEBODEN:<\/strong> Edelstahlboden in gutem Zustand mit Gebrauchsspuren. Der innere Geh\u00e4useboden ist mit Angelus signiert und tr\u00e4gt die Seriennummer.<\/p>\n<p style=\"text-align: left\"><strong>KRONE: \/ DR\u00dcCKER:<\/strong> Die Krone scheint ein sp\u00e4terer Ersatz zu sein. Die Puchers sind original zur Uhr und weisen Gebrauchsspuren auf.<\/p>\n<p style=\"text-align: left\"><strong>UHRWERK:<\/strong> Handaufzug Angelus Cal. 215 in sauberem und voll funktionsf\u00e4higem Zustand, h\u00e4lt die Zeit gut f\u00fcr eine Vintage-Uhr.<\/p>\n<p style=\"text-align: left\"><strong>BAND:<\/strong> Neues schwarzes Lederband mit unsignierter Stahlschlie\u00dfe.<\/p>\n<p style=\"text-align: left\"><strong>ZUBEH\u00d6R :<\/strong> Saffiano Leder Uhrenrolle.<\/p>\n<p style=\"text-align: left\"><strong>GARANTIE:<\/strong> Wir garantieren die Echtheit der Uhr. Wir gew\u00e4hren au\u00dferdem 12 Monate Garantie auf die korrekte Funktion dieses Zeitmessers. F\u00fcr alle Garantien gelten die Allgemeinen Gesch\u00e4ftsbedingungen.<br \/>\nBitte z\u00f6gern Sie nicht, Fragen zu stellen, wir werden sie gerne beantworten.<\/p>\n","protected":false},"excerpt":{"rendered":"<p style=\"text-align: left\">Zum Verkauf steht ein <strong>Vintage Angelus Cal. 215<\/strong> Chronograph mit original vergoldetem Zifferblatt und Radiumlume aus den 1940er Jahren in gutem Vintage-Zustand. Das Highlight dieses beeindruckenden Vintage-Chronographen ist das originale, schwarz gl\u00e4nzende, vergoldete Zifferblatt mitintakter Radium-Leuchtmasse.<\/p>\n<p style=\"text-align: left\">Zifferblatt, Geh\u00e4useboden und Uhrwerk signiert. Die Uhr ist in einem sehr guten Vintage-Zustand, voll funktionsf\u00e4hig und wird mit einer 12-monatigen Garantie geliefert.<\/p>\n","protected":false},"featured_media":33023,"template":"","meta":{"om_disable_all_campaigns":false,"_monsterinsights_skip_tracking":false,"_monsterinsights_sitenote_active":false,"_monsterinsights_sitenote_note":"","_monsterinsights_sitenote_category":0},"product_brand":[],"product_cat":[74],"product_tag":[],"class_list":{"0":"post-8653","1":"product","2":"type-product","3":"status-publish","4":"has-post-thumbnail","6":"product_cat-vintage-de","8":"first","9":"instock","10":"taxable","11":"shipping-taxable","12":"purchasable","13":"product-type-simple"},"aioseo_notices":[],"_links":{"self":[{"href":"https:\/\/chrono-scope.ch\/de\/wp-json\/wp\/v2\/product\/8653","targetHints":{"allow":["GET"]}}],"collection":[{"href":"https:\/\/chrono-scope.ch\/de\/wp-json\/wp\/v2\/product"}],"about":[{"href":"https:\/\/chrono-scope.ch\/de\/wp-json\/wp\/v2\/types\/product"}],"version-history":[{"count":0,"href":"https:\/\/chrono-scope.ch\/de\/wp-json\/wp\/v2\/product\/8653\/revisions"}],"wp:featuredmedia":[{"embeddable":true,"href":"https:\/\/chrono-scope.ch\/de\/wp-json\/wp\/v2\/media\/33023"}],"wp:attachment":[{"href":"https:\/\/chrono-scope.ch\/de\/wp-json\/wp\/v2\/media?parent=8653"}],"wp:term":[{"taxonomy":"product_brand","embeddable":true,"href":"https:\/\/chrono-scope.ch\/de\/wp-json\/wp\/v2\/product_brand?post=8653"},{"taxonomy":"product_cat","embeddable":true,"href":"https:\/\/chrono-scope.ch\/de\/wp-json\/wp\/v2\/product_cat?post=8653"},{"taxonomy":"product_tag","embeddable":true,"href":"https:\/\/chrono-scope.ch\/de\/wp-json\/wp\/v2\/product_tag?post=8653"}],"curies":[{"name":"wp","href":"https:\/\/api.w.org\/{rel}","templated":true}]}}