{"id":8652,"date":"2022-11-25T14:13:01","date_gmt":"2022-11-25T14:13:01","guid":{"rendered":"https:\/\/nakyxozy.cyon.site\/product\/askania-kudamm-chrono-limitierte-auflage\/"},"modified":"2023-05-12T11:39:06","modified_gmt":"2023-05-12T11:39:06","slug":"askania-kudamm-chrono-limitierte-ausgabe","status":"publish","type":"product","link":"https:\/\/chrono-scope.ch\/de\/produkt\/askania-kudamm-chrono-limitierte-ausgabe\/","title":{"rendered":"Askania Ku&#8217;damm Chrono limited edition"},"content":{"rendered":"","protected":false},"excerpt":{"rendered":"<p style=\"text-align: left\"><strong>Askania Ku&#8217;damm Chronograph 43mm limitierte Auflage Fliegeruhr<\/strong><\/p>\n<p style=\"text-align: left\">Die Askania AG in Berlin war w\u00e4hrend des Ersten und Zweiten Weltkriegs eines der bedeutendsten deutschen Unternehmen f\u00fcr Luftfahrt- und Navigationsinstrumente.<\/p>\n<p style=\"text-align: left\">Die Uhrenmarke Askania steht heute f\u00fcr Uhrenmacherkunst in Berlin\/Deutschland. Es werden haupts\u00e4chlich Fliegerarmbanduhren angeboten.<\/p>\n<p style=\"text-align: left\">Dieses Modell Ku&#8217;damm Chronograph wurde als limitiertes Sondermodell bei der Er\u00f6ffnung der Askania Boutique am Kurf\u00fcrstendamm lanciert. Es wurden nur 10 St\u00fcck hergestellt und ist weltweit ausverkauft.<\/p>\n<p style=\"text-align: left\">Uhrwerk ETA Valjoux 7750, Automatik mit 45h Gangreserve.<\/p>\n<p style=\"text-align: left\">200m wasserdicht. Verschraubte Krone und verschraubte Dr\u00fccker.<\/p>\n<p style=\"text-align: left\">Sammler Uhr aus Privatsammlung, neu und ungetragen.<\/p>\n<p style=\"text-align: left\">Kompletter Satz, inkl. Original Box und Original Papiere.<\/p>\n<p style=\"text-align: left\">Herstellergarantie bis Juli 2024<\/p>\n","protected":false},"featured_media":5545,"template":"","meta":{"om_disable_all_campaigns":false,"_monsterinsights_skip_tracking":false,"_monsterinsights_sitenote_active":false,"_monsterinsights_sitenote_note":"","_monsterinsights_sitenote_category":0},"product_brand":[],"product_cat":[68],"product_tag":[],"class_list":{"0":"post-8652","1":"product","2":"type-product","3":"status-publish","4":"has-post-thumbnail","6":"product_cat-kleine-marken","8":"first","9":"instock","10":"taxable","11":"shipping-taxable","12":"product-type-simple"},"aioseo_notices":[],"_links":{"self":[{"href":"https:\/\/chrono-scope.ch\/de\/wp-json\/wp\/v2\/product\/8652","targetHints":{"allow":["GET"]}}],"collection":[{"href":"https:\/\/chrono-scope.ch\/de\/wp-json\/wp\/v2\/product"}],"about":[{"href":"https:\/\/chrono-scope.ch\/de\/wp-json\/wp\/v2\/types\/product"}],"version-history":[{"count":0,"href":"https:\/\/chrono-scope.ch\/de\/wp-json\/wp\/v2\/product\/8652\/revisions"}],"wp:featuredmedia":[{"embeddable":true,"href":"https:\/\/chrono-scope.ch\/de\/wp-json\/wp\/v2\/media\/5545"}],"wp:attachment":[{"href":"https:\/\/chrono-scope.ch\/de\/wp-json\/wp\/v2\/media?parent=8652"}],"wp:term":[{"taxonomy":"product_brand","embeddable":true,"href":"https:\/\/chrono-scope.ch\/de\/wp-json\/wp\/v2\/product_brand?post=8652"},{"taxonomy":"product_cat","embeddable":true,"href":"https:\/\/chrono-scope.ch\/de\/wp-json\/wp\/v2\/product_cat?post=8652"},{"taxonomy":"product_tag","embeddable":true,"href":"https:\/\/chrono-scope.ch\/de\/wp-json\/wp\/v2\/product_tag?post=8652"}],"curies":[{"name":"wp","href":"https:\/\/api.w.org\/{rel}","templated":true}]}}