{"id":8645,"date":"2022-11-28T11:59:03","date_gmt":"2022-11-28T11:59:03","guid":{"rendered":"https:\/\/nakyxozy.cyon.site\/product\/enicar-vintage-sherpa-guide-mark-iii-sammlerstueck\/"},"modified":"2026-01-23T10:06:55","modified_gmt":"2026-01-23T10:06:55","slug":"enicar-vintage-sherpa-guide-mark-iii-collectors-grade","status":"publish","type":"product","link":"https:\/\/chrono-scope.ch\/de\/produkt\/enicar-vintage-sherpa-guide-mark-iii-collectors-grade\/","title":{"rendered":"Enicar Vintage Sherpa Guide Mark III Collectors Grade"},"content":{"rendered":"<p style=\"text-align: left\"><strong>MODELL \/ REFERENZ: Enicar Sherpa 600 Guide, MK III, Ref. 148.35.01A, SN 1346590. Der innere Geh\u00e4useboden tr\u00e4gt die Nummern 2342 und 12-69.<\/strong><\/p>\n<p style=\"text-align: left\"><strong>ZIFFERN &amp; ZEIGER:<\/strong> Das originale mattschwarze Zifferblatt ist sauber und in sehr gutem Zustand f\u00fcr das Alter. Alle Schriftzeichen sind scharf und das erhabene Saturn-Logo ist in gutem Zustand.<br \/>\nDie erhabenen Indexe zeigen intakte Leuchtpunkte, die bei 6, 9 und 12 Uhr vertauscht sind. Das Tritium hat eine sch\u00f6ne beige Farbe angenommen.<br \/>\nKorrektes MK III Zeigerset und sehr guter Zustand mit einem Lollipop Sekundenzeiger. Die Rallye-Stil karierten GMT Hand ist in ausgezeichnetem Zustand mit keinen Lackverlust<br \/>\nDas Tritium auf Zeigern und Zifferblatt leuchtet, wenn es unter UV-Licht aktiviert wird, und erlischt dann.<\/p>\n<p style=\"text-align: left\"><strong>INNERE DREHL\u00dcNETTE:<\/strong> Zweifarbige 24-Stunden-Innenl\u00fcnette in gutem Zustand mit leichter Patina. Die innere L\u00fcnette dreht sich reibungslos, wenn sie durch die Krone bei 2 Uhr bet\u00e4tigt wird. Bei n\u00e4herer Betrachtung mit der Lupe sind kleine Flecken auf der zweifarbigen L\u00fcnette zu erkennen, die f\u00fcr einen sch\u00f6nen und fast regelm\u00e4\u00dfigen Patina-Effekt sorgen.<\/p>\n<p style=\"text-align: left\"><strong>INNERE DREHL\u00dcNETTE:<\/strong> ein neues altes Lager Aluminium L\u00fcnette wurde auf die Uhr montiert. Es handelt sich um ein Originalteil von Enicar und ist f\u00fcr diese Referenz korrekt.<br \/>\nDie \u00e4u\u00dfere Weltzeitl\u00fcnette ist manuell drehbar und verf\u00fcgt \u00fcber ein Dreieck, mit dem der Tr\u00e4ger seine Bezugsstadt ausw\u00e4hlen kann, indem er es auf den Stundenzeiger ausrichtet. So kann der Tr\u00e4ger, wo auch immer er sich befindet, auf einen Blick die genaue Uhrzeit an jedem Punkt der Erde ablesen.<\/p>\n<p style=\"text-align: left\"><strong>GLAS:<\/strong> Das gew\u00f6lbte Plexiglasglas wurde leicht poliert und weist nur kleine Oberfl\u00e4chenkratzer auf.<\/p>\n<p style=\"text-align: left\"><strong>GEH\u00c4USE:<\/strong> Das 43-mm-Geh\u00e4use sitzt hoch am Handgelenk und verleiht ihm eine betr\u00e4chtliche Pr\u00e4senz am Handgelenk. Das Edelstahlgeh\u00e4use der Ervin Piquerez S.A. (EPSA) befindet sich in einem guten Vintage-Zustand, mit einigen kleinen Kratzern und Schrammen. Sie weist Gebrauchsspuren auf, die dem Alter der Uhr entsprechen. Das Geh\u00e4use scheint unpoliert zu sein, wobei die dicken, abgeschr\u00e4gten Bandanst\u00f6\u00dfe und die scharfen Seitenkanten erhalten bleiben.<\/p>\n<p style=\"text-align: left\"><strong>GEH\u00c4USEBODEN:<\/strong> Die Uhr hat den f\u00fcr Enicar einzigartigen Bajonettboden mit einer anderen Patentnummer als andere Super Compressor Geh\u00e4use. Der originale Edelstahlboden ist in recht gutem Zustand und weist ein klares Sherpa Clamshell-Logo in der Mitte sowie Gebrauchsspuren auf. Der innere Geh\u00e4useboden ist mit der richtigen Nomenklatur versehen, von der Signatur des Taucherhelms bis zu den Bezeichnungen 2342 und 12-69.<\/p>\n<p style=\"text-align: left\"><strong>KRONE:<\/strong> Die dicken Doppelkronen sind kreuzschraffiert. Das charakteristische Saturn-Logo des Herstellers ist nach wie vor sehr pr\u00e4sent und gut erkennbar.<br \/>\nDie Kronen funktionieren einwandfrei, vom Drehen der inneren L\u00fcnette \u00fcber den Aufzug bis zur Zeit- und Datumsschnelleinstellung.<\/p>\n<p style=\"text-align: left\"><strong>UHRWERK:<\/strong> Die Uhr wird angetrieben durch das Kal. AR 1146, ein sehr zuverl\u00e4ssiges Uhrwerk mit Automatikaufzug und 12- und 24-Stunden-Anzeige. Das Uhrwerk wurde k\u00fcrzlich von einem bekannten Enicar-Spezialisten gewartet. Es l\u00e4uft gut und h\u00e4lt die Zeit ein. Alle Funktionen funktionieren wie vorgesehen.<\/p>\n<p style=\"text-align: left\"><strong>BAND:<\/strong> Die Edelstahl-Perlen von Reis Armband Paare sehr gut mit der Uhr und kommt mit seinen richtigen Endglieder. Es ist in sehr gutem \u00e4sthetischen Zustand mit nur geringf\u00fcgigen Oberfl\u00e4chenkratzern und Dehnung im Einklang mit dem Gebrauch und Alter der Uhr. Die Faltschlie\u00dfe schlie\u00dft sicher und ist mit Enicar und dem Saturn-Logo signiert.<\/p>\n<p style=\"text-align: left\"><strong>ZUBEH\u00d6R:<\/strong> Saffiano Leder Uhrenrolle.<\/p>\n<p style=\"text-align: left\">Das Flaggschiff der Sherpa-Linie mit seiner illustren Geschichte und seinem ikonischen Einfluss ist der Inbegriff eines Zeitmessers in der Geschichte der Vintage-Uhren, der sich durch seine auff\u00e4lligen Farben, seine Zweckm\u00e4\u00dfigkeit und seine hervorragende Verarbeitungsqualit\u00e4t auszeichnet. Dieses komplett originale Exemplar vereint ein signiertes Zifferblatt, Kronen, Geh\u00e4useboden, Uhrwerk und Schlie\u00dfe.<\/p>\n<p style=\"text-align: left\"><strong>GARANTIE:<\/strong> Wir garantieren die Echtheit der Uhr. Wir gew\u00e4hren au\u00dferdem 12 Monate Garantie auf die korrekte Funktion dieses Vintage-Zeitmessers. F\u00fcr alle Garantien gelten die Allgemeinen Gesch\u00e4ftsbedingungen.<\/p>\n<p style=\"text-align: left\">Bitte z\u00f6gern Sie nicht, Fragen zu stellen, wir werden sie gerne beantworten. Eine virtuelle oder pers\u00f6nliche Besichtigung ist nach Vereinbarung m\u00f6glich.<\/p>\n","protected":false},"excerpt":{"rendered":"<p style=\"text-align: left\">Zu verkaufen <strong>Sherpa 600 Guide Mark III, Ref. 148.35.01A \/ 2342<\/strong>. Das Highlight dieser Sherpa Guide ist das au\u00dfergew\u00f6hnlich gut erhaltene Zifferblatt und die Zeiger sowie die sehr seltene NOS-Weltzeitl\u00fcnette.<\/p>\n<p style=\"text-align: left\">Dieses Modell ist ein wahrer Allesk\u00f6nner, denn es kombiniert ein Super Compressor-Geh\u00e4use, eine innere 24-Stunden-Drehl\u00fcnette, einen GMT-Zeiger und eine \u00e4u\u00dfere Weltzeituhr-L\u00fcnette. Dies ist eine ehrliche Vintage-Werkzeug-Uhr in originalem und insgesamt gutem Zustand, und kommt frisch vom Service durch einen bekannten Enicar-Spezialisten.<\/p>\n<p style=\"text-align: left\">Bitte lesen Sie den Zustandsbericht sorgf\u00e4ltig durch und betrachten Sie die hochaufl\u00f6senden Bilder, um den Gesamtzustand der Uhr zu beurteilen.<\/p>\n","protected":false},"featured_media":35342,"template":"","meta":{"om_disable_all_campaigns":false,"_monsterinsights_skip_tracking":false,"_monsterinsights_sitenote_active":false,"_monsterinsights_sitenote_note":"","_monsterinsights_sitenote_category":0},"product_brand":[],"product_cat":[75,74],"product_tag":[],"class_list":{"0":"post-8645","1":"product","2":"type-product","3":"status-publish","4":"has-post-thumbnail","6":"product_cat-enicar-de","7":"product_cat-vintage-de","9":"first","10":"instock","11":"taxable","12":"shipping-taxable","13":"purchasable","14":"product-type-simple"},"aioseo_notices":[],"_links":{"self":[{"href":"https:\/\/chrono-scope.ch\/de\/wp-json\/wp\/v2\/product\/8645","targetHints":{"allow":["GET"]}}],"collection":[{"href":"https:\/\/chrono-scope.ch\/de\/wp-json\/wp\/v2\/product"}],"about":[{"href":"https:\/\/chrono-scope.ch\/de\/wp-json\/wp\/v2\/types\/product"}],"version-history":[{"count":2,"href":"https:\/\/chrono-scope.ch\/de\/wp-json\/wp\/v2\/product\/8645\/revisions"}],"predecessor-version":[{"id":35345,"href":"https:\/\/chrono-scope.ch\/de\/wp-json\/wp\/v2\/product\/8645\/revisions\/35345"}],"wp:featuredmedia":[{"embeddable":true,"href":"https:\/\/chrono-scope.ch\/de\/wp-json\/wp\/v2\/media\/35342"}],"wp:attachment":[{"href":"https:\/\/chrono-scope.ch\/de\/wp-json\/wp\/v2\/media?parent=8645"}],"wp:term":[{"taxonomy":"product_brand","embeddable":true,"href":"https:\/\/chrono-scope.ch\/de\/wp-json\/wp\/v2\/product_brand?post=8645"},{"taxonomy":"product_cat","embeddable":true,"href":"https:\/\/chrono-scope.ch\/de\/wp-json\/wp\/v2\/product_cat?post=8645"},{"taxonomy":"product_tag","embeddable":true,"href":"https:\/\/chrono-scope.ch\/de\/wp-json\/wp\/v2\/product_tag?post=8645"}],"curies":[{"name":"wp","href":"https:\/\/api.w.org\/{rel}","templated":true}]}}