{"id":8644,"date":"2022-11-28T12:03:44","date_gmt":"2022-11-28T12:03:44","guid":{"rendered":"https:\/\/nakyxozy.cyon.site\/product\/enicar-vintage-sherpa-super-jet-33-ref-126-003-40-mm-gehaeuse\/"},"modified":"2023-10-25T10:17:17","modified_gmt":"2023-10-25T10:17:17","slug":"enicar-vintage-sherpa-super-jet-33-ref-126-003-40-mm-case","status":"publish","type":"product","link":"https:\/\/chrono-scope.ch\/de\/produkt\/enicar-vintage-sherpa-super-jet-33-ref-126-003-40-mm-case\/","title":{"rendered":"SOLD &#8211; Enicar Vintage Sherpa Super Jet 33 ref. 126\/003, 40 mm case"},"content":{"rendered":"<p style=\"text-align: left\"><strong>MODELL \/ REFERENZ: Enicar Sherpa Super Jet 33 MK 1 ref. 126\/003.<\/strong><\/p>\n<p style=\"text-align: left\"><strong>ZIFFERN<\/strong>: Das originale silberne Sonnenschliff-Zifferblatt ist insgesamt sehr sauber und hat gut gealtert. Der Aufdruck ist noch sehr klar und weist keinerlei Verluste auf. Die Verwendung verschiedener Schriftarten ist eine der coolsten kleinen Feinheiten dieser Uhr.<br \/>\nDas Zifferblatt ist gleichm\u00e4\u00dfig gealtert und weist feine Flecken auf, die unter Vergr\u00f6\u00dferung wie kleine Blasen aussehen. Ein paar sehr kleine Verf\u00e4rbungen sind am Rand des Zifferblatts zu sehen, vor allem zwischen den Markierungen bei 9 und 10 Uhr.<br \/>\nDie erhabenen silbernen Stabindexe sind d\u00fcnn und mit gr\u00f6\u00dftenteils intakten quadratischen Leuchtstoffpl\u00e4ttchen versehen, w\u00e4hrend die 6-, 9- und 12-Indexe breiter und gerillt sind, kombiniert mit invertierten Tritium-Quadraten f\u00fcr eine gute Ablesbarkeit unter Wasser.<\/p>\n<p style=\"text-align: left\"><strong>ZEIGER<\/strong>: Die Zeiger sind original und sind im gleichen Ma\u00dfe wie das Zifferblatt gealtert. Dennoch sind sie in einem sehr guten Zustand. Die rote Spitze des GMT-Zeigers ist ein wenig zu einem tiefen, subtilen Karminrot verblasst und hat eine gewisse Oberfl\u00e4chenoxidation entwickelt. Die dicken, blockf\u00f6rmigen Stabzeiger weisen an ihren Enden intakte Luminanzstreifen auf.<br \/>\n<strong>INNERE Innenl\u00fcnette:<\/strong> Die zweifarbige 24-Stunden-Innenl\u00fcnette ist sauber. Die drehbare L\u00fcnette l\u00e4sst sich durch Bet\u00e4tigung der Krone bei 2 Uhr leichtg\u00e4ngig drehen.<\/p>\n<p style=\"text-align: left\"><strong>GLAS<\/strong>: Das gew\u00f6lbte Plexiglasglas ist original, mit einem Spannring versehen und befindet sich in einem guten Zustand mit nur leichten Haarrissen.<\/p>\n<p style=\"text-align: left\"><strong>GEH\u00c4USE<\/strong>: Das Geh\u00e4use der Ervin Piquerez S.A. (EPSA) Super Compressor aus Edelstahl misst 40 mm im Durchmesser, ohne Kronen. Das Geh\u00e4use ist nach wie vor makellos und beh\u00e4lt seine verl\u00e4ngerten, dick geformten Bandanst\u00f6\u00dfe mit sichtbaren Facetten, die darauf hindeuten, dass es unpoliert ist. Es sind einige Oberfl\u00e4chenkratzer und kleine Kerben zu sehen, vor allem an den Seiten, die typisch f\u00fcr die normale Abnutzung im Einklang mit dem Alter dieser Werkzeuguhr sind.<\/p>\n<p style=\"text-align: left\"><strong>KRONE<\/strong>: Die originalen kreuzschraffierten Kronen sind mit einem klar definierten Saturn-Logo signiert. Die Kronen sind dick, um einen besseren Halt zu gew\u00e4hrleisten, und sie funktionieren reibungslos, wenn die obere die innere L\u00fcnette dreht. Die untere Krone zieht sich auf und stellt die Uhrzeit und das Datum einwandfrei ein.<\/p>\n<p style=\"text-align: left\"><strong>GEH\u00c4USEBODEN<\/strong>: Der original verschraubte Geh\u00e4useboden weist einige Kratzer von fr\u00fcheren \u00d6ffnungsversuchen auf. Das Seapearl-Austernmedaillon in der Mitte ist mit seiner sandgestrahlten Oberfl\u00e4che immer noch sehr auff\u00e4llig.<br \/>\nDie Innenseite ist mit der richtigen Nomenklatur versehen, von der Signatur des Taucherhelms bis zu den Seriennummern des Geh\u00e4uses.<\/p>\n<p style=\"text-align: left\"><strong>UHRWERK<\/strong>: Diese Uhr wird von dem hochwertigen, hauseigenen Enicar AR1126 Automatikwerk angetrieben. Dieses Kaliber mit 33 Steinen war eine Verbesserung gegen\u00fcber den Standardwerken AR1145\/46, die nur 24 Steine hatten. Dieses Kaliber bietet eine ganze Reihe von Funktionen: Anzeige von Stunden, Minuten, Sekundenzeiger, eine zweite Zeitzone und eine Datumsfunktion bei 3 Uhr.<br \/>\nWie nicht anders zu erwarten, wurde er vor kurzem gewartet und l\u00e4uft hervorragend. Alle Funktionen funktionieren einwandfrei und wie vorgesehen. Die Zeiger haben etwas Spiel, was aber nur beim Einstellen der Zeit auff\u00e4llt. Sie beeintr\u00e4chtigt die Funktion der Uhr nicht und ist beim Tragen nicht sp\u00fcrbar.<\/p>\n<p style=\"text-align: left\"><strong>BAND<\/strong>: Diese Uhr sieht gro\u00dfartig aus mit einem brandneuen grauen Lederarmband mit roten N\u00e4hten, passend zur roten Spitze des 24-Stunden-Zeigers.<\/p>\n<p style=\"text-align: left\"><strong>ZUBEH\u00d6R<\/strong>: Saffiano Leder Uhrenrolle.<br \/>\nDieser Zeitmesser verspr\u00fcht den Charme einer Vintage tool watch. Die Super Jet 33-Modelle mit silbernem Zifferblatt scheinen seltener zu sein als ihre Pendants mit schwarzem Zifferblatt. Dar\u00fcber hinaus verleiht das aufger\u00fcstete Uhrwerk mit der h\u00f6heren Anzahl an Steinen dem Ganzen eine sch\u00f6ne Note, die sich im positiven Sinne authentisch und vintage anf\u00fchlt.<\/p>\n<p style=\"text-align: left\"><strong>GARANTIE<\/strong>: Wir garantieren die Echtheit der Uhr. Wir gew\u00e4hren au\u00dferdem 12 Monate Garantie auf die korrekte Funktion dieses Zeitmessers. F\u00fcr alle Garantien gelten die Allgemeinen Gesch\u00e4ftsbedingungen.<\/p>\n<p style=\"text-align: left\">Bitte z\u00f6gern Sie nicht, Fragen zu stellen, wir werden sie gerne beantworten. Eine virtuelle oder pers\u00f6nliche Besichtigung ist nach Vereinbarung m\u00f6glich.<\/p>\n","protected":false},"excerpt":{"rendered":"<p style=\"text-align: left\">Zum Verkauf steht ein attraktiver und gut erhaltener <strong>Enicar Sherpa Super Jet 33 MK 1 ref. 126\/003<\/strong>.<\/p>\n<p>Aus technischer Sicht gibt es an dieser Uhr wirklich so viel zu lieben. Von der Gravur des Sea Pearl-Geh\u00e4usebodens \u00fcber das hauseigene Kaliber mit einer hohen Anzahl an Steinen bis hin zum EPSA-Superkompressor-Geh\u00e4use und der Architektur der Bandanst\u00f6\u00dfe. Diese Eigenschaften machen die Uhr zu einem \u00e4u\u00dferst tragbaren Zeitmesser. Ein bisschen raffinierter und zur\u00fcckhaltender als der Sherpa Guide 600, aber mit dem gleichen Gef\u00fchl von Robustheit und N\u00fctzlichkeit.<\/p>\n<p style=\"text-align: left\">Bitte lesen Sie den Zustandsbericht sorgf\u00e4ltig durch und betrachten Sie die hochaufl\u00f6senden Bilder, um den Gesamtzustand der Uhr zu beurteilen.<\/p>\n","protected":false},"featured_media":5658,"template":"","meta":{"om_disable_all_campaigns":false,"_monsterinsights_skip_tracking":false,"_monsterinsights_sitenote_active":false,"_monsterinsights_sitenote_note":"","_monsterinsights_sitenote_category":0},"product_brand":[],"product_cat":[71],"product_tag":[],"class_list":{"0":"post-8644","1":"product","2":"type-product","3":"status-publish","4":"has-post-thumbnail","6":"product_cat-verkaufte-uhren","8":"first","9":"instock","10":"taxable","11":"shipping-taxable","12":"purchasable","13":"product-type-simple"},"aioseo_notices":[],"_links":{"self":[{"href":"https:\/\/chrono-scope.ch\/de\/wp-json\/wp\/v2\/product\/8644","targetHints":{"allow":["GET"]}}],"collection":[{"href":"https:\/\/chrono-scope.ch\/de\/wp-json\/wp\/v2\/product"}],"about":[{"href":"https:\/\/chrono-scope.ch\/de\/wp-json\/wp\/v2\/types\/product"}],"version-history":[{"count":0,"href":"https:\/\/chrono-scope.ch\/de\/wp-json\/wp\/v2\/product\/8644\/revisions"}],"wp:featuredmedia":[{"embeddable":true,"href":"https:\/\/chrono-scope.ch\/de\/wp-json\/wp\/v2\/media\/5658"}],"wp:attachment":[{"href":"https:\/\/chrono-scope.ch\/de\/wp-json\/wp\/v2\/media?parent=8644"}],"wp:term":[{"taxonomy":"product_brand","embeddable":true,"href":"https:\/\/chrono-scope.ch\/de\/wp-json\/wp\/v2\/product_brand?post=8644"},{"taxonomy":"product_cat","embeddable":true,"href":"https:\/\/chrono-scope.ch\/de\/wp-json\/wp\/v2\/product_cat?post=8644"},{"taxonomy":"product_tag","embeddable":true,"href":"https:\/\/chrono-scope.ch\/de\/wp-json\/wp\/v2\/product_tag?post=8644"}],"curies":[{"name":"wp","href":"https:\/\/api.w.org\/{rel}","templated":true}]}}