{"id":8635,"date":"2022-11-30T14:02:33","date_gmt":"2022-11-30T14:02:33","guid":{"rendered":"https:\/\/nakyxozy.cyon.site\/product\/heuer-vintage-montreal-kal-12-gewartet\/"},"modified":"2024-02-28T08:50:42","modified_gmt":"2024-02-28T08:50:42","slug":"heuer-jahrgang-montreal-cal-12-gepflegt","status":"publish","type":"product","link":"https:\/\/chrono-scope.ch\/de\/produkt\/heuer-jahrgang-montreal-cal-12-gepflegt\/","title":{"rendered":"SOLD &#8211; Heuer Vintage Montreal Kal. 12 SERVICE"},"content":{"rendered":"<p style=\"text-align: left\"><b><span data-contrast=\"none\">ZIFFERN+ZEIGER:<\/span><\/b><span data-contrast=\"none\">\u202fDas Zifferblatt ist tadellos erhalten und weist mit seinem mattschwarzen Layout und den gealterten wei\u00dfen Hilfszifferbl\u00e4ttern immer noch kr\u00e4ftige Farben auf. Trotz der vielen Farben schafft das umgekehrte Panda-Schema ein k\u00fchles Gleichgewicht, das uns gef\u00e4llt. Es folgt einer traditionellen Bi-Compax-Anzeige und einem Datumsfenster bei 6 Uhr. Mit einem Chronographen-Minutenregister bei 3 Uhr mit orangefarbenen Streifen und einem Stundenz\u00e4hler bei 9 Uhr. Die Uhr hat kein konstant laufendes Sekundenregister, d. h. wenn der Chronograph nicht l\u00e4uft, gibt es keine Bewegung auf dem Zifferblatt. Die Rehaut kombiniert sowohl eine <\/span><span data-contrast=\"none\">Tachymeter- als auch eine Pulsometerskala.<\/span><span data-contrast=\"none\"> Sie sind gut lesbar und in sehr gutem Zustand, ebenso wie der wei\u00dfe <\/span><span data-contrast=\"none\">Kapitelring.<\/span><span data-contrast=\"none\"> Der Druck ist noch perfekt erhalten, und die applizierten Stabindexe sind mit intakten Tritiumstreifen versehen, die sch\u00f6n gealtert sind und eine warme Patina entwickelt haben. Bei der 3-Uhr-Position fehlt ein Tritium-Punkt. Die originalen Stunden- und Minutenzeiger sind in neuwertigem Zustand und haben eine sch\u00f6ne rote Kontur und Tritiumeinlagen. Auch der zentrale Sekundenzeiger ist rot, was einen sch\u00f6nen Kontrast zum schwarzen Zifferblatt bildet und f\u00fcr eine gute Ablesbarkeit sorgt. Die Leuchtmasse hat eine zu den <\/span><span data-contrast=\"none\">Stundenindizes <\/span><span data-contrast=\"none\">passende Patina entwickelt, und wenn sie unter UV-Licht aktiviert wird, leuchtet das Tritium auf und verblasst wieder.<\/span><span data-ccp-props=\"{&quot;201341983&quot;:0,&quot;335559739&quot;:0,&quot;335559740&quot;:240}\">\u00a0<\/span><\/p>\n<p style=\"text-align: left\"><b><span data-contrast=\"none\">GLAS:<\/span><\/b><span data-contrast=\"none\">\u202fDie Uhr ist mit einem brandneuen Plexiglas ausgestattet.<\/span><span data-ccp-props=\"{&quot;134233117&quot;:true,&quot;134233118&quot;:true,&quot;201341983&quot;:0,&quot;335559739&quot;:160,&quot;335559740&quot;:240}\">\u00a0<\/span><\/p>\n<p style=\"text-align: left\"><b><span data-contrast=\"none\">UHRWERK:<\/span><\/b><span data-contrast=\"none\">\u202fDas kurvengesteuerte Kal. 12 ist das erste jemals produzierte Mikro-Rotor-Chronographenwerk. Das Uhrwerk wurde gewartet und l\u00e4uft tadellos. Der Chronograph startet, stoppt und stellt sich perfekt zur\u00fcck.\u202f<\/span><\/p>\n<p style=\"text-align: left\"><b><span data-contrast=\"none\">GEH\u00c4USE:<\/span><\/b><span data-contrast=\"none\">\u202fDas Geh\u00e4use aus Edelstahl zeichnet die Montreal aus. Mit einer L\u00e4nge von 48 mm und einem massiven Durchmesser von 42 mm. Das Geh\u00e4use \u00e4hnelt in Form und Ausf\u00fchrung anderen Uhren dieser Zeit, wie etwa der beliebten Mark II Speedmaster. Das Design <\/span><span data-contrast=\"none\">schreit <\/span><span data-contrast=\"none\">f\u00f6rmlich nach den 1970er Jahren. Dar\u00fcber hinaus hat das unpolierte Geh\u00e4use seine urspr\u00fcngliche Oberfl\u00e4che beibehalten, die aus einer Kombination aus sternf\u00f6rmigem, geb\u00fcrstetem Edelstahl auf der Oberseite des Geh\u00e4uses und polierten Fl\u00e4chen an den Seiten des Geh\u00e4uses besteht. Der polierte Ring um die Au\u00dfenseite des Glases bildet einen auff\u00e4lligen Kontrast zu den geb\u00fcrsteten Stahloberfl\u00e4chen.<\/span><span data-ccp-props=\"{&quot;201341983&quot;:0,&quot;335559739&quot;:0,&quot;335559740&quot;:240}\">\u00a0<\/span><\/p>\n<p style=\"text-align: left\"><b><span data-contrast=\"none\">GEH\u00c4USEBODEN:<\/span><\/b><span data-contrast=\"none\">\u202fDer 6-fach gekerbte Edelstahlboden l\u00e4sst sich fest verschrauben. Er ist in ausgezeichnetem Zustand und hat seine urspr\u00fcngliche geb\u00fcrstete Oberfl\u00e4che mit einem \u00e4u\u00dferen polierten abgeschr\u00e4gten Rand behalten. In der Mitte sind einige kleine Oberfl\u00e4chenkratzer zu sehen. Die Innenseite ist mit dem Stempel \u201eHeuer-Leonidas SA\u201c signiert.<\/span><span data-ccp-props=\"{&quot;134233117&quot;:true,&quot;134233118&quot;:true,&quot;201341983&quot;:0,&quot;335559739&quot;:160,&quot;335559740&quot;:240}\">\u00a0<\/span><\/p>\n<p style=\"text-align: left\"><b><span data-contrast=\"none\">KRONE + DR\u00dcCKER:<\/span><\/b><span data-contrast=\"none\">\u202fAls charakteristisches Merkmal des Uhrwerks befindet sich die signierte Heuer-Krone auf der linken Seite der Uhr und funktioniert wie vorgesehen. Die geriffelten Pump-Chronographendr\u00fccker geh\u00f6ren zu dieser Referenz und befinden sich auf der rechten Seite. Sie bedienen die Chronographenfunktionen <\/span><span data-contrast=\"none\">knackig<\/span><span data-contrast=\"none\">.\u202f<\/span><b><span data-contrast=\"none\">BAND<\/span><\/b><span data-contrast=\"none\">: Ein weiteres Highlight dieser Uhr ist das original \u201ePeaked\u201c Gliederarmband in voller L\u00e4nge.<\/span><span data-ccp-props=\"{&quot;201341983&quot;:0,&quot;335559739&quot;:0,&quot;335559740&quot;:240}\">\u00a0<\/span><\/p>\n<p style=\"text-align: left\"><b><span data-contrast=\"none\">ZUBEH\u00d6R:<\/span><\/b><span data-contrast=\"none\">\u202fSaffiano Leder Uhrenrolle.<\/span><span data-ccp-props=\"{&quot;134233117&quot;:true,&quot;134233118&quot;:true,&quot;201341983&quot;:0,&quot;335559739&quot;:160,&quot;335559740&quot;:240}\">\u00a0<\/span><\/p>\n<p style=\"text-align: left\"><b><span data-contrast=\"none\">GARANTIE:<\/span><\/b><span data-contrast=\"none\">\u202fWir garantieren die Echtheit der Uhr. Wir gew\u00e4hren au\u00dferdem 12 Monate Garantie auf die korrekte Funktion dieses Zeitmessers. F\u00fcr alle Garantien gelten die Allgemeinen Gesch\u00e4ftsbedingungen.<\/span><span data-ccp-props=\"{&quot;134233117&quot;:true,&quot;134233118&quot;:true,&quot;201341983&quot;:0,&quot;335559739&quot;:160,&quot;335559740&quot;:240}\">\u00a0<\/span><\/p>\n<p style=\"text-align: left\"><span data-contrast=\"none\">Bitte z\u00f6gern Sie nicht, Fragen zu stellen, wir werden sie gerne beantworten. Eine virtuelle oder pers\u00f6nliche Besichtigung ist nach Vereinbarung m\u00f6glich.<\/span><span data-ccp-props=\"{&quot;134233117&quot;:true,&quot;134233118&quot;:true,&quot;201341983&quot;:0,&quot;335559739&quot;:160,&quot;335559740&quot;:240}\">\u00a0<\/span><\/p>\n<p style=\"text-align: left\"><span data-ccp-props=\"{&quot;201341983&quot;:0,&quot;335559739&quot;:160,&quot;335559740&quot;:259}\">\u00a0<\/span><\/p>\n","protected":false},"excerpt":{"rendered":"<p style=\"text-align: left\"><span data-contrast=\"none\">Zum Verkauf steht ein kultiger\u202f<\/span><b><span data-contrast=\"none\">Heuer Montreal ref. 110.503N<\/span><\/b><span data-contrast=\"none\">\u202fChronograph aus den 1970er Jahren. Dieser kultige Cal. 12-Chronograph befindet sich im Originalzustand, wobei die Werkslackierung des Geh\u00e4uses und des signierten Armbands erhalten sind. Das Uhrwerk wurde gewartet und die Uhr kommt mit 12 Monaten Garantie.<\/span><span data-ccp-props=\"{&quot;134233117&quot;:true,&quot;134233118&quot;:true,&quot;201341983&quot;:0,&quot;335559740&quot;:240}\">\u00a0<\/span><\/p>\n<p style=\"text-align: left\"><span data-contrast=\"none\">Bitte lesen Sie den Zustandsbericht sorgf\u00e4ltig durch und betrachten Sie die hochaufl\u00f6senden Bilder, um den Gesamtzustand der Uhr zu beurteilen.<\/span><span data-ccp-props=\"{&quot;134233117&quot;:true,&quot;134233118&quot;:true,&quot;201341983&quot;:0,&quot;335559740&quot;:240}\">\u00a0<\/span><\/p>\n","protected":false},"featured_media":5772,"template":"","meta":{"om_disable_all_campaigns":false,"_monsterinsights_skip_tracking":false,"_monsterinsights_sitenote_active":false,"_monsterinsights_sitenote_note":"","_monsterinsights_sitenote_category":0},"product_brand":[],"product_cat":[71],"product_tag":[],"class_list":{"0":"post-8635","1":"product","2":"type-product","3":"status-publish","4":"has-post-thumbnail","6":"product_cat-verkaufte-uhren","8":"first","9":"instock","10":"taxable","11":"shipping-taxable","12":"purchasable","13":"product-type-simple"},"aioseo_notices":[],"_links":{"self":[{"href":"https:\/\/chrono-scope.ch\/de\/wp-json\/wp\/v2\/product\/8635","targetHints":{"allow":["GET"]}}],"collection":[{"href":"https:\/\/chrono-scope.ch\/de\/wp-json\/wp\/v2\/product"}],"about":[{"href":"https:\/\/chrono-scope.ch\/de\/wp-json\/wp\/v2\/types\/product"}],"version-history":[{"count":0,"href":"https:\/\/chrono-scope.ch\/de\/wp-json\/wp\/v2\/product\/8635\/revisions"}],"wp:featuredmedia":[{"embeddable":true,"href":"https:\/\/chrono-scope.ch\/de\/wp-json\/wp\/v2\/media\/5772"}],"wp:attachment":[{"href":"https:\/\/chrono-scope.ch\/de\/wp-json\/wp\/v2\/media?parent=8635"}],"wp:term":[{"taxonomy":"product_brand","embeddable":true,"href":"https:\/\/chrono-scope.ch\/de\/wp-json\/wp\/v2\/product_brand?post=8635"},{"taxonomy":"product_cat","embeddable":true,"href":"https:\/\/chrono-scope.ch\/de\/wp-json\/wp\/v2\/product_cat?post=8635"},{"taxonomy":"product_tag","embeddable":true,"href":"https:\/\/chrono-scope.ch\/de\/wp-json\/wp\/v2\/product_tag?post=8635"}],"curies":[{"name":"wp","href":"https:\/\/api.w.org\/{rel}","templated":true}]}}