{"id":8633,"date":"2022-11-30T14:31:43","date_gmt":"2022-11-30T14:31:43","guid":{"rendered":"https:\/\/nakyxozy.cyon.site\/product\/heuer-vintage-pre-carrera-chronograph-big-eyes-ref-2406-gewartet\/"},"modified":"2026-04-17T16:15:30","modified_gmt":"2026-04-17T16:15:30","slug":"heuer-jahrgang-vor-carrera-chronograph-grose-augen-ref-2406-gewartet","status":"publish","type":"product","link":"https:\/\/chrono-scope.ch\/de\/produkt\/heuer-jahrgang-vor-carrera-chronograph-grose-augen-ref-2406-gewartet\/","title":{"rendered":"SOLD &#8211; Heuer Vintage Pre Carrera Chronograph Big Eyes Ref. 2406 GEWARTET"},"content":{"rendered":"<p style=\"text-align: left\"><b><span data-contrast=\"none\">MODELL \/ REFERENZ: Heuer \u201eBig Eyes\u201c Chronograph Referenz 2406. Produktionsjahr ca. 1942.<\/span><\/b><span data-ccp-props=\"{&quot;134233117&quot;:true,&quot;134233118&quot;:true,&quot;201341983&quot;:0,&quot;335559739&quot;:160,&quot;335559740&quot;:240}\">\u00a0<\/span><\/p>\n<p style=\"text-align: left\"><b><span data-contrast=\"none\">ZIFFERN+ZEIGEN:<\/span><\/b><span data-contrast=\"none\">\u202fDas gl\u00e4nzende schwarze Zifferblatt ist dank seiner gro\u00dfen Augen\u201c, die sich auf die \u00fcbergro\u00dfen, von einem Motor gedrehten Hilfszifferbl\u00e4tter beziehen, sehr gut ablesbar. Obwohl es homogene Flecken aufweist, ist das Originalzifferblatt unglaublich intakt, ohne Kratzer oder Absplitterungen und beh\u00e4lt seine urspr\u00fcngliche Pr\u00e4gung. Die leuchtenden Radium-Ziffern sind hervorragend erhalten. Die Radiumleuchtmasse ist sch\u00f6n gealtert und hat einen attraktiven warmen Ton. Bitte beachten Sie, dass die Zeiger professionell neu lackiert wurden.<\/span><span data-ccp-props=\"{&quot;201341983&quot;:0,&quot;335559739&quot;:0,&quot;335559740&quot;:240}\">\u00a0<\/span><\/p>\n<p style=\"text-align: left\"><b><span data-contrast=\"none\">GLAS:<\/span><\/b><span data-contrast=\"none\">\u202fDiese Uhr\u00a0 ist mit einem unsignierten Acrylglas ausgestattet, das sich in einem sehr guten Zustand befindet und leicht sichtbare Spuren aufweist.<\/span><span data-ccp-props=\"{&quot;134233117&quot;:true,&quot;134233118&quot;:true,&quot;201341983&quot;:0,&quot;335559739&quot;:160,&quot;335559740&quot;:240}\">\u00a0<\/span><\/p>\n<p style=\"text-align: left\"><b><span data-contrast=\"none\">UHRWERK<\/span><\/b><span data-contrast=\"none\">: Das Kaliber Landeron 13 mit Handaufzug verf\u00fcgt \u00fcber eine Chronographenanzeige mit zwei Dr\u00fcckern und zwei Registern. Sie wurde professionell \u00fcberholt, ist daher voll funktionsf\u00e4hig und h\u00e4lt hervorragend die Zeit.<\/span><span data-ccp-props=\"{&quot;134233117&quot;:true,&quot;134233118&quot;:true,&quot;201341983&quot;:0,&quot;335559739&quot;:160,&quot;335559740&quot;:240}\">\u00a0<\/span><\/p>\n<p style=\"text-align: left\"><b><span data-contrast=\"none\">GEH\u00c4USE:<\/span><\/b><span data-contrast=\"none\">\u202fDas zweischalige Edelstahlgeh\u00e4use hat einen Durchmesser von 35 mm und eine L\u00e4nge von 42 mm von Ansatz zu Ansatz. Sie ist in einem insgesamt sch\u00f6nen Zustand, mit starken Profilierungslinien, einer geb\u00fcrsteten Oberfl\u00e4che, sogar nach unten gedrehten Bandanst\u00f6\u00dfen und einer schr\u00e4gen <\/span><\/p>\n<p style=\"text-align: left\"><b><span data-contrast=\"none\">L\u00dcNETTE.<\/span><\/b><span data-contrast=\"none\"> Die Oberfl\u00e4che weist einige kleine Kratzer auf, vor allem an den Bandanst\u00f6\u00dfen, die dem Alter und dem Gebrauch der Uhr entsprechen.<\/span><span data-ccp-props=\"{&quot;201341983&quot;:0,&quot;335559739&quot;:0,&quot;335559740&quot;:240}\">\u00a0<\/span><\/p>\n<p style=\"text-align: left\"><b><span data-contrast=\"none\">GEH\u00c4USEBODEN:<\/span><\/b><span data-contrast=\"none\">\u202fDer verschraubte Geh\u00e4useboden ist in sch\u00f6nem Vintage-Zustand, mit kleinen Oberfl\u00e4chenabsch\u00fcrfungen und einer auff\u00e4lligen Gravur \u00fcber der urspr\u00fcnglichen geb\u00fcrsteten Oberfl\u00e4che. Die Innenseite ist mit einer Perlierung versehen und tr\u00e4gt eine eingepr\u00e4gte Seriennummer.<\/span><span data-ccp-props=\"{&quot;134233117&quot;:true,&quot;134233118&quot;:true,&quot;201341983&quot;:0,&quot;335559739&quot;:160,&quot;335559740&quot;:240}\">\u00a0<\/span><\/p>\n<p style=\"text-align: left\"><b><span data-contrast=\"none\">KRONE + DR\u00dcCKER:<\/span><\/b><span data-contrast=\"none\">\u202fDie \u00fcbergro\u00dfe Aufzugskrone scheint original zu sein, obwohl sie unsigniert ist. Sie ist in gutem Zustand und funktioniert einwandfrei, vom Aufziehen bis zur Zeiteinstellung. Die Pumpendr\u00fccker funktionieren einwandfrei. Sie starten, stoppen und setzen das Chronographenmodul exakt um 12 Uhr zur\u00fcck.<\/span><span data-ccp-props=\"{&quot;134233117&quot;:true,&quot;134233118&quot;:true,&quot;201341983&quot;:0,&quot;335559739&quot;:160,&quot;335559740&quot;:240}\">\u00a0<\/span><\/p>\n<p style=\"text-align: left\"><b><span data-contrast=\"none\">BAND:<\/span><\/b><span data-contrast=\"none\">\u202fDieser Chronograph wird mit einem 18-mm-Lederarmband und einer unsignierten Dornschlie\u00dfe geliefert.<\/span><span data-ccp-props=\"{&quot;134233117&quot;:true,&quot;134233118&quot;:true,&quot;201341983&quot;:0,&quot;335559739&quot;:160,&quot;335559740&quot;:240}\">\u00a0<\/span><\/p>\n<p style=\"text-align: left\"><b><span data-contrast=\"none\">ZUBEH\u00d6R:<\/span><\/b><span data-contrast=\"none\">\u202fSaffiano Leder Uhrenrolle. Dieser sch\u00f6ne Chronograph aus Stahl verk\u00f6rpert die Designkompetenz von Heuer aus der Mitte des Jahrhunderts. Mit ihrem gro\u00dfartigen Aussehen, der gl\u00e4nzenden Patina und dem robusten Innenleben ist dies eine Uhr, die N\u00fctzlichkeit mit einem kr\u00e4ftigem Retro-Look verbindet. Obwohl das Zifferblatt nicht die Aufschrift \u201eCarrera\u201c tr\u00e4gt, ist dieser Chronograph nicht weniger erw\u00e4genswert, vor allem angesichts der Nachfrage nach Heuers aus dieser Zeit.<\/span><span data-ccp-props=\"{&quot;134233117&quot;:true,&quot;134233118&quot;:true,&quot;201341983&quot;:0,&quot;335559739&quot;:160,&quot;335559740&quot;:240}\">\u00a0<\/span><\/p>\n<p style=\"text-align: left\"><b><span data-contrast=\"none\">GARANTIE:<\/span><\/b><span data-contrast=\"none\">\u202fWir garantieren die Echtheit der Uhr. Wir gew\u00e4hren au\u00dferdem 12 Monate Garantie auf die korrekte Funktion dieses Zeitmessers. F\u00fcr alle Garantien gelten die Allgemeinen Gesch\u00e4ftsbedingungen. Bitte z\u00f6gern Sie nicht, Fragen zu stellen, wir werden sie gerne beantworten. Eine virtuelle oder pers\u00f6nliche Besichtigung ist nach Vereinbarung m\u00f6glich.<\/span><span data-ccp-props=\"{&quot;201341983&quot;:0,&quot;335559739&quot;:160,&quot;335559740&quot;:259}\">\u00a0<\/span><\/p>\n","protected":false},"excerpt":{"rendered":"<p><span data-contrast=\"none\">Wir sind stolz darauf, Ihnen diesen schwer fassbaren und begehrten\u202f<\/span><b><span data-contrast=\"none\">Heuer-Chronographen \u201eBig Eyes\u201c<\/span><\/b><span data-contrast=\"none\">, Referenz 2406, aus den fr\u00fchen 1940er Jahren zu pr\u00e4sentieren. Die 1930er Jahre waren auch entscheidend f\u00fcr die Entwicklung der Heuer-Chronographen. In diesem Jahrzehnt brachte der Hersteller seinen ersten wasserdichten Chronographen heraus. Diese Geh\u00e4use zeichnen sich durch ihre runden Dr\u00fccker aus, in die eine Gummidichtung eingesetzt werden konnte, um Feuchtigkeit fernzuhalten.<\/span><span data-ccp-props=\"{&quot;134233117&quot;:true,&quot;134233118&quot;:true,&quot;201341983&quot;:0,&quot;335559740&quot;:240}\">\u00a0<\/span><\/p>\n<p><span data-contrast=\"none\">Bitte lesen Sie den Zustandsbericht sorgf\u00e4ltig durch, damit Sie den Gesamtzustand der Uhr beurteilen k\u00f6nnen.<\/span><span data-ccp-props=\"{&quot;134233117&quot;:true,&quot;134233118&quot;:true,&quot;201341983&quot;:0,&quot;335559740&quot;:240}\">\u00a0<\/span><\/p>\n","protected":false},"featured_media":28797,"template":"","meta":{"om_disable_all_campaigns":false,"_monsterinsights_skip_tracking":false,"_monsterinsights_sitenote_active":false,"_monsterinsights_sitenote_note":"","_monsterinsights_sitenote_category":0},"product_brand":[],"product_cat":[76,71,74],"product_tag":[],"class_list":{"0":"post-8633","1":"product","2":"type-product","3":"status-publish","4":"has-post-thumbnail","6":"product_cat-heuer-de","7":"product_cat-verkaufte-uhren","8":"product_cat-vintage-de","10":"first","11":"outofstock","12":"taxable","13":"shipping-taxable","14":"purchasable","15":"product-type-simple"},"aioseo_notices":[],"_links":{"self":[{"href":"https:\/\/chrono-scope.ch\/de\/wp-json\/wp\/v2\/product\/8633","targetHints":{"allow":["GET"]}}],"collection":[{"href":"https:\/\/chrono-scope.ch\/de\/wp-json\/wp\/v2\/product"}],"about":[{"href":"https:\/\/chrono-scope.ch\/de\/wp-json\/wp\/v2\/types\/product"}],"version-history":[{"count":1,"href":"https:\/\/chrono-scope.ch\/de\/wp-json\/wp\/v2\/product\/8633\/revisions"}],"predecessor-version":[{"id":38538,"href":"https:\/\/chrono-scope.ch\/de\/wp-json\/wp\/v2\/product\/8633\/revisions\/38538"}],"wp:featuredmedia":[{"embeddable":true,"href":"https:\/\/chrono-scope.ch\/de\/wp-json\/wp\/v2\/media\/28797"}],"wp:attachment":[{"href":"https:\/\/chrono-scope.ch\/de\/wp-json\/wp\/v2\/media?parent=8633"}],"wp:term":[{"taxonomy":"product_brand","embeddable":true,"href":"https:\/\/chrono-scope.ch\/de\/wp-json\/wp\/v2\/product_brand?post=8633"},{"taxonomy":"product_cat","embeddable":true,"href":"https:\/\/chrono-scope.ch\/de\/wp-json\/wp\/v2\/product_cat?post=8633"},{"taxonomy":"product_tag","embeddable":true,"href":"https:\/\/chrono-scope.ch\/de\/wp-json\/wp\/v2\/product_tag?post=8633"}],"curies":[{"name":"wp","href":"https:\/\/api.w.org\/{rel}","templated":true}]}}