{"id":8631,"date":"2022-11-30T15:22:03","date_gmt":"2022-11-30T15:22:03","guid":{"rendered":"https:\/\/nakyxozy.cyon.site\/product\/iwc-porsche-design-chrono-3701-vollstaendig-gewartet\/"},"modified":"2024-08-15T12:44:12","modified_gmt":"2024-08-15T12:44:12","slug":"iwc-porsche-design-chrono-3701-voll-gewartet","status":"publish","type":"product","link":"https:\/\/chrono-scope.ch\/de\/produkt\/iwc-porsche-design-chrono-3701-voll-gewartet\/","title":{"rendered":"IWC Porsche Design Chrono 3701 FULLY SERVICED"},"content":{"rendered":"<p style=\"text-align: left\"><strong>MODELL \/ REFERENZ: IWC Porsche Design Chronograph ref. 3701.<\/strong><\/p>\n<p style=\"text-align: left\"><strong>ZIFFERN+ZEIGER:<\/strong>Die Uhr kommt mit einem perfekt erhaltenen, mattschwarzen Original-Zifferblatt ohne sichtbare Flecken oder Verf\u00e4rbungen.<\/p>\n<p style=\"text-align: left\">Das klare und schlichte Zifferblatt des Kalibers 790 ist mit Hilfszifferbl\u00e4ttern bei 12, 6 und 9 Uhr ausgestattet und wird von einer Tages- und Datumsanzeige bei 3 Uhr begleitet. Der Text der Tagesanzeige ist in deutscher Sprache verfasst.<\/p>\n<p style=\"text-align: left\">Das Zifferblatt und der Zeiger sind ein hervorragendes Beispiel f\u00fcr die Harmonie der Farbkontraste, die das Ablesen der Uhrzeit auf einen Blick erm\u00f6glichen.<\/p>\n<p style=\"text-align: left\">Der Druck auf dem Zifferblatt ist immer noch intakt und sehr gut lesbar, zusammen mit \u00e4u\u00dferen 1\/5-Sekundeneinteilungen und erh\u00f6hten Leuchtmarkierungen in F\u00fcnf-Sekunden-Schritten. Die Leuchtstoffquadrate sind sch\u00f6n gealtert und haben eine blassgelbe Patina angenommen, w\u00e4hrend das Tritium vollst\u00e4ndig intakt zu sein scheint.<\/p>\n<p style=\"text-align: left\">Die wei\u00dfen Stabzeiger mit Leuchteinlagen und der rot-orangefarbene zentrale Chronographenzeiger sind korrekt und in neuwertigem Zustand. Sie haben eine passende Patina zu den Stundenindizes entwickelt und vervollst\u00e4ndigen den Vintage-Charakter dieses wundersch\u00f6nen Zeitmessers.<\/p>\n<p style=\"text-align: left\"><strong>GLAS:<\/strong>Das kratzfeste Saphirglas ist mit einer Anti-Reflex-Beschichtung versehen.<\/p>\n<p style=\"text-align: left\"><strong>UHRWERK:<\/strong>Die Uhr l\u00e4uft mit dem zuverl\u00e4ssigen 25-steinigen Kaliber A\/790, einem kurvengesteuerten Automatikwerk auf Basis des Valjoux 7750 ebauche, das von IWC mit einer Vernickelung veredelt wurde.<\/p>\n<p style=\"text-align: left\">Das Uhrwerk verf\u00fcgt \u00fcber eine Hackfunktion, eine schnell einstellbare Tages- und Datumsfunktion, eine laufende Sekunde bei 9 Uhr, eine Minutenz\u00e4hlung bei 12 Uhr und eine 12-Stunden-Chronographenz\u00e4hlung bei 6 Uhr.<\/p>\n<p style=\"text-align: left\">Sie wurde von meinem Uhrmacher hier in der Schweiz vollst\u00e4ndig gewartet und ist in idealem Zustand: Sie stellt sich ein, zieht sich auf, zieht sich automatisch auf, stellt sich schnell ein, und der Chronograph startet, stoppt und setzt sich einwandfrei zur\u00fcck.<\/p>\n<p style=\"text-align: left\"><strong>GEH\u00c4USE:<\/strong>Das UFO-f\u00f6rmige Geh\u00e4use misst 41 mm ohne Krone. Abgesehen von seinem auff\u00e4lligen Design ist das mattschwarz eloxierte Aluminiumgeh\u00e4use \u00fcberraschend leicht und angenehm zu tragen, w\u00e4hrend es gleichzeitig eine imposante Pr\u00e4senz am Handgelenk hat. Die feste L\u00fcnette ist abgeschr\u00e4gt und zeigt eine wei\u00dfe Tachymeterskala von 350 bis 60 in sehr gutem Zustand.<\/p>\n<p style=\"text-align: left\">Dieses Werkzeug Uhr hat einige Aktion gesehen und ist in fairen Vintage-Zustand mit leichten Verschlei\u00df im Einklang mit Alter und Nutzung.Es zeigt einige kleinere Flecken durch, durch die PVD-Beschichtung Verlust vor allem auf dem inneren Rand der L\u00fcnette manifestiert.<\/p>\n<p style=\"text-align: left\"><strong>GEH\u00c4USEBODEN:<\/strong>Der verschraubte Edelstahlboden mit sechs Kerben ist in sehr gutem Zustand und scheint unber\u00fchrt zu sein, da er seine urspr\u00fcngliche satinierte Oberfl\u00e4che beibehalten hat.<\/p>\n<p style=\"text-align: left\"><strong>KRONE + DR\u00dcCKER: <\/strong>Die PVD-beschichtete Krone passt zur Uhr, obwohl sie nicht signiert ist. Die strukturierten Chronographendr\u00fccker sind in das Geh\u00e4use eingelassen und funktionieren wie vorgesehen. Sie weisen einige erwartete PVD-Verluste auf, die dem Alter und dem Gebrauch der Uhr entsprechen.<\/p>\n<p style=\"text-align: left\"><strong>BAND:<\/strong>Die Uhr ist mit einem integrierten schwarzen Delrin-Armband in voller L\u00e4nge ausgestattet. Dies ist eine industrielle St\u00e4rke synthetischen Polymer in anst\u00e4ndigen Zustand, mit geringf\u00fcgigen Kratzern auf der Oberfl\u00e4che den ganzen Weg zu der Spange.<\/p>\n<p style=\"text-align: left\">Die signierte IWC-Faltschlie\u00dfe schlie\u00dft sicher und weist einige starke Kratzer auf.<\/p>\n<p style=\"text-align: left\"><strong>ZUBEH\u00d6R: <\/strong>Keine<\/p>\n<p style=\"text-align: left\">Wer diese Uhr versteht, versteht ein Kapitel der Uhrmacherkunst, in dem die Technologie die gro\u00dfen Akteure zu Experimenten, Innovationen und neuen Partnern zwang. IWC \u00fcberlebte und gedieh<\/p>\n<p style=\"text-align: left\">Die 3071 war das zweite Chronographenmodell, das in Zusammenarbeit mit Porsche entwickelt wurde. Dies ist vor allem ein echter Gespr\u00e4chsstoff. Vom sportlichen schwarzen Zifferblatt \u00fcber das tiefschwarze, mattschwarze Aluminiumgeh\u00e4use bis hin zum schwarzen Delrin-Armband sorgt sie f\u00fcr einen markanten Look und ein leichtes Tragegef\u00fchl. Dieses Modell tr\u00e4gt die DNA seines Vorg\u00e4ngers, der seltenen und sehr begehrten Ocean 2000. Ein vision\u00e4res Design, das in den 1980er Jahren das Licht der Welt erblickte und auch heute noch als \u00e4sthetischer Schatz gesch\u00e4tzt wird.<\/p>\n<p style=\"text-align: left\"><strong>GARANTIE:<\/strong>Wir garantieren die Echtheit der Uhr. Wir bieten auch eine 12-monatige Garantie f\u00fcr die korrekte Funktion dieser Vintage-Uhr.Alle Garantien unterliegen den Allgemeinen Gesch\u00e4ftsbedingungen.<\/p>\n<p style=\"text-align: left\">Bitte z\u00f6gern Sie nicht, Fragen zu stellen, wir werden sie gerne beantworten. Eine virtuelle oder pers\u00f6nliche Besichtigung ist nach Vereinbarung m\u00f6glich.<\/p>\n","protected":false},"excerpt":{"rendered":"<p style=\"text-align: left\">Zum Verkauf steht dieser attraktive und gut erkennbare<strong> IWC Porsche Design Chronograph Ref. 3701.<\/strong><br \/>\n1978 schlossen IWC und Porsche Design einen 20-j\u00e4hrigen Vertrag \u00fcber die gemeinsame Herstellung von Uhren. Diese Referenz ist nach der ber\u00fchmten Kompassuhr das zweite Produkt, das in den 80er Jahren das Licht der Welt erblickte.<\/p>\n<p style=\"text-align: left\">IWC w\u00fcrde die Uhren mit einem Hauch von Einfallsreichtum und Innovation herstellen, Porsche Design tat das, was es am besten konnte: Ein modernes und stilvolles Design in Anlehnung an die Bauhaus-Philosophie, die besagt, dass die Form der Funktion folgt.<\/p>\n<p style=\"text-align: left\">Ein Hauptmerkmal ist, dass sowohl die Chronographendr\u00fccker als auch das Armband in das Geh\u00e4use integriert sind, was der Uhr eine besonders elegante, fast organische \u00c4sthetik verleiht, die f\u00fcr einen Chronographen der 80er Jahre sehr ungew\u00f6hnlich ist.<\/p>\n<p style=\"text-align: left\">Das ist eine gute Gelegenheit, einen Blick auf eine produktive und originelle Serie aus der Zeit der Quarzkrise zu werfen, der es gelang, eine j\u00fcngere, aufstrebende Kundschaft anzusprechen.<\/p>\n<p style=\"text-align: left\">Bitte lesen Sie den Zustandsbericht sorgf\u00e4ltig durch und betrachten Sie die hochaufl\u00f6senden Bilder, um den Gesamtzustand der Uhr zu beurteilen.<\/p>\n","protected":false},"featured_media":26854,"template":"","meta":{"om_disable_all_campaigns":false,"_monsterinsights_skip_tracking":false,"_monsterinsights_sitenote_active":false,"_monsterinsights_sitenote_note":"","_monsterinsights_sitenote_category":0},"product_brand":[],"product_cat":[81,70,74],"product_tag":[],"class_list":{"0":"post-8631","1":"product","2":"type-product","3":"status-publish","4":"has-post-thumbnail","6":"product_cat-iwc-de","7":"product_cat-porsche-design-de","8":"product_cat-vintage-de","10":"first","11":"instock","12":"taxable","13":"shipping-taxable","14":"purchasable","15":"product-type-simple"},"aioseo_notices":[],"_links":{"self":[{"href":"https:\/\/chrono-scope.ch\/de\/wp-json\/wp\/v2\/product\/8631","targetHints":{"allow":["GET"]}}],"collection":[{"href":"https:\/\/chrono-scope.ch\/de\/wp-json\/wp\/v2\/product"}],"about":[{"href":"https:\/\/chrono-scope.ch\/de\/wp-json\/wp\/v2\/types\/product"}],"version-history":[{"count":2,"href":"https:\/\/chrono-scope.ch\/de\/wp-json\/wp\/v2\/product\/8631\/revisions"}],"predecessor-version":[{"id":19576,"href":"https:\/\/chrono-scope.ch\/de\/wp-json\/wp\/v2\/product\/8631\/revisions\/19576"}],"wp:featuredmedia":[{"embeddable":true,"href":"https:\/\/chrono-scope.ch\/de\/wp-json\/wp\/v2\/media\/26854"}],"wp:attachment":[{"href":"https:\/\/chrono-scope.ch\/de\/wp-json\/wp\/v2\/media?parent=8631"}],"wp:term":[{"taxonomy":"product_brand","embeddable":true,"href":"https:\/\/chrono-scope.ch\/de\/wp-json\/wp\/v2\/product_brand?post=8631"},{"taxonomy":"product_cat","embeddable":true,"href":"https:\/\/chrono-scope.ch\/de\/wp-json\/wp\/v2\/product_cat?post=8631"},{"taxonomy":"product_tag","embeddable":true,"href":"https:\/\/chrono-scope.ch\/de\/wp-json\/wp\/v2\/product_tag?post=8631"}],"curies":[{"name":"wp","href":"https:\/\/api.w.org\/{rel}","templated":true}]}}