{"id":8623,"date":"2022-12-01T13:56:56","date_gmt":"2022-12-01T13:56:56","guid":{"rendered":"https:\/\/nakyxozy.cyon.site\/product\/lemania-vintage-chronograph-kal-1341-ref-9803-gewartet\/"},"modified":"2025-06-12T09:46:51","modified_gmt":"2025-06-12T09:46:51","slug":"lemania-alt-chronograph-cal-1341-ref-9803-gepflegt","status":"publish","type":"product","link":"https:\/\/chrono-scope.ch\/de\/produkt\/lemania-alt-chronograph-cal-1341-ref-9803-gepflegt\/","title":{"rendered":"Lemania Vintage Chronograph Kal. 1341 Ref. 9803 SERVICE"},"content":{"rendered":"<p style=\"text-align: left;\"><strong>MODELL \/ REFERENZ:<\/strong> Lemania Automatik Chronograph ref. 9803.<\/p>\n<p style=\"text-align: left;\"><strong>ZIFFERN<\/strong>: Attraktives blaues Zifferblatt mit grauen Hilfszifferbl\u00e4ttern in neuwertigem Zustand. Das Zifferblatt ist absolut sauber und in sch\u00f6nem Zustand. Die Schrift ist klar und deutlich. Das Datumsrad ist sauber.<br \/>\nDie applizierten Leuchtindexe sind intakt und haben eine cremig-warme Patina angenommen. Das Tritium leuchtet, wenn es unter UV-Licht aktiviert wird, und verblasst dann wieder.<\/p>\n<p style=\"text-align: left;\"><strong>ZEIGER<\/strong>: Die Zeiger sind alle original und gut erhalten. Die Tritiumstreifen der wei\u00dfen Stunden- und Minutenzeiger sind intakt und passen perfekt zur Farbe der Leuchtstoffindexe.<\/p>\n<p style=\"text-align: left;\"><strong>GEH\u00c4USE<\/strong>: Das tonneauf\u00f6rmige Stahlgeh\u00e4use misst moderne 39 mm im Durchmesser und 44 mm von Ansto\u00df zu Ansto\u00df. Diese Sch\u00f6nheit schmiegt sich an das Handgelenk und l\u00e4sst sich bequem tragen, ohne die Pr\u00e4senz am Handgelenk zu beeintr\u00e4chtigen.<br \/>\nDas Geh\u00e4use hat seine originale Werkslackierung behalten und ist in gutem Zustand mit leichten Gebrauchsspuren.<\/p>\n<p><strong>GEH\u00c4USEBODEN<\/strong>: Der verschraubte Edelstahlboden mit 6 Kerben ist recht gut erhalten, hat seine urspr\u00fcngliche geb\u00fcrstete Oberfl\u00e4che behalten und weist leichte Gebrauchsspuren sowie einen Kratzer vom \u00d6ffnen des Bodens auf.<br \/>\nDie Innenseite ist mit einer scharfen Gravur in franz\u00f6sischer Sprache versehen, die das Geh\u00e4usematerial angibt. Darunter ist die Referenznummer der Uhr zu sehen.<\/p>\n<p style=\"text-align: left;\"><strong>GLAS<\/strong>: Das Plexiglas ist gut erhalten und weist nur kleine Oberfl\u00e4chenkratzer auf.<\/p>\n<p style=\"text-align: left;\"><strong>KRONE+DR\u00dcCKER:<\/strong> Die Krone passt zur Uhr, obwohl sie nicht signiert ist, und funktioniert einwandfrei.<br \/>\nDie Pumpendr\u00fccker sind in gutem Zustand und funktionieren einwandfrei, vom Starten und Stoppen bis zum Zur\u00fccksetzen auf Null ohne Probleme.<\/p>\n<p style=\"text-align: left;\"><strong>UHRWERK<\/strong>: Die Uhr wird von einem 17-steinigen Lemania Kal. 1341 angetrieben, einem Automatik-Chronographen mit Nockenhebel und Datumsschnellverstellung.<br \/>\nDas Uhrwerk l\u00e4uft sehr gut und h\u00e4lt die Zeit gut ein. Alle Funktionen funktionieren einwandfrei, sowohl der Sekunden- als auch der Minutenzeiger stellen sich auf Null. Das Uhrwerk ist gewartet worden.<\/p>\n<p style=\"text-align: left;\"><strong>BAND<\/strong>: Die Uhr wird an einem blauen Lederarmband im Rennsportstil mit unsignierter Stahlschlie\u00dfe geliefert.<\/p>\n<p style=\"text-align: left;\"><strong>ZUBEH\u00d6R<\/strong>: Saffiano Leder Uhrenrolle<\/p>\n<p><strong>GARANTIE<\/strong>: Wir garantieren die Echtheit der Uhr. Wir gew\u00e4hren au\u00dferdem 12 Monate Garantie auf die korrekte Funktion dieses Vintage-Zeitmessers. Alle Garantien unterliegen den Allgemeinen Gesch\u00e4ftsbedingungen.<br \/>\nBitte z\u00f6gern Sie nicht, Fragen zu stellen, wir werden sie gerne beantworten. Eine virtuelle oder pers\u00f6nliche Besichtigung ist nach Vereinbarung m\u00f6glich.<\/p>\n","protected":false},"excerpt":{"rendered":"<p style=\"text-align: left;\">Zu verkaufen <strong>Vintage Lemania Ref. 9803 Kal. 1341<\/strong> Chronograph in sehr gutem und originalem Zustand, .<br \/>\nDas Highlight dieses attraktiven Chronographen aus den 1970er Jahren ist das blaue Originalzifferblatt und das Cal. 1341 Chronographenwerk mit zentralem Minutenz\u00e4hler.<br \/>\nDas Werk wurde gewartet und die Uhr kommt mit 12 Monaten Garantie.<\/p>\n<p style=\"text-align: left;\"><strong>ZUSTANDSBERICHT<\/strong><br \/>\nBitte sehen Sie sich die hochaufl\u00f6senden Bilder an, um den Zustand der Uhr zu beurteilen.<br \/>\nVollst\u00e4ndige Beschreibung folgt<\/p>\n<p style=\"text-align: left;\"><strong>ZUBEH\u00d6R:<\/strong> Saffiano Leder Uhrenrolle.<\/p>\n<p style=\"text-align: left;\"><strong>GARANTIE:<\/strong> Wir garantieren die Echtheit der Uhr. Wir bieten auch 12 Monate Garantie auf die korrekte Funktion dieses Zeitmessers. F\u00fcr alle Garantien gelten die Allgemeinen Gesch\u00e4ftsbedingungen<\/p>\n<p style=\"text-align: left;\">Bitte z\u00f6gern Sie nicht, Fragen zu stellen, wir werden sie gerne beantworten. Eine virtuelle oder pers\u00f6nliche Besichtigung ist nach Vereinbarung m\u00f6glich.<\/p>\n","protected":false},"featured_media":27091,"template":"","meta":{"om_disable_all_campaigns":false,"_monsterinsights_skip_tracking":false,"_monsterinsights_sitenote_active":false,"_monsterinsights_sitenote_note":"","_monsterinsights_sitenote_category":0},"product_brand":[],"product_cat":[67,74],"product_tag":[],"class_list":{"0":"post-8623","1":"product","2":"type-product","3":"status-publish","4":"has-post-thumbnail","6":"product_cat-lemania-lemania-movements","7":"product_cat-vintage-de","9":"first","10":"outofstock","11":"taxable","12":"shipping-taxable","13":"purchasable","14":"product-type-simple"},"aioseo_notices":[],"_links":{"self":[{"href":"https:\/\/chrono-scope.ch\/de\/wp-json\/wp\/v2\/product\/8623","targetHints":{"allow":["GET"]}}],"collection":[{"href":"https:\/\/chrono-scope.ch\/de\/wp-json\/wp\/v2\/product"}],"about":[{"href":"https:\/\/chrono-scope.ch\/de\/wp-json\/wp\/v2\/types\/product"}],"version-history":[{"count":2,"href":"https:\/\/chrono-scope.ch\/de\/wp-json\/wp\/v2\/product\/8623\/revisions"}],"predecessor-version":[{"id":26647,"href":"https:\/\/chrono-scope.ch\/de\/wp-json\/wp\/v2\/product\/8623\/revisions\/26647"}],"wp:featuredmedia":[{"embeddable":true,"href":"https:\/\/chrono-scope.ch\/de\/wp-json\/wp\/v2\/media\/27091"}],"wp:attachment":[{"href":"https:\/\/chrono-scope.ch\/de\/wp-json\/wp\/v2\/media?parent=8623"}],"wp:term":[{"taxonomy":"product_brand","embeddable":true,"href":"https:\/\/chrono-scope.ch\/de\/wp-json\/wp\/v2\/product_brand?post=8623"},{"taxonomy":"product_cat","embeddable":true,"href":"https:\/\/chrono-scope.ch\/de\/wp-json\/wp\/v2\/product_cat?post=8623"},{"taxonomy":"product_tag","embeddable":true,"href":"https:\/\/chrono-scope.ch\/de\/wp-json\/wp\/v2\/product_tag?post=8623"}],"curies":[{"name":"wp","href":"https:\/\/api.w.org\/{rel}","templated":true}]}}