{"id":8619,"date":"2022-12-02T15:48:54","date_gmt":"2022-12-02T15:48:54","guid":{"rendered":"https:\/\/nakyxozy.cyon.site\/product\/massena-lab-geometer-limitierte-auflage-99-stueck\/"},"modified":"2023-10-11T13:40:08","modified_gmt":"2023-10-11T13:40:08","slug":"massena-lab-geometer-begrenzte-auflage-99-stk","status":"publish","type":"product","link":"https:\/\/chrono-scope.ch\/de\/produkt\/massena-lab-geometer-begrenzte-auflage-99-stk\/","title":{"rendered":"SOLD &#8211; Massena Lab Geometer Limited Edition 99 St\u00fcck"},"content":{"rendered":"<p style=\"text-align: left\"><span data-contrast=\"none\">M\u00f6chten Sie einen alten Rodania Geometer zu einem Bruchteil des Preises besitzen? Dieses gro\u00dfartige Massena LAB ist eine gelungene Reinkarnation der Geometer-DNA mit modernen Spezifikationen. <\/span><\/p>\n<p style=\"text-align: left\"><span data-contrast=\"none\">Der Zeitmesser wird als komplettes Set mit seiner Pr\u00e4sentationsbox und allen Papieren geliefert. <\/span><\/p>\n<p style=\"text-align: left\"><span data-contrast=\"none\"><strong>GARANTIE<\/strong>: Wir garantieren die Echtheit der Uhr. Der Zeitmesser unterliegt noch der Herstellergarantie bis 2024<\/span><span data-contrast=\"auto\">.<\/span><\/p>\n<p style=\"text-align: left\"><span data-contrast=\"none\"><span data-contrast=\"none\">Bitte z\u00f6gern Sie nicht, Fragen zu stellen, wir werden sie gerne beantworten.<\/span><\/span><\/p>\n<p style=\"text-align: left\"><span data-contrast=\"none\"><strong>Referenz<\/strong>:<\/span><span data-contrast=\"none\"> N\/A<\/span><\/p>\n<p style=\"text-align: left\"><strong>Jahr der Produktion: <\/strong><span data-contrast=\"none\">2022<\/span><\/p>\n<p style=\"text-align: left\"><strong>Material des Geh\u00e4uses<\/strong><span data-contrast=\"none\"><strong>:<\/strong> Rostfreier Stahl<\/span><\/p>\n<p style=\"text-align: left\"><strong>Geh\u00e4usegr\u00f6\u00dfe: <\/strong><span data-contrast=\"none\">39mm<\/span><\/p>\n<p style=\"text-align: left\"><span data-contrast=\"none\"><strong>Wasserdicht:<\/strong> 50m<\/span><\/p>\n<p style=\"text-align: left\"><span data-contrast=\"none\"><strong>Material der L\u00fcnette:<\/strong><\/span><span data-contrast=\"none\">Rostfreier Stahl<\/span><\/p>\n<p style=\"text-align: left\"><span data-contrast=\"none\"><strong>Glas:<\/strong> Gew\u00f6lbtes Acrylglas mit Anti-Kratz-Behandlung, eingraviertes Logo<\/span><\/p>\n<p style=\"text-align: left\"><strong>Uhrwerkstyp und -spezifikationen:<\/strong><span data-contrast=\"none\"> SW510 BH M \u00e9labor\u00e9<\/span><span data-contrast=\"none\">Handaufzug, 26 Lagersteine, 28800 vpH, 58 Stunden Gangreserve, Chronographen-Timer bis zu 12 Stunden, \u00e9labor\u00e9-Hemmung nach Chronometer-Norm<\/span><\/p>\n<p style=\"text-align: left\"><strong>Material des Armbands<\/strong><span data-contrast=\"none\"><strong>:<\/strong> Beigefarbenes Saffiano-Lederband mit Original-Edelstahl-Dornschlie\u00dfe.<\/span><\/p>\n<p style=\"text-align: left\"><span data-contrast=\"none\"><strong>Zustand:<\/strong><\/span><span data-contrast=\"none\">Neu (Brandneu, ohne jegliche Gebrauchsspuren)<\/span><\/p>\n<p style=\"text-align: left\"><span data-contrast=\"none\"><strong>Umfang der Lieferung:<\/strong> Komplettes Set mit der originalen Pr\u00e4sentationsbox, allen Dokumenten und Papieren<\/span><\/p>\n<p style=\"text-align: left\"><span data-contrast=\"none\"><strong>GARANTIE<\/strong>: Wir garantieren die Echtheit der Uhr. Der Zeitmesser unterliegt noch der Herstellergarantie bis 2024<\/span><span data-contrast=\"auto\">.<\/span><\/p>\n<p style=\"text-align: left\"><span data-contrast=\"none\">Bitte z\u00f6gern Sie nicht, Fragen zu stellen, wir werden sie gerne beantworten.<\/span><\/p>\n","protected":false},"excerpt":{"rendered":"<p style=\"text-align: left\">Brandneues Set mit Box und Papieren.<\/p>\n<p style=\"text-align: left\">Die <strong>Massena LAB Geometer<\/strong> ist die Reinkarnation eines wenig bekannten Vintage-Chronographen, der Rodania Geometer, die seit langem als so etwas wie eine Gralsuhr f\u00fcr eine Nische von Vintage-Uhrenliebhabern und Sammlern gilt. Sie ist bekannterma\u00dfen schwer zu finden und noch schwerer zu erwerben. Bei Auktionen erzielen alte Exemplare Preise im hohen zweistelligen Bereich, was die Uhr f\u00fcr ein gr\u00f6\u00dferes Publikum noch unzug\u00e4nglicher macht.<\/p>\n<p style=\"text-align: left\">Die Originalreferenz der Rodania Geometer \u00e4hnelt zwar einem anderen ber\u00fchmten Schweizer Chronographen, stammt aber aus dem Jahr 1954, drei volle Jahre vor der Ver\u00f6ffentlichung ihres Doppelg\u00e4ngers, der Omega Speedmaster.<\/p>\n<p style=\"text-align: left\">bitte z\u00f6gern Sie nicht, Fragen zu stellen, wir werden gerne antworten.<\/p>\n","protected":false},"featured_media":6029,"template":"","meta":{"om_disable_all_campaigns":false,"_monsterinsights_skip_tracking":false,"_monsterinsights_sitenote_active":false,"_monsterinsights_sitenote_note":"","_monsterinsights_sitenote_category":0},"product_brand":[],"product_cat":[71],"product_tag":[],"class_list":{"0":"post-8619","1":"product","2":"type-product","3":"status-publish","4":"has-post-thumbnail","6":"product_cat-verkaufte-uhren","8":"first","9":"instock","10":"taxable","11":"shipping-taxable","12":"purchasable","13":"product-type-simple"},"aioseo_notices":[],"_links":{"self":[{"href":"https:\/\/chrono-scope.ch\/de\/wp-json\/wp\/v2\/product\/8619","targetHints":{"allow":["GET"]}}],"collection":[{"href":"https:\/\/chrono-scope.ch\/de\/wp-json\/wp\/v2\/product"}],"about":[{"href":"https:\/\/chrono-scope.ch\/de\/wp-json\/wp\/v2\/types\/product"}],"version-history":[{"count":0,"href":"https:\/\/chrono-scope.ch\/de\/wp-json\/wp\/v2\/product\/8619\/revisions"}],"wp:featuredmedia":[{"embeddable":true,"href":"https:\/\/chrono-scope.ch\/de\/wp-json\/wp\/v2\/media\/6029"}],"wp:attachment":[{"href":"https:\/\/chrono-scope.ch\/de\/wp-json\/wp\/v2\/media?parent=8619"}],"wp:term":[{"taxonomy":"product_brand","embeddable":true,"href":"https:\/\/chrono-scope.ch\/de\/wp-json\/wp\/v2\/product_brand?post=8619"},{"taxonomy":"product_cat","embeddable":true,"href":"https:\/\/chrono-scope.ch\/de\/wp-json\/wp\/v2\/product_cat?post=8619"},{"taxonomy":"product_tag","embeddable":true,"href":"https:\/\/chrono-scope.ch\/de\/wp-json\/wp\/v2\/product_tag?post=8619"}],"curies":[{"name":"wp","href":"https:\/\/api.w.org\/{rel}","templated":true}]}}