{"id":8608,"date":"2022-12-02T15:59:04","date_gmt":"2022-12-02T15:59:04","guid":{"rendered":"https:\/\/nakyxozy.cyon.site\/product\/nivada-vintage-chronomaster-casd-v23-serviced\/"},"modified":"2023-11-22T14:51:15","modified_gmt":"2023-11-22T14:51:15","slug":"nivada-chronomaster-etui-v23-uberholt","status":"publish","type":"product","link":"https:\/\/chrono-scope.ch\/de\/produkt\/nivada-chronomaster-etui-v23-uberholt\/","title":{"rendered":"SOLD &#8211; Nivada Vintage Chronomaster CASD V23 SERVICED"},"content":{"rendered":"<p style=\"text-align: left\"><strong>MODELL \/ REFERENZ: Nivada Chronomaster Aviator Sea Diver &#8211; (CASD), Ref. 85017\/4531. Diese Variante des CASD ist auf Seite 226 des Chronomaster Only-Buches abgebildet.<\/strong><\/p>\n<p style=\"text-align: left\"><strong>ZIFFERN+ZEIGER:<\/strong> Das markante mattschwarze Zifferblatt ist mit dem besonders markanten Nivada-Logo versehen. Der scharfe Aufdruck in Wei\u00df auf Schwarz wurde nicht nur im Hinblick auf eine gute Ablesbarkeit entworfen, sondern verleiht der Uhr auch das Gef\u00fchl, ein echtes Gebrauchsger\u00e4t zu sein, das in unber\u00fchrtem Zustand gefunden wurde. Trotz der durchg\u00e4ngig homogenen und subtilen Geisterpatina sind sehr subtile Sch\u00f6nheitsfehler zu verzeichnen.<br \/>\nAu\u00dferdem ist sie mit zahlreichen Details ausgestattet, darunter ein bikomplexes Layout, das von den motorisierten Hilfszifferbl\u00e4ttern getragen wird, und ein leuchtend roter Segelsektor auf dem 30-Minuten-Z\u00e4hler.<br \/>\nAm Rande des Ziffernrings befindet sich eine genau umschriebene, periphere Tachymeterskala. Sie ist sehr gut lesbar, ohne das Zifferblatt zu \u00fcberladen.<br \/>\nDie Tritium-beschichteten Stundenindizes sind gleichm\u00e4\u00dfig gealtert und intakt. Das Tritium leuchtet, wenn es unter UV-Licht aktiviert wird, und verblasst dann.<br \/>\nAuch die wei\u00dfen Stunden- und Minutenzeiger sind mit sch\u00f6n gealterten Lume-Inlays versehen. Der zentrale Sekundenzeiger ist neonorange und kontrastiert sch\u00f6n mit dem schwarzen Zifferblatt, was eine bessere Ablesbarkeit erm\u00f6glicht.<\/p>\n<p style=\"text-align: left\"><strong>GEH\u00c4USE<\/strong>: Das Edelstahlgeh\u00e4use misst einen beeindruckenden, aber dennoch erfrischend kompakten Durchmesser von 38,5 mm und 46 mm von Ansatz zu Ansatz. Die Dimensionen erlauben ein gro\u00dfartiges, unbestreitbares Vintage-Gef\u00fchl, wenn es um die Pr\u00e4senz am Handgelenk geht. Die Gesamtausf\u00fchrung, die sich in den scharf gezeichneten Linien manifestiert, erzeugt einen gewissen Werkzeugaspekt.<br \/>\nDer Fall scheint zu sein, upolished und verwaltet, um die messerscharfen und gebohrten Nasen zu erhalten. Apropos, sie haben eine lange, flie\u00dfende Kurve, die sehr typisch f\u00fcr den Bi-Compax-Stil der 1960er Jahre ist. Das Geh\u00e4use ist insgesamt sch\u00f6n intakt, mit wenigen kleinen Kratzern und durchweg im Einklang mit dem Alter und der Verwendung der Uhr.<br \/>\nEine weitere Besonderheit ist die Kombination von Elementen auf der sich st\u00e4ndig drehenden, bidirektionalen L\u00fcnette, die mit einem M\u00fcnzrandprofil versehen ist, um den Griff zu erleichtern.<br \/>\nDie L\u00fcnette besteht aus einem schwarz eloxierten Aluminiumeinsatz, der seine klassische Doppelskala beibeh\u00e4lt: Eine 60-Minuten-Skala f\u00fcr das Tauchen und eine kleinere 12-Stunden-Skala f\u00fcr die Anzeige einer zweiten Zeitzone. Der Zustand zeigt keine Anzeichen von Korrosion und sehr subtile Spuren, vor allem zwischen 8h und 9h, entsprechend der Verwendung dieses k\u00fchlen Werkzeug.<\/p>\n<p style=\"text-align: left\"><strong>GEH\u00c4USEBODEN:<\/strong> Der schlichte, verschraubte Edelstahlboden ist in sch\u00f6nem Vintage-Zustand und weist eine Mischung aus geb\u00fcrsteter Oberfl\u00e4che in der Mitte und poliertem Rand auf. Neben den sehr geringen Oberfl\u00e4chenabdr\u00fccken gibt es einen deutlichen Kratzer auf dem Geh\u00e4useboden, der von einem fr\u00fcheren \u00d6ffnungsversuch stammt. M\u00f6glicherweise wurde der Geh\u00e4useboden zu einem bestimmten Zeitpunkt ausgetauscht.<\/p>\n<p style=\"text-align: left\"><strong>GLAS:<\/strong> Das mit einem Spannring versehene Acrylglas passt zur Uhr und weist einige kleine Oberfl\u00e4chenkratzer auf.<\/p>\n<p style=\"text-align: left\"><strong>KRONE+PUSHERS:<\/strong> Die Krone scheint ein Ersatz daf\u00fcr zu sein, dass sie nicht die Signatur der Marke tr\u00e4gt. Sie ist jedoch sch\u00f6n gro\u00df und gerillt, um das Aufziehen und die Zeiteinstellung zu erleichtern.<br \/>\nDie Pumpendr\u00fccker scheinen korrekt zu sein und funktionieren wie vorgesehen: Starten, Stoppen und Zur\u00fccksetzen des Chronographen.<\/p>\n<p style=\"text-align: left\"><strong>UHRWERK:<\/strong> Nivada vertraut auf das ber\u00fchmte Kaliber Valjoux 23 mit Handaufzug, um diese Chronomaster anzutreiben. Das rhodinierte, 17-steinige Uhrwerk mit S\u00e4ulenrad verf\u00fcgt \u00fcber eine Bi-Kompax-Anzeige f\u00fcr eine konstante laufende Sekunde bei 9 Uhr und einen 30-Minuten-Rekorder bei 3 Uhr. Als Sahneh\u00e4ubchen tr\u00e4gt die Br\u00fccke einen vergoldeten Markennamen.<br \/>\nDas Uhrwerk ist sauber und wurde vor kurzem gewartet so l\u00e4uft stark und h\u00e4lt genaue Zeit. Sie zieht auf, stellt sich ein und der Chronograph funktioniert perfekt und stellt sich knackig zur\u00fcck.<\/p>\n<p style=\"text-align: left\"><strong>BAND<\/strong>: Um seinen robusten Look zu vervollst\u00e4ndigen, wurde der vorliegende CASD-Chronograph mit einem 20 mm breiten Wildlederarmband mit Schnellverschluss ausgestattet.<\/p>\n<p style=\"text-align: left\"><strong>ZUBEH\u00d6R:<\/strong> Saffiano Leder Uhrenrolle.<\/p>\n<p style=\"text-align: left\"><strong>GARANTIE:<\/strong> Wir garantieren die Echtheit der Uhr. Wir gew\u00e4hren au\u00dferdem 12 Monate Garantie auf die korrekte Funktion dieses Vintage-Zeitmessers. F\u00fcr alle Garantien gelten die Allgemeinen Gesch\u00e4ftsbedingungen.<\/p>\n<p style=\"text-align: left\">Bitte z\u00f6gern Sie nicht, Fragen zu stellen, wir werden sie gerne beantworten. Eine virtuelle oder pers\u00f6nliche Besichtigung ist nach Vereinbarung m\u00f6glich.<\/p>\n","protected":false},"excerpt":{"rendered":"<p>Zum Verkauf steht ein au\u00dfergew\u00f6hnlicher und spektakul\u00e4r erhaltener Chronograph <strong>Nivada Chronomaster Aviator Sea Diver<\/strong>.<\/p>\n","protected":false},"featured_media":6073,"template":"","meta":{"om_disable_all_campaigns":false,"_monsterinsights_skip_tracking":false,"_monsterinsights_sitenote_active":false,"_monsterinsights_sitenote_note":"","_monsterinsights_sitenote_category":0},"product_brand":[],"product_cat":[71],"product_tag":[],"class_list":{"0":"post-8608","1":"product","2":"type-product","3":"status-publish","4":"has-post-thumbnail","6":"product_cat-verkaufte-uhren","8":"first","9":"instock","10":"taxable","11":"shipping-taxable","12":"purchasable","13":"product-type-simple"},"aioseo_notices":[],"_links":{"self":[{"href":"https:\/\/chrono-scope.ch\/de\/wp-json\/wp\/v2\/product\/8608","targetHints":{"allow":["GET"]}}],"collection":[{"href":"https:\/\/chrono-scope.ch\/de\/wp-json\/wp\/v2\/product"}],"about":[{"href":"https:\/\/chrono-scope.ch\/de\/wp-json\/wp\/v2\/types\/product"}],"version-history":[{"count":0,"href":"https:\/\/chrono-scope.ch\/de\/wp-json\/wp\/v2\/product\/8608\/revisions"}],"wp:featuredmedia":[{"embeddable":true,"href":"https:\/\/chrono-scope.ch\/de\/wp-json\/wp\/v2\/media\/6073"}],"wp:attachment":[{"href":"https:\/\/chrono-scope.ch\/de\/wp-json\/wp\/v2\/media?parent=8608"}],"wp:term":[{"taxonomy":"product_brand","embeddable":true,"href":"https:\/\/chrono-scope.ch\/de\/wp-json\/wp\/v2\/product_brand?post=8608"},{"taxonomy":"product_cat","embeddable":true,"href":"https:\/\/chrono-scope.ch\/de\/wp-json\/wp\/v2\/product_cat?post=8608"},{"taxonomy":"product_tag","embeddable":true,"href":"https:\/\/chrono-scope.ch\/de\/wp-json\/wp\/v2\/product_tag?post=8608"}],"curies":[{"name":"wp","href":"https:\/\/api.w.org\/{rel}","templated":true}]}}