{"id":8601,"date":"2022-12-05T13:23:49","date_gmt":"2022-12-05T13:23:49","guid":{"rendered":"https:\/\/nakyxozy.cyon.site\/product\/omega-speedmaster-day-date-blaues-zifferblatt-box\/"},"modified":"2024-07-02T10:33:45","modified_gmt":"2024-07-02T10:33:45","slug":"omega-speedmaster-day-date-blue-dial-box","status":"publish","type":"product","link":"https:\/\/chrono-scope.ch\/de\/produkt\/omega-speedmaster-day-date-blue-dial-box\/","title":{"rendered":"SOLD &#8211; Omega Speedmaster Day-date blaues Zifferblatt, BOX"},"content":{"rendered":"<p style=\"text-align: left\"><strong>MODELL \/ REFERENZ: Omega Speedmaster dreifaches Datum blau, Zifferblatt, Ref. 3521.80.00 , Seriennummer 54&#8217;xxx&#8217;xxx.<\/strong><\/p>\n<p style=\"text-align: left\"><strong>ZUSTANDSBERICHT_<\/strong> Bitte sehen Sie sich die hochaufl\u00f6senden, unver\u00e4nderten Bilder an, um den Zustand des Zeitmessers zu beurteilen.<\/p>\n<ul>\n<li style=\"text-align: left\">Das blaue Ziffern ist in nahezu neuwertigem Zustand. Die H\u00e4nde zeigen Zeichen der Alterung.<\/li>\n<li style=\"text-align: left\">Alle Tritiumpunkte sind vorhanden und intakt. Die Schrift ist klar und deutlich.<\/li>\n<li style=\"text-align: left\">Die L\u00fcnette zeigt leichte Anzeichen von Sue.<\/li>\n<li style=\"text-align: left\">Das Geh\u00e4use ist in gutem Zustand mit leichten Gebrauchsspuren<\/li>\n<li style=\"text-align: left\">Der Geh\u00e4useboden aus Edelstahl tr\u00e4gt das Seahorse-Logo und die Seriennummer. Der Geh\u00e4useboden wurde zuvor poliert und die Seriennummer ist schwer zu lesen, aber vorhanden.<\/li>\n<li style=\"text-align: left\">Das Uhrwerk l\u00e4uft kr\u00e4ftig und h\u00e4lt die Zeit gut ein.<\/li>\n<li style=\"text-align: left\">Der Chronograph startet, stoppt und stellt sich korrekt auf Null zur\u00fcck<\/li>\n<li style=\"text-align: left\">Original Omega-Edelstahlarmband Ref. 1469\/32 mit 813 Endgliedern. Das Armband ist in gutem Zustand mit geringen Gebrauchsspuren und etwas Dehnung. Es passt f\u00fcr ein Handgelenk von ca. 16,5 cm. Zwei Ersatzglieder sind im Lieferumfang enthalten.<\/li>\n<li style=\"text-align: left\">Ziffern, Krone, Geh\u00e4use, Uhrwerk, Armband und Schlie\u00dfe signiert Omega. Die Uhr ist voll funktionsf\u00e4hig.<\/li>\n<\/ul>\n<p style=\"text-align: left\"><strong>ZUBEH\u00d6R<\/strong>: Die Uhr kommt mit und innere und \u00e4u\u00dfere Box, Omega Hang Tag aus einer anderen Referenz und Handb\u00fccher. Die Schachtel weist starke Alterungsspuren auf, wie sie bei Speedmaster Schachteln aus dieser Zeit h\u00e4ufig vorkommen. Zwei Ersatzglieder f\u00fcr das Armband.<\/p>\n<p style=\"text-align: left\"><strong>GARANTIE<\/strong>:<br \/>\nWir garantieren die Echtheit der Uhr. Wir gew\u00e4hren au\u00dferdem 12 Monate Garantie auf die korrekte Funktion dieses Zeitmessers. F\u00fcr alle Garantien gelten die Allgemeinen Gesch\u00e4ftsbedingungen.<\/p>\n<p style=\"text-align: left\">Bitte z\u00f6gern Sie nicht, Fragen zu stellen, wir werden sie gerne beantworten.<\/p>\n","protected":false},"excerpt":{"rendered":"<p style=\"text-align: left\">Zu verkaufen <strong>Omega Speedmaster triple date , ref. 3521.80.00<\/strong> in gutem und originalem Vintage-Zustand. Die Uhr wird mit einer alten Speedmaster-Box und Handb\u00fcchern geliefert.<\/p>\n<p style=\"text-align: left\">Die Speedmaster l\u00e4uft stark und h\u00e4lt die Zeit gut ein. Alle Funktionen funktionieren einwandfrei, und die Uhr wird mit einer 12-monatigen Garantie geliefert.<\/p>\n","protected":false},"featured_media":6211,"template":"","meta":{"om_disable_all_campaigns":false,"_monsterinsights_skip_tracking":false,"_monsterinsights_sitenote_active":false,"_monsterinsights_sitenote_note":"","_monsterinsights_sitenote_category":0},"product_brand":[],"product_cat":[71],"product_tag":[],"class_list":{"0":"post-8601","1":"product","2":"type-product","3":"status-publish","4":"has-post-thumbnail","6":"product_cat-verkaufte-uhren","8":"first","9":"instock","10":"taxable","11":"shipping-taxable","12":"purchasable","13":"product-type-simple"},"aioseo_notices":[],"_links":{"self":[{"href":"https:\/\/chrono-scope.ch\/de\/wp-json\/wp\/v2\/product\/8601","targetHints":{"allow":["GET"]}}],"collection":[{"href":"https:\/\/chrono-scope.ch\/de\/wp-json\/wp\/v2\/product"}],"about":[{"href":"https:\/\/chrono-scope.ch\/de\/wp-json\/wp\/v2\/types\/product"}],"version-history":[{"count":0,"href":"https:\/\/chrono-scope.ch\/de\/wp-json\/wp\/v2\/product\/8601\/revisions"}],"wp:featuredmedia":[{"embeddable":true,"href":"https:\/\/chrono-scope.ch\/de\/wp-json\/wp\/v2\/media\/6211"}],"wp:attachment":[{"href":"https:\/\/chrono-scope.ch\/de\/wp-json\/wp\/v2\/media?parent=8601"}],"wp:term":[{"taxonomy":"product_brand","embeddable":true,"href":"https:\/\/chrono-scope.ch\/de\/wp-json\/wp\/v2\/product_brand?post=8601"},{"taxonomy":"product_cat","embeddable":true,"href":"https:\/\/chrono-scope.ch\/de\/wp-json\/wp\/v2\/product_cat?post=8601"},{"taxonomy":"product_tag","embeddable":true,"href":"https:\/\/chrono-scope.ch\/de\/wp-json\/wp\/v2\/product_tag?post=8601"}],"curies":[{"name":"wp","href":"https:\/\/api.w.org\/{rel}","templated":true}]}}