{"id":8597,"date":"2022-12-05T15:00:36","date_gmt":"2022-12-05T15:00:36","guid":{"rendered":"https:\/\/nakyxozy.cyon.site\/product\/omega-vintage-dynamic-41-mm-grossartiges-zifferblatt\/"},"modified":"2023-09-08T13:40:10","modified_gmt":"2023-09-08T13:40:10","slug":"omega-vintage-dynamic-41-mm-superb-uhr","status":"publish","type":"product","link":"https:\/\/chrono-scope.ch\/de\/produkt\/omega-vintage-dynamic-41-mm-superb-uhr\/","title":{"rendered":"SOLD &#8211; Omega Vintage Dynamic 41 mm"},"content":{"rendered":"<p style=\"text-align: left\"><strong>MODELL \/ REFERENZ: Omega Geneve Dynamic Ref. 166.039. <\/strong><\/p>\n<p style=\"text-align: left\"><strong>SPEZIFIKATIONEN; ZUSTANDSBERICHT<\/strong>; bitte sehen Sie sich die hochaufl\u00f6senden Bilder an, um den Zustand der Uhr zu beurteilen.<\/p>\n<p style=\"text-align: left\"><strong>ZIFFER+ZEIGER:<\/strong><br \/>\n&#8211; Sehr sauberes und originales dreifarbiges Zifferblatt in nahezu perfektem Zustand.<br \/>\n&#8211; Druck: originell und gestochen scharf<br \/>\n&#8211; Das Datumsrad ist sauber<br \/>\n&#8211; Zeiger: die H\u00e4nde sind in ausgezeichnetem Zustand ohne sichtbare Anzeichen von Alterung. Die Tritiumleuchtmasse auf den Zeigern hat einen angenehmen beigen Farbton angenommen.<\/p>\n<p style=\"text-align: left\"><strong>GLAS<\/strong>: Omega signiert Plexiglas in gutem Zustand mit geringen Oberfl\u00e4chenmarkierungen<\/p>\n<p style=\"text-align: left\"><strong>GEH\u00c4USE<\/strong>: 41-mm-Edelstahlgeh\u00e4use mit leichten Gebrauchsspuren, die dem Alter der Uhr entsprechen. Der Fall beh\u00e4lt die urspr\u00fcngliche Fabrik beenden.<\/p>\n<p style=\"text-align: left\"><strong>GEH\u00c4USEBODEN<\/strong>: Edelstahlboden in gutem Zustand mit Gebrauchsspuren.<\/p>\n<p style=\"text-align: left\"><strong>KRONE<\/strong>: Omega signierte Krone<\/p>\n<p style=\"text-align: left\"><strong>UHRWERK<\/strong>: Automatischer Aufzug Omega Cal. 565 in sehr gutem und voll funktionsf\u00e4higem Zustand. Das Datum \u00e4ndert sich um Mitternacht. Das Uhrwerk l\u00e4uft kr\u00e4ftig und h\u00e4lt die Zeit gut ein.<\/p>\n<p style=\"text-align: left\"><strong>BAND<\/strong>: Edelstahl Omega 1153\/138 Armband in sehr gutem Zustand mit nur geringem Stretch. Bitte beachten Sie, dass die Schlie\u00dfe eine Kundengravur des Vorbesitzers tr\u00e4gt.<\/p>\n<p style=\"text-align: left\"><strong>ACCESSOIRES<\/strong>: Saffiano Leder Uhrenrolle.<\/p>\n<p style=\"text-align: left\"><strong>GARANTIE<\/strong>: Wir garantieren die Echtheit der Uhr. Wir gew\u00e4hren au\u00dferdem 12 Monate Garantie auf die korrekte Funktion dieses Zeitmessers. F\u00fcr alle Garantien gelten die Allgemeinen Gesch\u00e4ftsbedingungen<\/p>\n<p style=\"text-align: left\">Bitte z\u00f6gern Sie nicht, Fragen zu stellen, wir werden sie gerne beantworten.<\/p>\n","protected":false},"excerpt":{"rendered":"<p>Zu verkaufen <strong>Vintage Omega Dynamic Ref. 166.039<\/strong> aus den 1970er Jahren in ausgezeichnetem und originalem Vintage-Zustand. Das Highlight dieser flippigen Uhr aus den 1970er Jahren ist das attraktive graue Zifferblatt in nahezu perfektem Zustand.<br \/>\nZifferblatt, Krone, Geh\u00e4useboden, Uhrwerk und Schlie\u00dfe signiert. Die Uhr ist voll funktionsf\u00e4hig und wird mit einer 12-monatigen Garantie geliefert.<\/p>\n","protected":false},"featured_media":6315,"template":"","meta":{"om_disable_all_campaigns":false,"_monsterinsights_skip_tracking":false,"_monsterinsights_sitenote_active":false,"_monsterinsights_sitenote_note":"","_monsterinsights_sitenote_category":0},"product_brand":[],"product_cat":[71],"product_tag":[],"class_list":{"0":"post-8597","1":"product","2":"type-product","3":"status-publish","4":"has-post-thumbnail","6":"product_cat-verkaufte-uhren","8":"first","9":"instock","10":"taxable","11":"shipping-taxable","12":"purchasable","13":"product-type-simple"},"aioseo_notices":[],"_links":{"self":[{"href":"https:\/\/chrono-scope.ch\/de\/wp-json\/wp\/v2\/product\/8597","targetHints":{"allow":["GET"]}}],"collection":[{"href":"https:\/\/chrono-scope.ch\/de\/wp-json\/wp\/v2\/product"}],"about":[{"href":"https:\/\/chrono-scope.ch\/de\/wp-json\/wp\/v2\/types\/product"}],"version-history":[{"count":0,"href":"https:\/\/chrono-scope.ch\/de\/wp-json\/wp\/v2\/product\/8597\/revisions"}],"wp:featuredmedia":[{"embeddable":true,"href":"https:\/\/chrono-scope.ch\/de\/wp-json\/wp\/v2\/media\/6315"}],"wp:attachment":[{"href":"https:\/\/chrono-scope.ch\/de\/wp-json\/wp\/v2\/media?parent=8597"}],"wp:term":[{"taxonomy":"product_brand","embeddable":true,"href":"https:\/\/chrono-scope.ch\/de\/wp-json\/wp\/v2\/product_brand?post=8597"},{"taxonomy":"product_cat","embeddable":true,"href":"https:\/\/chrono-scope.ch\/de\/wp-json\/wp\/v2\/product_cat?post=8597"},{"taxonomy":"product_tag","embeddable":true,"href":"https:\/\/chrono-scope.ch\/de\/wp-json\/wp\/v2\/product_tag?post=8597"}],"curies":[{"name":"wp","href":"https:\/\/api.w.org\/{rel}","templated":true}]}}