{"id":8589,"date":"2022-12-06T13:33:53","date_gmt":"2022-12-06T13:33:53","guid":{"rendered":"https:\/\/nakyxozy.cyon.site\/product\/omega-vintage-time-computer-2-led-sammler-qualitaet\/"},"modified":"2024-02-23T12:26:25","modified_gmt":"2024-02-23T12:26:25","slug":"omega-altzeit-computer-2-led-sammler-grade","status":"publish","type":"product","link":"https:\/\/chrono-scope.ch\/de\/produkt\/omega-altzeit-computer-2-led-sammler-grade\/","title":{"rendered":"SOLD &#8211; Omega Vintage Time Computer 2 LED Sammler Qualit\u00e4t"},"content":{"rendered":"<p style=\"text-align: left\"><strong>MODELL \/ REFERENZ: Omega Time Computer 2, Ref. 196.0039 Serien-Nr. xxx<\/strong><\/p>\n<p style=\"text-align: left\"><strong>GEH\u00c4USE<\/strong>: Das Geh\u00e4use, typisch f\u00fcr die 1970er Jahre, mit seinem k\u00fchnen Design misst k\u00fchle 40 x 26 mm. Das unpolierte Stahlgeh\u00e4use ist f\u00fcr sein Alter in sehr gutem Zustand. Die Digitalanzeige ist ebenfalls in gutem Zustand.<\/p>\n<p style=\"text-align: left\"><strong>BAND<\/strong>: Die Uhr wird mit ihrem originalen Omega 1203\/211 integrierten Stahlarmband geliefert. Die Innenseite der Faltschlie\u00dfe ist mit der korrekten Omega-Nomenklatur wie dem Logo und den Referenznummern gepr\u00e4gt. Dieses Armband hat buchst\u00e4blich einen Trick im \u00c4rmel, denn es gibt ein kleines verstecktes Fach zur Aufbewahrung des Fassungsmagneten.<\/p>\n<p style=\"text-align: left\"><strong>UHRWERK<\/strong>: Omegas Cal. 1601 ein Quarz betriebene elektronische digitale Bewegung. Das Modul zeigt ein aufgedrucktes Logo und ein vergoldetes Kalibernummernschild. Das Uhrwerk wurde gewartet und ist voll funktionsf\u00e4hig mit neuen Batterien ausgestattet.<\/p>\n<p style=\"text-align: left\"><strong>ZUBEH\u00d6R<\/strong>: Saffiano Leder Uhrenrolle<\/p>\n<p style=\"text-align: left\"><strong>GARANTIE<\/strong>: Wir garantieren, dass die Uhr echt ist. Wir gew\u00e4hren au\u00dferdem eine 12-monatige Garantie auf die Funktion der Uhr. Die Garantiebedingungen entnehmen Sie bitte den Allgemeinen Gesch\u00e4ftsbedingungen.<\/p>\n<p style=\"text-align: left\">Zifferblatt, Geh\u00e4useboden, Uhrwerk und Armband signiert. Die Uhr ist in einem insgesamt sehr guten Vintage-Zustand und voll funktionsf\u00e4hig.<br \/>\nBitte z\u00f6gern Sie nicht, Fragen zu stellen, wir werden sie gerne beantworten. Auf Anfrage k\u00f6nnen wir Ihnen zus\u00e4tzliche Bilder und eine Videosequenz zusenden. Eine virtuelle oder pers\u00f6nliche Besichtigung ist nach Vereinbarung m\u00f6glich.<\/p>\n","protected":false},"excerpt":{"rendered":"<p style=\"text-align: left\">Zu verkaufen Atemberaubende und schwer zug\u00e4ngliche 1970er <strong>Omega Constellation Time Computer 2<\/strong>.<\/p>\n<p style=\"text-align: left\">Spezifikationen Zustandsbericht: Bitte beachten Sie, dass die unver\u00e4nderten Bilder ein wichtiger Bestandteil der Beschreibung sind.<\/p>\n","protected":false},"featured_media":6441,"template":"","meta":{"om_disable_all_campaigns":false,"_monsterinsights_skip_tracking":false,"_monsterinsights_sitenote_active":false,"_monsterinsights_sitenote_note":"","_monsterinsights_sitenote_category":0},"product_brand":[],"product_cat":[71],"product_tag":[],"class_list":{"0":"post-8589","1":"product","2":"type-product","3":"status-publish","4":"has-post-thumbnail","6":"product_cat-verkaufte-uhren","8":"first","9":"instock","10":"taxable","11":"shipping-taxable","12":"purchasable","13":"product-type-simple"},"aioseo_notices":[],"_links":{"self":[{"href":"https:\/\/chrono-scope.ch\/de\/wp-json\/wp\/v2\/product\/8589","targetHints":{"allow":["GET"]}}],"collection":[{"href":"https:\/\/chrono-scope.ch\/de\/wp-json\/wp\/v2\/product"}],"about":[{"href":"https:\/\/chrono-scope.ch\/de\/wp-json\/wp\/v2\/types\/product"}],"version-history":[{"count":0,"href":"https:\/\/chrono-scope.ch\/de\/wp-json\/wp\/v2\/product\/8589\/revisions"}],"wp:featuredmedia":[{"embeddable":true,"href":"https:\/\/chrono-scope.ch\/de\/wp-json\/wp\/v2\/media\/6441"}],"wp:attachment":[{"href":"https:\/\/chrono-scope.ch\/de\/wp-json\/wp\/v2\/media?parent=8589"}],"wp:term":[{"taxonomy":"product_brand","embeddable":true,"href":"https:\/\/chrono-scope.ch\/de\/wp-json\/wp\/v2\/product_brand?post=8589"},{"taxonomy":"product_cat","embeddable":true,"href":"https:\/\/chrono-scope.ch\/de\/wp-json\/wp\/v2\/product_cat?post=8589"},{"taxonomy":"product_tag","embeddable":true,"href":"https:\/\/chrono-scope.ch\/de\/wp-json\/wp\/v2\/product_tag?post=8589"}],"curies":[{"name":"wp","href":"https:\/\/api.w.org\/{rel}","templated":true}]}}