{"id":8582,"date":"2022-12-07T11:43:37","date_gmt":"2022-12-07T11:43:37","guid":{"rendered":"https:\/\/nakyxozy.cyon.site\/product\/rolex-vintage-submariner-14060-tritium-zifferblatt-s-serie-1993-box\/"},"modified":"2024-03-04T13:58:14","modified_gmt":"2024-03-04T13:58:14","slug":"rolex-vintage-submariner-14060-tritum-dial-s-serial-1993-box","status":"publish","type":"product","link":"https:\/\/chrono-scope.ch\/de\/produkt\/rolex-vintage-submariner-14060-tritum-dial-s-serial-1993-box\/","title":{"rendered":"SOLD &#8211; ROLEX VINTAGE SUBMARINER 14060, TRITIUM-ZIFFERBLATT, S-SERIE 1993, BOX"},"content":{"rendered":"<p style=\"text-align: left\"><strong>MODELL \/ REFERENZ:<\/strong> Rolex 14060, S Serie 197XXX (1993)<\/p>\n<p style=\"text-align: left\"><strong>SPEZIFIKATIONEN; ZUSTANDSBERICHT;<\/strong> bitte beachten Sie die hochaufl\u00f6senden Bilder, da sie ein wichtiger Bestandteil der Beschreibung sind.<\/p>\n<p style=\"text-align: left\"><strong>ZIFFERBLATT, ZEIGER UND GLAS<\/strong> \u2013 Schwarzes, gl\u00e4nzendes Originalzifferblatt in neuwertigem Zustand, Indexe aus Wei\u00dfgold mit Tritiumleuchtmasse \u2013 Druck: gestochen scharf \u2013 Zeiger: Die Zeiger behalten die urspr\u00fcngliche Tritiumleuchtmasse. \u2013 Wenn sie mit UV-Licht aktiviert wird, leuchtet die Leuchtmasse auf dem Zifferblatt und den Zeigern. \u2013 Saphirglas in sehr gutem Zustand<\/p>\n<p style=\"text-align: left\">L\u00fcnette: originale Aluminiuml\u00fcnette mit leichten Gebrauchsspuren. Die originale Tritiumleuchtmasse ist vorhanden<\/p>\n<p style=\"text-align: left\"><strong>GEH\u00c4USE:<\/strong> 40-mm-Edelstahlgeh\u00e4use mit Gebrauchsspuren, die dem Alter der Uhr entsprechen. Das Geh\u00e4use wirkt unpoliert. Bitte sehen Sie sich die hochaufl\u00f6senden Bilder an, um den Zustand des Geh\u00e4uses zu beurteilen.<\/p>\n<p style=\"text-align: left\"><strong>GEH\u00c4USEBODEN:<\/strong> Edelstahlgeh\u00e4useboden mit Rolex-Signatur in sehr gutem Zustand mit leichten Oberfl\u00e4chenkratzern.<\/p>\n<p style=\"text-align: left\"><strong>KRONE:<\/strong> Original Rolex signierte Triplock-Krone mit Gebrauchsspuren.<\/p>\n<p style=\"text-align: left\"><strong>UHRWERK:<\/strong> automatisches AS\u00a0 Rolex Cal. 3030 Uhrwerk in ausgezeichnetem und voll funktionsf\u00e4higem Zustand. Das Uhrwerk wurde von unserem Uhrmacher \u00fcberpr\u00fcft, l\u00e4uft einwandfrei und h\u00e4lt die Zeit sehr gut. Es sind zwar keine Wartungsunterlagen vorhanden, aber die sehr guten Werte der Zeitwaage deuten auf eine k\u00fcrzlich erfolgte Wartung hin.<\/p>\n<p style=\"text-align: left\"><strong>BAND:<\/strong> Rolex Edelstahl 91350 Armband in gutem Zustand, mit Gebrauchsspuren und nur leichte Dehnung. 501B Endglieder. Das Armband passt f\u00fcr ein Handgelenk von ca. 16,5 bis 17 cm (6,5 bis 6,7 Zoll)<\/p>\n<p style=\"text-align: left\"><strong>ZUBEH\u00d6R:<\/strong> Vintage Rolex-Box, Saffiano Leder Uhrenrolle.<\/p>\n<p style=\"text-align: left\"><strong>GARANTIE:<\/strong> Wir garantieren die Echtheit der Uhr. Wir gew\u00e4hren au\u00dferdem 12 Monate Garantie auf die korrekte Funktion dieses Zeitmessers. F\u00fcr alle Garantien gelten die Allgemeinen Gesch\u00e4ftsbedingungen.<\/p>\n<p style=\"text-align: left\">Bitte z\u00f6gern Sie nicht, Fragen zu stellen, wir werden sie gerne beantworten.<\/p>\n","protected":false},"excerpt":{"rendered":"<p>Zu verkaufen <strong>Vintage Rolex Submariner 14060<\/strong>, S-Serie von 1993. Die Sub ist in einem ausgezeichneten Vintage-Zustand und das Uhrwerk l\u00e4uft stark und pr\u00e4zise. Sie kommt mit einer Echtheitsgarantie sowie mit einer 12-monatigen Garantie auf die korrekte Funktion dieses Zeitmessers.<\/p>\n","protected":false},"featured_media":6596,"template":"","meta":{"om_disable_all_campaigns":false,"_monsterinsights_skip_tracking":false,"_monsterinsights_sitenote_active":false,"_monsterinsights_sitenote_note":"","_monsterinsights_sitenote_category":0},"product_brand":[],"product_cat":[71],"product_tag":[],"class_list":{"0":"post-8582","1":"product","2":"type-product","3":"status-publish","4":"has-post-thumbnail","6":"product_cat-verkaufte-uhren","8":"first","9":"instock","10":"taxable","11":"shipping-taxable","12":"purchasable","13":"product-type-simple"},"aioseo_notices":[],"_links":{"self":[{"href":"https:\/\/chrono-scope.ch\/de\/wp-json\/wp\/v2\/product\/8582","targetHints":{"allow":["GET"]}}],"collection":[{"href":"https:\/\/chrono-scope.ch\/de\/wp-json\/wp\/v2\/product"}],"about":[{"href":"https:\/\/chrono-scope.ch\/de\/wp-json\/wp\/v2\/types\/product"}],"version-history":[{"count":0,"href":"https:\/\/chrono-scope.ch\/de\/wp-json\/wp\/v2\/product\/8582\/revisions"}],"wp:featuredmedia":[{"embeddable":true,"href":"https:\/\/chrono-scope.ch\/de\/wp-json\/wp\/v2\/media\/6596"}],"wp:attachment":[{"href":"https:\/\/chrono-scope.ch\/de\/wp-json\/wp\/v2\/media?parent=8582"}],"wp:term":[{"taxonomy":"product_brand","embeddable":true,"href":"https:\/\/chrono-scope.ch\/de\/wp-json\/wp\/v2\/product_brand?post=8582"},{"taxonomy":"product_cat","embeddable":true,"href":"https:\/\/chrono-scope.ch\/de\/wp-json\/wp\/v2\/product_cat?post=8582"},{"taxonomy":"product_tag","embeddable":true,"href":"https:\/\/chrono-scope.ch\/de\/wp-json\/wp\/v2\/product_tag?post=8582"}],"curies":[{"name":"wp","href":"https:\/\/api.w.org\/{rel}","templated":true}]}}