{"id":8574,"date":"2022-12-08T10:36:09","date_gmt":"2022-12-08T10:36:09","guid":{"rendered":"https:\/\/nakyxozy.cyon.site\/product\/tissot-vintage-seastar-navigator-chroograph-serviced\/"},"modified":"2024-04-23T05:39:03","modified_gmt":"2024-04-23T05:39:03","slug":"tissot-vintage-seastar-navigator-chroograph-gepflegt","status":"publish","type":"product","link":"https:\/\/chrono-scope.ch\/de\/produkt\/tissot-vintage-seastar-navigator-chroograph-gepflegt\/","title":{"rendered":"SOLD &#8211; Tissot Vintage SeaStar Navigator Chroograph SERVICE"},"content":{"rendered":"<p style=\"text-align: left;\"><strong>MODELL \/ REFERENZ: Tissot Seastar Chronograph ohne Datum, Ref. 40520-1<\/strong><\/p>\n<p style=\"text-align: left;\"><strong>ZIFFER+ZEIGER:<\/strong> originales blaues Zifferblatt mit Sonnenschliff in gutem Zustand. Bei n\u00e4herer Betrachtung k\u00f6nnen Sie feststellen, einige Oxidation \/ Verlust der Farbe um die Ziffernbl\u00e4tter. Die mit Tritium gef\u00fcllten Indexe sind intakt und in ausgezeichnetem Zustand. Sie haben einen sch\u00f6nen cremefarbenen Farbton angenommen. Die Zeiger sind in sehr gutem Zustand und behalten die Tritiumlumineszenz. Die Leuchtmasse auf den Indexen und Zeigern leuchtet kurz auf, wenn sie mit UV-Licht aktiviert wird.<\/p>\n<p style=\"text-align: left;\"><strong>L\u00dc\u200eNETTE<\/strong>: originale feste Aluminiuml\u00fcnette in sehr gutem Zustand.<\/p>\n<p style=\"text-align: left;\"><strong>GLAS<\/strong>: Plexiglas mit leichten Oberfl\u00e4chenkratzern<\/p>\n<p style=\"text-align: left;\"><strong>UHRWERK<\/strong>: Valjoux 7733 Handaufzug Chronographenwerk in voll funktionsf\u00e4higem Zustand. Sie wurde vor kurzem gewartet und h\u00e4lt die Zeit sehr gut f\u00fcr eine alte Uhr.<\/p>\n<p style=\"text-align: left;\"><strong>GEH\u00c4USE<\/strong>: 41-mm-Edelstahlgeh\u00e4use in gutem Vintage-Zustand mit wenigen Gebrauchsspuren, die dem Alter der Uhr entsprechen.<\/p>\n<p style=\"text-align: left;\"><strong>GEH\u00c4USEBODEN<\/strong>: verschraubter Edelstahlboden mit leichten Oberfl\u00e4chenspuren<\/p>\n<p style=\"text-align: left;\"><strong>KRONE &amp; PUSHERS:<\/strong> Original Pushers. Die unsignierte Krone ist wahrscheinlich ein sp\u00e4terer Ersatz<\/p>\n<p style=\"text-align: left;\"><strong>BAND<\/strong>: Die Uhr kommt an einem Vintage Tropic Armband mit unsignierter Stahlschlie\u00dfe.<\/p>\n<p style=\"text-align: left;\"><strong>ZUBEH\u00d6R<\/strong>: keins<br \/>\nZifferblatt Geh\u00e4useboden Bewegung unterzeichnet. Die Uhr ist in einem insgesamt guten Vintage-Zustand und alle Funktionen funktionieren wie sie sollten. Es h\u00e4lt die Zeit gut ein und zeigte hervorragende Ergebnisse auf dem Zeitdiagramm<\/p>\n<p style=\"text-align: left;\"><strong>GARANTIE<\/strong>: Wir garantieren die Echtheit der Uhr. Wir gew\u00e4hren au\u00dferdem 12 Monate Garantie auf die korrekte Funktion dieses Zeitmessers. F\u00fcr alle Garantien gelten die Allgemeinen Gesch\u00e4ftsbedingungen.<\/p>\n<p style=\"text-align: left;\">Bitte z\u00f6gern Sie nicht, Fragen zu stellen, wir werden sie gerne beantworten. Eine virtuelle oder pers\u00f6nliche Besichtigung ist nach Vereinbarung m\u00f6glich.<\/p>\n","protected":false},"excerpt":{"rendered":"<p style=\"text-align: left;\">Wir pr\u00e4sentieren einen <strong>Vintage Tissot Seastar Chronograph SERVICE<\/strong> in originalem und sehr gutem Vintage-Zustand.<br \/>\nDas Highlight dieses attraktiven Chronographen ist das blaue Zifferblatt mit Sonnenschliff und die angenehme Patina auf den Tritium-Indexen. Ein origineller und attraktiver Vintage-Chronograph zu einem erschwinglichen Preis.<\/p>\n<p style=\"text-align: left;\">ZUSTANDSBERICHT Bitte sehen Sie sich die hochaufl\u00f6senden Bilder an, um den Zustand der Uhr zu beurteilen<\/p>\n","protected":false},"featured_media":6719,"template":"","meta":{"om_disable_all_campaigns":false,"_monsterinsights_skip_tracking":false,"_monsterinsights_sitenote_active":false,"_monsterinsights_sitenote_note":"","_monsterinsights_sitenote_category":0},"product_brand":[],"product_cat":[71],"product_tag":[],"class_list":{"0":"post-8574","1":"product","2":"type-product","3":"status-publish","4":"has-post-thumbnail","6":"product_cat-verkaufte-uhren","8":"first","9":"outofstock","10":"taxable","11":"shipping-taxable","12":"purchasable","13":"product-type-simple"},"aioseo_notices":[],"_links":{"self":[{"href":"https:\/\/chrono-scope.ch\/de\/wp-json\/wp\/v2\/product\/8574","targetHints":{"allow":["GET"]}}],"collection":[{"href":"https:\/\/chrono-scope.ch\/de\/wp-json\/wp\/v2\/product"}],"about":[{"href":"https:\/\/chrono-scope.ch\/de\/wp-json\/wp\/v2\/types\/product"}],"version-history":[{"count":0,"href":"https:\/\/chrono-scope.ch\/de\/wp-json\/wp\/v2\/product\/8574\/revisions"}],"wp:featuredmedia":[{"embeddable":true,"href":"https:\/\/chrono-scope.ch\/de\/wp-json\/wp\/v2\/media\/6719"}],"wp:attachment":[{"href":"https:\/\/chrono-scope.ch\/de\/wp-json\/wp\/v2\/media?parent=8574"}],"wp:term":[{"taxonomy":"product_brand","embeddable":true,"href":"https:\/\/chrono-scope.ch\/de\/wp-json\/wp\/v2\/product_brand?post=8574"},{"taxonomy":"product_cat","embeddable":true,"href":"https:\/\/chrono-scope.ch\/de\/wp-json\/wp\/v2\/product_cat?post=8574"},{"taxonomy":"product_tag","embeddable":true,"href":"https:\/\/chrono-scope.ch\/de\/wp-json\/wp\/v2\/product_tag?post=8574"}],"curies":[{"name":"wp","href":"https:\/\/api.w.org\/{rel}","templated":true}]}}