{"id":8571,"date":"2022-12-08T11:26:24","date_gmt":"2022-12-08T11:26:24","guid":{"rendered":"https:\/\/nakyxozy.cyon.site\/product\/tudor-prince-date-74034-weissgold-luenette-blaues-zifferblatt-serviced\/"},"modified":"2023-11-07T09:38:53","modified_gmt":"2023-11-07T09:38:53","slug":"tudor-prince-date-74034-weis-gold-bezel-blau-zifferblatt-gewartet","status":"publish","type":"product","link":"https:\/\/chrono-scope.ch\/de\/produkt\/tudor-prince-date-74034-weis-gold-bezel-blau-zifferblatt-gewartet\/","title":{"rendered":"SOLD &#8211; Tudor Prince Date 74034 Weissgold L\u00fcnette blaues Zifferblatt SERVICE"},"content":{"rendered":"<p style=\"text-align: left\"><strong>MODELL \/ REFERENZ: Tudor Prince Date Ref. 74034. Die Seriennummer H193xxx deutet darauf hin, dass die Uhr nach der Einf\u00fchrung der zuf\u00e4lligen Seriennummern im Jahr 2002 produziert wurde.<\/strong><\/p>\n<p style=\"text-align: left\"><strong>SPEZIFIKATIONEN ZUSTANDSBERICHT:<\/strong> bitte sehen Sie sich die hochaufl\u00f6senden Bilder an, um den Zustand der Uhr zu beurteilen.<\/p>\n<p style=\"text-align: left\"><strong>ZIFFERN+ZEIGER:<\/strong><br \/>\n&#8211; Sehr sauberes und originales gl\u00e4nzendes blaues Zifferblatt mit appliziertem Tudor-Logo und Indexen. Einige der Indizes zeigen Anzeichen der Alterung.<br \/>\n&#8211; Leuchtmasse: Die Tritiumpunkte sind vorhanden und weitgehend intakt. Die Tritiumpunkte bei 7 Uhr scheint zu fehlen.<br \/>\n&#8211; Druck: original und gestochen scharf<br \/>\n&#8211; Das Datumsrad ist sauber<br \/>\n&#8211; Zeiger: Originalzeiger in sehr gutem Zustand.<br \/>\n&#8211; Bei Aktivierung mit UV-Licht leuchtet die Luminanz auf dem Zifferblatt und den Zeigern auf und erlischt dann.<\/p>\n<p style=\"text-align: left\"><strong>GLAS<\/strong>: Saphirglas in sehr gutem Zustand mit kleinen Oberfl\u00e4chenabdr\u00fccken<\/p>\n<p style=\"text-align: left\"><strong>L\u00dc\u200eNETTE<\/strong>: geriffelte Wei\u00dfgoldl\u00fcnette in gutem Zustand mit leichten Gebrauchsspuren<\/p>\n<p style=\"text-align: left\"><strong>GEH\u00c4USE<\/strong>: 34-mm-Edelstahlgeh\u00e4use mit Gebrauchsspuren.<\/p>\n<p style=\"text-align: left\"><strong>GEH\u00c4USEBODEN<\/strong>: Tudor signierter Edelstahlboden in gutem Zustand mit Gebrauchsspuren.<\/p>\n<p style=\"text-align: left\"><strong>KRONE<\/strong>: Original signierte Krone mit Gebrauchsspuren<\/p>\n<p style=\"text-align: left\"><strong>UHRWERK<\/strong>: Das Uhrwerk mit automatischem Aufzug ETA 2824 wurde einer vollst\u00e4ndigen Revision unterzogen. Die Uhr verf\u00fcgt \u00fcber eine Funktion zur schnellen Einstellung des Datums. Das Datum \u00e4ndert sich um Mitternacht. Das Uhrwerk l\u00e4uft kr\u00e4ftig und h\u00e4lt die Zeit gut ein.<\/p>\n<p style=\"text-align: left\"><strong>BAND<\/strong>: Original Tudor Stahlarmband Ref. 62470 mit 628 Endgliedern und signierter Schlie\u00dfe in gutem Zustand. Das Armband passt f\u00fcr ein Handgelenk von ca. 17 bis 17,5 cm.<\/p>\n<p style=\"text-align: left\"><strong>ZUBEH\u00d6R<\/strong>: Saffiano Leder Uhrenrolle.<\/p>\n<p style=\"text-align: left\"><strong>GARANTIE<\/strong>: Wir garantieren die Echtheit der Uhr. Wir gew\u00e4hren au\u00dferdem 12 Monate Garantie auf die korrekte Funktion dieses Zeitmessers. F\u00fcr alle Garantien gelten die Allgemeinen Gesch\u00e4ftsbedingungen.<br \/>\nBitte z\u00f6gern Sie nicht, Fragen zu stellen, wir werden sie gerne beantworten.<\/p>\n","protected":false},"excerpt":{"rendered":"<p>Zu verkaufen <strong>Tudor Prince Date Ref. 74034 SERVICE<\/strong> mit attraktivem, gl\u00e4nzend blauem Zifferblatt. Diese Tudor Wei\u00dfgold-L\u00fcnette mit Rotoraufzug ist eine echte Alternative zu einer Rolex Datejust und bietet ein gutes Preis-Leistungs-Verh\u00e4ltnis.<br \/>\nZiffern, Krone, Geh\u00e4useboden, Uhrwerk und Schlie\u00dfe signiert. Die Uhr ist in einem guten Zustand, das Uhrwerk hat gerade eine vollst\u00e4ndige Wartung erhalten und er kommt mit einer 12 Monate Garantie.<\/p>\n","protected":false},"featured_media":6757,"template":"","meta":{"om_disable_all_campaigns":false,"_monsterinsights_skip_tracking":false,"_monsterinsights_sitenote_active":false,"_monsterinsights_sitenote_note":"","_monsterinsights_sitenote_category":0},"product_brand":[],"product_cat":[71],"product_tag":[],"class_list":{"0":"post-8571","1":"product","2":"type-product","3":"status-publish","4":"has-post-thumbnail","6":"product_cat-verkaufte-uhren","8":"first","9":"instock","10":"taxable","11":"shipping-taxable","12":"purchasable","13":"product-type-simple"},"aioseo_notices":[],"_links":{"self":[{"href":"https:\/\/chrono-scope.ch\/de\/wp-json\/wp\/v2\/product\/8571","targetHints":{"allow":["GET"]}}],"collection":[{"href":"https:\/\/chrono-scope.ch\/de\/wp-json\/wp\/v2\/product"}],"about":[{"href":"https:\/\/chrono-scope.ch\/de\/wp-json\/wp\/v2\/types\/product"}],"version-history":[{"count":0,"href":"https:\/\/chrono-scope.ch\/de\/wp-json\/wp\/v2\/product\/8571\/revisions"}],"wp:featuredmedia":[{"embeddable":true,"href":"https:\/\/chrono-scope.ch\/de\/wp-json\/wp\/v2\/media\/6757"}],"wp:attachment":[{"href":"https:\/\/chrono-scope.ch\/de\/wp-json\/wp\/v2\/media?parent=8571"}],"wp:term":[{"taxonomy":"product_brand","embeddable":true,"href":"https:\/\/chrono-scope.ch\/de\/wp-json\/wp\/v2\/product_brand?post=8571"},{"taxonomy":"product_cat","embeddable":true,"href":"https:\/\/chrono-scope.ch\/de\/wp-json\/wp\/v2\/product_cat?post=8571"},{"taxonomy":"product_tag","embeddable":true,"href":"https:\/\/chrono-scope.ch\/de\/wp-json\/wp\/v2\/product_tag?post=8571"}],"curies":[{"name":"wp","href":"https:\/\/api.w.org\/{rel}","templated":true}]}}