{"id":8566,"date":"2022-12-08T12:44:19","date_gmt":"2022-12-08T12:44:19","guid":{"rendered":"https:\/\/nakyxozy.cyon.site\/product\/tudor-vintage-submariner-79090-blaues-zifferblatt-collectors-grade\/"},"modified":"2023-09-08T13:28:36","modified_gmt":"2023-09-08T13:28:36","slug":"tudor-klassiker-submariner-79090-blaues-zifferblatt-sammler-grade","status":"publish","type":"product","link":"https:\/\/chrono-scope.ch\/de\/produkt\/tudor-klassiker-submariner-79090-blaues-zifferblatt-sammler-grade\/","title":{"rendered":"SOLD &#8211; Tudor Vintage Submariner 79090 blaues Zifferblatt COLLECTORS GRADE"},"content":{"rendered":"<p style=\"text-align: left\"><strong>MODELL \/ REFERENZ: Tudor Prince Oysterdate Submariner Ref. 79090. Die Seriennummer B540xxx weist darauf hin, dass die Uhr um 1993 hergestellt wurde. <\/strong><\/p>\n<p style=\"text-align: left\"><strong>SPEZIFIKATIONEN; ZUSTANDSBERICHT;<\/strong> bitte sehen Sie sich die hochaufl\u00f6senden Bilder an, um den Zustand der Uhr zu beurteilen.<\/p>\n<p style=\"text-align: left\"><strong>ZIFFERN+ZEIGER:<\/strong><br \/>\n&#8211; Sehr sauberes und originales, gl\u00e4nzendes dunkelblaues Zifferblatt mit aufgedrucktem Tudor-Logo und Tritium-Indexen.<br \/>\n&#8211; Zeiger: Originalzeiger mit Tritium-Lumineszenz.<br \/>\n&#8211; Die Leuchtmasse auf dem Zifferblatt und den Zeigern reflektiert, wenn sie mit UV-Licht aktiviert wird, und verblasst sofort, wenn die Lichtquelle entfernt wird.<br \/>\n&#8211; Druck: originell und gestochen scharf<br \/>\n&#8211; Das Datumsrad ist sauber<\/p>\n<p style=\"text-align: left\"><strong>GLAS<\/strong>: F\u00fcr ein klares Aussehen wurde ein nicht zyklisches Plexiglas eingebaut. Auf Wunsch kann ich gegen ein Plexiglas mit Zyklop ausgetauscht werden, wie es urspr\u00fcnglich an der Uhr angebracht war. Der Kristall ist in gutem Zustand mit nur sehr geringen Oberfl\u00e4chenfehlern<\/p>\n<p style=\"text-align: left\"><strong>L\u00dc\u200eNETE<\/strong>: original L\u00fcnette ist in sehr gutem Zustand. Das Blau zeigt ein attraktives, leichtes Fading.<\/p>\n<p style=\"text-align: left\"><strong>GEH\u00c4USE<\/strong>: 40-mm-Edelstahlgeh\u00e4use mit nur leichten Gebrauchsspuren, die dem Alter der Uhr entsprechen. Die Bandanst\u00f6\u00dfe sind knackig und das Geh\u00e4use scheint unpoliert zu sein. Die Referenz- und Seriennummern zwischen den \u00d6sen sind klar und deutlich zu erkennen.<\/p>\n<p style=\"text-align: left\"><strong>GEH\u00c4USEBODEN<\/strong>: Edelstahl Rolex signiert Geh\u00e4useboden in gutem Zustand mit Gebrauchsspuren.<\/p>\n<p style=\"text-align: left\"><strong>KRONE<\/strong>: Original Rolex signierte Triplock-Krone.<\/p>\n<p style=\"text-align: left\"><strong>UHRWERK<\/strong>: automatischer Aufzug ETA 2784 Uhrwerk in sehr gutem und voll funktionsf\u00e4higem Zustand. Die Uhr verf\u00fcgt \u00fcber eine Funktion zur schnellen Einstellung des Datums. Das Datum \u00e4ndert sich um Mitternacht. Das Uhrwerk l\u00e4uft stark und h\u00e4lt die Zeit sehr gut, was auf eine k\u00fcrzliche Wartung hindeutet.<\/p>\n<p style=\"text-align: left\"><strong>BAND<\/strong>: Hochwertiges dunkelblaues Lederband mit unsignierter Stahlschlie\u00dfe.<\/p>\n<p style=\"text-align: left\"><strong>ZUBEH\u00d6R<\/strong>: Saffiano Leder Uhrenrolle.<\/p>\n<p style=\"text-align: left\"><strong>GARANTIE<\/strong>: Wir garantieren die Echtheit der Uhr. Wir gew\u00e4hren au\u00dferdem 12 Monate Garantie auf die korrekte Funktion dieses Zeitmessers. F\u00fcr alle Garantien gelten die Allgemeinen Gesch\u00e4ftsbedingungen.<\/p>\n<p style=\"text-align: left\">Bitte z\u00f6gern Sie nicht, Fragen zu stellen, wir werden sie gerne beantworten.<\/p>\n","protected":false},"excerpt":{"rendered":"<p>Zu verkaufen <strong>Vintage Tudor Submariner Ref. 79090<\/strong> mit dem begehrten blauen Zifferblatt und L\u00fcnette. Das originale Tritium-Zifferblatt und die Zeiger weisen eine sehr sch\u00f6ne Patina auf, die dieser alten Tudor Sub viel Charme verleiht. Die Uhr ist in einem insgesamt hervorragenden Zustand und hat einen hohen Sammlerwert.<br \/>\nZifferblatt, Krone, Geh\u00e4useboden und Uhrwerk signiert. Die Uhr ist in einem sehr guten Vintage-Zustand, voll funktionsf\u00e4hig und wird mit einer 12-monatigen Garantie geliefert.<\/p>\n","protected":false},"featured_media":6870,"template":"","meta":{"om_disable_all_campaigns":false,"_monsterinsights_skip_tracking":false,"_monsterinsights_sitenote_active":false,"_monsterinsights_sitenote_note":"","_monsterinsights_sitenote_category":0},"product_brand":[],"product_cat":[71],"product_tag":[],"class_list":{"0":"post-8566","1":"product","2":"type-product","3":"status-publish","4":"has-post-thumbnail","6":"product_cat-verkaufte-uhren","8":"first","9":"instock","10":"taxable","11":"shipping-taxable","12":"purchasable","13":"product-type-simple"},"aioseo_notices":[],"_links":{"self":[{"href":"https:\/\/chrono-scope.ch\/de\/wp-json\/wp\/v2\/product\/8566","targetHints":{"allow":["GET"]}}],"collection":[{"href":"https:\/\/chrono-scope.ch\/de\/wp-json\/wp\/v2\/product"}],"about":[{"href":"https:\/\/chrono-scope.ch\/de\/wp-json\/wp\/v2\/types\/product"}],"version-history":[{"count":0,"href":"https:\/\/chrono-scope.ch\/de\/wp-json\/wp\/v2\/product\/8566\/revisions"}],"wp:featuredmedia":[{"embeddable":true,"href":"https:\/\/chrono-scope.ch\/de\/wp-json\/wp\/v2\/media\/6870"}],"wp:attachment":[{"href":"https:\/\/chrono-scope.ch\/de\/wp-json\/wp\/v2\/media?parent=8566"}],"wp:term":[{"taxonomy":"product_brand","embeddable":true,"href":"https:\/\/chrono-scope.ch\/de\/wp-json\/wp\/v2\/product_brand?post=8566"},{"taxonomy":"product_cat","embeddable":true,"href":"https:\/\/chrono-scope.ch\/de\/wp-json\/wp\/v2\/product_cat?post=8566"},{"taxonomy":"product_tag","embeddable":true,"href":"https:\/\/chrono-scope.ch\/de\/wp-json\/wp\/v2\/product_tag?post=8566"}],"curies":[{"name":"wp","href":"https:\/\/api.w.org\/{rel}","templated":true}]}}