{"id":8557,"date":"2022-12-12T12:18:34","date_gmt":"2022-12-12T12:18:34","guid":{"rendered":"https:\/\/nakyxozy.cyon.site\/product\/zenith-vintage-defy-1808-68-cassaforte-del-tempo\/"},"modified":"2023-09-08T13:27:53","modified_gmt":"2023-09-08T13:27:53","slug":"zenith-jahrgang-defy-1808-68-cassaforte-del-tempo","status":"publish","type":"product","link":"https:\/\/chrono-scope.ch\/de\/produkt\/zenith-jahrgang-defy-1808-68-cassaforte-del-tempo\/","title":{"rendered":"SOLD &#8211; Zenith Vintage Defy 1808-68 Cassaforte del Tempo"},"content":{"rendered":"<p style=\"text-align: left\"><strong>MODELL \/ REFERENZ: Zenith Defy 1808-68 &#8222;zum Patent angemeldet&#8220;<\/strong><\/p>\n<p style=\"text-align: left\"><strong>SPEZIFIKATIONEN; ZUSTANDSBERICHT;<\/strong> bitte sehen Sie sich die hochaufl\u00f6senden Bilder an, um den Zustand der Uhr zu beurteilen.<\/p>\n<p style=\"text-align: left\"><strong>ZIFFERN+ZEIGER:<\/strong><br \/>\n&#8211; Originales braunes Fum\u00e9-Zifferblatt mit applizierten Indexen und Tritium-Lumineszenzpunkten. Das Zifferblatt ist in nahezu neuwertigem Zustand und weist kaum Alterungsspuren auf.<br \/>\n&#8211; Die Tritiumpunkte auf den Indexen sind alle vorhanden und intakt<br \/>\n&#8211; Originalh\u00e4nde in sehr gutem Zustand. Die Tritiumleuchtmasse auf den Zeigern hat einen angenehmen beigen Farbton angenommen.<br \/>\nBei Aktivierung mit UV-Licht leuchten das Tritium auf dem Zifferblatt und den Zeigern kurz auf und erl\u00f6schen dann.<\/p>\n<p style=\"text-align: left\"><strong>GLAS<\/strong>: Plexiglas in gutem Zustand mit leichten Oberfl\u00e4chenkratzern<\/p>\n<p style=\"text-align: left\"><strong>GEH\u00c4USE<\/strong>: 37-mm-Edelstahlgeh\u00e4use mit deutlichen Gebrauchsspuren, die dem Alter der Uhr entsprechen.<\/p>\n<p style=\"text-align: left\"><strong>GEH\u00c4USEBODEN<\/strong>: Geh\u00e4useboden aus Edelstahl mit zentralem Zenith-Stern. Der Geh\u00e4useboden wurde in der Vergangenheit leicht poliert. Der innere Geh\u00e4useboden tr\u00e4gt die Referenznummer und den Schriftzug &#8222;Pat pending&#8220;.<\/p>\n<p style=\"text-align: left\"><strong>KRONE<\/strong>: korrekte, Zenith signierte Krone<\/p>\n<p style=\"text-align: left\"><strong>UHRWERK<\/strong>: hauseigenes Zenith-Hochfrequenzwerk 2562PC mit 23 Steinen und 28800 Halbschwingungen pro Stunde. Das Uhrwerk l\u00e4uft kr\u00e4ftig und h\u00e4lt die Zeit gut ein.<\/p>\n<p style=\"text-align: left\"><strong>BAND<\/strong>: generisches schwarzes Lederband in neuem Zustand mit Zenith-Stahlschlie\u00dfe.<\/p>\n<p style=\"text-align: left\"><strong>ZUBEH\u00d6R<\/strong>: Saffiano Leder Uhrenrolle.<\/p>\n<p style=\"text-align: left\"><strong>GARANTIE<\/strong>: Wir garantieren die Echtheit der Uhr. Wir gew\u00e4hren au\u00dferdem 12 Monate Garantie auf die korrekte Funktion dieses Zeitmessers. F\u00fcr alle Garantien gelten die Allgemeinen Gesch\u00e4ftsbedingungen<\/p>\n<p style=\"text-align: left\">Sie k\u00f6nnen alle unsere Angebote sehen, indem Sie zum Abschnitt &#8222;Verk\u00e4uferinformationen&#8220; hinunter scrollen und auf die Schaltfl\u00e4che &#8222;AKTUELLE ANGEBOTE ANSEHEN&#8220; klicken.<\/p>\n","protected":false},"excerpt":{"rendered":"<p style=\"text-align: left\">Zu verkaufen<strong> Vintage Zenith Defy 1808-68<\/strong>, auch bekannt als &#8222;cassforte del tempo&#8220;. Das Highlight dieser attraktiven Vintage-Uhr ist das originale Zifferblatt mit einem braunen &#8222;Fume&#8220; oder ger\u00e4ucherten Zifferblatt in praktisch neuwertigem Zustand und das ikonische &#8222;Cassaforte&#8220;-Geh\u00e4use. W\u00e4hrend das Zifferblatt und die Zeiger praktisch neuwertig sind und von der sehr hohen Qualit\u00e4t der Geh\u00e4usekonstruktion zeugen, weist das Geh\u00e4use selbst deutliche Gebrauchsspuren auf,<br \/>\nZifferblatt, Geh\u00e4useboden, Uhrwerk und Schlie\u00dfe. unterzeichnet. Die Uhr l\u00e4uft einwandfrei und wird mit 12 Monaten Garantie geliefert.<\/p>\n","protected":false},"featured_media":9823,"template":"","meta":{"om_disable_all_campaigns":false,"_monsterinsights_skip_tracking":false,"_monsterinsights_sitenote_active":false,"_monsterinsights_sitenote_note":"","_monsterinsights_sitenote_category":0},"product_brand":[],"product_cat":[71],"product_tag":[],"class_list":{"0":"post-8557","1":"product","2":"type-product","3":"status-publish","4":"has-post-thumbnail","6":"product_cat-verkaufte-uhren","8":"first","9":"instock","10":"taxable","11":"shipping-taxable","12":"purchasable","13":"product-type-simple"},"aioseo_notices":[],"_links":{"self":[{"href":"https:\/\/chrono-scope.ch\/de\/wp-json\/wp\/v2\/product\/8557","targetHints":{"allow":["GET"]}}],"collection":[{"href":"https:\/\/chrono-scope.ch\/de\/wp-json\/wp\/v2\/product"}],"about":[{"href":"https:\/\/chrono-scope.ch\/de\/wp-json\/wp\/v2\/types\/product"}],"version-history":[{"count":0,"href":"https:\/\/chrono-scope.ch\/de\/wp-json\/wp\/v2\/product\/8557\/revisions"}],"wp:featuredmedia":[{"embeddable":true,"href":"https:\/\/chrono-scope.ch\/de\/wp-json\/wp\/v2\/media\/9823"}],"wp:attachment":[{"href":"https:\/\/chrono-scope.ch\/de\/wp-json\/wp\/v2\/media?parent=8557"}],"wp:term":[{"taxonomy":"product_brand","embeddable":true,"href":"https:\/\/chrono-scope.ch\/de\/wp-json\/wp\/v2\/product_brand?post=8557"},{"taxonomy":"product_cat","embeddable":true,"href":"https:\/\/chrono-scope.ch\/de\/wp-json\/wp\/v2\/product_cat?post=8557"},{"taxonomy":"product_tag","embeddable":true,"href":"https:\/\/chrono-scope.ch\/de\/wp-json\/wp\/v2\/product_tag?post=8557"}],"curies":[{"name":"wp","href":"https:\/\/api.w.org\/{rel}","templated":true}]}}