{"id":8556,"date":"2022-12-12T12:21:52","date_gmt":"2022-12-12T12:21:52","guid":{"rendered":"https:\/\/nakyxozy.cyon.site\/product\/zenith-zenith-x-revolution-the-rake-chronomaster-a3818-revival-airweight-cover-girl\/"},"modified":"2023-09-29T10:19:44","modified_gmt":"2023-09-29T10:19:44","slug":"zenith-zenith-x-revolution-the-rake-chronomaster-a3818-revival-airweight-cover-girl","status":"publish","type":"product","link":"https:\/\/chrono-scope.ch\/de\/produkt\/zenith-zenith-x-revolution-the-rake-chronomaster-a3818-revival-airweight-cover-girl\/","title":{"rendered":"SOLD &#8211; Zenith Zenith x Revolution The Rake Chronomaster A3818 Revival Airweight Cover Girl"},"content":{"rendered":"<p style=\"text-align: left\"><span data-contrast=\"none\">Es ist kaum zu glauben, dass dieser Zeitmesser nur 78 Gramm wiegt! Als ob das nicht schon beeindruckend genug w\u00e4re, ist es auf nur 250 St\u00fcck weltweit limitiert und wird als komplettes Set mit einer Pr\u00e4sentationsbox und allen Papieren geliefert! Es ist brandneu und ungetragen. <\/span><\/p>\n<p style=\"text-align: left\"><span data-contrast=\"none\"><strong>GARANTIE<\/strong>: Wir garantieren die Echtheit der Uhr. Der Zeitmesser wird von der Zenith<\/span> <span data-contrast=\"none\">Garantie<\/span> <span data-contrast=\"auto\">bis 2027 abgedeckt.<\/span><\/p>\n<p style=\"text-align: left\"><span data-contrast=\"none\">Bitte z\u00f6gern Sie nicht, Fragen zu stellen, wir werden sie gerne beantworten.<\/span><\/p>\n<p style=\"text-align: left\"><span data-contrast=\"none\"><strong>Referenz<\/strong>:<\/span><span data-contrast=\"none\"> 95.A3818.400\/51.M3818<\/span><\/p>\n<p style=\"text-align: left\"><strong>Jahr der Produktion: <\/strong><span data-contrast=\"none\">2022<\/span><\/p>\n<p style=\"text-align: left\"><strong>Material des Geh\u00e4uses<\/strong><span data-contrast=\"none\"><strong>:<\/strong> Titan<\/span><\/p>\n<p style=\"text-align: left\"><strong>Geh\u00e4usegr\u00f6\u00dfe: <\/strong><span data-contrast=\"none\">37mm<\/span><\/p>\n<p style=\"text-align: left\"><span data-contrast=\"none\"><strong>Wasserdicht:<\/strong> 50m<\/span><\/p>\n<p style=\"text-align: left\"><span data-contrast=\"none\"><strong>Material der L\u00fcnette:<\/strong><\/span><span data-contrast=\"none\">Titan<\/span><\/p>\n<p style=\"text-align: left\"><span data-contrast=\"none\"><strong>Glas<\/strong>: Kratzfestes Saphirglas, das sich auch auf dem Geh\u00e4useboden befindet <\/span><\/p>\n<p style=\"text-align: left\"><strong>Uhrwerkstyp und -spezifikationen:<\/strong><span data-contrast=\"none\"> Manufaktur <\/span> <span data-contrast=\"none\">cal. El Primero, Automatik, 31 Lagersteine, 36000 vpH, 50 Stunden Gangreserve, Datumsanzeige, Chronographentimer f\u00fcr bis zu 12 Stunden<\/span><\/p>\n<p style=\"text-align: left\"><strong>Material des Armbands<\/strong><span data-contrast=\"none\"><strong>:<\/strong> Vollgliedriges Titanarmband, Faltschlie\u00dfe aus Titan und blaues Kautschukarmband in Cordura-Optik mit Dornschlie\u00dfe<\/span><\/p>\n<p style=\"text-align: left\"><span data-contrast=\"none\"><strong>Zustand:<\/strong><\/span><span data-contrast=\"none\">Neu (Brandneu, ohne jegliche Gebrauchsspuren)<\/span><\/p>\n<p style=\"text-align: left\"><span data-contrast=\"none\"><strong>Umfang der Lieferung:<\/strong> Komplettes Set mit der originalen Pr\u00e4sentationsbox, allen Dokumenten und Papieren<\/span><\/p>\n<p style=\"text-align: left\"><span data-contrast=\"none\"><strong>GARANTIE<\/strong>: Wir garantieren die Echtheit der Uhr. Der Zeitmesser wird von der Zenith<\/span> <span data-contrast=\"none\">Garantie<\/span> <span data-contrast=\"auto\">bis 2027 abgedeckt.<\/span><\/p>\n<p style=\"text-align: left\"><span data-contrast=\"none\">Bitte z\u00f6gern Sie nicht, Fragen zu stellen, wir werden sie gerne beantworten.<\/span><\/p>\n","protected":false},"excerpt":{"rendered":"<p style=\"text-align: left\">Zu verkaufen <strong>Zenith x Revolution &amp; The Rake Chronomaster A3818 Revival Airweight Cover Girl<\/strong>.<\/p>\n<p style=\"text-align: left\">Dieser seltene Zeitmesser wird als komplettes Set mit allen Boxen und Papieren geliefert. Es ist fast neu und ungetragen.<\/p>\n<p style=\"text-align: left\">GARANTIE: Wir garantieren die Echtheit der Uhr. Der Zeitmesser hat eine Herstellergarantie bis M\u00e4rz 2027.<\/p>\n<p style=\"text-align: left\">Bitte z\u00f6gern Sie nicht, Fragen zu stellen, wir werden sie gerne beantworten.<\/p>\n","protected":false},"featured_media":7068,"template":"","meta":{"om_disable_all_campaigns":false,"_monsterinsights_skip_tracking":false,"_monsterinsights_sitenote_active":false,"_monsterinsights_sitenote_note":"","_monsterinsights_sitenote_category":0},"product_brand":[],"product_cat":[71],"product_tag":[],"class_list":{"0":"post-8556","1":"product","2":"type-product","3":"status-publish","4":"has-post-thumbnail","6":"product_cat-verkaufte-uhren","8":"first","9":"instock","10":"taxable","11":"shipping-taxable","12":"purchasable","13":"product-type-simple"},"aioseo_notices":[],"_links":{"self":[{"href":"https:\/\/chrono-scope.ch\/de\/wp-json\/wp\/v2\/product\/8556","targetHints":{"allow":["GET"]}}],"collection":[{"href":"https:\/\/chrono-scope.ch\/de\/wp-json\/wp\/v2\/product"}],"about":[{"href":"https:\/\/chrono-scope.ch\/de\/wp-json\/wp\/v2\/types\/product"}],"version-history":[{"count":0,"href":"https:\/\/chrono-scope.ch\/de\/wp-json\/wp\/v2\/product\/8556\/revisions"}],"wp:featuredmedia":[{"embeddable":true,"href":"https:\/\/chrono-scope.ch\/de\/wp-json\/wp\/v2\/media\/7068"}],"wp:attachment":[{"href":"https:\/\/chrono-scope.ch\/de\/wp-json\/wp\/v2\/media?parent=8556"}],"wp:term":[{"taxonomy":"product_brand","embeddable":true,"href":"https:\/\/chrono-scope.ch\/de\/wp-json\/wp\/v2\/product_brand?post=8556"},{"taxonomy":"product_cat","embeddable":true,"href":"https:\/\/chrono-scope.ch\/de\/wp-json\/wp\/v2\/product_cat?post=8556"},{"taxonomy":"product_tag","embeddable":true,"href":"https:\/\/chrono-scope.ch\/de\/wp-json\/wp\/v2\/product_tag?post=8556"}],"curies":[{"name":"wp","href":"https:\/\/api.w.org\/{rel}","templated":true}]}}