{"id":8555,"date":"2022-12-13T14:19:42","date_gmt":"2022-12-13T14:19:42","guid":{"rendered":"https:\/\/nakyxozy.cyon.site\/product\/omega-seamaster-aqua-terra-co-axial-ryder-cup-full-set\/"},"modified":"2023-11-28T10:40:23","modified_gmt":"2023-11-28T10:40:23","slug":"omega-seamaster-aqua-terra-co-axial-ryder-cup-full-set","status":"publish","type":"product","link":"https:\/\/chrono-scope.ch\/de\/produkt\/omega-seamaster-aqua-terra-co-axial-ryder-cup-full-set\/","title":{"rendered":"SOLD &#8211; Omega Seamaster Aqua Terra Co-Axial Ryder Cup FULL SET"},"content":{"rendered":"","protected":false},"excerpt":{"rendered":"<p style=\"text-align: left\">Zum Verkauf steht eine <strong>Seamaster Aqua Terra Co-Axial Ryder Cup<\/strong>. Die Uhr ist gebraucht in gutem Zustand und kommt als komplettes Set mit allen Boxen und Papieren.<br \/>\nBitte z\u00f6gern Sie nicht, Fragen zu stellen, wir werden sie gerne beantworten. Eine virtuelle und pers\u00f6nliche Besichtigung ist nach Vereinbarung m\u00f6glich.<br \/>\nDieser klassische und zugleich robuste Zeitmesser ist eine Hommage an das reiche maritime Erbe von OMEGA sowie an seine Rolle als offizieller Zeitnehmer des Ryder Cup 2012. Diese OMEGA Seamaster Aqua Terra 150M &#8222;Captain&#8217;s Watch&#8220; verf\u00fcgt \u00fcber ein silberfarbenes Zifferblatt mit dem Teak Concept-Muster und ein Datumsfenster auf der 3-Uhr-Position.<br \/>\nEin kratzfestes Saphirglas sch\u00fctzt dieses einzigartige Zifferblatt. Die L\u00fcnette ist auf einem 41,5-mm-Edelstahlgeh\u00e4use an einem Edelstahlarmband montiert. Dieser zertifizierte Chronometer wird von dem OMEGA Co-Axial Kaliber 8500 angetrieben.<br \/>\nGARANTIE: Wir garantieren die Echtheit der Uhr. Die Uhr ist voll funktionsf\u00e4hig und wird mit 12 Monaten Garantie geliefert.<br \/>\nEine virtuelle und pers\u00f6nliche Besichtigung ist nach Vereinbarung m\u00f6glich. Bitte z\u00f6gern Sie nicht, Fragen zu stellen, wir werden sie gerne beantworten.<\/p>\n","protected":false},"featured_media":10723,"template":"","meta":{"om_disable_all_campaigns":false,"_monsterinsights_skip_tracking":false,"_monsterinsights_sitenote_active":false,"_monsterinsights_sitenote_note":"","_monsterinsights_sitenote_category":0},"product_brand":[],"product_cat":[71],"product_tag":[],"class_list":{"0":"post-8555","1":"product","2":"type-product","3":"status-publish","4":"has-post-thumbnail","6":"product_cat-verkaufte-uhren","8":"first","9":"instock","10":"taxable","11":"shipping-taxable","12":"purchasable","13":"product-type-simple"},"aioseo_notices":[],"_links":{"self":[{"href":"https:\/\/chrono-scope.ch\/de\/wp-json\/wp\/v2\/product\/8555","targetHints":{"allow":["GET"]}}],"collection":[{"href":"https:\/\/chrono-scope.ch\/de\/wp-json\/wp\/v2\/product"}],"about":[{"href":"https:\/\/chrono-scope.ch\/de\/wp-json\/wp\/v2\/types\/product"}],"version-history":[{"count":0,"href":"https:\/\/chrono-scope.ch\/de\/wp-json\/wp\/v2\/product\/8555\/revisions"}],"wp:featuredmedia":[{"embeddable":true,"href":"https:\/\/chrono-scope.ch\/de\/wp-json\/wp\/v2\/media\/10723"}],"wp:attachment":[{"href":"https:\/\/chrono-scope.ch\/de\/wp-json\/wp\/v2\/media?parent=8555"}],"wp:term":[{"taxonomy":"product_brand","embeddable":true,"href":"https:\/\/chrono-scope.ch\/de\/wp-json\/wp\/v2\/product_brand?post=8555"},{"taxonomy":"product_cat","embeddable":true,"href":"https:\/\/chrono-scope.ch\/de\/wp-json\/wp\/v2\/product_cat?post=8555"},{"taxonomy":"product_tag","embeddable":true,"href":"https:\/\/chrono-scope.ch\/de\/wp-json\/wp\/v2\/product_tag?post=8555"}],"curies":[{"name":"wp","href":"https:\/\/api.w.org\/{rel}","templated":true}]}}