{"id":8525,"date":"2022-12-21T12:29:29","date_gmt":"2022-12-21T12:29:29","guid":{"rendered":"https:\/\/nakyxozy.cyon.site\/product\/lemania-cal-5012-fc-vallee-de-joux\/"},"modified":"2026-01-29T15:10:38","modified_gmt":"2026-01-29T15:10:38","slug":"lemania-cal-5012-fc-vallee-de-joux","status":"publish","type":"product","link":"https:\/\/chrono-scope.ch\/de\/produkt\/lemania-cal-5012-fc-vallee-de-joux\/","title":{"rendered":"RESERVED &#8211; Lemania Cal. 5012 &#8222;FC Vallee de Joux&#8220;"},"content":{"rendered":"<p style=\"text-align: left\"><strong>MODELL \/ REFERENZ: Lemania Cal. 5012 Chronograph, Ref. 11003<\/strong><\/p>\n<p style=\"text-align: left\"><strong>SPEZIFIKATIONEN; ZUSTANDSBERICHT;<\/strong> bitte sehen Sie sich die hochaufl\u00f6senden Bilder an, um den Zustand der Uhr zu beurteilen.<\/p>\n<p style=\"text-align: left\"><strong>ZIFFERBLATT+ZEIGER:<\/strong><br \/>\n&#8211; blaues Zifferblatt in nahezu neuwertigem Zustand, signiert &#8222;FC VALLEE de Joux 1918 -1993&#8220;<br \/>\n&#8211; Druck: original und gestochen scharf<br \/>\n&#8211; Die Tages- und Datumsr\u00e4der sind sauber<br \/>\n&#8211; Leuchtmasse: Die Tritium-Lumines sind alle vorhanden und intakt und weisen eine gleichm\u00e4\u00dfige Patina auf. Bei Aktivierung mit UV-Licht leuchten die Leuchtmasse auf dem Ziffern und den Zeigern kurz auf und erl\u00f6schen dann.<br \/>\nZEIGER: Die Tritiumleuchtmasse auf den Stunden- und Minutenzeigern ist gealtert. Bitte sehen Sie sich die Bilder an<\/p>\n<p style=\"text-align: left\"><strong>GLAS<\/strong>: Plexiglas mit Oberfl\u00e4chenmarkierungen am \u00e4u\u00dferen Rand des Kristalls<\/p>\n<p style=\"text-align: left\"><strong>GEH\u00c4USE<\/strong>: 40 x 43 mm Edelstahlgeh\u00e4use mit Gebrauchsspuren, die dem Alter der Uhr entsprechen. Das Geh\u00e4use beh\u00e4lt den urspr\u00fcnglichen Fabrikfinish.<\/p>\n<p style=\"text-align: left\"><strong>GEH\u00c4USEBODEN<\/strong>: Edelstahl signiert Geh\u00e4useboden in sehr gutem Zustand mit wenigen Gebrauchsspuren. Der Geh\u00e4useboden erscheint unpoliert und tr\u00e4gt die Gravur &#8222;F.C.V.J&#8220; und &#8222;087&#8220;.<\/p>\n<p style=\"text-align: left\"><strong>KRONE &amp; DR\u00dcCKER:<\/strong> original unsignierte Krone und Dr\u00fccker.<\/p>\n<p style=\"text-align: left\"><strong>UHRWERK<\/strong>: Automatisches Lemania Cal. 5012 Uhrwerk in gutem und voll funktionsf\u00e4higem Zustand. Das Datum \u00e4ndert sich um Mitternacht. Das Uhrwerk wurde vollst\u00e4ndig gewartet, l\u00e4uft gut und h\u00e4lt die Zeit f\u00fcr eine Vintage-Uhr gut.<\/p>\n<p style=\"text-align: left\"><strong>BAND<\/strong>: New Old Stock Stahlarmband aus den 1970er Jahren, made in Germany<\/p>\n<p style=\"text-align: left\"><strong>ZUBEH\u00d6R<\/strong>: Uhrenrolle aus Saffiano-Leder.<\/p>\n<p style=\"text-align: left\"><strong>GARANTIE<\/strong>: Wir garantieren die Echtheit der Uhr. Wir gew\u00e4hren au\u00dferdem 12 Monate Garantie auf die korrekte Funktion dieses Zeitmessers. F\u00fcr alle Garantien gelten die Allgemeinen Gesch\u00e4ftsbedingungen.<\/p>\n<p style=\"text-align: left\">Bitte z\u00f6gern Sie nicht, Fragen zu stellen, wir werden sie gerne beantworten. Virtuelle oder pers\u00f6nliche Besichtigungen nach Vereinbarung.<\/p>\n","protected":false},"excerpt":{"rendered":"<p style=\"text-align: left\">Zu verkaufen <strong>Vintage Lemania Cal. 5012 Chronograph &#8222;FC VALLE de JOUX&#8220;, Ref. 11003<\/strong>, herausgegeben anl\u00e4sslich des 75-j\u00e4hrigen Bestehens des FC VALLEE de JOUX im Jahr 1993. Das Highlight dieser seltenen Vintage-Uhr ist das blaue Zifferblatt mit FC in neuwertigem Zustand Valle de Joux Signatur und das Lemania Kal. 5012 Uhrwerk.<br \/>\nZifferblatt und Uhrwerk signiert. Die Uhr wurde gerade gewartet, l\u00e4uft kr\u00e4ftig und pr\u00e4zise und wird mit einer 12-monatigen Garantie geliefert.<\/p>\n","protected":false},"featured_media":27213,"template":"","meta":{"om_disable_all_campaigns":false,"_monsterinsights_skip_tracking":false,"_monsterinsights_sitenote_active":false,"_monsterinsights_sitenote_note":"","_monsterinsights_sitenote_category":0},"product_brand":[],"product_cat":[67,71,74],"product_tag":[],"class_list":{"0":"post-8525","1":"product","2":"type-product","3":"status-publish","4":"has-post-thumbnail","6":"product_cat-lemania-lemania-movements","7":"product_cat-verkaufte-uhren","8":"product_cat-vintage-de","10":"first","11":"instock","12":"taxable","13":"shipping-taxable","14":"purchasable","15":"product-type-simple"},"aioseo_notices":[],"_links":{"self":[{"href":"https:\/\/chrono-scope.ch\/de\/wp-json\/wp\/v2\/product\/8525","targetHints":{"allow":["GET"]}}],"collection":[{"href":"https:\/\/chrono-scope.ch\/de\/wp-json\/wp\/v2\/product"}],"about":[{"href":"https:\/\/chrono-scope.ch\/de\/wp-json\/wp\/v2\/types\/product"}],"version-history":[{"count":4,"href":"https:\/\/chrono-scope.ch\/de\/wp-json\/wp\/v2\/product\/8525\/revisions"}],"predecessor-version":[{"id":35476,"href":"https:\/\/chrono-scope.ch\/de\/wp-json\/wp\/v2\/product\/8525\/revisions\/35476"}],"wp:featuredmedia":[{"embeddable":true,"href":"https:\/\/chrono-scope.ch\/de\/wp-json\/wp\/v2\/media\/27213"}],"wp:attachment":[{"href":"https:\/\/chrono-scope.ch\/de\/wp-json\/wp\/v2\/media?parent=8525"}],"wp:term":[{"taxonomy":"product_brand","embeddable":true,"href":"https:\/\/chrono-scope.ch\/de\/wp-json\/wp\/v2\/product_brand?post=8525"},{"taxonomy":"product_cat","embeddable":true,"href":"https:\/\/chrono-scope.ch\/de\/wp-json\/wp\/v2\/product_cat?post=8525"},{"taxonomy":"product_tag","embeddable":true,"href":"https:\/\/chrono-scope.ch\/de\/wp-json\/wp\/v2\/product_tag?post=8525"}],"curies":[{"name":"wp","href":"https:\/\/api.w.org\/{rel}","templated":true}]}}