{"id":8523,"date":"2023-01-17T12:49:43","date_gmt":"2023-01-17T12:49:43","guid":{"rendered":"https:\/\/nakyxozy.cyon.site\/product\/jaeger-lecoultre-geophysic-universal-time-totschlagsekunde\/"},"modified":"2025-03-10T10:50:22","modified_gmt":"2025-03-10T10:50:22","slug":"jaeger-lecoultre-geophysic-universal-time-dead-beat-seconds","status":"publish","type":"product","link":"https:\/\/chrono-scope.ch\/de\/produkt\/jaeger-lecoultre-geophysic-universal-time-dead-beat-seconds\/","title":{"rendered":"Jaeger-LeCoultre Geophysic Universal Time dead beat seconds"},"content":{"rendered":"<p style=\"text-align: left\"><strong>Referenz<\/strong>: Q8408420<\/p>\n<p style=\"text-align: left\"><strong>Produktionsjahr:<\/strong> 2019 (ca.)<\/p>\n<p style=\"text-align: left\"><strong>Geh\u00e4usematerial:<\/strong> Stahl<\/p>\n<p style=\"text-align: left\"><strong>Geh\u00e4usegr\u00f6\u00dfe:<\/strong> 41,6 mm<\/p>\n<p style=\"text-align: left\"><strong>Wasserdicht:<\/strong> 5 ATM<\/p>\n<p style=\"text-align: left\"><strong>Material L\u00fcnette:<\/strong> Stahl<\/p>\n<p style=\"text-align: left\"><strong>Glas:<\/strong> Saphirkristall<\/p>\n<p style=\"text-align: left\"><strong>Typ und Spezifikationen des Uhrwerks:<\/strong> Cal. 772, 36 Steine, Automatikwerk mit Rotor aus 18 k Gold<\/p>\n<p style=\"text-align: left\"><strong>Material des Armbands:<\/strong> Leder<br \/>\nGr\u00f6\u00dfe des Armbands: <strong>Volle Gr\u00f6\u00dfe <\/strong><\/p>\n<p style=\"text-align: left\"><strong>Zustand:<\/strong> Gebraucht in sehr gutem Zustand, ein paar Mal vorsichtig getragen,<br \/>\nUmfang der Lieferung: Komplettes Set mit Innen- und Au\u00dfenkarton, Garantiekarte und Handb\u00fcchern<\/p>\n<p style=\"text-align: left\"><strong>GARANTIE<\/strong>: Wir garantieren die Echtheit der Uhr. 12 Monate Garantie auf die einwandfreie Funktion des Zeitmessers.<\/p>\n<p style=\"text-align: left\">Eine virtuelle und pers\u00f6nliche Besichtigung ist nach Vereinbarung m\u00f6glich.<br \/>\nBitte z\u00f6gern Sie nicht, Fragen zu stellen, wir werden sie gerne beantworten.<\/p>\n","protected":false},"excerpt":{"rendered":"<p style=\"text-align: left\">Zu verkaufen ist <strong>Geophysic Universal Time dead beat<\/strong> seconds, (seconde morte) full set aus dem Jahr 2019. Die Uhr wurde ein paar Mal vorsichtig getragen und ist in ausgezeichnetem Zustand. Dieser Zeitmesser wird als komplettes Set mit allen Schachteln und Papieren geliefert.<br \/>\nGARANTIE: Wir garantieren die Echtheit der Uhr. Wir gew\u00e4hren au\u00dferdem eine 12-monatige Garantie.<br \/>\nBitte z\u00f6gern Sie nicht, Fragen zu stellen, wir werden sie gerne beantworten. Eine virtuelle und pers\u00f6nliche Besichtigung ist nach Vereinbarung m\u00f6glich.<\/p>\n","protected":false},"featured_media":28755,"template":"","meta":{"om_disable_all_campaigns":false,"_monsterinsights_skip_tracking":false,"_monsterinsights_sitenote_active":false,"_monsterinsights_sitenote_note":"","_monsterinsights_sitenote_category":0},"product_brand":[],"product_cat":[59,60,111],"product_tag":[],"class_list":{"0":"post-8523","1":"product","2":"type-product","3":"status-publish","4":"has-post-thumbnail","6":"product_cat-contemporary-de","7":"product_cat-featured-de","8":"product_cat-jlc-de","10":"first","11":"instock","12":"taxable","13":"shipping-taxable","14":"purchasable","15":"product-type-simple"},"aioseo_notices":[],"_links":{"self":[{"href":"https:\/\/chrono-scope.ch\/de\/wp-json\/wp\/v2\/product\/8523","targetHints":{"allow":["GET"]}}],"collection":[{"href":"https:\/\/chrono-scope.ch\/de\/wp-json\/wp\/v2\/product"}],"about":[{"href":"https:\/\/chrono-scope.ch\/de\/wp-json\/wp\/v2\/types\/product"}],"version-history":[{"count":2,"href":"https:\/\/chrono-scope.ch\/de\/wp-json\/wp\/v2\/product\/8523\/revisions"}],"predecessor-version":[{"id":24491,"href":"https:\/\/chrono-scope.ch\/de\/wp-json\/wp\/v2\/product\/8523\/revisions\/24491"}],"wp:featuredmedia":[{"embeddable":true,"href":"https:\/\/chrono-scope.ch\/de\/wp-json\/wp\/v2\/media\/28755"}],"wp:attachment":[{"href":"https:\/\/chrono-scope.ch\/de\/wp-json\/wp\/v2\/media?parent=8523"}],"wp:term":[{"taxonomy":"product_brand","embeddable":true,"href":"https:\/\/chrono-scope.ch\/de\/wp-json\/wp\/v2\/product_brand?post=8523"},{"taxonomy":"product_cat","embeddable":true,"href":"https:\/\/chrono-scope.ch\/de\/wp-json\/wp\/v2\/product_cat?post=8523"},{"taxonomy":"product_tag","embeddable":true,"href":"https:\/\/chrono-scope.ch\/de\/wp-json\/wp\/v2\/product_tag?post=8523"}],"curies":[{"name":"wp","href":"https:\/\/api.w.org\/{rel}","templated":true}]}}