{"id":8519,"date":"2023-03-28T11:38:41","date_gmt":"2023-03-28T11:38:41","guid":{"rendered":"https:\/\/nakyxozy.cyon.site\/product\/porsche-design-vintage-orfina-7176s-3h-military-chronograph\/"},"modified":"2024-09-23T13:11:35","modified_gmt":"2024-09-23T13:11:35","slug":"porsche-design-alter-orfina-7176s-3h-militar-chronograph","status":"publish","type":"product","link":"https:\/\/chrono-scope.ch\/de\/produkt\/porsche-design-alter-orfina-7176s-3h-militar-chronograph\/","title":{"rendered":"SOLD &#8211; Porsche Design Vintage Orfina 7176S 3H Military Chronograph"},"content":{"rendered":"<p style=\"text-align: left\"><strong>MODELL \/ REFERENZ:<\/strong> Porsche Design Orfina Milit\u00e4rchronograph Ref. 7176S. Die Seriennummer des Geh\u00e4uses lautet 48251.<\/p>\n<p style=\"text-align: left\"><strong>ZIFFERN+ ZEIGER:<\/strong> Das weitl\u00e4ufige, mattschwarze Zifferblatt mit farbigen Akzenten ist gut lesbar und in hervorragendem Zustand und weist nur einige Altersspuren auf. Der Druck im milit\u00e4rischen Stil ist gestochen scharf und vollst\u00e4ndig, bis hin zu den \u00e4u\u00dferen Minuten- und 1\/5-Sekunden-Einteilungen.<br \/>\nDie drei Hilfszifferbl\u00e4tter f\u00fcr die 24-Stunden-Anzeige bei 12, die konstante Sekunde bei 9 und das 12-Stunden-Register bei 6 sind alle sauber.<br \/>\nDie \u00d6ffnungen f\u00fcr die deutsche Beschriftung von Tag und Datum bei 3 Uhr sind sauber und klar, ebenso wie die interne Tachymeterskala.<br \/>\nDie aufgemalten Leuchtindizes sind altersbedingt nachgedunkelt und zeigen bei UV-Lichtkontrolle keine Beeintr\u00e4chtigung.<\/p>\n<p>Das Original verf\u00fcgt \u00fcber geschw\u00e4rzte Stabzeiger mit Leuchtspitzen, die farblich auf die Leuchtstreifen der Indexe abgestimmt sind.<br \/>\nDer gro\u00dfe orangefarbene zentrale Sekundenzeiger und der Minutenz\u00e4hler mit dem orangefarbenen, flachen Zeiger sind beide schwarz und verblasst orange, was das Ablesen erleichtert.<\/p>\n<p style=\"text-align: left\"><strong>GLAS<\/strong>: Das Mineralglas ist passend zur Uhr. Es wurde ersetzt und ist ohne Kratzer<\/p>\n<p style=\"text-align: left\"><strong>GEH\u00c4USE<\/strong>: Das zweiteilige Edelstahlgeh\u00e4use misst 40 mm im Durchmesser und 45 mm von Ansatz zu Ansatz. Es ist in einem insgesamt ehrlichen Zustand, mit einer perlgestrahlten Antireflexionsschicht, die Oberfl\u00e4che weist einige Gebrauchsspuren auf.<\/p>\n<p style=\"text-align: left\"><strong>GEH\u00c4USEBODEN<\/strong>: Der verschraubte 6-Kerben-Edelstahlboden ist gut erhalten und scheint seine urspr\u00fcngliche Oberfl\u00e4che zu behalten. Die Oberfl\u00e4che weist vollst\u00e4ndig intakte Gravuren und Gebrauchsspuren auf.<br \/>\nDie Innenseite ist sauber und mit dem Text &#8222;ORFINA WATCH LTD&#8220; signiert.<\/p>\n<p style=\"text-align: left\"><strong>UHRWERK<\/strong>: Im Inneren tickt das bew\u00e4hrte Lemania-Kaliber 5100, ein rhodiniertes Automatikwerk mit 17 Steinen, einem ganzfl\u00e4chigen Aufzugsrotor, einer Datumsschnellverstellung und einer hackenden Sekunde.<br \/>\nDas Uhrwerk wurde von unseren Uhrmachern \u00fcberpr\u00fcft, es l\u00e4uft gut, h\u00e4lt die Zeit und alle Funktionen funktionieren wie vorgesehen.<\/p>\n<p style=\"text-align: left\"><strong>KRONEN+DR\u00dcCKER:<\/strong> Die verschraubte Krone passt zur Uhr, obwohl sie unsigniert ist, und funktioniert wie sie soll.<br \/>\nDie Pumpendr\u00fccker sind in gutem Zustand und funktionieren einwandfrei, vom Starten und Stoppen bis zum Zur\u00fccksetzen auf Null ohne Probleme.<\/p>\n<p style=\"text-align: left\"><strong>BAND<\/strong>: Die Uhr wird mit einem 20mm Echtlederarmband mit unsignierter Dornschlie\u00dfe geliefert.<\/p>\n<p><strong>ZUBEH\u00d6R<\/strong>: Saffiano Leder Uhrenrolle.<\/p>\n<p style=\"text-align: left\"><strong>GARANTIE<\/strong>: Wir garantieren die Echtheit der Uhr. Wir gew\u00e4hren au\u00dferdem 12 Monate Garantie auf die korrekte Funktion dieses Zeitmessers. F\u00fcr alle Garantien gelten die Allgemeinen Gesch\u00e4ftsbedingungen.<\/p>\n<p style=\"text-align: left\">Bitte z\u00f6gern Sie nicht, Fragen zu stellen, wir werden sie gerne beantworten. Eine virtuelle oder pers\u00f6nliche Besichtigung ist nach Vereinbarung m\u00f6glich.<\/p>\n","protected":false},"excerpt":{"rendered":"<p style=\"text-align: left\">Zu verkaufen <strong>Porsche Design Orfina Military<\/strong> Chronograph Referenz 7176 S.<\/p>\n<p style=\"text-align: left\">Bitte lesen Sie den Zustandsbericht sorgf\u00e4ltig durch und betrachten Sie die hochaufl\u00f6senden Bilder, um den Gesamtzustand der Uhr zu beurteilen.<\/p>\n","protected":false},"featured_media":8463,"template":"","meta":{"om_disable_all_campaigns":false,"_monsterinsights_skip_tracking":false,"_monsterinsights_sitenote_active":false,"_monsterinsights_sitenote_note":"","_monsterinsights_sitenote_category":0},"product_brand":[],"product_cat":[71],"product_tag":[],"class_list":{"0":"post-8519","1":"product","2":"type-product","3":"status-publish","4":"has-post-thumbnail","6":"product_cat-verkaufte-uhren","8":"first","9":"instock","10":"taxable","11":"shipping-taxable","12":"purchasable","13":"product-type-simple"},"aioseo_notices":[],"_links":{"self":[{"href":"https:\/\/chrono-scope.ch\/de\/wp-json\/wp\/v2\/product\/8519","targetHints":{"allow":["GET"]}}],"collection":[{"href":"https:\/\/chrono-scope.ch\/de\/wp-json\/wp\/v2\/product"}],"about":[{"href":"https:\/\/chrono-scope.ch\/de\/wp-json\/wp\/v2\/types\/product"}],"version-history":[{"count":1,"href":"https:\/\/chrono-scope.ch\/de\/wp-json\/wp\/v2\/product\/8519\/revisions"}],"predecessor-version":[{"id":19183,"href":"https:\/\/chrono-scope.ch\/de\/wp-json\/wp\/v2\/product\/8519\/revisions\/19183"}],"wp:featuredmedia":[{"embeddable":true,"href":"https:\/\/chrono-scope.ch\/de\/wp-json\/wp\/v2\/media\/8463"}],"wp:attachment":[{"href":"https:\/\/chrono-scope.ch\/de\/wp-json\/wp\/v2\/media?parent=8519"}],"wp:term":[{"taxonomy":"product_brand","embeddable":true,"href":"https:\/\/chrono-scope.ch\/de\/wp-json\/wp\/v2\/product_brand?post=8519"},{"taxonomy":"product_cat","embeddable":true,"href":"https:\/\/chrono-scope.ch\/de\/wp-json\/wp\/v2\/product_cat?post=8519"},{"taxonomy":"product_tag","embeddable":true,"href":"https:\/\/chrono-scope.ch\/de\/wp-json\/wp\/v2\/product_tag?post=8519"}],"curies":[{"name":"wp","href":"https:\/\/api.w.org\/{rel}","templated":true}]}}