{"id":8143,"date":"2023-03-02T14:06:55","date_gmt":"2023-03-02T14:06:55","guid":{"rendered":"https:\/\/nakyxozy.cyon.site\/product\/zenith-el-primero-chronomaster-vollkalender-chronograph-kal-410-full-set\/"},"modified":"2023-10-25T10:46:22","modified_gmt":"2023-10-25T10:46:22","slug":"zenith-el-primero-chronomaster-voll-kalender-chronograph-cal-410-voll-set","status":"publish","type":"product","link":"https:\/\/chrono-scope.ch\/de\/produkt\/zenith-el-primero-chronomaster-voll-kalender-chronograph-cal-410-voll-set\/","title":{"rendered":"SOLD &#8211; Zenith El Primero Chronomaster Vollkalender Chronograph Kal. 410 FULLER SATZ"},"content":{"rendered":"<p style=\"text-align: left\"><strong>MODELL \/ REFERENZ:<\/strong> Zenith Chronomaster Cal. 410, Ref. 02.0240.410<\/p>\n<p style=\"text-align: left\"><strong>ZUSTANDSBERICHT<\/strong>_ Bitte sehen Sie sich die hochaufl\u00f6senden, unver\u00e4nderten Bilder an, um den Zustand des Zeitmessers zu beurteilen.<br \/>\n&#8211; Ziffern und Zeiger sind in einwandfreiem und neuwertigem Zustand. Das Datum, der Tag und die Monate sind sauber. Alle Drucke sind gestochen scharf.<br \/>\n&#8211; Das Saphirglas in sehr gutem Zustand<br \/>\n&#8211; Das Geh\u00e4use ist in sehr gutem Zustand mit nur geringen Gebrauchsspuren<br \/>\n&#8211; Das El Primero Cal. 410 Uhrwerk l\u00e4uft stark und pr\u00e4zise. Der Chronograph startet, stoppt und stellt sich korrekt auf Null zur\u00fcck. Der Tag und das Datum werden korrekt angezeigt.<br \/>\n&#8211; Die Uhr wird mit einem schwarzen Alligatorlederarmband in gebrauchtem Zustand und einer Faltschlie\u00dfe aus Edelstahl geliefert. Armband und Schlie\u00dfe sind von Zenith signiert.<br \/>\n&#8211; Ziffern, Krone, Geh\u00e4use, Uhrwerk und Armband signiert Zenith.<\/p>\n<p style=\"text-align: left\"><strong>ZUBEH\u00d6R<\/strong>: Original-Garantie und Handb\u00fccher, Chronometer-Zertifikat, Innen- und Au\u00dfenbox<\/p>\n<p style=\"text-align: left\"><strong>GARANTIE:<\/strong><br \/>\nWir garantieren die Echtheit der Uhr. Wir gew\u00e4hren au\u00dferdem 12 Monate Garantie auf die korrekte Funktion dieses Zeitmessers. F\u00fcr alle Garantien gelten die Allgemeinen Gesch\u00e4ftsbedingungen.<\/p>\n<p style=\"text-align: left\">Eine pers\u00f6nliche oder virtuelle Besichtigung ist auf Anfrage m\u00f6glich.<\/p>\n","protected":false},"excerpt":{"rendered":"<p>Zu verkaufen <strong>Zenith Chronomaster Vollkalender Chronograph Cal. 410 FULL SET<\/strong>. Es ist in nahezu neuwertigem Zustand und kommt mit allem, was zum Zeitpunkt des Kaufs enthalten war. Die Uhr wurde am 15. Oktober 2001 in Interlaken in der Schweiz verkauft.<br \/>\nDiese Chronomaster stammt direkt von ihrem Erstbesitzer, einem Schweizer Gentleman, der sie vor 4 Jahren in der Zenith-Fabrik f\u00fcr \u00fcber 2300 Schweizer Franken komplett \u00fcberholen lie\u00df.<br \/>\nDie Zenith Chronomaster l\u00e4uft stark und pr\u00e4zise. Alle Funktionen funktionieren einwandfrei, und die Uhr wird mit einer 12-monatigen Garantie geliefert.<\/p>\n","protected":false},"featured_media":8069,"template":"","meta":{"om_disable_all_campaigns":false,"_monsterinsights_skip_tracking":false,"_monsterinsights_sitenote_active":false,"_monsterinsights_sitenote_note":"","_monsterinsights_sitenote_category":0},"product_brand":[],"product_cat":[71],"product_tag":[],"class_list":{"0":"post-8143","1":"product","2":"type-product","3":"status-publish","4":"has-post-thumbnail","6":"product_cat-verkaufte-uhren","8":"first","9":"instock","10":"taxable","11":"shipping-taxable","12":"purchasable","13":"product-type-simple"},"aioseo_notices":[],"_links":{"self":[{"href":"https:\/\/chrono-scope.ch\/de\/wp-json\/wp\/v2\/product\/8143","targetHints":{"allow":["GET"]}}],"collection":[{"href":"https:\/\/chrono-scope.ch\/de\/wp-json\/wp\/v2\/product"}],"about":[{"href":"https:\/\/chrono-scope.ch\/de\/wp-json\/wp\/v2\/types\/product"}],"version-history":[{"count":0,"href":"https:\/\/chrono-scope.ch\/de\/wp-json\/wp\/v2\/product\/8143\/revisions"}],"wp:featuredmedia":[{"embeddable":true,"href":"https:\/\/chrono-scope.ch\/de\/wp-json\/wp\/v2\/media\/8069"}],"wp:attachment":[{"href":"https:\/\/chrono-scope.ch\/de\/wp-json\/wp\/v2\/media?parent=8143"}],"wp:term":[{"taxonomy":"product_brand","embeddable":true,"href":"https:\/\/chrono-scope.ch\/de\/wp-json\/wp\/v2\/product_brand?post=8143"},{"taxonomy":"product_cat","embeddable":true,"href":"https:\/\/chrono-scope.ch\/de\/wp-json\/wp\/v2\/product_cat?post=8143"},{"taxonomy":"product_tag","embeddable":true,"href":"https:\/\/chrono-scope.ch\/de\/wp-json\/wp\/v2\/product_tag?post=8143"}],"curies":[{"name":"wp","href":"https:\/\/api.w.org\/{rel}","templated":true}]}}