{"id":7539,"date":"2022-11-22T14:09:57","date_gmt":"2022-11-22T14:09:57","guid":{"rendered":"https:\/\/nakyxozy.cyon.site\/product\/breitling-navitimer-42mm\/"},"modified":"2024-09-11T09:57:21","modified_gmt":"2024-09-11T09:57:21","slug":"breitling-navitimer-42mm","status":"publish","type":"product","link":"https:\/\/chrono-scope.ch\/de\/produkt\/breitling-navitimer-42mm\/","title":{"rendered":"SOLD &#8211; Breitling Navitimer 42mm"},"content":{"rendered":"<p style=\"text-align: left\">Dies ist die Nummer 44 von nur 307 St\u00fcck!<\/p>\n<p style=\"text-align: left\">Dieses pr\u00e4chtige Exemplar ist wie neu, kaum getragen und wird mit einem neuen, ungetragenen originalen Breitling-Lederband in Schwarz mit einer originalen Breitling-Schlie\u00dfe geliefert.<\/p>\n<p style=\"text-align: left\">Achtung! Wichtig: Das abgebildete Stahlarmband ist nicht im Preis inbegriffen&#8230;kann aber gegen Aufpreis zus\u00e4tzlich erworben werden.<\/p>\n<p style=\"text-align: left\">Die Uhr wurde Ende 2019 komplett \u00fcberarbeitet.<\/p>\n<p style=\"text-align: left\">Vollst\u00e4ndiger Satz mit Originalverpackung und Originalpapieren.<\/p>\n<p style=\"text-align: left\">Die limitierte Serie AIR 04 wurde 2004 f\u00fcr die Flugschau in Payerne, die gr\u00f6sste Milit\u00e4rflugschau der Schweiz, produziert.<\/p>\n","protected":false},"excerpt":{"rendered":"<p style=\"text-align: left\">Zu verkaufen<strong data-v-24eacde7=\"\"> Breitling Navitimer 42mm (AIR 04) Limited Edition (50 Jahre).<\/strong><\/p>\n<p style=\"text-align: left\">Sonderausgabe der 50. Jubil\u00e4umsversion der Navitimer, die nur w\u00e4hrend der nationalen Flugschau AIR 04 verkauft wurde! limitierte Auflage!<\/p>\n","protected":false},"featured_media":5141,"template":"","meta":{"om_disable_all_campaigns":false,"_monsterinsights_skip_tracking":false,"_monsterinsights_sitenote_active":false,"_monsterinsights_sitenote_note":"","_monsterinsights_sitenote_category":0},"product_brand":[],"product_cat":[71],"product_tag":[],"class_list":{"0":"post-7539","1":"product","2":"type-product","3":"status-publish","4":"has-post-thumbnail","6":"product_cat-verkaufte-uhren","8":"first","9":"instock","10":"taxable","11":"shipping-taxable","12":"purchasable","13":"product-type-simple"},"aioseo_notices":[],"_links":{"self":[{"href":"https:\/\/chrono-scope.ch\/de\/wp-json\/wp\/v2\/product\/7539","targetHints":{"allow":["GET"]}}],"collection":[{"href":"https:\/\/chrono-scope.ch\/de\/wp-json\/wp\/v2\/product"}],"about":[{"href":"https:\/\/chrono-scope.ch\/de\/wp-json\/wp\/v2\/types\/product"}],"version-history":[{"count":1,"href":"https:\/\/chrono-scope.ch\/de\/wp-json\/wp\/v2\/product\/7539\/revisions"}],"predecessor-version":[{"id":18891,"href":"https:\/\/chrono-scope.ch\/de\/wp-json\/wp\/v2\/product\/7539\/revisions\/18891"}],"wp:featuredmedia":[{"embeddable":true,"href":"https:\/\/chrono-scope.ch\/de\/wp-json\/wp\/v2\/media\/5141"}],"wp:attachment":[{"href":"https:\/\/chrono-scope.ch\/de\/wp-json\/wp\/v2\/media?parent=7539"}],"wp:term":[{"taxonomy":"product_brand","embeddable":true,"href":"https:\/\/chrono-scope.ch\/de\/wp-json\/wp\/v2\/product_brand?post=7539"},{"taxonomy":"product_cat","embeddable":true,"href":"https:\/\/chrono-scope.ch\/de\/wp-json\/wp\/v2\/product_cat?post=7539"},{"taxonomy":"product_tag","embeddable":true,"href":"https:\/\/chrono-scope.ch\/de\/wp-json\/wp\/v2\/product_tag?post=7539"}],"curies":[{"name":"wp","href":"https:\/\/api.w.org\/{rel}","templated":true}]}}