{"id":7538,"date":"2022-11-23T10:14:05","date_gmt":"2022-11-23T10:14:05","guid":{"rendered":"https:\/\/nakyxozy.cyon.site\/product\/omega-seamaster-kal-861-blau-sammlerqualitaet\/"},"modified":"2024-11-20T08:16:07","modified_gmt":"2024-11-20T08:16:07","slug":"omega-seamaster-cal-861-blau-sammler-grade","status":"publish","type":"product","link":"https:\/\/chrono-scope.ch\/de\/produkt\/omega-seamaster-cal-861-blau-sammler-grade\/","title":{"rendered":"SOLD &#8211; Omega Seamaster Kal. 861 blau, Sammlerqualit\u00e4t"},"content":{"rendered":"<p style=\"text-align: left\"><strong>MODELL \/ REFERENZ:<\/strong> <strong>Omega Seamster Chronograph, Kal. 861, ref. 145.029<\/strong><\/p>\n<p style=\"text-align: left\"><strong>ZUSTANDSBERICHT_<\/strong> Bitte sehen Sie sich die hochaufl\u00f6senden, unver\u00e4nderten Bilder an, um den Zustand des Zeitmessers zu beurteilen.<\/p>\n<ul>\n<li style=\"text-align: left\">Ziffernblatt im originalen und nahezu perfekten Zustand. Alle Tritiumpunkte sind vorhanden und intakt. Sie sind sehr gut gealtert.<\/li>\n<li style=\"text-align: left\">Original-Zeiger in ausgezeichnetem Zustand mit der urspr\u00fcnglichen Tritium-Lampe vorhanden und intakt. Die Lume hat einen sehr sch\u00f6nen beigen Farbton angenommen.<\/li>\n<li style=\"text-align: left\">Bei Aktivierung mit UV-Licht leuchtet die Tritum-Lume auf dem Zifferblatt und auf den Zeigern kurz auf und erlischt dann.<\/li>\n<li style=\"text-align: left\">Omega signiert Plexiglas ist in ausgezeichnetem Zustand<\/li>\n<li style=\"text-align: left\">Der Fall ist in sehr gutem Zustand mit nur geringen Gebrauchsspuren<\/li>\n<li style=\"text-align: left\">Der Edelstahlboden mit Seahorse-Logo ist in sehr gutem Zustand mit geringen Gebrauchsspuren<\/li>\n<li style=\"text-align: left\">Das Uhrwerk ist voll funktionsf\u00e4hig, l\u00e4uft stark und h\u00e4lt die Zeit gut ein.<\/li>\n<li style=\"text-align: left\">Der Chronograph startet, stoppt und stellt sich korrekt auf Null zur\u00fcck<\/li>\n<li style=\"text-align: left\">Braunes Lederarmband in sehr gutem Zustand, Original-Omega-Schlie\u00dfe<\/li>\n<li style=\"text-align: left\">Zifferblatt, Glas, Krone, Geh\u00e4use, Uhrwerk und Schlie\u00dfe signiert Omega. Die Uhr ist voll funktionsf\u00e4hig.<\/li>\n<\/ul>\n<p>&nbsp;<\/p>\n<p style=\"text-align: left\"><strong>ZUBEH\u00d6R:<\/strong> Saffiano Leder Uhrenrolle.<\/p>\n<p style=\"text-align: left\"><strong>GARANTIE:<\/strong> Wir garantieren die Echtheit der Uhr. Wir gew\u00e4hren au\u00dferdem 12 Monate Garantie auf die korrekte Funktion dieses Zeitmessers. F\u00fcr alle Garantien gelten die Allgemeinen Gesch\u00e4ftsbedingungen.<\/p>\n<p style=\"text-align: left\">Bitte z\u00f6gern Sie nicht, Fragen zu stellen, wir werden sie gerne beantworten.<\/p>\n","protected":false},"excerpt":{"rendered":"<p>Zu verkaufen <strong>Omega Seamaster Chronograph, Cal. 861, ref. 145.029<\/strong> in Collectors Grade Zustand. Das Highlight dieser zeitlosen Seamaster ist das originale blaue Zifferblatt mit Sonnenschliff in nahezu perfektem Zustand und das ikonische Cal 861 Uhrwerk. Alle Funktionen funktionieren einwandfrei, und die Uhr wird mit einer 12-monatigen Garantie geliefert.<\/p>\n","protected":false},"featured_media":5183,"template":"","meta":{"om_disable_all_campaigns":false,"_monsterinsights_skip_tracking":false,"_monsterinsights_sitenote_active":false,"_monsterinsights_sitenote_note":"","_monsterinsights_sitenote_category":0},"product_brand":[],"product_cat":[71],"product_tag":[],"class_list":{"0":"post-7538","1":"product","2":"type-product","3":"status-publish","4":"has-post-thumbnail","6":"product_cat-verkaufte-uhren","8":"first","9":"instock","10":"taxable","11":"shipping-taxable","12":"purchasable","13":"product-type-simple"},"aioseo_notices":[],"_links":{"self":[{"href":"https:\/\/chrono-scope.ch\/de\/wp-json\/wp\/v2\/product\/7538","targetHints":{"allow":["GET"]}}],"collection":[{"href":"https:\/\/chrono-scope.ch\/de\/wp-json\/wp\/v2\/product"}],"about":[{"href":"https:\/\/chrono-scope.ch\/de\/wp-json\/wp\/v2\/types\/product"}],"version-history":[{"count":1,"href":"https:\/\/chrono-scope.ch\/de\/wp-json\/wp\/v2\/product\/7538\/revisions"}],"predecessor-version":[{"id":20631,"href":"https:\/\/chrono-scope.ch\/de\/wp-json\/wp\/v2\/product\/7538\/revisions\/20631"}],"wp:featuredmedia":[{"embeddable":true,"href":"https:\/\/chrono-scope.ch\/de\/wp-json\/wp\/v2\/media\/5183"}],"wp:attachment":[{"href":"https:\/\/chrono-scope.ch\/de\/wp-json\/wp\/v2\/media?parent=7538"}],"wp:term":[{"taxonomy":"product_brand","embeddable":true,"href":"https:\/\/chrono-scope.ch\/de\/wp-json\/wp\/v2\/product_brand?post=7538"},{"taxonomy":"product_cat","embeddable":true,"href":"https:\/\/chrono-scope.ch\/de\/wp-json\/wp\/v2\/product_cat?post=7538"},{"taxonomy":"product_tag","embeddable":true,"href":"https:\/\/chrono-scope.ch\/de\/wp-json\/wp\/v2\/product_tag?post=7538"}],"curies":[{"name":"wp","href":"https:\/\/api.w.org\/{rel}","templated":true}]}}