{"id":7535,"date":"2022-11-23T09:44:57","date_gmt":"2022-11-23T09:44:57","guid":{"rendered":"https:\/\/nakyxozy.cyon.site\/product\/breitling-navitimer-8-chronograph-43\/"},"modified":"2023-05-18T11:12:37","modified_gmt":"2023-05-18T11:12:37","slug":"breitling-navitimer-8-chronograph-43","status":"publish","type":"product","link":"https:\/\/chrono-scope.ch\/de\/produkt\/breitling-navitimer-8-chronograph-43\/","title":{"rendered":"Breitling Navitimer 8 Chronograph 43"},"content":{"rendered":"<p style=\"text-align: left\"><span data-contrast=\"none\">Dieser sch\u00f6ne Zeitmesser wird als komplettes Set mit seiner Pr\u00e4sentationsbox und allen Papieren geliefert. Es wurde von G\u00fcbelin, Schweiz, gekauft und kaum getragen<\/span><span data-contrast=\"none\"> bleibt somit in neuwertigem Zustand.<\/span><span data-ccp-props=\"{\"134233117\":false,\"134233118\":false,\"201341983\":0,\"335559738\":0,\"335559739\":0,\"335559740\":240}\"> <\/span><\/p>\n<p style=\"text-align: left\"><span data-contrast=\"none\"><strong>GARANTIE<\/strong>: Wir garantieren die Echtheit der Uhr.<\/span><span data-contrast=\"none\">Wir bieten 12 Monate Garantie auf die korrekte Funktion dieses Zeitmessers.<\/span><span data-contrast=\"none\"><\/span><br \/>\n<span data-contrast=\"none\"><\/span><br \/>\n<span data-contrast=\"none\">Bitte z\u00f6gern Sie nicht, Fragen zu stellen, wir werden sie gerne beantworten.<\/span><span data-contrast=\"none\"><\/span><span data-ccp-props=\"{\"134233117\":false,\"134233118\":false,\"201341983\":0,\"335559738\":0,\"335559739\":0,\"335559740\":240}\"> <\/span><\/p>\n<p style=\"text-align: left\"><strong>Referenz:<\/strong><span data-contrast=\"none\"> M13314101B1X1<\/span><span data-ccp-props=\"{\"134233117\":false,\"134233118\":false,\"201341983\":0,\"335559738\":0,\"335559739\":0,\"335559740\":240}\"> <\/span><\/p>\n<p style=\"text-align: left\"><span data-contrast=\"none\"><strong>Jahr der Herstellung:<\/strong><\/span><span data-contrast=\"none\">2018<\/span><span data-ccp-props=\"{\"134233117\":false,\"134233118\":false,\"201341983\":0,\"335559738\":0,\"335559739\":0,\"335559740\":240}\"> <\/span><\/p>\n<p style=\"text-align: left\"><strong>Material des Geh\u00e4uses<\/strong><span data-contrast=\"none\"><strong>:<\/strong> Schwarzer DLC-beschichteter Edelstahl<\/span><span data-ccp-props=\"{\"134233117\":false,\"134233118\":false,\"201341983\":0,\"335559738\":0,\"335559739\":0,\"335559740\":240}\"> <\/span><\/p>\n<p style=\"text-align: left\"><span data-contrast=\"none\"><strong>Geh\u00e4usegr\u00f6\u00dfe:<\/strong><\/span><span data-contrast=\"none\">43 mm<\/span><span data-ccp-props=\"{\"134233117\":false,\"134233118\":false,\"201341983\":0,\"335559738\":0,\"335559739\":0,\"335559740\":240}\"> <\/span><\/p>\n<p style=\"text-align: left\"><span data-contrast=\"none\"><strong>Wasserdichtigkeit:<\/strong> 100 m<\/span><span data-contrast=\"none\"><\/span><span data-ccp-props=\"{\"134233117\":false,\"134233118\":false,\"201341983\":0,\"335559738\":0,\"335559739\":0,\"335559740\":240}\"> <\/span><\/p>\n<p style=\"text-align: left\"><span data-contrast=\"none\"><strong>Material der L\u00fcnette:<\/strong>Schwarz DLC beschichtet mit<\/span><span data-contrast=\"none\">Edestahl<\/span><span data-ccp-props=\"{\"134233117\":false,\"134233118\":false,\"201341983\":0,\"335559738\":0,\"335559739\":0,\"335559740\":240}\"> <\/span><\/p>\n<p style=\"text-align: left\"><span data-contrast=\"none\"><strong>Glas:<\/strong> Kratzfestes Saphirglas<\/span><span data-ccp-props=\"{\"134233117\":false,\"134233118\":false,\"201341983\":0,\"335559738\":0,\"335559739\":0,\"335559740\":240}\"> <\/span><\/p>\n<p style=\"text-align: left\"><strong>Uhrwerkstyp und -spezifikationen:<\/strong><span data-contrast=\"none\"> C<\/span><span data-contrast=\"none\">al. 13, automatisch, 48 Stunden Gangreserve, Tages- und Datumsanzeige, Chronographentimer f\u00fcr bis zu 12 Stunden<\/span><span data-ccp-props=\"{\"134233117\":false,\"134233118\":false,\"201341983\":0,\"335559738\":0,\"335559739\":0,\"335559740\":240}\"> <\/span><\/p>\n<p style=\"text-align: left\"><strong>Material des Armbands<\/strong><span data-contrast=\"none\"><strong>:<\/strong> Schwarzes Lederarmband mit DLC-beschichteter Dornschlie\u00dfe aus Edelstahl.<\/span><span data-ccp-props=\"{\"134233117\":false,\"134233118\":false,\"201341983\":0,\"335559738\":0,\"335559739\":0,\"335559740\":240}\"> <\/span><\/p>\n<p style=\"text-align: left\"><strong>Zustand: <\/strong><span data-contrast=\"none\">Wie neu mit sehr geringen Gebrauchsspuren<\/span><span data-ccp-props=\"{\"134233117\":false,\"134233118\":false,\"201341983\":0,\"335559685\":3600,\"335559738\":0,\"335559739\":0,\"335559740\":240,\"335559991\":3600}\"> <\/span><\/p>\n<p style=\"text-align: left\"><span data-contrast=\"none\"><strong>Umfang der Lieferung:<\/strong> Komplettes Set mit der originalen Pr\u00e4sentationsbox und allen Dokumenten und Papieren<\/span><span data-contrast=\"none\"> <\/span><span data-ccp-props=\"{\"134233117\":false,\"134233118\":false,\"201341983\":0,\"335559685\":3600,\"335559738\":0,\"335559739\":0,\"335559740\":240,\"335559991\":3600}\"> <\/span><\/p>\n<p style=\"text-align: left\"><span data-contrast=\"none\"><strong>GARANTIE:<\/strong> Wir garantieren die Echtheit der Uhr.<\/span><span data-contrast=\"none\">Wir bieten 12 Monate Garantie auf die korrekte Funktion dieses Zeitmessers.<\/span><span data-contrast=\"none\"><\/span><br \/>\n<span data-contrast=\"none\"><\/span><br \/>\n<span data-contrast=\"none\">Bitte z\u00f6gern Sie nicht, Fragen zu stellen, wir werden sie gerne beantworten.<\/span><span data-ccp-props=\"{\"134233117\":false,\"134233118\":false,\"201341983\":0,\"335559738\":0,\"335559739\":0,\"335559740\":240}\"> <\/span><\/p>\n","protected":false},"excerpt":{"rendered":"<p style=\"text-align: left\">Zu verkaufen <strong>Breitling Navitimer 8<\/strong>, in schwarz DLC beschichtetem Stahl, mit einem schwarzen Lederband.<\/p>\n<p style=\"text-align: left\">kaum getragen, in sehr gutem Zustand, fast neuwertiges Automatik-Kaliber Breitling 13, 48h Gangreserve, wasserdicht 100m, gekauft im Dezember 2018 in einem G\u00fcbelin-Gesch\u00e4ft, Neupreis CHF 5450.-.<\/p>\n<p style=\"text-align: left\">Vollst\u00e4ndiger Satz mit Box und Papieren.<\/p>\n","protected":false},"featured_media":5156,"template":"","meta":{"om_disable_all_campaigns":false,"_monsterinsights_skip_tracking":false,"_monsterinsights_sitenote_active":false,"_monsterinsights_sitenote_note":"","_monsterinsights_sitenote_category":0},"product_brand":[],"product_cat":[71],"product_tag":[],"class_list":{"0":"post-7535","1":"product","2":"type-product","3":"status-publish","4":"has-post-thumbnail","6":"product_cat-verkaufte-uhren","8":"first","9":"instock","10":"taxable","11":"shipping-taxable","12":"purchasable","13":"product-type-simple"},"aioseo_notices":[],"_links":{"self":[{"href":"https:\/\/chrono-scope.ch\/de\/wp-json\/wp\/v2\/product\/7535","targetHints":{"allow":["GET"]}}],"collection":[{"href":"https:\/\/chrono-scope.ch\/de\/wp-json\/wp\/v2\/product"}],"about":[{"href":"https:\/\/chrono-scope.ch\/de\/wp-json\/wp\/v2\/types\/product"}],"version-history":[{"count":0,"href":"https:\/\/chrono-scope.ch\/de\/wp-json\/wp\/v2\/product\/7535\/revisions"}],"wp:featuredmedia":[{"embeddable":true,"href":"https:\/\/chrono-scope.ch\/de\/wp-json\/wp\/v2\/media\/5156"}],"wp:attachment":[{"href":"https:\/\/chrono-scope.ch\/de\/wp-json\/wp\/v2\/media?parent=7535"}],"wp:term":[{"taxonomy":"product_brand","embeddable":true,"href":"https:\/\/chrono-scope.ch\/de\/wp-json\/wp\/v2\/product_brand?post=7535"},{"taxonomy":"product_cat","embeddable":true,"href":"https:\/\/chrono-scope.ch\/de\/wp-json\/wp\/v2\/product_cat?post=7535"},{"taxonomy":"product_tag","embeddable":true,"href":"https:\/\/chrono-scope.ch\/de\/wp-json\/wp\/v2\/product_tag?post=7535"}],"curies":[{"name":"wp","href":"https:\/\/api.w.org\/{rel}","templated":true}]}}