{"id":7534,"date":"2022-11-23T09:52:12","date_gmt":"2022-11-23T09:52:12","guid":{"rendered":"https:\/\/nakyxozy.cyon.site\/product\/bwc-swiss-vintage-chronograph-kal-landeron-248\/"},"modified":"2023-09-29T08:37:30","modified_gmt":"2023-09-29T08:37:30","slug":"bwc-schweizer-alt-chronograph-cal-landeron-248","status":"publish","type":"product","link":"https:\/\/chrono-scope.ch\/de\/produkt\/bwc-schweizer-alt-chronograph-cal-landeron-248\/","title":{"rendered":"SOLD &#8211; BWC-Swiss Vintage Chronograph Kal. Landeron 248"},"content":{"rendered":"","protected":false},"excerpt":{"rendered":"<p>Zum Verkauf steht ein <strong>Vintage BWC Chronograph<\/strong> mit Handaufzug Kal. Lanederon 248.<\/p>\n<p>Die Uhr ist voll funktionsf\u00e4hig. Das Uhrwerk l\u00e4uft stark und pr\u00e4zise.<\/p>\n<p><strong>GARANTIE:<\/strong> Wir garantieren die Echtheit der Uhr. Wir bieten auch 6 Monate Garantie f\u00fcr die korrekte Funktion dieses Zeitmessers. F\u00fcr alle Garantien gelten die Allgemeinen Gesch\u00e4ftsbedingungen.<\/p>\n<p>Bitte z\u00f6gern Sie nicht, Fragen zu stellen, wir werden sie gerne beantworten.<\/p>\n","protected":false},"featured_media":5161,"template":"","meta":{"om_disable_all_campaigns":false,"_monsterinsights_skip_tracking":false,"_monsterinsights_sitenote_active":false,"_monsterinsights_sitenote_note":"","_monsterinsights_sitenote_category":0},"product_brand":[],"product_cat":[71],"product_tag":[],"class_list":{"0":"post-7534","1":"product","2":"type-product","3":"status-publish","4":"has-post-thumbnail","6":"product_cat-verkaufte-uhren","8":"first","9":"instock","10":"taxable","11":"shipping-taxable","12":"purchasable","13":"product-type-simple"},"aioseo_notices":[],"_links":{"self":[{"href":"https:\/\/chrono-scope.ch\/de\/wp-json\/wp\/v2\/product\/7534","targetHints":{"allow":["GET"]}}],"collection":[{"href":"https:\/\/chrono-scope.ch\/de\/wp-json\/wp\/v2\/product"}],"about":[{"href":"https:\/\/chrono-scope.ch\/de\/wp-json\/wp\/v2\/types\/product"}],"version-history":[{"count":0,"href":"https:\/\/chrono-scope.ch\/de\/wp-json\/wp\/v2\/product\/7534\/revisions"}],"wp:featuredmedia":[{"embeddable":true,"href":"https:\/\/chrono-scope.ch\/de\/wp-json\/wp\/v2\/media\/5161"}],"wp:attachment":[{"href":"https:\/\/chrono-scope.ch\/de\/wp-json\/wp\/v2\/media?parent=7534"}],"wp:term":[{"taxonomy":"product_brand","embeddable":true,"href":"https:\/\/chrono-scope.ch\/de\/wp-json\/wp\/v2\/product_brand?post=7534"},{"taxonomy":"product_cat","embeddable":true,"href":"https:\/\/chrono-scope.ch\/de\/wp-json\/wp\/v2\/product_cat?post=7534"},{"taxonomy":"product_tag","embeddable":true,"href":"https:\/\/chrono-scope.ch\/de\/wp-json\/wp\/v2\/product_tag?post=7534"}],"curies":[{"name":"wp","href":"https:\/\/api.w.org\/{rel}","templated":true}]}}