{"id":7533,"date":"2022-11-22T12:35:46","date_gmt":"2022-11-22T12:35:46","guid":{"rendered":"https:\/\/nakyxozy.cyon.site\/product\/omega-speedmaster-professional-gerade-schrift-dezimal-luenette-serviced\/"},"modified":"2023-09-29T08:38:01","modified_gmt":"2023-09-29T08:38:01","slug":"omega-speedmaster-professional-gerade-schrift-dezimal-luenette-serviced","status":"publish","type":"product","link":"https:\/\/chrono-scope.ch\/de\/produkt\/omega-speedmaster-professional-gerade-schrift-dezimal-luenette-serviced\/","title":{"rendered":"SOLD-Omega Speedmaster Professional , &#8222;Gerade Schrift&#8220;, Dezimal-L\u00fcnette, SERVICED"},"content":{"rendered":"<p style=\"text-align: left\"><strong>MODELL \/ REFERENZ: Omega Speedmaster Professional ref. 145.022-69 <\/strong><\/p>\n<p style=\"text-align: left\"><strong>DIAL+HANDS: <\/strong><\/p>\n<ul style=\"text-align: left\">\n<li><span data-contrast=\"auto\">Originales Stufenzifferblatt in hervorragendem Zustand. Im Gegenlicht kann eine regelm\u00e4\u00dfige Lichtalterung festgestellt werden. Die Tritium-Lumineszenzen sind alle vorhanden und intakt. Sie haben eine sch\u00f6ne Patina entwickelt. <\/span><\/li>\n<li><span data-contrast=\"auto\">Druck: originell und gestochen scharf<\/span><\/li>\n<li><span data-contrast=\"auto\">Zeiger: Die Zeiger behalten die urspr\u00fcngliche Tritium-Lumine. <\/span><\/li>\n<li><span data-contrast=\"auto\">L\u00e4mpchen: Wenn sie mit UV-Licht aktiviert wird, leuchtet die Leuchtmasse auf dem Zifferblatt und den Zeigern kurz auf und erlischt dann.<\/span><\/li>\n<li><span data-contrast=\"auto\">Omega signiert Plexiglas<\/span><\/li>\n<\/ul>\n<p style=\"text-align: left\"><strong>BEZEL: <\/strong><span data-contrast=\"auto\">Die Speedmaster ist mit einer seltenen und originalen Decimal-L\u00fcnette in ausgezeichnetem Zustand ausgestattet. Nach sorgf\u00e4ltiger Pr\u00fcfung haben wir festgestellt, dass es sich NICHT um eine Service-L\u00fcnette handelt. <\/span><\/p>\n<p style=\"text-align: left\"><strong>CASE: <\/strong><span data-contrast=\"auto\">das Geh\u00e4use weist leichte Gebrauchsspuren auf. Die R\u00fcckseite des Geh\u00e4uses weist einige Oberfl\u00e4chenkratzer in der N\u00e4he der Bandanst\u00f6\u00dfe auf. <\/span><\/p>\n<p style=\"text-align: left\"><span data-contrast=\"auto\"><strong>CASEBACK:<\/strong> <\/span><span data-contrast=\"auto\">&#8222;straight writing&#8220; Geh\u00e4useboden in ausgezeichnetem Zustand. Es scheint ein Omega-Service-Geh\u00e4useboden zu sein.<\/span><\/p>\n<p style=\"text-align: left\"><strong>KRONE \/ PUSHERs<\/strong><span data-contrast=\"auto\"><strong>:<\/strong> <\/span><span data-contrast=\"auto\">Omega unterzeichnet Krone und richtige Dr\u00fccker<\/span><\/p>\n<p style=\"text-align: left\"><span data-contrast=\"auto\"><strong>BEWEGUNG<\/strong>: <\/span><span data-contrast=\"auto\">Omega Cal. 861, k\u00fcrzlich gewartet. Das Uhrwerk l\u00e4uft mit einer hohen Amplitude und f\u00fcr eine Vintage-Uhr sehr pr\u00e4zise. Alle Funktionen funktionieren wie sie sollen<\/span><\/p>\n<p style=\"text-align: left\"><span data-contrast=\"auto\"><strong>BRACELET:<\/strong> Die Speedmaster tr\u00e4gt derzeit ein Textilarmband. Auf Anfrage kann auch ein altes Omega-Stahlarmband beschafft werden. <\/span><\/p>\n<p style=\"text-align: left\"><strong>ZUBEH\u00d6R: <\/strong><span data-contrast=\"auto\">Saffiano Leder Uhrenrolle. <\/span><\/p>\n<p style=\"text-align: left\"><strong>GARANTIE: <\/strong><\/p>\n<p style=\"text-align: left\"><span data-contrast=\"auto\">Wir garantieren die Echtheit der Uhr. Wir bieten auch <\/span><span data-contrast=\"auto\">12<\/span><span data-contrast=\"auto\"> Monate Garantie auf die einwandfreie Funktion dieses Zeitmessers. F\u00fcr alle Garantien gelten die Allgemeinen Gesch\u00e4ftsbedingungen<\/span><span data-contrast=\"auto\">.<\/span><\/p>\n<p style=\"text-align: left\"><span data-contrast=\"auto\">Bitte z\u00f6gern Sie nicht, Fragen zu stellen, wir werden sie gerne beantworten.<\/span><span data-contrast=\"auto\"> Virtuelle oder pers\u00f6nliche Besichtigung auf Anfrage. <\/span><\/p>\n","protected":false},"excerpt":{"rendered":"<p style=\"text-align: left\"><b><span data-contrast=\"auto\">Omega Speedmaster Professional<\/span><\/b><span data-contrast=\"auto\"> Monduhr ref. 145.022, &#8222;Straight Writing&#8220; mit seltener Dezimall\u00fcnette. Das Highlight dieser seltenen Speedmaster ist das originale mattschwarze Stufenzifferblatt in exzellentem Zustand und die ultra-seltene, originale Decimal-L\u00fcnette. <\/span><\/p>\n<p style=\"text-align: left\"><span data-contrast=\"auto\">Die Speedmaster wurde k\u00fcrzlich gewartet. Das Uhrwerk l\u00e4uft stark und pr\u00e4zise, alle Funktionen funktionieren einwandfrei, und die Uhr wird mit einer 12-monatigen Garantie geliefert. <\/span><\/p>\n","protected":false},"featured_media":5059,"template":"","meta":{"om_disable_all_campaigns":false,"_monsterinsights_skip_tracking":false,"_monsterinsights_sitenote_active":false,"_monsterinsights_sitenote_note":"","_monsterinsights_sitenote_category":0},"product_brand":[],"product_cat":[71],"product_tag":[],"class_list":{"0":"post-7533","1":"product","2":"type-product","3":"status-publish","4":"has-post-thumbnail","6":"product_cat-verkaufte-uhren","8":"first","9":"instock","10":"taxable","11":"shipping-taxable","12":"purchasable","13":"product-type-simple"},"aioseo_notices":[],"_links":{"self":[{"href":"https:\/\/chrono-scope.ch\/de\/wp-json\/wp\/v2\/product\/7533","targetHints":{"allow":["GET"]}}],"collection":[{"href":"https:\/\/chrono-scope.ch\/de\/wp-json\/wp\/v2\/product"}],"about":[{"href":"https:\/\/chrono-scope.ch\/de\/wp-json\/wp\/v2\/types\/product"}],"version-history":[{"count":0,"href":"https:\/\/chrono-scope.ch\/de\/wp-json\/wp\/v2\/product\/7533\/revisions"}],"wp:featuredmedia":[{"embeddable":true,"href":"https:\/\/chrono-scope.ch\/de\/wp-json\/wp\/v2\/media\/5059"}],"wp:attachment":[{"href":"https:\/\/chrono-scope.ch\/de\/wp-json\/wp\/v2\/media?parent=7533"}],"wp:term":[{"taxonomy":"product_brand","embeddable":true,"href":"https:\/\/chrono-scope.ch\/de\/wp-json\/wp\/v2\/product_brand?post=7533"},{"taxonomy":"product_cat","embeddable":true,"href":"https:\/\/chrono-scope.ch\/de\/wp-json\/wp\/v2\/product_cat?post=7533"},{"taxonomy":"product_tag","embeddable":true,"href":"https:\/\/chrono-scope.ch\/de\/wp-json\/wp\/v2\/product_tag?post=7533"}],"curies":[{"name":"wp","href":"https:\/\/api.w.org\/{rel}","templated":true}]}}