{"id":7522,"date":"2022-09-26T06:59:53","date_gmt":"2022-09-26T06:59:53","guid":{"rendered":"https:\/\/nakyxozy.cyon.site\/product\/omega-speedmaster-reduziert-ref-3510-50-00-vollstaendiger-satz\/"},"modified":"2023-09-08T13:48:32","modified_gmt":"2023-09-08T13:48:32","slug":"omega-speedmaster-reduced-ref-3510-50-00-full-set","status":"publish","type":"product","link":"https:\/\/chrono-scope.ch\/de\/produkt\/omega-speedmaster-reduced-ref-3510-50-00-full-set\/","title":{"rendered":"SOLD- Omega Speedmaster reduziert ref. 3510.50.00, VOLLST\u00c4NDIGER SATZ"},"content":{"rendered":"<p><u>MODELL \/ REFERENZ:<\/u> Omega Speedmaster reduziert . 3510.50.00, Seriennummer 57&#8217;008&#8217;xxx.<\/p>\n<p><u>ZUSTANDSBERICHT:<\/u> Bitte sehen Sie sich die hochaufl\u00f6senden, unver\u00e4nderten Bilder an, um den Zustand des Zeitmessers zu beurteilen.<\/p>\n<p>&nbsp;<\/p>\n<ul>\n<li>Zifferblatt und Zeiger sind in mint conditon<\/li>\n<li>Omega signiert Plexiglas ist in sehr gutem Zustand mit nur geringen Oberfl\u00e4chen Kratzer.<\/li>\n<li>Die L\u00fcnette ist in sehr gutem Zustand<\/li>\n<li>Der Fall ist in gutem Zustand mit Gebrauchsspuren<\/li>\n<li>Der Geh\u00e4useboden aus Edelstahl tr\u00e4gt das Seahorse-Logo und die Seriennummer.<\/li>\n<li>Das Uhrwerk l\u00e4uft kr\u00e4ftig und h\u00e4lt die Zeit gut ein.<\/li>\n<li>Der Chronograph startet, stoppt und stellt sich korrekt auf Null zur\u00fcck<\/li>\n<li>Original Omega-Edelstahlarmband Ref. 1469\/32 mit 811 Endgliedern. Das Armband ist in gutem Zustand mit geringen Gebrauchsspuren und nur minimaler Dehnung. Es passt f\u00fcr ein Handgelenk von ca. 17,5 bis 18 cm.<\/li>\n<li>Zifferblatt, Glas, Krone, Geh\u00e4use, Uhrwerk, Armband und Schlie\u00dfe signiert Omega. Die Uhr ist voll funktionsf\u00e4hig.<\/li>\n<\/ul>\n<p>&nbsp;<\/p>\n<p><u>ZUBEH\u00d6R:<\/u> Die Uhr kommt als komplettes Set mit Innen- und Au\u00dfenbox, Omega-Garantiekarte und Handb\u00fcchern. Die Speedmaster wurde 2001 in Japan verkauft.<\/p>\n<p><u>GARANTIE:<\/u> Wir garantieren die Echtheit der Uhr. Wir gew\u00e4hren au\u00dferdem 12 Monate Garantie auf die korrekte Funktion dieses Zeitmessers. Alle Garantien unterliegen den Allgemeinen Gesch\u00e4ftsbedingungen von ChronoScope Collector Watches, Schweiz.<\/p>\n","protected":false},"excerpt":{"rendered":"<p>ChronoScope Collector Watches pr\u00e4sentiert eine Omega Speedmaster reduziert ref. 3510.50.00, VOLLST\u00c4NDIGER SATZ.<\/p>\n<p>Die Uhr kommt mit Innen- und Au\u00dfenbox, Handb\u00fcchern und Omega-Garantiekarte.<\/p>\n<p>Die Speedmaster l\u00e4uft stark und h\u00e4lt die Zeit gut ein. Alle Funktionen funktionieren einwandfrei, und die Uhr wird mit einer 12-monatigen Garantie geliefert.<\/p>\n","protected":false},"featured_media":4979,"template":"","meta":{"om_disable_all_campaigns":false,"_monsterinsights_skip_tracking":false,"_monsterinsights_sitenote_active":false,"_monsterinsights_sitenote_note":"","_monsterinsights_sitenote_category":0},"product_brand":[],"product_cat":[71],"product_tag":[],"class_list":{"0":"post-7522","1":"product","2":"type-product","3":"status-publish","4":"has-post-thumbnail","6":"product_cat-verkaufte-uhren","8":"first","9":"instock","10":"taxable","11":"shipping-taxable","12":"purchasable","13":"product-type-simple"},"aioseo_notices":[],"_links":{"self":[{"href":"https:\/\/chrono-scope.ch\/de\/wp-json\/wp\/v2\/product\/7522","targetHints":{"allow":["GET"]}}],"collection":[{"href":"https:\/\/chrono-scope.ch\/de\/wp-json\/wp\/v2\/product"}],"about":[{"href":"https:\/\/chrono-scope.ch\/de\/wp-json\/wp\/v2\/types\/product"}],"version-history":[{"count":0,"href":"https:\/\/chrono-scope.ch\/de\/wp-json\/wp\/v2\/product\/7522\/revisions"}],"wp:featuredmedia":[{"embeddable":true,"href":"https:\/\/chrono-scope.ch\/de\/wp-json\/wp\/v2\/media\/4979"}],"wp:attachment":[{"href":"https:\/\/chrono-scope.ch\/de\/wp-json\/wp\/v2\/media?parent=7522"}],"wp:term":[{"taxonomy":"product_brand","embeddable":true,"href":"https:\/\/chrono-scope.ch\/de\/wp-json\/wp\/v2\/product_brand?post=7522"},{"taxonomy":"product_cat","embeddable":true,"href":"https:\/\/chrono-scope.ch\/de\/wp-json\/wp\/v2\/product_cat?post=7522"},{"taxonomy":"product_tag","embeddable":true,"href":"https:\/\/chrono-scope.ch\/de\/wp-json\/wp\/v2\/product_tag?post=7522"}],"curies":[{"name":"wp","href":"https:\/\/api.w.org\/{rel}","templated":true}]}}