{"id":39220,"date":"2026-05-08T09:05:39","date_gmt":"2026-05-08T09:05:39","guid":{"rendered":"https:\/\/chrono-scope.ch\/product\/zenith-chronomaster-original-hodinkee-limited-edition-300pcs-new-unworn\/"},"modified":"2026-05-08T10:25:49","modified_gmt":"2026-05-08T10:25:49","slug":"zenith-chronomaster-original-hodinkee-limited-edition-300pcs-new-unworn","status":"publish","type":"product","link":"https:\/\/chrono-scope.ch\/de\/produkt\/zenith-chronomaster-original-hodinkee-limited-edition-300pcs-new-unworn\/","title":{"rendered":"Zenith Chronomaster Original Hodinkee Limited Edition 300pcs \u2013 new &amp; unworn"},"content":{"rendered":"<p style=\"text-align: left\"><span data-contrast=\"auto\"><strong>MODELL\/REFERENZ:\u00a0<\/strong>Zenith\u00a0Chronomaster\u00a0Original\u00a0Hodinkee\u00a0Limited\u00a0Edition,\u00a0Referenz\u00a003.3201.3600\/18.M3200.\u00a0Inventarnummer: MT-2604-17<\/span><span data-ccp-props=\"{}\">\u00a0<\/span><\/p>\n<p style=\"text-align: left\"><span data-contrast=\"auto\"><strong>ZUSTAND:<\/strong> neu\u00a0und\u00a0ungetragen,\u00a0mit\u00a0Schutzfolien.\u00a0Die\u00a0Uhr\u00a0stammt\u00a0aus\u00a0Erstbesitz\u00a0und\u00a0wurde\u00a02022\u00a0von\u00a0Zenith\u00a0in\u00a0LeLocle,\u00a0Schweiz,\u00a0verkauft.<\/span><span data-ccp-props=\"{}\">\u00a0<\/span><\/p>\n<p style=\"text-align: left\"><span data-contrast=\"auto\"><strong>ZUBEH\u00d6R:\u00a0<\/strong>Komplettset\u00a0mit\u00a0Innen-\u00a0und\u00a0Au\u00dfenbox\u00a0sowie\u00a0Dokumenten\u00a0(siehe\u00a0Abbildungen).<\/span><span data-ccp-props=\"{}\">\u00a0<\/span><\/p>\n<p style=\"text-align: left\"><span data-contrast=\"auto\"><strong>GARANTIE:\u00a0<\/strong>F\u00fcr\u00a0die\u00a0Uhr\u00a0gilt\u00a0eine\u00a012-monatige\u00a0Garantie.\u00a0Alle\u00a0Garantiebedingungen\u00a0unterliegen\u00a0unseren\u00a0Allgemeinen\u00a0Gesch\u00e4ftsbedingungen.<\/span><span data-ccp-props=\"{}\">\u00a0<\/span><\/p>\n<p style=\"text-align: left\"><span data-contrast=\"auto\">Bei\u00a0Fragen\u00a0stehen\u00a0wir\u00a0Ihnen\u00a0gerne\u00a0zur\u00a0Verf\u00fcgung.<\/span><\/p>\n","protected":false},"excerpt":{"rendered":"<p style=\"text-align: left\"><span data-contrast=\"auto\">Zenith\u00a0Chronomaster\u00a0Original\u00a0Hodinkee\u00a0Limited\u00a0Edition\u00a0300\u00a0St\u00fcck\u00a0\u2013\u00a0neu\u00a0und\u00a0ungetragen<\/span><span data-ccp-props=\"{}\">\u00a0<\/span><\/p>\n<p style=\"text-align: left\"><span data-contrast=\"auto\">Die\u00a0Zenith\u00a0Chronomaster\u00a0Original\u00a0Hodinkee\u00a0Limited\u00a0Edition\u00a0(Referenz\u00a003.3201.3600\/18.M3200)\u00a0ist\u00a0ein\u00a0begehrtes\u00a0Sammlerst\u00fcck,\u00a0das\u00a0weltweit\u00a0auf\u00a0300\u00a0Exemplare\u00a0limitiert\u00a0ist.\u00a0Sie\u00a0interpretiert\u00a0das\u00a0ikonische\u00a0A386-Design\u00a0von\u00a01969\u00a0neu,\u00a0mit\u00a0einem\u00a0markanten\u00a0lachsfarbenen\u00a0Zifferblatt,\u00a0das\u00a0in\u00a0Zusammenarbeit\u00a0mit\u00a0Hodinkee\u00a0entstanden\u00a0ist.<\/span><span data-ccp-props=\"{}\">\u00a0<\/span><\/p>\n<p style=\"text-align: left\"><span data-contrast=\"auto\">Das 38-mm &#8211; Edelstahlgeh\u00e4use bewahrt die Proportionen des Originalmodells und sorgt f\u00fcr eine perfekt ausbalancierte und vielseitige Pr\u00e4senz am Handgelenk. Das lachsfarbene Zifferblatt wirkt warm und elegant zugleich und wird durch kontrastierende Chronographen-Hilfszifferbl\u00e4tter und applizierte Stundenmarkierungen zus\u00e4tzlich betont. Das klassische Tri-Compax-Layout garantiert hervorragende Ablesbarkeit, w\u00e4hrend die Tachymeterskala die Tradition der Uhr als Pr\u00e4zisionschronograph unterstreicht.<\/span><span data-ccp-props=\"{}\">\u00a0<\/span><\/p>\n<p style=\"text-align: left\"><span data-contrast=\"auto\">Angetrieben\u00a0vom\u00a0automatischen\u00a0Zenith\u00a0El\u00a0Primero\u00a0Kaliber\u00a03600,\u00a0arbeitet\u00a0dieses\u00a0Hochfrequenzwerk\u00a0mit\u00a036.000\u00a0Halbschwingungen\u00a0pro\u00a0Stunde\u00a0(5\u00a0Hz)\u00a0und\u00a0erm\u00f6glicht\u00a0pr\u00e4zise\u00a0Chronographenmessungen\u00a0im\u00a0Zehntelsekundenbereich.<\/span><span data-ccp-props=\"{}\">\u00a0<\/span><\/p>\n<p style=\"text-align: left\"><span data-contrast=\"auto\">Die\u00a0Uhr\u00a0wird\u00a0neu\u00a0und\u00a0ungetragen\u00a0angeboten\u00a0und\u00a0ist\u00a0als\u00a0Komplettset\u00a0mit\u00a0Originalbox\u00a0und\u00a0Papieren\u00a0erh\u00e4ltlich.\u00a0Der\u00a0Chronomaster\u00a0wurde\u00a0im\u00a0August\u00a02022\u00a0direkt\u00a0von\u00a0Zenith\u00a0in\u00a0LeLocle,\u00a0Schweiz,\u00a0verkauft.<\/span><span data-ccp-props=\"{}\">\u00a0<\/span><\/p>\n","protected":false},"featured_media":39196,"template":"","meta":{"om_disable_all_campaigns":false,"_monsterinsights_skip_tracking":false,"_monsterinsights_sitenote_active":false,"_monsterinsights_sitenote_note":"","_monsterinsights_sitenote_category":0},"product_brand":[],"product_cat":[59,72],"product_tag":[],"class_list":{"0":"post-39220","1":"product","2":"type-product","3":"status-publish","4":"has-post-thumbnail","6":"product_cat-contemporary-de","7":"product_cat-zenith-de","9":"first","10":"instock","11":"taxable","12":"shipping-taxable","13":"purchasable","14":"product-type-simple"},"aioseo_notices":[],"_links":{"self":[{"href":"https:\/\/chrono-scope.ch\/de\/wp-json\/wp\/v2\/product\/39220","targetHints":{"allow":["GET"]}}],"collection":[{"href":"https:\/\/chrono-scope.ch\/de\/wp-json\/wp\/v2\/product"}],"about":[{"href":"https:\/\/chrono-scope.ch\/de\/wp-json\/wp\/v2\/types\/product"}],"version-history":[{"count":2,"href":"https:\/\/chrono-scope.ch\/de\/wp-json\/wp\/v2\/product\/39220\/revisions"}],"predecessor-version":[{"id":39222,"href":"https:\/\/chrono-scope.ch\/de\/wp-json\/wp\/v2\/product\/39220\/revisions\/39222"}],"wp:featuredmedia":[{"embeddable":true,"href":"https:\/\/chrono-scope.ch\/de\/wp-json\/wp\/v2\/media\/39196"}],"wp:attachment":[{"href":"https:\/\/chrono-scope.ch\/de\/wp-json\/wp\/v2\/media?parent=39220"}],"wp:term":[{"taxonomy":"product_brand","embeddable":true,"href":"https:\/\/chrono-scope.ch\/de\/wp-json\/wp\/v2\/product_brand?post=39220"},{"taxonomy":"product_cat","embeddable":true,"href":"https:\/\/chrono-scope.ch\/de\/wp-json\/wp\/v2\/product_cat?post=39220"},{"taxonomy":"product_tag","embeddable":true,"href":"https:\/\/chrono-scope.ch\/de\/wp-json\/wp\/v2\/product_tag?post=39220"}],"curies":[{"name":"wp","href":"https:\/\/api.w.org\/{rel}","templated":true}]}}