{"id":39102,"date":"2026-05-06T08:23:48","date_gmt":"2026-05-06T08:23:48","guid":{"rendered":"https:\/\/chrono-scope.ch\/?post_type=product&#038;p=39102"},"modified":"2026-05-06T10:30:10","modified_gmt":"2026-05-06T10:30:10","slug":"rolex-datejust-ref-11623-factory-set-diamonds-full-set-2016-rolex-service-2022-copy","status":"publish","type":"product","link":"https:\/\/chrono-scope.ch\/de\/produkt\/rolex-datejust-ref-11623-factory-set-diamonds-full-set-2016-rolex-service-2022-copy\/","title":{"rendered":"Blancpain Villeret Quanti\u00e8me Complet with 18k gold officer case, full set from 2020"},"content":{"rendered":"<p style=\"text-align: left\"><strong>SPEZIFICATIONEN:<\/strong><\/p>\n<p style=\"text-align: left\"><strong>Modell:<\/strong> Villeret Quanti\u00e8me Complet YG, Referenz: 6664-3642-55B<\/p>\n<p style=\"text-align: left\"><strong>Uhrwerk:<\/strong> Automatik, Kaliber 6654, Gangreserve: 72 Stunden, Rotor aus 18-kar\u00e4tigem Gold<\/p>\n<p style=\"text-align: left\"><strong>Funktionen:<\/strong> Stunden, Minuten, Sekunden, Datum, Wochentag, Monat, Mondphase<\/p>\n<p style=\"text-align: left\"><strong>Geh\u00e4usematerial:<\/strong> 18-kar\u00e4tiges Gelbgold, Geh\u00e4usedurchmesser: 40 mm, Offiziersgeh\u00e4use<\/p>\n<p style=\"text-align: left\"><strong>Zifferblatt:<\/strong> opalwei\u00dfes Zifferblatt mit applizierten r\u00f6mischen Ziffern<\/p>\n<p style=\"text-align: left\"><strong>Glas:<\/strong> Saphirglas (Vorder- und R\u00fcckseite)<br \/>\nArmband: Braunes Alligatorlederarmband mit Blancpain-Faltschlie\u00dfe aus 18-kar\u00e4tigem Gold<\/p>\n<p style=\"text-align: left\">Bei Fragen stehen wir Ihnen gerne zur Verf\u00fcgung. Virtuelle und pers\u00f6nliche Besichtigung nur nach Vereinbarung.<\/p>\n","protected":false},"excerpt":{"rendered":"<p style=\"text-align: left\"><strong>Blancpain Villeret Quanti\u00e8me Complet mit 18-Karat-Gold-Offiziersgeh\u00e4use, Komplettset aus dem Jahr 2020<\/strong><\/p>\n<p style=\"text-align: left\">Zum Verkauf steht eine Blancpain Villeret Quanti\u00e8me Complet YG \u2013 Ref. 6664-3642-55B, Komplettset in neuwertigem Zustand aus dem Jahr 2020.<\/p>\n<p style=\"text-align: left\">Die Blancpain Villeret Quanti\u00e8me Complet verk\u00f6rpert die klassische Eleganz der Villeret-Kollektion. Ihr Geh\u00e4use aus 18-Karat-Gelbgold rahmt ein edles Opalin-Zifferblatt mit vollst\u00e4ndiger Kalenderanzeige (Tag, Datum, Monat) und Mondphase bei 6 Uhr. Das wundersch\u00f6n verarbeitete Kaliber 6654 bietet eine Gangreserve von 72 Stunden. Bei dieser neuesten Version des Manufakturwerks von Blancpain wurden die Dr\u00fccker f\u00fcr eine komfortable Bedienung mit den Fingern auf den Geh\u00e4useboden verlegt (keine Dr\u00fccker erforderlich).<\/p>\n<p style=\"text-align: left\"><strong>ZUSTAND:<\/strong> Neuwertiger Zustand mit minimalen Gebrauchsspuren. Bitte beachten Sie die hochaufl\u00f6senden Originalfotos, um den Zustand der Uhr zu beurteilen.<\/p>\n<p style=\"text-align: left\"><strong>ZUBEH\u00d6R:<\/strong> Komplettes Set mit Box und allen Dokumenten, wie abgebildet.<\/p>\n<p style=\"text-align: left\"><strong>GARANTIE:<\/strong> Wir garantieren die Echtheit der Uhr. Wir garantieren au\u00dferdem die einwandfreie Funktion dieses Zeitmessers f\u00fcr 12 Monate ab Kaufdatum.<\/p>\n","protected":false},"featured_media":39148,"template":"","meta":{"om_disable_all_campaigns":false,"_monsterinsights_skip_tracking":false,"_monsterinsights_sitenote_active":false,"_monsterinsights_sitenote_note":"","_monsterinsights_sitenote_category":0},"product_brand":[],"product_cat":[59],"product_tag":[],"class_list":{"0":"post-39102","1":"product","2":"type-product","3":"status-publish","4":"has-post-thumbnail","6":"product_cat-contemporary-de","8":"first","9":"instock","10":"taxable","11":"shipping-taxable","12":"purchasable","13":"product-type-simple"},"aioseo_notices":[],"_links":{"self":[{"href":"https:\/\/chrono-scope.ch\/de\/wp-json\/wp\/v2\/product\/39102","targetHints":{"allow":["GET"]}}],"collection":[{"href":"https:\/\/chrono-scope.ch\/de\/wp-json\/wp\/v2\/product"}],"about":[{"href":"https:\/\/chrono-scope.ch\/de\/wp-json\/wp\/v2\/types\/product"}],"version-history":[{"count":2,"href":"https:\/\/chrono-scope.ch\/de\/wp-json\/wp\/v2\/product\/39102\/revisions"}],"predecessor-version":[{"id":39169,"href":"https:\/\/chrono-scope.ch\/de\/wp-json\/wp\/v2\/product\/39102\/revisions\/39169"}],"wp:featuredmedia":[{"embeddable":true,"href":"https:\/\/chrono-scope.ch\/de\/wp-json\/wp\/v2\/media\/39148"}],"wp:attachment":[{"href":"https:\/\/chrono-scope.ch\/de\/wp-json\/wp\/v2\/media?parent=39102"}],"wp:term":[{"taxonomy":"product_brand","embeddable":true,"href":"https:\/\/chrono-scope.ch\/de\/wp-json\/wp\/v2\/product_brand?post=39102"},{"taxonomy":"product_cat","embeddable":true,"href":"https:\/\/chrono-scope.ch\/de\/wp-json\/wp\/v2\/product_cat?post=39102"},{"taxonomy":"product_tag","embeddable":true,"href":"https:\/\/chrono-scope.ch\/de\/wp-json\/wp\/v2\/product_tag?post=39102"}],"curies":[{"name":"wp","href":"https:\/\/api.w.org\/{rel}","templated":true}]}}