{"id":39012,"date":"2026-05-04T09:07:40","date_gmt":"2026-05-04T09:07:40","guid":{"rendered":"https:\/\/chrono-scope.ch\/?post_type=product&#038;p=39012"},"modified":"2026-05-04T09:55:30","modified_gmt":"2026-05-04T09:55:30","slug":"breitling-galactic-ref-a3733012-factory-set-diamonds-full-set-2019","status":"publish","type":"product","link":"https:\/\/chrono-scope.ch\/de\/produkt\/breitling-galactic-ref-a3733012-factory-set-diamonds-full-set-2019\/","title":{"rendered":"Breitling Galactic ref. A3733012 factory set diamonds, full set 2019"},"content":{"rendered":"<p style=\"text-align: left\"><strong>SPECIFIKATIONEN:\u00a0<\/strong><\/p>\n<p style=\"text-align: left\"><span data-contrast=\"none\"><strong>Geh\u00e4usegr\u00f6\u00dfe:<\/strong> 36 mm (gemessenohne\u00a0Kronenschutz\u00a0und\u00a0Krone)<\/span><span data-ccp-props=\"{}\">\u00a0<\/span><\/p>\n<p style=\"text-align: left\"><span data-contrast=\"none\">Edelstahlgeh\u00e4use,Wasserdichtigkeit: 100 m<\/span><span data-ccp-props=\"{}\">\u00a0<\/span><\/p>\n<p style=\"text-align: left\"><span data-contrast=\"none\"><strong>Uhrwerk:<\/strong> Breitling Kaliber 37 (Automatik)<\/span><span data-ccp-props=\"{}\">\u00a0<\/span><\/p>\n<p style=\"text-align: left\"><span data-contrast=\"none\"><strong>Glas:<\/strong> Saphirglas<\/span><span data-ccp-props=\"{}\">\u00a0<\/span><\/p>\n<p style=\"text-align: left\"><span data-contrast=\"none\"><strong>Armband: <\/strong>Edelstahlarmband\u00a0mit\u00a0Faltschlie\u00dfe<\/span><span data-ccp-props=\"{}\">\u00a0<\/span><\/p>\n<p style=\"text-align: left\"><span data-contrast=\"none\">Silbernes Perlmuttzifferblatt mit werkseitig gefassten Diamantindizes<\/span><span data-ccp-props=\"{}\">\u00a0<\/span><\/p>\n<p style=\"text-align: left\"><span data-contrast=\"none\">Bei\u00a0Fragen\u00a0stehen\u00a0wir\u00a0Ihnen\u00a0gerne\u00a0zur\u00a0Verf\u00fcgung.\u00a0Virtuelle\u00a0und\u00a0pers\u00f6nliche\u00a0Besichtigung\u00a0nur\u00a0nach\u00a0Vereinbarung.<\/span><span data-ccp-props=\"{}\">\u00a0<\/span><\/p>\n","protected":false},"excerpt":{"rendered":"<p style=\"text-align: left\"><span data-contrast=\"none\">Wir\u00a0bieten\u00a0eine\u00a0wundersch\u00f6ne\u00a0Breitling\u00a0Galactic\u00a0mit\u00a0Perlmuttzifferblatt\u00a0und\u00a0Werksbesatz\u00a0mit\u00a0Diamanten\u00a0an.\u00a0Sie\u00a0wurde\u00a0im\u00a0Oktober\u00a02019\u00a0von\u00a0einem\u00a0autorisierten\u00a0H\u00e4ndler\u00a0in\u00a0der\u00a0Schweiz\u00a0verkauft\u00a0und\u00a0stammt\u00a0aus\u00a0dem\u00a0Besitz\u00a0der\u00a0Familie\u00a0des\u00a0Erstbesitzers.<\/span><span data-ccp-props=\"{}\">\u00a0<\/span><\/p>\n<p style=\"text-align: left\"><span data-contrast=\"none\">Die\u00a0Breitling\u00a0A3733012\u00a0geh\u00f6rt\u00a0zur\u00a0eleganten\u00a0Transocean-Kollektion,\u00a0einer\u00a0Linie,\u00a0die\u00a0die\u00a0reiche\u00a0Tradition\u00a0der\u00a0Marke\u00a0in\u00a0der\u00a0Luftfahrt\u00a0und\u00a0der\u00a0klassischen\u00a0Uhrmacherkunst\u00a0w\u00fcrdigt.<\/span><span data-ccp-props=\"{}\">\u00a0<\/span><\/p>\n<p style=\"text-align: left\"><span data-contrast=\"none\"><strong>Zustand:\u00a0<\/strong>Guter\u00a0Zustand\u00a0mit\u00a0minimalen\u00a0Gebrauchsspuren.\u00a0Bitte\u00a0beachten\u00a0Sie\u00a0die\u00a0hochaufl\u00f6senden\u00a0Originalfotos,\u00a0um\u00a0sich\u00a0vom\u00a0Zustand\u00a0der\u00a0Uhr\u00a0zu\u00a0\u00fcberzeugen.<\/span><span data-ccp-props=\"{}\">\u00a0<\/span><\/p>\n<p style=\"text-align: left\"><span data-contrast=\"none\"><strong>Zubeh\u00f6r:<\/strong>\u00a0Komplettset\u00a0mit\u00a0Box\u00a0und\u00a0allen\u00a0Dokumenten,\u00a0wie\u00a0abgebildet.<\/span><span data-ccp-props=\"{}\">\u00a0<\/span><\/p>\n<p style=\"text-align: left\"><span data-contrast=\"none\"><strong>Garantie:<\/strong>\u00a0Wir\u00a0garantieren\u00a0die\u00a0Echtheit\u00a0der\u00a0Uhr.\u00a0Wir\u00a0garantieren\u00a0au\u00dferdem\u00a0die\u00a0einwandfreie\u00a0Funktion\u00a0dieses\u00a0Zeitmessers\u00a0f\u00fcr\u00a012\u00a0Monate\u00a0ab\u00a0Kaufdatum.<\/span><span data-ccp-props=\"{}\">\u00a0<\/span><\/p>\n","protected":false},"featured_media":38797,"template":"","meta":{"om_disable_all_campaigns":false,"_monsterinsights_skip_tracking":false,"_monsterinsights_sitenote_active":false,"_monsterinsights_sitenote_note":"","_monsterinsights_sitenote_category":0},"product_brand":[],"product_cat":[59,365],"product_tag":[],"class_list":{"0":"post-39012","1":"product","2":"type-product","3":"status-publish","4":"has-post-thumbnail","6":"product_cat-contemporary-de","7":"product_cat-damen","9":"first","10":"instock","11":"taxable","12":"shipping-taxable","13":"purchasable","14":"product-type-simple"},"aioseo_notices":[],"_links":{"self":[{"href":"https:\/\/chrono-scope.ch\/de\/wp-json\/wp\/v2\/product\/39012","targetHints":{"allow":["GET"]}}],"collection":[{"href":"https:\/\/chrono-scope.ch\/de\/wp-json\/wp\/v2\/product"}],"about":[{"href":"https:\/\/chrono-scope.ch\/de\/wp-json\/wp\/v2\/types\/product"}],"version-history":[{"count":4,"href":"https:\/\/chrono-scope.ch\/de\/wp-json\/wp\/v2\/product\/39012\/revisions"}],"predecessor-version":[{"id":39021,"href":"https:\/\/chrono-scope.ch\/de\/wp-json\/wp\/v2\/product\/39012\/revisions\/39021"}],"wp:featuredmedia":[{"embeddable":true,"href":"https:\/\/chrono-scope.ch\/de\/wp-json\/wp\/v2\/media\/38797"}],"wp:attachment":[{"href":"https:\/\/chrono-scope.ch\/de\/wp-json\/wp\/v2\/media?parent=39012"}],"wp:term":[{"taxonomy":"product_brand","embeddable":true,"href":"https:\/\/chrono-scope.ch\/de\/wp-json\/wp\/v2\/product_brand?post=39012"},{"taxonomy":"product_cat","embeddable":true,"href":"https:\/\/chrono-scope.ch\/de\/wp-json\/wp\/v2\/product_cat?post=39012"},{"taxonomy":"product_tag","embeddable":true,"href":"https:\/\/chrono-scope.ch\/de\/wp-json\/wp\/v2\/product_tag?post=39012"}],"curies":[{"name":"wp","href":"https:\/\/api.w.org\/{rel}","templated":true}]}}