{"id":38610,"date":"2026-04-23T09:28:16","date_gmt":"2026-04-23T09:28:16","guid":{"rendered":"https:\/\/chrono-scope.ch\/?post_type=product&#038;p=38610"},"modified":"2026-04-23T09:30:19","modified_gmt":"2026-04-23T09:30:19","slug":"rolex-datejust-ref-11623-factory-set-diamonds-full-set-2016-rolex-service-2022","status":"publish","type":"product","link":"https:\/\/chrono-scope.ch\/de\/produkt\/rolex-datejust-ref-11623-factory-set-diamonds-full-set-2016-rolex-service-2022\/","title":{"rendered":"Rolex Yacht\u2011Master ref, 268655, full set 2017"},"content":{"rendered":"<p style=\"text-align: left\"><strong>SPEZIFIKATIONEN:<\/strong><\/p>\n<p style=\"text-align: left\"><strong>GEH\u00c4USE &amp; L\u00dcNETTE<\/strong><\/p>\n<p style=\"text-align: left\">Durchmesser: 37 mm, 18 Karat Everose-Gold, Wasserdichtigkeit: 100 m<br \/>\nBeidseitig drehbare 60-Minuten-L\u00fcnette aus Everose-Gold mit mattschwarzem Cerachrom-Einsatz<br \/>\nSaphirglas mit Zykloplupe<\/p>\n<p style=\"text-align: left\"><strong>ZIFFERBLATT<\/strong><\/p>\n<p style=\"text-align: left\">Stundenmarkierungen: Aufgesetzte Everose-Gold-Zeiger mit Chromalight, Zeiger: Mercedes-Zeiger aus Everose-Gold mit Chromalight, Datumsanzeige bei 3 Uhr<\/p>\n<p style=\"text-align: left\"><strong>UHRWERK<\/strong><\/p>\n<p style=\"text-align: left\">Kaliber: Rolex 2236, Automatik, COSC-zertifizierte Syloxi-Siliziumspirale<br \/>\nGangreserve: ca. 55 Stunden<\/p>\n<p style=\"text-align: left\"><strong>ARMBAND<\/strong><\/p>\n<p style=\"text-align: left\">Typ: Oysterflex, Metallkern mit Elastomerbeschichtung<br \/>\nVerschluss: Oysterlock-Sicherheitsverschluss aus Everose-Gold<\/p>\n<p style=\"text-align: left\">Bei Fragen stehen wir Ihnen gerne zur Verf\u00fcgung. Virtuelle und pers\u00f6nliche Besichtigung nur nach Vereinbarung.<\/p>\n","protected":false},"excerpt":{"rendered":"<p style=\"text-align: left\"><strong>Rolex Yacht-Master Ref. 268655, Komplettset 2017<\/strong><\/p>\n<p style=\"text-align: left\">Die Rolex Yacht-Master 268655 ist die 37-mm-Version der luxuri\u00f6sen Sportuhr von Rolex in Everose-Gold. Sie vereint die Eleganz von Edelmetallen mit modernen Materialien. Das 18-kar\u00e4tige Everose-Gold und das Hightech-Oysterflex-Elastomerarmband ergeben eine elegante, sportliche und \u00e4u\u00dferst komfortable Uhr.<\/p>\n<p style=\"text-align: left\">Die Yacht-Master wurde am 2. Juni 2017 direkt von Rolex Genf verkauft.<\/p>\n<p style=\"text-align: left\"><strong>Zustand:<\/strong> Neuwertig mit minimalen Gebrauchsspuren. Bitte beachten Sie die hochaufl\u00f6senden Originalfotos, um den Zustand der Uhr zu beurteilen.<\/p>\n<p style=\"text-align: left\"><strong>ZUBEH\u00d6R:<\/strong> Komplettes Set mit Box und Papieren, wie abgebildet.<\/p>\n<p style=\"text-align: left\"><strong>GARANTIE:<\/strong> Wir garantieren die Echtheit der Uhr. Wir garantieren au\u00dferdem die einwandfreie Funktion des Zeitmessers f\u00fcr 12 Monate ab Kaufdatum.<\/p>\n","protected":false},"featured_media":38628,"template":"","meta":{"om_disable_all_campaigns":false,"_monsterinsights_skip_tracking":false,"_monsterinsights_sitenote_active":false,"_monsterinsights_sitenote_note":"","_monsterinsights_sitenote_category":0},"product_brand":[],"product_cat":[59,365,62],"product_tag":[],"class_list":{"0":"post-38610","1":"product","2":"type-product","3":"status-publish","4":"has-post-thumbnail","6":"product_cat-contemporary-de","7":"product_cat-damen","8":"product_cat-rolex-de","10":"first","11":"instock","12":"taxable","13":"shipping-taxable","14":"purchasable","15":"product-type-simple"},"aioseo_notices":[],"_links":{"self":[{"href":"https:\/\/chrono-scope.ch\/de\/wp-json\/wp\/v2\/product\/38610","targetHints":{"allow":["GET"]}}],"collection":[{"href":"https:\/\/chrono-scope.ch\/de\/wp-json\/wp\/v2\/product"}],"about":[{"href":"https:\/\/chrono-scope.ch\/de\/wp-json\/wp\/v2\/types\/product"}],"version-history":[{"count":4,"href":"https:\/\/chrono-scope.ch\/de\/wp-json\/wp\/v2\/product\/38610\/revisions"}],"predecessor-version":[{"id":38617,"href":"https:\/\/chrono-scope.ch\/de\/wp-json\/wp\/v2\/product\/38610\/revisions\/38617"}],"wp:featuredmedia":[{"embeddable":true,"href":"https:\/\/chrono-scope.ch\/de\/wp-json\/wp\/v2\/media\/38628"}],"wp:attachment":[{"href":"https:\/\/chrono-scope.ch\/de\/wp-json\/wp\/v2\/media?parent=38610"}],"wp:term":[{"taxonomy":"product_brand","embeddable":true,"href":"https:\/\/chrono-scope.ch\/de\/wp-json\/wp\/v2\/product_brand?post=38610"},{"taxonomy":"product_cat","embeddable":true,"href":"https:\/\/chrono-scope.ch\/de\/wp-json\/wp\/v2\/product_cat?post=38610"},{"taxonomy":"product_tag","embeddable":true,"href":"https:\/\/chrono-scope.ch\/de\/wp-json\/wp\/v2\/product_tag?post=38610"}],"curies":[{"name":"wp","href":"https:\/\/api.w.org\/{rel}","templated":true}]}}