{"id":38168,"date":"2026-04-07T08:58:12","date_gmt":"2026-04-07T08:58:12","guid":{"rendered":"https:\/\/chrono-scope.ch\/product\/omega-speedmaster-apollo-11-40th-anniversary-the-eagle-has-landed-full-set-limited-edition\/"},"modified":"2026-04-07T09:11:10","modified_gmt":"2026-04-07T09:11:10","slug":"omega-speedmaster-apollo-11-40th-anniversary-the-eagle-has-landed-full-set-limited-edition","status":"publish","type":"product","link":"https:\/\/chrono-scope.ch\/de\/produkt\/omega-speedmaster-apollo-11-40th-anniversary-the-eagle-has-landed-full-set-limited-edition\/","title":{"rendered":"Omega Speedmaster Apollo 11 40th Anniversary \u201cThe Eagle Has Landed\u201d Full Set Limited Edition"},"content":{"rendered":"<p style=\"text-align: left\"><strong>MODELL\/REFERENZ:<\/strong> Omega Speedmaster Apollo 11, Referenz 311.30.42.30.01.002. Mit dem Beinamen \u201eDer Adler ist gelandet\u201c. Dieses Sondermodell wurde 2009 zum 40. Jahrestag der Mondlandung lanciert. Es handelt sich um ein limitiertes Komplettset. Inventarnummer: 60303-1.<\/p>\n<p style=\"text-align: left\"><strong>Zifferblatt + Zeiger:<\/strong> Mattschwarzes \u201eMoon\u201c-Zifferblatt in Mintgr\u00fcn mit klassischem Tri-Compax-Layout.<\/p>\n<p style=\"text-align: left\">Das Hilfszifferblatt bei 9 Uhr zeigt ein Medaillon mit dem Abzeichen der Apollo-11-Mission: einen Adler, der mit einem Olivenzweig auf dem Mond landet. Dar\u00fcber befindet sich die rote Aufschrift \u201e02:56 GMT\u201c, die den historischen ersten Schritt markiert.<\/p>\n<p style=\"text-align: left\">Wei\u00dfe Zeiger und lackierte Indizes mit Super-LumiNova\u00ae gew\u00e4hrleisten hervorragende Ablesbarkeit und bewahren die ikonische Speedmaster-\u00c4sthetik.<\/p>\n<p style=\"text-align: left\"><strong>Glas:<\/strong> Signiertes Hesalitglas in exzellentem Zustand mit leichten Gebrauchsspuren.<\/p>\n<p style=\"text-align: left\"><strong>Geh\u00e4use:<\/strong> 42 mm Edelstahlgeh\u00e4use mit einer Dicke von ca. 14,5 mm und einem Bandansto\u00dfabstand von 48 mm. Nach der professionellen Politur befindet sich das Geh\u00e4use in sehr gutem Zustand und weist keine sichtbaren Gebrauchsspuren auf.<\/p>\n<p style=\"text-align: left\">Die feststehende schwarze Aluminiuml\u00fcnette verf\u00fcgt \u00fcber die klassische Tachymeterskala und weist bei 8 Uhr eine Besch\u00e4digung auf.<\/p>\n<p style=\"text-align: left\"><strong>GEH\u00c4USEBODEN:<\/strong> Der verschraubte Edelstahl-Geh\u00e4useboden tr\u00e4gt ein Apollo-11-Medaillon aus 925er Sterlingsilber mit dem Motiv der Adlerlandung. Es ist gut erhalten und weist scharfe Details auf. Die Gravur, einschlie\u00dflich der Nummer der limitierten Auflage, ist gut lesbar.<\/p>\n<p style=\"text-align: left\"><strong>KRONE + DR\u00dcCKER:<\/strong> Signierte Krone und Chronographendr\u00fccker, die einwandfrei funktionieren und eine pr\u00e4zise Bet\u00e4tigung erm\u00f6glichen.<\/p>\n<p style=\"text-align: left\"><strong>UHRWERK:<\/strong> Handaufzugs-Chronographenwerk Omega Kaliber 1861.<\/p>\n<p style=\"text-align: left\">Das Werk mit Nocken- und Seitenkupplungssystem ist rhodiniert, signiert und nummeriert. Es wurde gepr\u00fcft und alle Funktionen arbeiten einwandfrei.<\/p>\n<p style=\"text-align: left\"><strong>BAND:<\/strong> Geb\u00fcrstetes Edelstahlarmband mit polierten Innengliedern und signierter Faltschlie\u00dfe.<\/p>\n<p style=\"text-align: left\"><strong>ZUBEH\u00d6R:<\/strong> Komplettes Set inklusive einer speziellen Pr\u00e4sentationsbox mit Apollo-11-Medaille aus Sterlingsilber, Buch, Karten, Brosch\u00fcren und Omega-Servicedokument aus dem Jahr 2021.<\/p>\n<p style=\"text-align: left\"><strong>GARANTIE:<\/strong> Wir garantieren die Echtheit der Uhr. Zudem gew\u00e4hren wir eine 12-monatige Garantie auf die einwandfreie Funktion des Zeitmessers. Alle Garantien unterliegen den Allgemeinen Gesch\u00e4ftsbedingungen.<\/p>\n<p style=\"text-align: left\">Bei Fragen stehen wir Ihnen gerne zur Verf\u00fcgung. Eine pers\u00f6nliche oder virtuelle Besichtigung ist nach Vereinbarung m\u00f6glich.<\/p>\n","protected":false},"excerpt":{"rendered":"<p style=\"text-align: left\">Die <strong>Omega Speedmaster<\/strong> feiert einen der gr\u00f6\u00dften Meilensteine \u200b\u200bder Menschheit: 1969, als die Menschheit buchst\u00e4blich ihre Spuren auf dem Mond hinterlie\u00df. Kaum eine Uhr ist so eng mit der Geschichte verbunden wie die Speedmaster, der Chronograph, der die Astronauten auf dieser legend\u00e4ren Mission begleitete.<\/p>\n<p style=\"text-align: left\">Diese auf 7.969 St\u00fcck limitierte Edition, die zum 40. Jahrestag von Apollo 11 erscheint, w\u00fcrdigt diesen entscheidenden Moment mit subtilen, aber bedeutungsvollen Details. Von den Medaillons aus Sterlingsilber bis hin zur ikonischen Inschrift \u201e02:56 GMT\u201c, dem genauen Zeitpunkt von Neil Armstrongs erstem Schritt auf dem Mond. Eine Moonwatch mit Geschichte \u2026 und einem Hauch von Sternenstaub.<\/p>\n<p style=\"text-align: left\">Bitte sehen Sie sich die hochaufl\u00f6senden Bilder an, um den Zustand der Uhr zu beurteilen.<\/p>\n","protected":false},"featured_media":38138,"template":"","meta":{"om_disable_all_campaigns":false,"_monsterinsights_skip_tracking":false,"_monsterinsights_sitenote_active":false,"_monsterinsights_sitenote_note":"","_monsterinsights_sitenote_category":0},"product_brand":[],"product_cat":[109,61],"product_tag":[],"class_list":{"0":"post-38168","1":"product","2":"type-product","3":"status-publish","4":"has-post-thumbnail","6":"product_cat-neo-vintage-de","7":"product_cat-omega-de","9":"first","10":"instock","11":"taxable","12":"shipping-taxable","13":"purchasable","14":"product-type-simple"},"aioseo_notices":[],"_links":{"self":[{"href":"https:\/\/chrono-scope.ch\/de\/wp-json\/wp\/v2\/product\/38168","targetHints":{"allow":["GET"]}}],"collection":[{"href":"https:\/\/chrono-scope.ch\/de\/wp-json\/wp\/v2\/product"}],"about":[{"href":"https:\/\/chrono-scope.ch\/de\/wp-json\/wp\/v2\/types\/product"}],"version-history":[{"count":2,"href":"https:\/\/chrono-scope.ch\/de\/wp-json\/wp\/v2\/product\/38168\/revisions"}],"predecessor-version":[{"id":38169,"href":"https:\/\/chrono-scope.ch\/de\/wp-json\/wp\/v2\/product\/38168\/revisions\/38169"}],"wp:featuredmedia":[{"embeddable":true,"href":"https:\/\/chrono-scope.ch\/de\/wp-json\/wp\/v2\/media\/38138"}],"wp:attachment":[{"href":"https:\/\/chrono-scope.ch\/de\/wp-json\/wp\/v2\/media?parent=38168"}],"wp:term":[{"taxonomy":"product_brand","embeddable":true,"href":"https:\/\/chrono-scope.ch\/de\/wp-json\/wp\/v2\/product_brand?post=38168"},{"taxonomy":"product_cat","embeddable":true,"href":"https:\/\/chrono-scope.ch\/de\/wp-json\/wp\/v2\/product_cat?post=38168"},{"taxonomy":"product_tag","embeddable":true,"href":"https:\/\/chrono-scope.ch\/de\/wp-json\/wp\/v2\/product_tag?post=38168"}],"curies":[{"name":"wp","href":"https:\/\/api.w.org\/{rel}","templated":true}]}}