{"id":38122,"date":"2026-04-06T13:04:41","date_gmt":"2026-04-06T13:04:41","guid":{"rendered":"https:\/\/chrono-scope.ch\/product\/universal-geneve-white-shadow-ellipse-microrotor-kal-2-66-mintblaues-zifferblatt-2\/"},"modified":"2026-04-06T13:47:37","modified_gmt":"2026-04-06T13:47:37","slug":"universal-geneve-white-shadow-ellipse-microrotor-kal-2-66-mintblaues-zifferblatt-2","status":"publish","type":"product","link":"https:\/\/chrono-scope.ch\/de\/produkt\/universal-geneve-white-shadow-ellipse-microrotor-kal-2-66-mintblaues-zifferblatt-2\/","title":{"rendered":"Universal Geneve White Shadow Ellipse, Microrotor Cal. 2-66, mint blue dial"},"content":{"rendered":"<p style=\"text-align: left\"><b><span data-contrast=\"auto\">MODELL \/ REFERENZ:\u00a0<\/span><\/b><span data-contrast=\"auto\">Universal\u00a0Geneve\u00a0\u201eWhite Shadow\u201c Blue Ellipse, Seriennummer: 3\u2019367\u2019853. Inventarnummer: 60206-1<\/span><span data-ccp-props=\"{&quot;201341983&quot;:0,&quot;335559739&quot;:200,&quot;335559740&quot;:276}\">\u00a0<\/span><\/p>\n<p style=\"text-align: left\"><b><span data-contrast=\"auto\">ZIFFERBLATT + ZEIGER:<\/span><\/b><span data-contrast=\"auto\">\u00a0Das\u00a0tiefblaue\u00a0Zifferblatt\u00a0ist\u00a0ein\u00a0echter\u00a0Blickfang. Der\u00a0kontrastierende\u00a0weisse\u00a0Aufdruck\u00a0ist\u00a0scharf\u00a0und\u00a0weist\u00a0keinerlei\u00a0Besch\u00e4digungen\u00a0auf.<\/span><span data-ccp-props=\"{&quot;201341983&quot;:0,&quot;335559739&quot;:200,&quot;335559740&quot;:276}\">\u00a0<\/span><\/p>\n<p style=\"text-align: left\"><span data-contrast=\"auto\">Das Zifferblatt\u00a0befindet\u00a0sich\u00a0in\u00a0nahezu\u00a0neuwertigem\u00a0Zustand.\u00a0Siehe\u00a0Abbildungen.<\/span><span data-ccp-props=\"{&quot;201341983&quot;:0,&quot;335559739&quot;:200,&quot;335559740&quot;:276}\">\u00a0<\/span><\/p>\n<p style=\"text-align: left\"><b><span data-contrast=\"auto\">GLAS:<\/span><\/b><span data-contrast=\"auto\">\u00a0Das\u00a0Mineralglas\u00a0ist\u00a0in\u00a0guten\u00a0Zustand.\u00a0<\/span><span data-ccp-props=\"{&quot;201341983&quot;:0,&quot;335559739&quot;:200,&quot;335559740&quot;:276}\">\u00a0<\/span><\/p>\n<p style=\"text-align: left\"><span data-contrast=\"auto\"><strong>GEH\u00c4USE:<\/strong> Mit seiner\u00a0markanten\u00a0elliptischen\u00a0Form\u00a0strahlt\u00a0das\u00a0Edelstahlgeh\u00e4use\u00a0viel\u00a0Charakter\u00a0und\u00a0zeitlose\u00a0Eleganz\u00a0aus.\u00a0Es\u00a0ist\u00a031 mm\u00a0breit, 34,5 mm lang und\u00a0wirkt\u00a0unpoliert. Die\u00a0Konturen\u00a0sind\u00a0klar\u00a0definiert, und die\u00a0Oberfl\u00e4che\u00a0weist\u00a0nur\u00a0minimale\u00a0Gebrauchsspuren\u00a0auf, die\u00a0einem\u00a0sorgsamen\u00a0Umgang\u00a0entsprechen.<\/span><span data-ccp-props=\"{&quot;201341983&quot;:0,&quot;335559739&quot;:200,&quot;335559740&quot;:276}\">\u00a0<\/span><\/p>\n<p style=\"text-align: left\"><b><span data-contrast=\"auto\">GEH\u00c4USEBODEN:\u00a0<\/span><\/b><span data-contrast=\"auto\">Der\u00a0aufsteckbare\u00a0Edelstahl-Geh\u00e4useboden\u00a0befindet\u00a0sich\u00a0in\u00a0gutem\u00a0Zustand. Dies\u00a0zeigt\u00a0sich\u00a0an der\u00a0vertikal\u00a0geb\u00fcrsteten\u00a0Oberfl\u00e4che\u00a0sowie\u00a0den\u00a0beiden\u00a0klar\u00a0eingepr\u00e4gten\u00a0Referenz- und\u00a0Seriennummern. Die\u00a0Oberfl\u00e4che\u00a0weist\u00a0nur\u00a0geringe, dem Alter der Uhr\u00a0entsprechende\u00a0Gebrauchsspuren\u00a0auf. Die\u00a0Innenseite\u00a0ist\u00a0sauber\u00a0und\u00a0tr\u00e4gt\u00a0alle\u00a0korrekten\u00a0Stempel.<\/span><span data-ccp-props=\"{&quot;201341983&quot;:0,&quot;335559739&quot;:200,&quot;335559740&quot;:276}\">\u00a0<\/span><\/p>\n<p style=\"text-align: left\"><b><span data-contrast=\"auto\">KRONE<\/span><\/b><span data-contrast=\"auto\">:\u00a0Signierte\u00a0Krone<\/span><span data-ccp-props=\"{&quot;201341983&quot;:0,&quot;335559739&quot;:200,&quot;335559740&quot;:276}\">\u00a0<\/span><\/p>\n<p style=\"text-align: left\"><b><span data-contrast=\"auto\">UHRWERK:<\/span><\/b><span data-contrast=\"auto\">\u00a0Das\u00a0Manufakturkaliber\u00a02-66\u00a0galt\u00a0damals\u00a0als\u00a0das\u00a0flachste\u00a0Automatikwerk\u00a0der Welt. Es\u00a0ist\u00a0ein\u00a0\u00e4u\u00dferst\u00a0zuverl\u00e4ssiges\u00a0Werk, das in\u00a0zwei\u00a0Lagen\u00a0reguliert\u00a0wurde\u00a0und\u00a0\u00fcber\u00a0den\u00a0charakteristischen\u00a0Mikrorotor\u00a0verf\u00fcgt. Es\u00a0wurde\u00a0gepr\u00fcft,\u00a0l\u00e4uft\u00a0einwandfrei\u00a0und\u00a0h\u00e4lt\u00a0die Zeit\u00a0genau.<\/span><span data-ccp-props=\"{&quot;201341983&quot;:0,&quot;335559739&quot;:200,&quot;335559740&quot;:276}\">\u00a0<\/span><\/p>\n<p style=\"text-align: left\"><b><span data-contrast=\"auto\">BAND:<\/span><\/b><span data-contrast=\"auto\">\u00a0Das seidenweiche\u00a0Milanaise-Armband ist in gutem Zustand und wird mit einer signierten Schlie\u00dfe geliefert.<\/span><span data-ccp-props=\"{&quot;201341983&quot;:0,&quot;335559739&quot;:200,&quot;335559740&quot;:276}\">\u00a0<\/span><\/p>\n<p style=\"text-align: left\"><b><span data-contrast=\"auto\">ZUBEH\u00d6R:<\/span><\/b><span data-contrast=\"auto\">\u00a0Universal-Box\u00a0<\/span><span data-ccp-props=\"{&quot;201341983&quot;:0,&quot;335559739&quot;:200,&quot;335559740&quot;:276}\">\u00a0<\/span><\/p>\n<p style=\"text-align: left\"><span data-contrast=\"auto\">Zifferblatt, Krone,\u00a0Geh\u00e4useboden, Armband und Werk\u00a0sind\u00a0signiert. Die Uhr\u00a0ist\u00a0voll\u00a0funktionsf\u00e4hig\u00a0und\u00a0sofort\u00a0tragbar.<\/span><span data-ccp-props=\"{&quot;201341983&quot;:0,&quot;335559739&quot;:200,&quot;335559740&quot;:276}\">\u00a0<\/span><\/p>\n<p style=\"text-align: left\"><b><span data-contrast=\"auto\">GARANTIE:\u00a0<\/span><\/b><span data-contrast=\"auto\">Wir\u00a0gew\u00e4hren\u00a012\u00a0Monate\u00a0Garantie\u00a0auf die\u00a0einwandfreie\u00a0Funktion\u00a0dieser\u00a0Uhr. Alle\u00a0Garantiebedingungen\u00a0unterliegen\u00a0den\u00a0Allgemeinen\u00a0Gesch\u00e4ftsbedingungen.<\/span><span data-ccp-props=\"{&quot;201341983&quot;:0,&quot;335559739&quot;:200,&quot;335559740&quot;:276}\">\u00a0<\/span><\/p>\n<p style=\"text-align: left\"><span data-contrast=\"auto\">Bei\u00a0Fragen\u00a0stehen\u00a0wir\u00a0Ihnen gerne\u00a0zur\u00a0Verf\u00fcgung. Eine\u00a0pers\u00f6nliche\u00a0oder\u00a0virtuelle\u00a0Besichtigung\u00a0ist\u00a0nach\u00a0Vereinbarung\u00a0m\u00f6glich.<\/span><span data-ccp-props=\"{&quot;201341983&quot;:0,&quot;335559739&quot;:200,&quot;335559740&quot;:276}\">\u00a0<\/span><\/p>\n","protected":false},"excerpt":{"rendered":"<p style=\"text-align: left\"><strong>Universal Gen\u00e8ve White Shadow Ellipse,\u00a0Microrotor\u00a0Kal. 2-66,\u00a0mintblaues\u00a0Zifferblatt\u00a0<\/strong><\/p>\n<p style=\"text-align: left\">In der Welt der\u00a0Uhrmacherei\u00a0gibt\u00a0es\u00a0Zeitmesser, die\u00a0zu\u00a0wahren\u00a0Ikonen\u00a0werden\u00a0und Trends und\u00a0Generationen\u00a0\u00fcberdauern\u00a0\u2013\u00a0mit\u00a0einem\u00a0bleibenden\u00a0Verm\u00e4chtnis. Die\u00a0originale\u00a0Ellipse\u00a0ist\u00a0zweifellos\u00a0eine\u00a0Legende\u00a0der\u00a0Uhrmacherkunst. (Entschuldigung, Patek Philippe,\u00a0wir\u00a0sprechen\u00a0hier\u00a0von der Universal Gen\u00e8ve Ellipse!)<\/p>\n<p style=\"text-align: left\">Ja, richtig gelesen: Das Design der Universal Gen\u00e8ve Ellipse entstand zwei Jahre vor der Patek Philippe. Als Idee von Gerald\u00a0Genta\u00a0avancierte dieses Modell schnell zum stillen Helden der Marke. Seine unverkennbare ovale Form ist vom Goldenen Schnitt inspiriert, einem ausgewogenen Verh\u00e4ltnis, das \u00fcberall in der Natur zu finden ist. Damit repr\u00e4sentiert es eine emblematische \u00c4ra des Designs.<\/p>\n<p style=\"text-align: left\">Bitte\u00a0lesen\u00a0Sie den\u00a0Zustandsbericht\u00a0sorgf\u00e4ltig\u00a0und\u00a0sehen\u00a0Sie\u00a0sich\u00a0die\u00a0hochaufl\u00f6senden\u00a0Bilder an, um den\u00a0Gesamtzustand\u00a0der Uhr\u00a0besser\u00a0beurteilen\u00a0zu\u00a0k\u00f6nnen.<\/p>\n","protected":false},"featured_media":38092,"template":"","meta":{"om_disable_all_campaigns":false,"_monsterinsights_skip_tracking":false,"_monsterinsights_sitenote_active":false,"_monsterinsights_sitenote_note":"","_monsterinsights_sitenote_category":0},"product_brand":[],"product_cat":[112],"product_tag":[],"class_list":{"0":"post-38122","1":"product","2":"type-product","3":"status-publish","4":"has-post-thumbnail","6":"product_cat-universal-geneve-de","8":"first","9":"instock","10":"taxable","11":"shipping-taxable","12":"purchasable","13":"product-type-simple"},"aioseo_notices":[],"_links":{"self":[{"href":"https:\/\/chrono-scope.ch\/de\/wp-json\/wp\/v2\/product\/38122","targetHints":{"allow":["GET"]}}],"collection":[{"href":"https:\/\/chrono-scope.ch\/de\/wp-json\/wp\/v2\/product"}],"about":[{"href":"https:\/\/chrono-scope.ch\/de\/wp-json\/wp\/v2\/types\/product"}],"version-history":[{"count":3,"href":"https:\/\/chrono-scope.ch\/de\/wp-json\/wp\/v2\/product\/38122\/revisions"}],"predecessor-version":[{"id":38124,"href":"https:\/\/chrono-scope.ch\/de\/wp-json\/wp\/v2\/product\/38122\/revisions\/38124"}],"wp:featuredmedia":[{"embeddable":true,"href":"https:\/\/chrono-scope.ch\/de\/wp-json\/wp\/v2\/media\/38092"}],"wp:attachment":[{"href":"https:\/\/chrono-scope.ch\/de\/wp-json\/wp\/v2\/media?parent=38122"}],"wp:term":[{"taxonomy":"product_brand","embeddable":true,"href":"https:\/\/chrono-scope.ch\/de\/wp-json\/wp\/v2\/product_brand?post=38122"},{"taxonomy":"product_cat","embeddable":true,"href":"https:\/\/chrono-scope.ch\/de\/wp-json\/wp\/v2\/product_cat?post=38122"},{"taxonomy":"product_tag","embeddable":true,"href":"https:\/\/chrono-scope.ch\/de\/wp-json\/wp\/v2\/product_tag?post=38122"}],"curies":[{"name":"wp","href":"https:\/\/api.w.org\/{rel}","templated":true}]}}