{"id":38076,"date":"2026-04-05T14:40:23","date_gmt":"2026-04-05T14:40:23","guid":{"rendered":"https:\/\/chrono-scope.ch\/product\/jaeger-lecoultre-grande-reverso-day-date-reference-270-6-36\/"},"modified":"2026-04-06T13:46:07","modified_gmt":"2026-04-06T13:46:07","slug":"jaeger-lecoultre-grande-reverso-day-date-reference-270-6-36","status":"publish","type":"product","link":"https:\/\/chrono-scope.ch\/de\/produkt\/jaeger-lecoultre-grande-reverso-day-date-reference-270-6-36\/","title":{"rendered":"Jaeger LeCoultre Grande Reverso Day Date Reference 270.6.36"},"content":{"rendered":"<p style=\"text-align: left\"><span data-contrast=\"auto\"><strong>MODELL\/REFERENZ:<\/strong> Jaeger-LeCoultre Grande\u00a0Reverso\u00a0Day Date, Referenz 270.8.36. Dies ist ein vollst\u00e4ndiges Set, urspr\u00fcnglich verkauft im Jahr 1998. Inventarnummer: 60211.<\/span><span data-ccp-props=\"{}\">\u00a0<\/span><\/p>\n<p style=\"text-align: left\"><span data-contrast=\"auto\"><strong>Zifferblatt + Zeiger:\u00a0<\/strong>zweifarbiges silbernes Zifferblatt mit aufgemalten arabischen Ziffern und eleganten gebl\u00e4uten Stahlzeigern.<\/span><span data-ccp-props=\"{}\">\u00a0<\/span><\/p>\n<ul style=\"text-align: left\">\n<li><span data-contrast=\"auto\">Das Layout\u00a0verf\u00fcgt\u00a0\u00fcber\u00a0eine\u00a0Datumsanzeige\u00a0bei\u00a011 Uhr,\u00a0eine\u00a0kleine\u00a0Sekunde\u00a0bei\u00a06 Uhr und\u00a0eine\u00a0Datumsanzeige\u00a0mit\u00a0rotem\u00a0Zeiger.<\/span><span data-ccp-props=\"{}\">\u00a0<\/span><\/li>\n<li><span data-contrast=\"auto\">Das Zifferblatt\u00a0ist\u00a0sauber\u00a0und gut\u00a0erhalten\u00a0und\u00a0bietet\u00a0hervorragende\u00a0Ablesbarkeit\u00a0sowie\u00a0ein\u00a0raffiniertes,\u00a0ausgewogenes\u00a0Design.<\/span><span data-ccp-props=\"{}\">\u00a0<\/span><\/li>\n<\/ul>\n<p style=\"text-align: left\"><span data-contrast=\"auto\"><strong>Glas:\u00a0<\/strong>Saphirglas\u00a0in\u00a0exzellentem\u00a0Zustand.<\/span><span data-ccp-props=\"{}\">\u00a0<\/span><\/p>\n<p style=\"text-align: left\"><span data-contrast=\"auto\"><strong>Geh\u00e4use:<\/strong><br \/>\n<\/span><\/p>\n<ul style=\"text-align: left\">\n<li><span data-contrast=\"auto\">Das\u00a0rechteckige\u00a0Edelstahlgeh\u00e4use\u00a0ist\u00a026 mm\u00a0breit\u00a0und\u00a0misst\u00a042 mm von\u00a0Bandansto\u00df\u00a0zu\u00a0Bandansto\u00df. Es\u00a0ist\u00a0poliert\u00a0und\u00a0weist\u00a0keine\u00a0sichtbaren\u00a0Kratzer\u00a0oder\u00a0Dellen auf.<\/span><span data-ccp-props=\"{}\">\u00a0<\/span><\/li>\n<li><span data-contrast=\"auto\">Wie von einer\u00a0Reverso\u00a0zu erwarten, l\u00e4sst sich das Geh\u00e4use leicht \u00f6ffnen und gibt eine glatte, saubere Oberfl\u00e4che frei.<\/span><span data-ccp-props=\"{}\">\u00a0<\/span><\/li>\n<li><span data-contrast=\"auto\">Der\u00a0Edelstahlboden\u00a0zeigt\u00a0keine\u00a0Gebrauchsspuren\u00a0und\u00a0tr\u00e4gt\u00a0gut\u00a0lesbare\u00a0Gravuren\u00a0wie\u00a0Referenz- und\u00a0Seriennummer.<\/span><span data-ccp-props=\"{}\">\u00a0<\/span><\/li>\n<\/ul>\n<p style=\"text-align: left\"><span data-contrast=\"auto\"><strong>Krone:<\/strong>\u00a0Signierte\u00a0Krone,\u00a0einwandfreie\u00a0Funktion.<\/span><span data-ccp-props=\"{}\">\u00a0<\/span><\/p>\n<p style=\"text-align: left\"><span data-contrast=\"auto\"><strong>UHRWERK:<\/strong>\u00a0Manufakturkaliber\u00a0836\u00a0mit\u00a0Handaufzug,\u00a0signiert\u00a0und\u00a0nummeriert. Das\u00a0Uhrwerk\u00a0ist\u00a0sauber,\u00a0gepr\u00fcft\u00a0und\u00a0l\u00e4uft\u00a0pr\u00e4zise. Alle\u00a0Funktionen\u00a0sind\u00a0einwandfrei.<\/span><span data-ccp-props=\"{}\">\u00a0<\/span><\/p>\n<p style=\"text-align: left\"><span data-contrast=\"auto\"><strong>BAND:<\/strong> braunes\u00a0Krokodillederarmband\u00a0mit\u00a0signierter\u00a0Edelstahl-Faltschlie\u00dfe.<\/span><span data-ccp-props=\"{}\">\u00a0<\/span><\/p>\n<p style=\"text-align: left\"><span data-contrast=\"auto\"><strong>ZUBEH\u00d6R:<\/strong>\u00a0Komplettes\u00a0Set:\u00a0Originalbox\u00a0und\u00a0Papiere.<\/span><span data-ccp-props=\"{}\">\u00a0<\/span><\/p>\n<p style=\"text-align: left\"><span data-contrast=\"auto\"><strong>GARANTIE:<\/strong> Wir\u00a0garantieren\u00a0die\u00a0Echtheit\u00a0der Uhr.\u00a0Zudem\u00a0gew\u00e4hren\u00a0wir\u00a012\u00a0Monate\u00a0Garantie\u00a0auf die\u00a0einwandfreie\u00a0Funktion. Alle\u00a0Garantien\u00a0unterliegen\u00a0den\u00a0Allgemeinen\u00a0Gesch\u00e4ftsbedingungen.<\/span><span data-ccp-props=\"{}\">\u00a0<\/span><\/p>\n<p style=\"text-align: left\"><span data-contrast=\"auto\">Bei\u00a0Fragen\u00a0stehen\u00a0wir\u00a0Ihnen gerne\u00a0zur\u00a0Verf\u00fcgung. Eine\u00a0pers\u00f6nliche\u00a0oder\u00a0virtuelle\u00a0Besichtigung\u00a0ist\u00a0nach\u00a0Vereinbarung\u00a0m\u00f6glich.<\/span><\/p>\n","protected":false},"excerpt":{"rendered":"<p style=\"text-align: left\"><span data-contrast=\"auto\">Die Jaeger-LeCoultre Grande\u00a0Reverso\u00a0Day Date stammt aus dem Hause Jaeger-LeCoultre, oft als \u201eUhrmacher der Uhrmacher\u201c bezeichnet. Ein Titel, den sich das Unternehmen durch jahrzehntelange Erfahrung in der Lieferung von Uhrwerken an einige der renommiertesten Namen der Uhrmacherkunst erworben hat.<\/span><span data-ccp-props=\"{}\">\u00a0<\/span><\/p>\n<p style=\"text-align: left\"><span data-contrast=\"auto\">Kaum ein Design verk\u00f6rpert diese Tradition besser als die\u00a0Reverso. In den 1930er-Jahren f\u00fcr Polospieler entwickelt, hat sich ihr raffiniertes, drehbares Geh\u00e4use seither zu einer der vielseitigsten Plattformen der Uhrmacherei entwickelt. Von Gangreserveanzeigen und Tourbillons bis hin zu Minutenrepetitionen und ewigen Kalendern \u2013 die\u00a0Reverso\u00a0hat alles abgedeckt und dabei m\u00fchelos Art-d\u00e9co-Eleganz mit ausgepr\u00e4gter mechanischer Pr\u00e4zision vereint.<\/span><span data-ccp-props=\"{}\">\u00a0<\/span><\/p>\n<p style=\"text-align: left\"><span data-contrast=\"auto\">Diese<strong> Grande\u00a0Reverso\u00a0Day Date<\/strong> besticht durch charmante Praktikabilit\u00e4t und erg\u00e4nzt die Uhr um eine Kalenderanzeige, ohne dabei den zeitlosen Charakter des Modells zu verf\u00e4lschen.<\/span><span data-ccp-props=\"{}\">\u00a0<\/span><\/p>\n<p style=\"text-align: left\"><span data-contrast=\"auto\">Bitte\u00a0sehen\u00a0Sie\u00a0sich\u00a0die\u00a0hochaufl\u00f6senden\u00a0Bilder an, um den\u00a0Zustand\u00a0der Uhr\u00a0zu\u00a0beurteilen.<\/span><span data-ccp-props=\"{}\">\u00a0<\/span><\/p>\n<p style=\"text-align: left\"><span data-contrast=\"auto\">Die Jaeger-LeCoultre Grande\u00a0Reverso\u00a0Day Date stammt aus dem Hause Jaeger-LeCoultre, oft als \u201eUhrmacher der Uhrmacher\u201c bezeichnet. Ein Titel, den sich das Unternehmen durch jahrzehntelange Erfahrung in der Lieferung von Uhrwerken an einige der renommiertesten Namen der Uhrmacherkunst erworben hat.<\/span><span data-ccp-props=\"{}\">\u00a0<\/span><\/p>\n<p style=\"text-align: left\"><span data-contrast=\"auto\">Kaum ein Design verk\u00f6rpert diese Tradition besser als die\u00a0Reverso. In den 1930er-Jahren f\u00fcr Polospieler entwickelt, hat sich ihr raffiniertes, drehbares Geh\u00e4use seither zu einer der vielseitigsten Plattformen der Uhrmacherei entwickelt. Von Gangreserveanzeigen und Tourbillons bis hin zu Minutenrepetitionen und ewigen Kalendern \u2013 die\u00a0Reverso\u00a0hat alles abgedeckt und dabei m\u00fchelos Art-d\u00e9co-Eleganz mit ausgepr\u00e4gter mechanischer Pr\u00e4zision vereint.<\/span><span data-ccp-props=\"{}\">\u00a0<\/span><\/p>\n<p style=\"text-align: left\"><span data-contrast=\"auto\">Diese Grande\u00a0Reverso\u00a0Day Date besticht durch charmante Praktikabilit\u00e4t und erg\u00e4nzt die Uhr um eine Kalenderanzeige, ohne dabei den zeitlosen Charakter des Modells zu verf\u00e4lschen.<\/span><span data-ccp-props=\"{}\">\u00a0<\/span><\/p>\n<p style=\"text-align: left\"><span data-contrast=\"auto\">Bitte\u00a0sehen\u00a0Sie\u00a0sich\u00a0die\u00a0hochaufl\u00f6senden\u00a0Bilder an, um den\u00a0Zustand\u00a0der Uhr\u00a0zu\u00a0beurteilen.<\/span><span data-ccp-props=\"{}\">\u00a0<\/span><\/p>\n","protected":false},"featured_media":38055,"template":"","meta":{"om_disable_all_campaigns":false,"_monsterinsights_skip_tracking":false,"_monsterinsights_sitenote_active":false,"_monsterinsights_sitenote_note":"","_monsterinsights_sitenote_category":0},"product_brand":[],"product_cat":[111,109],"product_tag":[],"class_list":{"0":"post-38076","1":"product","2":"type-product","3":"status-publish","4":"has-post-thumbnail","6":"product_cat-jlc-de","7":"product_cat-neo-vintage-de","9":"first","10":"instock","11":"taxable","12":"shipping-taxable","13":"purchasable","14":"product-type-simple"},"aioseo_notices":[],"_links":{"self":[{"href":"https:\/\/chrono-scope.ch\/de\/wp-json\/wp\/v2\/product\/38076","targetHints":{"allow":["GET"]}}],"collection":[{"href":"https:\/\/chrono-scope.ch\/de\/wp-json\/wp\/v2\/product"}],"about":[{"href":"https:\/\/chrono-scope.ch\/de\/wp-json\/wp\/v2\/types\/product"}],"version-history":[{"count":2,"href":"https:\/\/chrono-scope.ch\/de\/wp-json\/wp\/v2\/product\/38076\/revisions"}],"predecessor-version":[{"id":38121,"href":"https:\/\/chrono-scope.ch\/de\/wp-json\/wp\/v2\/product\/38076\/revisions\/38121"}],"wp:featuredmedia":[{"embeddable":true,"href":"https:\/\/chrono-scope.ch\/de\/wp-json\/wp\/v2\/media\/38055"}],"wp:attachment":[{"href":"https:\/\/chrono-scope.ch\/de\/wp-json\/wp\/v2\/media?parent=38076"}],"wp:term":[{"taxonomy":"product_brand","embeddable":true,"href":"https:\/\/chrono-scope.ch\/de\/wp-json\/wp\/v2\/product_brand?post=38076"},{"taxonomy":"product_cat","embeddable":true,"href":"https:\/\/chrono-scope.ch\/de\/wp-json\/wp\/v2\/product_cat?post=38076"},{"taxonomy":"product_tag","embeddable":true,"href":"https:\/\/chrono-scope.ch\/de\/wp-json\/wp\/v2\/product_tag?post=38076"}],"curies":[{"name":"wp","href":"https:\/\/api.w.org\/{rel}","templated":true}]}}