{"id":37928,"date":"2026-03-27T11:02:11","date_gmt":"2026-03-27T11:02:11","guid":{"rendered":"https:\/\/chrono-scope.ch\/product\/iwc-ingenieur-500000-a-m-reference-3508-serviced\/"},"modified":"2026-03-27T15:54:02","modified_gmt":"2026-03-27T15:54:02","slug":"iwc-ingenieur-500000-a-m-reference-3508-serviced","status":"publish","type":"product","link":"https:\/\/chrono-scope.ch\/de\/produkt\/iwc-ingenieur-500000-a-m-reference-3508-serviced\/","title":{"rendered":"IWC Ingenieur 500,000 A\/m Reference 3508 \u2013 serviced"},"content":{"rendered":"<p><b><span data-contrast=\"auto\">MODELL\/REFERENZ:\u00a0<\/span><\/b><span data-contrast=\"auto\">IWC\u00a0Ingenieur\u00a0500.000 A\/m,\u00a0Referenz\u00a03508. Dieses Exemplar\u00a0verf\u00fcgt\u00a0\u00fcber\u00a0eine\u00a0vollst\u00e4ndige\u00a0Servicehistorie.\u00a0Inventarnummer: 60228-2<\/span><span data-ccp-props=\"{&quot;335551550&quot;:1,&quot;335551620&quot;:1}\">\u00a0<\/span><\/p>\n<p><span data-contrast=\"auto\"><b>ZIFFERBLATT + ZEIGER:<\/b>\u00a0 Mattschwarzes Zifferblatt mit klarer Goldpr\u00e4gung und applizierten Stundenmarkierungen. Die Tritium-Leuchtpunkte sind vollst\u00e4ndig erhalten und gleichm\u00e4\u00dfig gealtert. Die Zeiger wurden vermutlich im Rahmen einer Servicema\u00dfnahme ausgetauscht.<\/span><span data-ccp-props=\"{&quot;335551550&quot;:1,&quot;335551620&quot;:1}\">\u00a0<\/span><\/p>\n<p><span data-contrast=\"auto\">Die\u00a0Datumsanzeige\u00a0befindet\u00a0sich\u00a0bei\u00a03 Uhr.<\/span><span data-ccp-props=\"{&quot;335551550&quot;:1,&quot;335551620&quot;:1}\">\u00a0<\/span><\/p>\n<p><span data-contrast=\"auto\">Das Zifferblatt\u00a0ist\u00a0insgesamt\u00a0gut\u00a0erhalten, gut\u00a0ablesbar\u00a0und\u00a0besticht\u00a0durch\u00a0seinen\u00a0dezenten\u00a0Vintage-Charakter.<\/span><span data-ccp-props=\"{&quot;335551550&quot;:1,&quot;335551620&quot;:1}\">\u00a0<\/span><\/p>\n<p><span data-contrast=\"auto\"><b>GLAS:<\/b>Saphirglas in einwandfreiem Zustand.<\/span><span data-ccp-props=\"{&quot;335551550&quot;:1,&quot;335551620&quot;:1}\">\u00a0<\/span><\/p>\n<p><span data-contrast=\"auto\"><b>GEH\u00c4USE:\u00a0<\/b>34 mm Edelstahlgeh\u00e4use mit kompaktem und robustem Profil. Die Oberfl\u00e4che weist leichte Gebrauchsspuren auf, die auf sorgsamen Umgang hindeuten, und hat ihre urspr\u00fcnglichen Proportionen bewahrt. Es sind keine gr\u00f6\u00dferen Dellen erkennbar.<\/span><span data-ccp-props=\"{&quot;335551550&quot;:1,&quot;335551620&quot;:1}\">\u00a0<\/span><\/p>\n<p><b><span data-contrast=\"auto\">GEH\u00c4USEBODEN:<\/span><\/b><span data-contrast=\"auto\">\u00a0Verschraubter\u00a0Edelstahl-Geh\u00e4useboden\u00a0mit\u00a0einigen\u00a0leichten\u00a0Kratzern. Die\u00a0originale\u00a0konzentrische\u00a0B\u00fcrstung\u00a0ist\u00a0erhalten. Die\u00a0Innenseite\u00a0ist\u00a0sauber\u00a0und\u00a0signiert.<\/span><span data-ccp-props=\"{&quot;335551550&quot;:1,&quot;335551620&quot;:1}\">\u00a0<\/span><\/p>\n<p><span data-contrast=\"auto\">Der\u00a0Weicheisen-Werkdeckel\u00a0ist\u00a0in\u00a0exzellentem\u00a0Zustand.<\/span><span data-ccp-props=\"{&quot;335551550&quot;:1,&quot;335551620&quot;:1}\">\u00a0<\/span><\/p>\n<p><b><span data-contrast=\"auto\">KRONE^ <\/span><\/b><span data-contrast=\"auto\">Signierte\u00a0Krone\u00a0mit\u00a0dem\u00a0charakteristischen\u00a0Fisch-Logo,\u00a0voll\u00a0funktionsf\u00e4hig.<\/span><span data-ccp-props=\"{&quot;335551550&quot;:1,&quot;335551620&quot;:1}\">\u00a0<\/span><\/p>\n<p><b><span data-contrast=\"auto\">UHRWERK:\u00a0<\/span><\/b><span data-contrast=\"auto\">Automatikwerk\u00a0IWC Kaliber 37590\u00a0mit\u00a0Datumsanzeige. Es\u00a0verf\u00fcgt\u00a0\u00fcber\u00a0antimagnetische\u00a0Eigenschaften\u00a0wie\u00a0Rubine\u00a0als\u00a0Rotorkugellager,\u00a0eine\u00a0antimagnetische\u00a0Ankergabel\u00a0und -rolle\u00a0sowie\u00a0eine\u00a0Niob-Zirkonium-Spirale.<\/span><span data-ccp-props=\"{&quot;335551550&quot;:1,&quot;335551620&quot;:1}\">\u00a0<\/span><\/p>\n<p><span data-contrast=\"auto\">Das\u00a0Uhrwerk\u00a0wurde\u00a0im\u00a0Juli 2025\u00a0revidiert\u00a0und\u00a0l\u00e4uft\u00a0einwandfrei; alle\u00a0Funktionen\u00a0sind\u00a0intakt.<\/span><span data-ccp-props=\"{&quot;335551550&quot;:1,&quot;335551620&quot;:1}\">\u00a0<\/span><\/p>\n<p><b><span data-contrast=\"auto\">BAND:<\/span><\/b><span data-contrast=\"auto\">\u00a0Integriertes\u00a0Edelstahlarmband\u00a0mit\u00a0signierter\u00a0Faltschlie\u00dfe.<\/span><span data-ccp-props=\"{&quot;335551550&quot;:1,&quot;335551620&quot;:1}\">\u00a0<\/span><\/p>\n<p><b><span data-contrast=\"auto\">ZUBEH\u00d6R:\u00a0<\/span><\/b><span data-contrast=\"auto\">Originalkarte, IWC-Servicekarte\u00a0aus\u00a0dem Jahr 2002.<\/span><span data-ccp-props=\"{&quot;335551550&quot;:1,&quot;335551620&quot;:1}\">\u00a0<\/span><\/p>\n<p><b><span data-contrast=\"auto\">GARANTIE:<\/span><\/b><span data-contrast=\"auto\">\u00a0Wir\u00a0garantieren\u00a0die\u00a0Echtheit\u00a0der Uhr.\u00a0Zudem\u00a0gew\u00e4hren\u00a0wir\u00a0eine\u00a012-monatige\u00a0Garantie\u00a0auf die\u00a0einwandfreie\u00a0Funktion. Alle\u00a0Garantien\u00a0unterliegen\u00a0den\u00a0Allgemeinen\u00a0Gesch\u00e4ftsbedingungen.<\/span><span data-ccp-props=\"{&quot;335551550&quot;:1,&quot;335551620&quot;:1}\">\u00a0<\/span><\/p>\n<p><span data-contrast=\"auto\">Bei\u00a0Fragen\u00a0stehen\u00a0wir\u00a0Ihnen gerne\u00a0zur\u00a0Verf\u00fcgung. Eine\u00a0pers\u00f6nliche\u00a0oder\u00a0virtuelle\u00a0Besichtigung\u00a0ist\u00a0nach\u00a0Vereinbarung\u00a0m\u00f6glich.<\/span><span data-ccp-props=\"{&quot;335551550&quot;:1,&quot;335551620&quot;:1}\">\u00a0<\/span><\/p>\n","protected":false},"excerpt":{"rendered":"<p><span data-contrast=\"auto\">Die<strong>\u00a0IWC\u00a0Ingenieur<\/strong>\u00a0500.000 A\/m gilt\u00a0als\u00a0eines\u00a0der\u00a0faszinierendsten\u00a0\u201eMisserfolge\u201c der\u00a0modernen\u00a0Uhrmacherkunst\u00a0\u2013\u00a0kommerziell\u00a0weitgehend\u00a0unbeachtet,\u00a0aber\u00a0technisch\u00a0brillant.<\/span><span data-ccp-props=\"{&quot;335551550&quot;:1,&quot;335551620&quot;:1}\">\u00a0<\/span><\/p>\n<p><span data-contrast=\"auto\">Entstanden\u00a0aus\u00a0IWCs\u00a0unerm\u00fcdlichem\u00a0Streben\u00a0nach\u00a0Antimagnetismus\u00a0in den 1980er-Jahren,\u00a0brach\u00a0sie\u00a0mit\u00a0der\u00a0traditionellen\u00a0Weicheisenabschirmung\u00a0und\u00a0machte\u00a0stattdessen\u00a0das\u00a0Uhrwerk\u00a0selbst\u00a0magnetfeldresistent. Das\u00a0Ergebnis? Eine Uhr, die\u00a0erstaunlichen\u00a03,9\u00a0Millionen\u00a0A\/m\u00a0standh\u00e4lt\u00a0\u2013\u00a0eine\u00a0wahre\u00a0Ingenieursleistung,\u00a0ihrer\u00a0Zeit um\u00a0Jahrzehnte\u00a0voraus.<\/span><span data-ccp-props=\"{&quot;335551550&quot;:1,&quot;335551620&quot;:1}\">\u00a0<\/span><\/p>\n<p><span data-contrast=\"auto\">In\u00a0dieser\u00a0Zifferblattkonfiguration\u00a0wurden\u00a0nur\u00a0etwa\u00a0250\u00a0Exemplare\u00a0gefertigt.\u00a0Diese\u00a0Ingenieur\u00a0ist\u00a0ein\u00a0stiller\u00a0Pionier, der\u00a0experimentelle\u00a0Uhrmacherkunst\u00a0mit\u00a0zur\u00fcckhaltendem\u00a0Design\u00a0verbindet\u00a0und\u00a0somit\u00a0ein\u00a0begehrtes\u00a0Sammlerst\u00fcck\u00a0mit\u00a0einer\u00a0Geschichte\u00a0ist.<\/span><span data-ccp-props=\"{&quot;335551550&quot;:1,&quot;335551620&quot;:1}\">\u00a0<\/span><\/p>\n<p><span data-contrast=\"auto\">Bitte\u00a0sehen\u00a0Sie\u00a0sich\u00a0die\u00a0hochaufl\u00f6senden\u00a0Bilder an, um den\u00a0Zustand\u00a0der Uhr\u00a0zu\u00a0beurteilen.<\/span><span data-ccp-props=\"{&quot;335551550&quot;:1,&quot;335551620&quot;:1}\">\u00a0<\/span><\/p>\n","protected":false},"featured_media":37916,"template":"","meta":{"om_disable_all_campaigns":false,"_monsterinsights_skip_tracking":false,"_monsterinsights_sitenote_active":false,"_monsterinsights_sitenote_note":"","_monsterinsights_sitenote_category":0},"product_brand":[],"product_cat":[81,109],"product_tag":[],"class_list":{"0":"post-37928","1":"product","2":"type-product","3":"status-publish","4":"has-post-thumbnail","6":"product_cat-iwc-de","7":"product_cat-neo-vintage-de","9":"first","10":"instock","11":"taxable","12":"shipping-taxable","13":"purchasable","14":"product-type-simple"},"aioseo_notices":[],"_links":{"self":[{"href":"https:\/\/chrono-scope.ch\/de\/wp-json\/wp\/v2\/product\/37928","targetHints":{"allow":["GET"]}}],"collection":[{"href":"https:\/\/chrono-scope.ch\/de\/wp-json\/wp\/v2\/product"}],"about":[{"href":"https:\/\/chrono-scope.ch\/de\/wp-json\/wp\/v2\/types\/product"}],"version-history":[{"count":3,"href":"https:\/\/chrono-scope.ch\/de\/wp-json\/wp\/v2\/product\/37928\/revisions"}],"predecessor-version":[{"id":37968,"href":"https:\/\/chrono-scope.ch\/de\/wp-json\/wp\/v2\/product\/37928\/revisions\/37968"}],"wp:featuredmedia":[{"embeddable":true,"href":"https:\/\/chrono-scope.ch\/de\/wp-json\/wp\/v2\/media\/37916"}],"wp:attachment":[{"href":"https:\/\/chrono-scope.ch\/de\/wp-json\/wp\/v2\/media?parent=37928"}],"wp:term":[{"taxonomy":"product_brand","embeddable":true,"href":"https:\/\/chrono-scope.ch\/de\/wp-json\/wp\/v2\/product_brand?post=37928"},{"taxonomy":"product_cat","embeddable":true,"href":"https:\/\/chrono-scope.ch\/de\/wp-json\/wp\/v2\/product_cat?post=37928"},{"taxonomy":"product_tag","embeddable":true,"href":"https:\/\/chrono-scope.ch\/de\/wp-json\/wp\/v2\/product_tag?post=37928"}],"curies":[{"name":"wp","href":"https:\/\/api.w.org\/{rel}","templated":true}]}}