{"id":37685,"date":"2026-03-24T09:02:56","date_gmt":"2026-03-24T09:02:56","guid":{"rendered":"https:\/\/chrono-scope.ch\/?post_type=product&#038;p=37685"},"modified":"2026-03-24T09:04:11","modified_gmt":"2026-03-24T09:04:11","slug":"cartier-tank-louis-cartier-boutique-edition-ref-wgta0092","status":"publish","type":"product","link":"https:\/\/chrono-scope.ch\/de\/produkt\/cartier-tank-louis-cartier-boutique-edition-ref-wgta0092\/","title":{"rendered":"Cartier Tank Louis Cartier Boutique Edition, ref. WGTA0092."},"content":{"rendered":"<p style=\"text-align: left\"><span data-contrast=\"auto\"><strong>MODELL \/ REFERENZ:<\/strong> Cartier Tank Louis Cartier Boutique Edition,\u00a0Ref. WGTA0092. Inventarnummer: 2602-10\u00a0<\/span><span data-ccp-props=\"{&quot;335559738&quot;:240,&quot;335559739&quot;:240}\">\u00a0<\/span><\/p>\n<p style=\"text-align: left\"><span data-contrast=\"auto\"><strong>SPEZIFIKATIONEN:<\/strong>\u00a0<\/span><span data-ccp-props=\"{&quot;335559738&quot;:240,&quot;335559739&quot;:240}\">\u00a0<\/span><\/p>\n<p style=\"text-align: left\"><strong>GEH\u00c4USE\u00a0\u00a0<\/strong><\/p>\n<ul style=\"text-align: left\">\n<li data-leveltext=\"\uf0b7\" data-font=\"Symbol\" data-listid=\"4\" data-list-defn-props=\"{&quot;335552541&quot;:1,&quot;335559685&quot;:720,&quot;335559991&quot;:360,&quot;469769226&quot;:&quot;Symbol&quot;,&quot;469769242&quot;:[8226],&quot;469777803&quot;:&quot;left&quot;,&quot;469777804&quot;:&quot;\uf0b7&quot;,&quot;469777815&quot;:&quot;hybridMultilevel&quot;}\" data-aria-posinset=\"1\" data-aria-level=\"1\"><span data-contrast=\"auto\">Geh\u00e4use\u00a0aus\u00a018\u00a0Karat\u00a0Ros\u00e9gold:\u00a025,5 mm\u00a0lang\u00a0und\u00a06,6 mm\u00a0dick\u00a0<\/span><span data-ccp-props=\"{&quot;335559738&quot;:240,&quot;335559739&quot;:240}\">\u00a0<\/span><\/li>\n<\/ul>\n<ul style=\"text-align: left\">\n<li data-leveltext=\"\uf0b7\" data-font=\"Symbol\" data-listid=\"4\" data-list-defn-props=\"{&quot;335552541&quot;:1,&quot;335559685&quot;:720,&quot;335559991&quot;:360,&quot;469769226&quot;:&quot;Symbol&quot;,&quot;469769242&quot;:[8226],&quot;469777803&quot;:&quot;left&quot;,&quot;469777804&quot;:&quot;\uf0b7&quot;,&quot;469777815&quot;:&quot;hybridMultilevel&quot;}\" data-aria-posinset=\"2\" data-aria-level=\"1\"><span data-contrast=\"auto\">Saphirglas\u00a0<\/span><span data-ccp-props=\"{&quot;335559738&quot;:240,&quot;335559739&quot;:240}\">\u00a0<\/span><\/li>\n<\/ul>\n<ul style=\"text-align: left\">\n<li data-leveltext=\"\uf0b7\" data-font=\"Symbol\" data-listid=\"4\" data-list-defn-props=\"{&quot;335552541&quot;:1,&quot;335559685&quot;:720,&quot;335559991&quot;:360,&quot;469769226&quot;:&quot;Symbol&quot;,&quot;469769242&quot;:[8226],&quot;469777803&quot;:&quot;left&quot;,&quot;469777804&quot;:&quot;\uf0b7&quot;,&quot;469777815&quot;:&quot;hybridMultilevel&quot;}\" data-aria-posinset=\"3\" data-aria-level=\"1\"><span data-contrast=\"auto\">Perlierte\u00a0Krone\u00a0mit\u00a0blauem\u00a0Saphir-Cabochon\u00a0<\/span><span data-ccp-props=\"{&quot;335559738&quot;:240,&quot;335559739&quot;:240}\">\u00a0<\/span><\/li>\n<\/ul>\n<ul style=\"text-align: left\">\n<li data-leveltext=\"\uf0b7\" data-font=\"Symbol\" data-listid=\"4\" data-list-defn-props=\"{&quot;335552541&quot;:1,&quot;335559685&quot;:720,&quot;335559991&quot;:360,&quot;469769226&quot;:&quot;Symbol&quot;,&quot;469769242&quot;:[8226],&quot;469777803&quot;:&quot;left&quot;,&quot;469777804&quot;:&quot;\uf0b7&quot;,&quot;469777815&quot;:&quot;hybridMultilevel&quot;}\" data-aria-posinset=\"4\" data-aria-level=\"1\"><span data-contrast=\"auto\">Wasserdicht\u00a0bis 30\u00a0Meter\u00a0<\/span><span data-ccp-props=\"{&quot;335559738&quot;:240,&quot;335559739&quot;:240}\">\u00a0<\/span><\/li>\n<\/ul>\n<p style=\"text-align: left\"><strong>ZIFFERBLATT &amp; ZEIGER\u00a0\u00a0<\/strong><\/p>\n<ul style=\"text-align: left\">\n<li data-leveltext=\"\uf0b7\" data-font=\"Symbol\" data-listid=\"3\" data-list-defn-props=\"{&quot;335552541&quot;:1,&quot;335559685&quot;:720,&quot;335559991&quot;:360,&quot;469769226&quot;:&quot;Symbol&quot;,&quot;469769242&quot;:[8226],&quot;469777803&quot;:&quot;left&quot;,&quot;469777804&quot;:&quot;\uf0b7&quot;,&quot;469777815&quot;:&quot;hybridMultilevel&quot;}\" data-aria-posinset=\"1\" data-aria-level=\"1\"><span data-contrast=\"auto\">Anthrazitgraues,\u00a0elektrochemisch\u00a0graviertes\u00a0Zifferblatt\u00a0<\/span><span data-ccp-props=\"{&quot;335559738&quot;:240,&quot;335559739&quot;:240}\">\u00a0<\/span><\/li>\n<\/ul>\n<ul style=\"text-align: left\">\n<li data-leveltext=\"\uf0b7\" data-font=\"Symbol\" data-listid=\"3\" data-list-defn-props=\"{&quot;335552541&quot;:1,&quot;335559685&quot;:720,&quot;335559991&quot;:360,&quot;469769226&quot;:&quot;Symbol&quot;,&quot;469769242&quot;:[8226],&quot;469777803&quot;:&quot;left&quot;,&quot;469777804&quot;:&quot;\uf0b7&quot;,&quot;469777815&quot;:&quot;hybridMultilevel&quot;}\" data-aria-posinset=\"2\" data-aria-level=\"1\"><span data-contrast=\"auto\">R\u00f6mische\u00a0Ziffern\u00a0&amp; Chemin-de-fer-Minutenskala\u00a0<\/span><span data-ccp-props=\"{&quot;335559738&quot;:240,&quot;335559739&quot;:240}\">\u00a0<\/span><\/li>\n<\/ul>\n<ul style=\"text-align: left\">\n<li data-leveltext=\"\uf0b7\" data-font=\"Symbol\" data-listid=\"3\" data-list-defn-props=\"{&quot;335552541&quot;:1,&quot;335559685&quot;:720,&quot;335559991&quot;:360,&quot;469769226&quot;:&quot;Symbol&quot;,&quot;469769242&quot;:[8226],&quot;469777803&quot;:&quot;left&quot;,&quot;469777804&quot;:&quot;\uf0b7&quot;,&quot;469777815&quot;:&quot;hybridMultilevel&quot;}\" data-aria-posinset=\"3\" data-aria-level=\"1\"><span data-contrast=\"auto\">Goldene\u00a0Zeiger\u00a0<\/span><span data-ccp-props=\"{&quot;335559738&quot;:240,&quot;335559739&quot;:240}\">\u00a0<\/span><\/li>\n<\/ul>\n<p style=\"text-align: left\"><strong>UHRWERK\u00a0<\/strong><span data-ccp-props=\"{&quot;335559738&quot;:240,&quot;335559739&quot;:240}\">\u00a0<\/span><\/p>\n<ul style=\"text-align: left\">\n<li data-leveltext=\"\uf0b7\" data-font=\"Symbol\" data-listid=\"2\" data-list-defn-props=\"{&quot;335552541&quot;:1,&quot;335559685&quot;:720,&quot;335559991&quot;:360,&quot;469769226&quot;:&quot;Symbol&quot;,&quot;469769242&quot;:[8226],&quot;469777803&quot;:&quot;left&quot;,&quot;469777804&quot;:&quot;\uf0b7&quot;,&quot;469777815&quot;:&quot;hybridMultilevel&quot;}\" data-aria-posinset=\"1\" data-aria-level=\"1\"><span data-contrast=\"auto\">Handaufzugskaliber\u00a0Cartier 1917 MC\u00a0<\/span><span data-ccp-props=\"{&quot;335559738&quot;:240,&quot;335559739&quot;:240}\">\u00a0<\/span><\/li>\n<\/ul>\n<ul style=\"text-align: left\">\n<li data-leveltext=\"\uf0b7\" data-font=\"Symbol\" data-listid=\"2\" data-list-defn-props=\"{&quot;335552541&quot;:1,&quot;335559685&quot;:720,&quot;335559991&quot;:360,&quot;469769226&quot;:&quot;Symbol&quot;,&quot;469769242&quot;:[8226],&quot;469777803&quot;:&quot;left&quot;,&quot;469777804&quot;:&quot;\uf0b7&quot;,&quot;469777815&quot;:&quot;hybridMultilevel&quot;}\" data-aria-posinset=\"2\" data-aria-level=\"1\"><span data-contrast=\"auto\">Gangreserve:\u00a0ca. 38\u00a0Stunden<\/span><span data-ccp-props=\"{&quot;335559738&quot;:240,&quot;335559739&quot;:240}\">\u00a0<\/span><\/li>\n<\/ul>\n<p style=\"text-align: left\"><strong>BAND &amp; SCHLIESSE\u00a0<\/strong><\/p>\n<ul style=\"text-align: left\">\n<li data-leveltext=\"\uf0b7\" data-font=\"Symbol\" data-listid=\"1\" data-list-defn-props=\"{&quot;335552541&quot;:1,&quot;335559685&quot;:720,&quot;335559991&quot;:360,&quot;469769226&quot;:&quot;Symbol&quot;,&quot;469769242&quot;:[8226],&quot;469777803&quot;:&quot;left&quot;,&quot;469777804&quot;:&quot;\uf0b7&quot;,&quot;469777815&quot;:&quot;hybridMultilevel&quot;}\" data-aria-posinset=\"1\" data-aria-level=\"1\"><span data-contrast=\"auto\">Lederarmband<\/span><span data-ccp-props=\"{&quot;335559738&quot;:240,&quot;335559739&quot;:240}\">\u00a0<\/span><\/li>\n<\/ul>\n<ul style=\"text-align: left\">\n<li data-leveltext=\"\uf0b7\" data-font=\"Symbol\" data-listid=\"1\" data-list-defn-props=\"{&quot;335552541&quot;:1,&quot;335559685&quot;:720,&quot;335559991&quot;:360,&quot;469769226&quot;:&quot;Symbol&quot;,&quot;469769242&quot;:[8226],&quot;469777803&quot;:&quot;left&quot;,&quot;469777804&quot;:&quot;\uf0b7&quot;,&quot;469777815&quot;:&quot;hybridMultilevel&quot;}\" data-aria-posinset=\"2\" data-aria-level=\"1\"><span data-contrast=\"auto\">18\u00a0Karat\u00a0Ros\u00e9gold-Dornschlie\u00dfe,\u00a0signiert<\/span><span data-ccp-props=\"{&quot;335559738&quot;:240,&quot;335559739&quot;:240}\">\u00a0<\/span><\/li>\n<\/ul>\n<p style=\"text-align: left\"><span data-contrast=\"auto\"><strong>ZUSTAND:<\/strong> Neu und ungetragen, mit Schutzaufklebern. Es handelt sich um die Uhr des Erstbesitzers, die 2023 bei einem autorisierten AD in der Schweiz verkauft wurde.\u00a0<\/span><span data-ccp-props=\"{&quot;335559738&quot;:240,&quot;335559739&quot;:240}\">\u00a0<\/span><\/p>\n<p style=\"text-align: left\"><span data-contrast=\"auto\"><strong>ZUBEH\u00d6R:<\/strong>\u00a0Komplettset\u00a0mit\u00a0Innen-\u00a0und\u00a0Au\u00dfenbox\u00a0sowie\u00a0Dokumenten,\u00a0wie\u00a0auf\u00a0den\u00a0Bildern\u00a0zu\u00a0sehen.\u00a0<\/span><span data-ccp-props=\"{&quot;335559738&quot;:240,&quot;335559739&quot;:240}\">\u00a0<\/span><\/p>\n<p style=\"text-align: left\"><span data-contrast=\"auto\"><strong>GARANTIE:<\/strong>\u00a0Auf\u00a0die\u00a0Uhr\u00a0wird\u00a0eine\u00a0Garantie von 12\u00a0Monaten\u00a0gew\u00e4hrt. Alle\u00a0Garantien\u00a0unterliegen\u00a0unseren\u00a0Allgemeinen\u00a0Gesch\u00e4ftsbedingungen.\u00a0<\/span><span data-ccp-props=\"{&quot;335559738&quot;:240,&quot;335559739&quot;:240}\">\u00a0<\/span><\/p>\n<p style=\"text-align: left\"><span data-contrast=\"auto\">Bei\u00a0Fragen\u00a0stehen\u00a0wir\u00a0Ihnen\u00a0gerne\u00a0zur\u00a0Verf\u00fcgung.<\/span><span data-ccp-props=\"{&quot;335559738&quot;:240,&quot;335559739&quot;:240}\">\u00a0<\/span><\/p>\n","protected":false},"excerpt":{"rendered":"<p style=\"text-align: left\"><span data-contrast=\"auto\">Als die <strong>Cartier Tank 1917<\/strong> auf den Markt\u00a0kam,\u00a0inspiriert\u00a0von der\u00a0Luftaufnahme\u00a0von Renault-Panzern,\u00a0revolutionierte\u00a0sie\u00a0mit\u00a0ihrer\u00a0klaren\u00a0Geometrie, den\u00a0Brancards, den\u00a0r\u00f6mischen\u00a0Ziffern\u00a0und der Chemin-de-Fer-Minutenskala\u00a0das Design von\u00a0Armbanduhren. Als\u00a0echte\u00a0Art-D\u00e9co-Ikone,\u00a0noch\u00a0bevor\u00a0dieser\u00a0Begriff\u00a0\u00fcberhaupt\u00a0weit\u00a0verbreitet\u00a0war,\u00a0ist\u00a0sie\u00a0bis\u00a0heute\u00a0eine\u00a0der\u00a0best\u00e4ndigsten\u00a0Silhouetten\u00a0in der\u00a0Uhrmacherkunst.\u00a0<\/span><span data-ccp-props=\"{&quot;335559738&quot;:240,&quot;335559739&quot;:240}\">\u00a0<\/span><\/p>\n<p style=\"text-align: left\"><span data-contrast=\"auto\">Die vorliegende Cartier Tank Louis Cartier aus 18 Karat Ros\u00e9gold f\u00fchrt dieses Erbe in ein raffiniertes, modernes Zeitalter fort. Ihr exklusiv in den Boutiquen erh\u00e4ltliches Zifferblatt, inspiriert von Art-D\u00e9co-Motiven, wurde mit einer elektrochemischen\u00a0Gravurtechnik\u00a0hergestellt, einer Premiere f\u00fcr das Haus, die eine bemerkenswerte Tiefe und Textur schafft und gleichzeitig die klassischen Tank-Codes bewahrt.\u00a0<\/span><span data-ccp-props=\"{&quot;335559738&quot;:240,&quot;335559739&quot;:240}\">\u00a0<\/span><\/p>\n<p style=\"text-align: left\"><span data-contrast=\"auto\">Tradition\u00a0trifft\u00a0auf\u00a0Innovation\u00a0auf\u00a0subtilste\u00a0Weise:\u00a0optisch\u00a0auff\u00e4llig,\u00a0architektonisch\u00a0ausgewogen\u00a0und\u00a0unverkennbar\u00a0Cartier.\u00a0<\/span><span data-ccp-props=\"{&quot;335559738&quot;:240,&quot;335559739&quot;:240}\">\u00a0<\/span><\/p>\n<p style=\"text-align: left\">\n","protected":false},"featured_media":37681,"template":"","meta":{"om_disable_all_campaigns":false,"_monsterinsights_skip_tracking":false,"_monsterinsights_sitenote_active":false,"_monsterinsights_sitenote_note":"","_monsterinsights_sitenote_category":0},"product_brand":[],"product_cat":[110,74],"product_tag":[],"class_list":{"0":"post-37685","1":"product","2":"type-product","3":"status-publish","4":"has-post-thumbnail","6":"product_cat-cartier-de","7":"product_cat-vintage-de","9":"first","10":"instock","11":"taxable","12":"shipping-taxable","13":"purchasable","14":"product-type-simple"},"aioseo_notices":[],"_links":{"self":[{"href":"https:\/\/chrono-scope.ch\/de\/wp-json\/wp\/v2\/product\/37685","targetHints":{"allow":["GET"]}}],"collection":[{"href":"https:\/\/chrono-scope.ch\/de\/wp-json\/wp\/v2\/product"}],"about":[{"href":"https:\/\/chrono-scope.ch\/de\/wp-json\/wp\/v2\/types\/product"}],"version-history":[{"count":1,"href":"https:\/\/chrono-scope.ch\/de\/wp-json\/wp\/v2\/product\/37685\/revisions"}],"predecessor-version":[{"id":37686,"href":"https:\/\/chrono-scope.ch\/de\/wp-json\/wp\/v2\/product\/37685\/revisions\/37686"}],"wp:featuredmedia":[{"embeddable":true,"href":"https:\/\/chrono-scope.ch\/de\/wp-json\/wp\/v2\/media\/37681"}],"wp:attachment":[{"href":"https:\/\/chrono-scope.ch\/de\/wp-json\/wp\/v2\/media?parent=37685"}],"wp:term":[{"taxonomy":"product_brand","embeddable":true,"href":"https:\/\/chrono-scope.ch\/de\/wp-json\/wp\/v2\/product_brand?post=37685"},{"taxonomy":"product_cat","embeddable":true,"href":"https:\/\/chrono-scope.ch\/de\/wp-json\/wp\/v2\/product_cat?post=37685"},{"taxonomy":"product_tag","embeddable":true,"href":"https:\/\/chrono-scope.ch\/de\/wp-json\/wp\/v2\/product_tag?post=37685"}],"curies":[{"name":"wp","href":"https:\/\/api.w.org\/{rel}","templated":true}]}}