{"id":37614,"date":"2026-03-24T09:05:01","date_gmt":"2026-03-24T09:05:01","guid":{"rendered":"https:\/\/chrono-scope.ch\/?post_type=product&#038;p=37614"},"modified":"2026-03-24T09:05:20","modified_gmt":"2026-03-24T09:05:20","slug":"omega-de-ville-vintage-steel-gold","status":"publish","type":"product","link":"https:\/\/chrono-scope.ch\/de\/produkt\/omega-de-ville-vintage-steel-gold\/","title":{"rendered":"Omega De Ville Vintage steel-gold"},"content":{"rendered":"<p style=\"text-align: left\"><b><span data-contrast=\"auto\">MODELL\/REFERENZ:\u00a0<\/span><\/b><span data-contrast=\"auto\">Omega De\u00a0Ville\u00a0Referenz\u00a0111.077 in\u00a0vergoldetem\u00a0Geh\u00e4use. Die\u00a0Produktion\u00a0datiert\u00a0auf\u00a0ca. 1967.\u00a0Inventarnummer: RK-379.<\/span><span data-ccp-props=\"{}\">\u00a0<\/span><\/p>\n<p style=\"text-align: left\"><b><span data-contrast=\"auto\">ZIFFERBLATT +\u00a0ZEIGER:\u00a0<\/span><\/b><span data-contrast=\"auto\">Nahezu\u00a0makelloses\u00a0champagnerfarbenes\u00a0Zifferblatt\u00a0mit\u00a0dezentem\u00a0Sonnenschliff. Das\u00a0Layout\u00a0besticht\u00a0durch\u00a0elegante,\u00a0aufgemalte\u00a0r\u00f6mische\u00a0Ziffern\u00a0und\u00a0applizierte\u00a0Stabindizes, die von\u00a0feinen\u00a0schwarzen\u00a0Onyxstreifen\u00a0durchzogen\u00a0sind\u00a0und\u00a0einen\u00a0wundersch\u00f6nen\u00a0Kontrast\u00a0zum\u00a0warmen\u00a0Zifferblattton\u00a0bilden. Die\u00a0originalen\u00a0schwarzen\u00a0Zeiger\u00a0sind\u00a0in\u00a0exzellentem\u00a0Zustand\u00a0und\u00a0unterstreichen\u00a0perfekt\u00a0die\u00a0minimalistische\u00a0\u00c4sthetik\u00a0der\u00a0Uhr.<\/span><span data-ccp-props=\"{}\">\u00a0<\/span><\/p>\n<p style=\"text-align: left\"><b><span data-contrast=\"auto\">GLAS:\u00a0<\/span><\/b><span data-contrast=\"auto\">Originales,\u00a0signiertes\u00a0Omega-Plexiglas mit\u00a0leichten\u00a0Oberfl\u00e4chenkratzern.<\/span><span data-ccp-props=\"{}\">\u00a0<\/span><\/p>\n<p style=\"text-align: left\"><b><span data-contrast=\"auto\">GEH\u00c4USE:\u00a0<\/span><\/b><span data-contrast=\"auto\">schlankes, vergoldetes Geh\u00e4use mit 33 mm Durchmesser und ca. 35 mm Bandansto\u00dfbreite. Die kurzen, kantigen Bandanst\u00f6\u00dfe verleihen der Uhr eine markante und zugleich elegante Silhouette am Handgelenk.<\/span><span data-ccp-props=\"{}\">\u00a0<\/span><\/p>\n<p style=\"text-align: left\"><span data-contrast=\"auto\">Die\u00a0Oberfl\u00e4che\u00a0ist\u00a0gut\u00a0erhalten, mit\u00a0nur\u00a0leichten\u00a0altersbedingten\u00a0Kratzern\u00a0und\u00a0ohne\u00a0Abplatzen\u00a0der\u00a0Vergoldung.<\/span><span data-ccp-props=\"{}\">\u00a0<\/span><\/p>\n<p style=\"text-align: left\"><b><span data-contrast=\"auto\">GEH\u00c4USEBODEN:\u00a0<\/span><\/b><span data-contrast=\"auto\">Edelstahl-Schnappboden\u00a0mit\u00a0leichten\u00a0Gebrauchsspuren, die\u00a0auf\u00a0sorgsamen\u00a0Umgang\u00a0hindeuten.<\/span><span data-ccp-props=\"{}\">\u00a0<\/span><\/p>\n<p style=\"text-align: left\"><span data-contrast=\"auto\">Die\u00a0Innenseite\u00a0tr\u00e4gt\u00a0die\u00a0korrekten\u00a0Werksgravuren\u00a0und\u00a0-stempel. Das\u00a0Geh\u00e4use\u00a0wurde\u00a0von\u00a0Centrale\u00a0Bo\u00eetes\u00a0gefertigt,\u00a0einem\u00a0renommierten\u00a0Schweizer\u00a0Geh\u00e4usehersteller, der\u00a0zahlreiche\u00a0hochwertige\u00a0Uhrenmarken\u00a0jener\u00a0Zeit\u00a0belieferte.<\/span><span data-ccp-props=\"{}\">\u00a0<\/span><\/p>\n<p style=\"text-align: left\"><b><span data-contrast=\"auto\">KRONE:\u00a0<\/span><\/b><span data-contrast=\"auto\">Originale,\u00a0signierte\u00a0Omega-Krone,\u00a0voll\u00a0funktionsf\u00e4hig.<\/span><span data-ccp-props=\"{}\">\u00a0<\/span><\/p>\n<p style=\"text-align: left\"><b><span data-contrast=\"auto\">UHRWERK:<\/span><\/b><span data-contrast=\"auto\">\u00a0Handaufzug\u00a0Omega\u00a0Kaliber\u00a0620,\u00a0signiert\u00a0und\u00a0nummeriert. Das\u00a0Uhrwerk\u00a0wurde\u00a0gepr\u00fcft\u00a0und\u00a0l\u00e4uft\u00a0pr\u00e4zise.<\/span><span data-ccp-props=\"{}\">\u00a0<\/span><\/p>\n<p style=\"text-align: left\"><b><span data-contrast=\"auto\">BAND:\u00a0<\/span><\/b><span data-contrast=\"auto\">braunes 17-mm-Eidechsenlederarmband mit generischer, vergoldeter Dornschlie\u00dfe.<\/span><span data-ccp-props=\"{}\">\u00a0<\/span><\/p>\n<p style=\"text-align: left\"><b><span data-contrast=\"auto\">ZUBEH\u00d6R:<\/span><\/b><span data-contrast=\"auto\">\u00a0Uhrenetui\u00a0aus\u00a0Saffiano-Leder.<\/span><span data-ccp-props=\"{}\">\u00a0<\/span><\/p>\n<p style=\"text-align: left\"><b><span data-contrast=\"auto\">GARANTIE:\u00a0<\/span><\/b><span data-contrast=\"auto\">Wir\u00a0garantieren\u00a0die\u00a0Echtheit\u00a0der\u00a0Uhr.\u00a0Zudem\u00a0gew\u00e4hren\u00a0wir\u00a012\u00a0Monate\u00a0Garantie\u00a0auf\u00a0die\u00a0einwandfreie\u00a0Funktion. Alle\u00a0Garantien\u00a0unterliegen\u00a0den\u00a0Allgemeinen\u00a0Gesch\u00e4ftsbedingungen.<\/span><span data-ccp-props=\"{}\">\u00a0<\/span><\/p>\n<p style=\"text-align: left\"><span data-contrast=\"auto\">Bei Fragen stehen wir Ihnen gerne zur Verf\u00fcgung. Eine pers\u00f6nliche oder virtuelle Besichtigung ist nach Vereinbarung m\u00f6glich.<\/span><span data-ccp-props=\"{}\">\u00a0<\/span><\/p>\n","protected":false},"excerpt":{"rendered":"<p style=\"text-align: left\"><span data-contrast=\"auto\">Manchmal\u00a0bedeutet\u00a0Eleganz\u00a0einfach,\u00a0dass\u00a0alles\u00a0perfekt\u00a0ist. Mit der <strong>De\u00a0Ville<\/strong>-Kollektion\u00a0perfektionierte\u00a0<strong>Omega<\/strong> die Kunst der\u00a0raffinierten\u00a0Schlichtheit:\u00a0klare\u00a0Zifferbl\u00e4tter,\u00a0schlanke\u00a0Geh\u00e4use\u00a0und\u00a0zeitlose\u00a0Proportionen, die\u00a0heute\u00a0genauso\u00a0aktuell\u00a0sind\u00a0wie\u00a0in den 1960er-Jahren.<\/span><span data-ccp-props=\"{}\">\u00a0<\/span><\/p>\n<p style=\"text-align: left\"><span data-contrast=\"auto\">Dieses\u00a0Exemplar\u00a0f\u00e4ngt\u00a0diesen\u00a0Geist\u00a0wunderbar\u00a0ein\u00a0und\u00a0befindet\u00a0sich\u00a0in\u00a0exzellentem\u00a0Zustand.<\/span><span data-ccp-props=\"{}\">\u00a0<\/span><\/p>\n<p style=\"text-align: left\"><span data-contrast=\"auto\">Dies ist ein Klassiker, der nie aus der Mode kommt und dabei erschwinglich ist.<\/span><span data-ccp-props=\"{}\">\u00a0<\/span><\/p>\n<p style=\"text-align: left\"><span data-contrast=\"auto\">Bitte\u00a0sehen\u00a0Sie\u00a0sich\u00a0die\u00a0hochaufl\u00f6senden\u00a0Bilder\u00a0an, um den\u00a0Zustand\u00a0der\u00a0Uhr\u00a0zu\u00a0beurteilen.<\/span><span data-ccp-props=\"{}\">\u00a0<\/span><\/p>\n","protected":false},"featured_media":37602,"template":"","meta":{"om_disable_all_campaigns":false,"_monsterinsights_skip_tracking":false,"_monsterinsights_sitenote_active":false,"_monsterinsights_sitenote_note":"","_monsterinsights_sitenote_category":0},"product_brand":[],"product_cat":[61,74],"product_tag":[],"class_list":{"0":"post-37614","1":"product","2":"type-product","3":"status-publish","4":"has-post-thumbnail","6":"product_cat-omega-de","7":"product_cat-vintage-de","9":"first","10":"instock","11":"taxable","12":"shipping-taxable","13":"purchasable","14":"product-type-simple"},"aioseo_notices":[],"_links":{"self":[{"href":"https:\/\/chrono-scope.ch\/de\/wp-json\/wp\/v2\/product\/37614","targetHints":{"allow":["GET"]}}],"collection":[{"href":"https:\/\/chrono-scope.ch\/de\/wp-json\/wp\/v2\/product"}],"about":[{"href":"https:\/\/chrono-scope.ch\/de\/wp-json\/wp\/v2\/types\/product"}],"version-history":[{"count":1,"href":"https:\/\/chrono-scope.ch\/de\/wp-json\/wp\/v2\/product\/37614\/revisions"}],"predecessor-version":[{"id":37615,"href":"https:\/\/chrono-scope.ch\/de\/wp-json\/wp\/v2\/product\/37614\/revisions\/37615"}],"wp:featuredmedia":[{"embeddable":true,"href":"https:\/\/chrono-scope.ch\/de\/wp-json\/wp\/v2\/media\/37602"}],"wp:attachment":[{"href":"https:\/\/chrono-scope.ch\/de\/wp-json\/wp\/v2\/media?parent=37614"}],"wp:term":[{"taxonomy":"product_brand","embeddable":true,"href":"https:\/\/chrono-scope.ch\/de\/wp-json\/wp\/v2\/product_brand?post=37614"},{"taxonomy":"product_cat","embeddable":true,"href":"https:\/\/chrono-scope.ch\/de\/wp-json\/wp\/v2\/product_cat?post=37614"},{"taxonomy":"product_tag","embeddable":true,"href":"https:\/\/chrono-scope.ch\/de\/wp-json\/wp\/v2\/product_tag?post=37614"}],"curies":[{"name":"wp","href":"https:\/\/api.w.org\/{rel}","templated":true}]}}