{"id":37570,"date":"2026-03-16T08:09:00","date_gmt":"2026-03-16T08:09:00","guid":{"rendered":"https:\/\/chrono-scope.ch\/product\/nicolet-watch-sub-200-diving-chronograph\/"},"modified":"2026-04-18T06:14:38","modified_gmt":"2026-04-18T06:14:38","slug":"nicolet-watch-sub-200-diving-chronograph","status":"publish","type":"product","link":"https:\/\/chrono-scope.ch\/de\/produkt\/nicolet-watch-sub-200-diving-chronograph\/","title":{"rendered":"SOLD &#8211; Nicolet Watch Sub 200 Diving Chronograph"},"content":{"rendered":"<p style=\"text-align: left\"><strong>MODELL \/ REFERENZ:<\/strong> Nicolet Watch Sub 200 Taucherchronograph. Inventarnummer: MT-2602-12.<\/p>\n<p style=\"text-align: left\"><strong>ZIFFERBLATT + ZEIGER:<\/strong> Mattschwarzes Zifferblatt mit zweiz\u00e4hligen Chronographenanzeigen, kontrastierenden silbernen Hilfszifferbl\u00e4ttern und leuchtend roten Chronographenzeigern f\u00fcr optimale Ablesbarkeit.<\/p>\n<p style=\"text-align: left\">Die applizierten Stundenmarkierungen weisen noch immer ihre Leuchtmasse auf, die im Laufe der Zeit eine attraktive, karamellfarbene Patina entwickelt hat, w\u00e4hrend die Zeigereinlagen einen helleren, cremigen Farbton zeigen.<\/p>\n<p style=\"text-align: left\">Der Aufdruck ist nach wie vor scharf und klar.<\/p>\n<p style=\"text-align: left\"><strong>GLAS:<\/strong> Gew\u00f6lbtes Plexiglas in gutem Vintage-Zustand mit einigen feinen Kratzern.<\/p>\n<p style=\"text-align: left\"><strong>GEH\u00c4USE:<\/strong> Das Edelstahlgeh\u00e4use misst ca. 40 mm im Durchmesser und 47 mm von Bandansto\u00df zu Bandansto\u00df, wodurch die Uhr eine markante Pr\u00e4senz am Handgelenk erh\u00e4lt, typisch f\u00fcr Taucherchronographen der 1970er Jahre. Das Geh\u00e4use hat seine urspr\u00fcnglichen Proportionen und die scharfen, symmetrischen Bandanst\u00f6\u00dfe bewahrt. Die Oberfl\u00e4che weist leichte Kratzer auf, die dem Alter und der sorgsamen Nutzung entsprechen.<\/p>\n<p style=\"text-align: left\"><strong>L\u00dcNETTE:<\/strong> Beidseitig drehbare L\u00fcnette mit schwarzem Tauchereinsatz. Der Einsatz zeigt altersbedingte Gebrauchsspuren und kleinere Abnutzungserscheinungen, die dem Alter einer Funktionsuhr entsprechen.<\/p>\n<p style=\"text-align: left\"><strong>GEH\u00c4USEBODEN:<\/strong> Der verschraubte Edelstahl-Geh\u00e4useboden ist signiert und tr\u00e4gt ein sehr markantes und fein graviertes \u201eCrowned N\u201c-Medaillon. Die Uhr\u00a0befindet sich in gutem Vintage-Zustand mit altersbedingten Gebrauchsspuren und Kratzern.<\/p>\n<p style=\"text-align: left\"><strong>KRONE + DR\u00dcCKER:<\/strong> Die Uhr ist mit einer unsignierten, vermutlich originalen Krone und den korrekten Chronographendr\u00fcckern ausgestattet. Alle Funktionen sind einwandfrei und aktivieren die Chronographenfunktionen korrekt.<\/p>\n<p style=\"text-align: left\"><strong>UHRWERK:<\/strong> Angetrieben wird die Uhr vom Handaufzugswerk Landeron 248, einem zuverl\u00e4ssigen Nockenschaltwerk, das in dieser Zeit weit verbreitet war. Das Werk wurde gepr\u00fcft und l\u00e4uft einwandfrei; die Chronographenfunktionen arbeiten wie vorgesehen.<\/p>\n<p style=\"text-align: left\"><strong>BAND:<\/strong> Schwarzes Corfam-Lederarmband mit generischer Dornschlie\u00dfe aus Edelstahl.<\/p>\n<p style=\"text-align: left\"><strong>ZUBEH\u00d6R:<\/strong> Keines<\/p>\n<p style=\"text-align: left\"><strong>GARANTIE:<\/strong> Wir garantieren die Echtheit der Uhr. Zudem gew\u00e4hren wir eine 12-monatige Garantie auf die einwandfreie Funktion. Alle Garantien unterliegen den Allgemeinen Gesch\u00e4ftsbedingungen.<\/p>\n<p style=\"text-align: left\">Bei Fragen stehen wir Ihnen gerne zur Verf\u00fcgung. Eine pers\u00f6nliche oder virtuelle Besichtigung ist nach Vereinbarung m\u00f6glich.<\/p>\n","protected":false},"excerpt":{"rendered":"<p style=\"text-align: left\"><strong>Nicolet Watch,<\/strong> entstanden im traditionsreichen Umfeld der Schweizer Uhrmacherkunst der Mitte des 20. Jahrhunderts, fertigte im Stillen robuste, funktionale Zeitmesser, die ohne den Pomp und die hohen Preise gr\u00f6\u00dferer Marken \u00fcberzeugten.<\/p>\n<p style=\"text-align: left\">Dieser Taucherchronograph Sub 200, vermutlich aus den 1970er-Jahren, verk\u00f6rpert diesen Geist perfekt: markant, funktional und unverkennbar sportlich. Mit seinem massiven Geh\u00e4use, der Taucherl\u00fcnette und den leuchtend roten Chronographenzeigern verk\u00f6rpert er den authentischen Charakter einer robusten Toolwatch und ist gleichzeitig ein erschwingliches St\u00fcck Vintage-Chronographengeschichte.<\/p>\n","protected":false},"featured_media":37548,"template":"","meta":{"om_disable_all_campaigns":false,"_monsterinsights_skip_tracking":false,"_monsterinsights_sitenote_active":false,"_monsterinsights_sitenote_note":"","_monsterinsights_sitenote_category":0},"product_brand":[],"product_cat":[74],"product_tag":[],"class_list":{"0":"post-37570","1":"product","2":"type-product","3":"status-publish","4":"has-post-thumbnail","6":"product_cat-vintage-de","8":"first","9":"instock","10":"taxable","11":"shipping-taxable","12":"purchasable","13":"product-type-simple"},"aioseo_notices":[],"_links":{"self":[{"href":"https:\/\/chrono-scope.ch\/de\/wp-json\/wp\/v2\/product\/37570","targetHints":{"allow":["GET"]}}],"collection":[{"href":"https:\/\/chrono-scope.ch\/de\/wp-json\/wp\/v2\/product"}],"about":[{"href":"https:\/\/chrono-scope.ch\/de\/wp-json\/wp\/v2\/types\/product"}],"version-history":[{"count":3,"href":"https:\/\/chrono-scope.ch\/de\/wp-json\/wp\/v2\/product\/37570\/revisions"}],"predecessor-version":[{"id":38547,"href":"https:\/\/chrono-scope.ch\/de\/wp-json\/wp\/v2\/product\/37570\/revisions\/38547"}],"wp:featuredmedia":[{"embeddable":true,"href":"https:\/\/chrono-scope.ch\/de\/wp-json\/wp\/v2\/media\/37548"}],"wp:attachment":[{"href":"https:\/\/chrono-scope.ch\/de\/wp-json\/wp\/v2\/media?parent=37570"}],"wp:term":[{"taxonomy":"product_brand","embeddable":true,"href":"https:\/\/chrono-scope.ch\/de\/wp-json\/wp\/v2\/product_brand?post=37570"},{"taxonomy":"product_cat","embeddable":true,"href":"https:\/\/chrono-scope.ch\/de\/wp-json\/wp\/v2\/product_cat?post=37570"},{"taxonomy":"product_tag","embeddable":true,"href":"https:\/\/chrono-scope.ch\/de\/wp-json\/wp\/v2\/product_tag?post=37570"}],"curies":[{"name":"wp","href":"https:\/\/api.w.org\/{rel}","templated":true}]}}