{"id":37544,"date":"2026-03-19T11:41:45","date_gmt":"2026-03-19T11:41:45","guid":{"rendered":"https:\/\/chrono-scope.ch\/?post_type=product&#038;p=37544"},"modified":"2026-03-19T11:42:12","modified_gmt":"2026-03-19T11:42:12","slug":"omega-railroad-official-standard-reference-165-002","status":"publish","type":"product","link":"https:\/\/chrono-scope.ch\/de\/produkt\/omega-railroad-official-standard-reference-165-002\/","title":{"rendered":"Omega \u201cRailroad Official Standard\u201d Reference 165.002"},"content":{"rendered":"<p style=\"text-align: left\"><strong>MODELL\/REFERENZ:<\/strong> Omega \u201eRailroad Official Standard\u201c, automatische Armbanduhr, Referenz 165.002, vermutlich aus den 1960er-Jahren. 1963. Inventarnummer: 2602-11.<\/p>\n<p style=\"text-align: left\"><strong>Zifferblatt + Zeiger:<\/strong> gl\u00e4nzend wei\u00dfes Zifferblatt mit gro\u00dfen schwarzen arabischen Ziffern f\u00fcr hervorragende Ablesbarkeit. Eine seltene, rote 24-Stunden-Skala im \u201eMilit\u00e4rstil\u201c bietet zus\u00e4tzliche Funktionalit\u00e4t und einen unverwechselbaren Charakter.<\/p>\n<p style=\"text-align: left\">Der Zifferblattdruck ist scharf und gut erhalten. Der klare Kontrast zwischen den schwarzen Ziffern, den roten Akzenten und der wei\u00dfen Lackierung erzeugt ein markantes und funktionales Design. Die schwarzen Zeiger in Blattform erg\u00e4nzen das Layout perfekt und befinden sich in exzellentem Zustand.<\/p>\n<p style=\"text-align: left\"><strong>Glas:<\/strong> Plexiglas in sehr gutem Zustand mit leichten, oberfl\u00e4chlichen Kratzern, die dem normalen Gebrauch entsprechen.<\/p>\n<p style=\"text-align: left\"><strong>Geh\u00e4use:<\/strong> Das Edelstahlgeh\u00e4use hat einen Durchmesser von 35 mm und misst ca. 41 mm von Bandansto\u00df zu Bandansto\u00df. Es bietet ein ausgewogenes und angenehmes Tragegef\u00fchl.<br \/>\nDie Bandanst\u00f6\u00dfe sind harmonisch proportioniert, und das Geh\u00e4use beh\u00e4lt seine klassische Omega-Silhouette aus der Mitte des 20. Jahrhunderts.<br \/>\nEs weist authentische Gebrauchsspuren wie leichte Kratzer auf, die auf sanften Gebrauch hindeuten.<\/p>\n<p style=\"text-align: left\"><strong>Geh\u00e4useboden:<\/strong> Der verschraubte Edelstahlboden wurde vermutlich in der Vergangenheit poliert.<br \/>\nDer Geh\u00e4useboden ist signiert und tr\u00e4gt ein gut erhaltenes Seamaster-Seepferdchen-Medaillon, das noch deutlich sichtbar ist.<\/p>\n<p style=\"text-align: left\">Die Oberfl\u00e4che weist sichtbare Kratzer und Gebrauchsspuren auf, die dem normalen Alter der Uhr entsprechen.<\/p>\n<p style=\"text-align: left\"><strong>KRONE:<\/strong> Originale, signierte Omega-Krone, die einwandfrei zum Aufziehen und Einstellen der Zeit funktioniert.<\/p>\n<p style=\"text-align: left\"><strong>UHRWERK:<\/strong> Omega Automatikwerk Kaliber 552, eines der angesehensten Manufakturwerke der Marke aus der Mitte des 20. Jahrhunderts. Dieses robuste und zuverl\u00e4ssige Automatikwerk verf\u00fcgt \u00fcber eine zentrale Sekunde und ist signiert und nummeriert. Das Werk wurde gepr\u00fcft und l\u00e4uft einwandfrei; die Ganggenauigkeit entspricht den Erwartungen an eine Vintage-Uhr.<\/p>\n<p style=\"text-align: left\"><strong>BAND:<\/strong> 18 mm breites, originales schwarzes Omega-Lederarmband mit signierter Dornschlie\u00dfe aus Edelstahl.<\/p>\n<p style=\"text-align: left\"><strong>ZUBEH\u00d6R:<\/strong> Uhrenrolle aus Saffiano-Leder.<\/p>\n<p style=\"text-align: left\"><strong>GARANTIE:<\/strong> Wir garantieren die Echtheit der Uhr. Wir gew\u00e4hren au\u00dferdem 12 Monate Garantie auf die einwandfreie Funktion. Alle Garantien unterliegen den Allgemeinen Gesch\u00e4ftsbedingungen.<\/p>\n<p style=\"text-align: left\">Bei Fragen stehen wir Ihnen gerne zur Verf\u00fcgung. Eine pers\u00f6nliche oder virtuelle Besichtigung ist nach Vereinbarung m\u00f6glich.<\/p>\n","protected":false},"excerpt":{"rendered":"<p style=\"text-align: left\"><span data-contrast=\"auto\">Purpose-built for clarity and reliability, the<strong> Omega \u201cRailroad Official Standart&#8220;<\/strong><\/span><\/p>\n<p style=\"text-align: left\"><span data-contrast=\"auto\">Die Omega\u00a0\u201eRailroad\u00a0Official Standard\u201c\u00a0wurde\u00a0speziell\u00a0f\u00fcr\u00a0optimale\u00a0Ablesbarkeit\u00a0und\u00a0Zuverl\u00e4ssigkeit\u00a0entwickelt\u00a0und\u00a0ist\u00a0ein\u00a0faszinierendes\u00a0Kapitel\u00a0in der\u00a0Geschichte\u00a0der\u00a0Funktionsuhren\u00a0von Omega.<\/span><span data-ccp-props=\"{}\">\u00a0<\/span><\/p>\n<p style=\"text-align: left\"><span data-contrast=\"auto\">Diese\u00a0gut\u00a0ablesbaren\u00a0Automatikuhren\u00a0wurden\u00a0Anfang\u00a0der 1960er-Jahre\u00a0speziell\u00a0f\u00fcr\u00a0die\u00a0Anforderungen\u00a0der\u00a0nordamerikanischen\u00a0Eisenbahn\u00a0entwickelt\u00a0und\u00a0von Omega\u00a0gefertigt,\u00a0insbesondere\u00a0f\u00fcr\u00a0die Canadian Pacific Railway, die in\u00a0ihrem\u00a0weitl\u00e4ufigen\u00a0Streckennetz\u00a0strenge\u00a0Zeitvorgaben\u00a0verlangte.<\/span><span data-ccp-props=\"{}\">\u00a0<\/span><\/p>\n<p style=\"text-align: left\"><span data-contrast=\"auto\">Die\u00a0Produktion\u00a0war\u00a0jedoch\u00a0nur\u00a0von\u00a0kurzer\u00a0Dauer: Die Ball Watch\u00a0Company\u00a0focht\u00a0den\u00a0Namen\u00a0rechtlich\u00a0an,\u00a0und\u00a0Omega\u00a0musste\u00a0die\u00a0Produktion\u00a0der \u201eRailroad\u00a0Official Standard\u201c\u00a0schlie\u00dflich\u00a0einstellen.<\/span><span data-ccp-props=\"{}\">\u00a0<\/span><\/p>\n<p style=\"text-align: left\"><span data-contrast=\"auto\">Das\u00a0Ergebnis\u00a0ist\u00a0eine\u00a0wunderbar\u00a0funktionale\u00a0Uhr\u00a0mit\u00a0kurzer\u00a0Produktionszeit,\u00a0viel\u00a0Charakter\u00a0und\u00a0einer\u00a0Geschichte, die fast\u00a0so\u00a0tiefgr\u00fcndig\u00a0ist\u00a0wie\u00a0die\u00a0Eisenbahnstrecken, die\u00a0sie\u00a0einst\u00a0begleitete.<\/span><span data-ccp-props=\"{}\">\u00a0<\/span><\/p>\n<p style=\"text-align: left\"><span data-contrast=\"auto\">Bitte\u00a0sehen\u00a0Sie\u00a0sich\u00a0die\u00a0unver\u00e4nderten,\u00a0hochaufl\u00f6senden\u00a0Bilder\u00a0an, um den\u00a0Zustand\u00a0der\u00a0Uhr\u00a0zu\u00a0beurteilen.<\/span><span data-ccp-props=\"{}\">\u00a0<\/span><\/p>\n","protected":false},"featured_media":37523,"template":"","meta":{"om_disable_all_campaigns":false,"_monsterinsights_skip_tracking":false,"_monsterinsights_sitenote_active":false,"_monsterinsights_sitenote_note":"","_monsterinsights_sitenote_category":0},"product_brand":[],"product_cat":[61],"product_tag":[],"class_list":{"0":"post-37544","1":"product","2":"type-product","3":"status-publish","4":"has-post-thumbnail","6":"product_cat-omega-de","8":"first","9":"instock","10":"taxable","11":"shipping-taxable","12":"purchasable","13":"product-type-simple"},"aioseo_notices":[],"_links":{"self":[{"href":"https:\/\/chrono-scope.ch\/de\/wp-json\/wp\/v2\/product\/37544","targetHints":{"allow":["GET"]}}],"collection":[{"href":"https:\/\/chrono-scope.ch\/de\/wp-json\/wp\/v2\/product"}],"about":[{"href":"https:\/\/chrono-scope.ch\/de\/wp-json\/wp\/v2\/types\/product"}],"version-history":[{"count":2,"href":"https:\/\/chrono-scope.ch\/de\/wp-json\/wp\/v2\/product\/37544\/revisions"}],"predecessor-version":[{"id":37833,"href":"https:\/\/chrono-scope.ch\/de\/wp-json\/wp\/v2\/product\/37544\/revisions\/37833"}],"wp:featuredmedia":[{"embeddable":true,"href":"https:\/\/chrono-scope.ch\/de\/wp-json\/wp\/v2\/media\/37523"}],"wp:attachment":[{"href":"https:\/\/chrono-scope.ch\/de\/wp-json\/wp\/v2\/media?parent=37544"}],"wp:term":[{"taxonomy":"product_brand","embeddable":true,"href":"https:\/\/chrono-scope.ch\/de\/wp-json\/wp\/v2\/product_brand?post=37544"},{"taxonomy":"product_cat","embeddable":true,"href":"https:\/\/chrono-scope.ch\/de\/wp-json\/wp\/v2\/product_cat?post=37544"},{"taxonomy":"product_tag","embeddable":true,"href":"https:\/\/chrono-scope.ch\/de\/wp-json\/wp\/v2\/product_tag?post=37544"}],"curies":[{"name":"wp","href":"https:\/\/api.w.org\/{rel}","templated":true}]}}